{"id":27983,"date":"2025-04-09T09:35:20","date_gmt":"2025-04-09T07:35:20","guid":{"rendered":"https:\/\/kobra.si\/spletna-trgovina-kobra\/velikost-kolesarskih-hlac-rockbros-l-rkck0001l-crna\/"},"modified":"2026-04-21T20:49:11","modified_gmt":"2026-04-21T18:49:11","slug":"velikost-kolesarskih-hlac-rockbros-l-rkck0001l-crna","status":"publish","type":"product","link":"https:\/\/kobra.si\/en\/spletna-trgovina-kobra\/velikost-kolesarskih-hlac-rockbros-l-rkck0001l-crna\/","title":{"rendered":"Velikost kolesarskih hla\u010d Rockbros: L RKCK0001L (\u010drna)"},"content":{"rendered":"<h3>Rockbros kolesarske hla\u010de RKCK0001 (\u010drne, velikost M)<\/h3>\n<p>Poskrbite za svoje udobje med \u0161portnimi aktivnostmi in stavite na hla\u010de Rockbros v velikosti M. Izdelek je odporen na veter in ga odlikuje visoko udobje. Zaradi me\u0161anice poliestra in elastana se hla\u010de hitro su\u0161ijo, so dovolj lahke in zra\u010dne, da vam v njih v vro\u010dih dneh ne bo vro\u010de. Elasti\u010den pas zagotavlja popolno udobje med kolesarjenjem, stranske zadrge pa vam omogo\u010dajo raz\u0161iritev nog. Hla\u010de imajo dva \u017eepa na zadrgo, v katera lahko varno shranite pomembne drobne predmete, ter odsevnike, da boste po temi vidni voznikom. Hla\u010de Rockbros so odli\u010dne za \u0161tevilne dejavnosti, kot sta pohodni\u0161tvo in tek.<\/p>\n<p>\n<img decoding=\"async\" border=\"0\" src=\"https:\/\/assets.innpro.pl\/10724\/12639\/6.jpg\" title=\"\">\n<\/p>\n<h3>Za vse letne \u010dase<\/h3>\n<p>V hla\u010dah Rockbros vam bo udobno v vseh razmerah! Zgornji del materiala je odporen na veter, notranjost pa je zra\u010dna in se hitro su\u0161i. Tak\u0161na re\u0161itev bo poskrbela za toplotno udobje, zato vam ni treba skrbeti, da bi se pregreli ali da bi vas motil mrzel veter. Osvojite \u0161e ve\u010d vrhov in ne dovolite, da vas vreme omejuje!<\/p>\n<p>\n<img decoding=\"async\" border=\"0\" src=\"https:\/\/assets.innpro.pl\/10724\/12639\/4.jpg\" title=\"\">\n<\/p>\n<h3>Udobno v vseh pogledih<\/h3>\n<p>Hla\u010de so opremljene z elasti\u010dnim pasom, v sestavi pa imajo precej\u0161njo primes elastana, zato lahko u\u017eivate v svobodi gibanja ne glede na izbrano dejavnost. Poleg tega so na spodnjem delu hla\u010dnic zadrge &#8211; ko vam bo prevro\u010de, jih preprosto odpnite in spustite nekaj zraka. Z zadrgami se uravnava tudi \u0161irina nog, zato lahko kadar koli prilagodite \u0161irino po svojih \u017eeljah.<\/p>\n<p>\n<img decoding=\"async\" border=\"0\" src=\"https:\/\/assets.innpro.pl\/10724\/12639\/3.jpg\" title=\"\">\n<\/p>\n<h3>Koristne podrobnosti<\/h3>\n<p>Model RKCK0001 ima dva stranska \u017eepa na zadrgo. Ta sta precej prostorna, zato lahko v njiju brez te\u017eav shranite na primer telefon in klju\u010de, ne da bi vas skrbelo, da jih boste med tekom izgubili. Poleg tega so na nogah na ve\u010d mestih name\u0161\u010deni odsevniki, zaradi katerih boste po temi vidni voznikom in drugim kolesarjem.<\/p>\n<p>\n<img decoding=\"async\" border=\"0\" src=\"https:\/\/assets.innpro.pl\/10724\/12639\/2.jpg\" title=\"\">\n<\/p>\n<div class=\"table-wrapper\">\n<h3><\/h3>\n<table>\n<tbody>\n<tr>\n<th>Proizvajalec:<\/th>\n<td>Rockbros<\/td>\n<\/tr>\n<tr>\n<th>Model<\/th>\n<td>RKCK0001<\/td>\n<\/tr>\n<tr>\n<th>Color<\/th>\n<td>\u010crna<\/td>\n<\/tr>\n<tr>\n<th>Velikost<\/th>\n<td>M<\/td>\n<\/tr>\n<tr>\n<th>Material<\/th>\n<td>86 % poliester, 14 % spandex<\/td>\n<\/tr>\n<tr>\n<th>Spol<\/th>\n<td>Unisex<\/td>\n<\/tr>\n<tr>\n<th>Namen<\/th>\n<td>Dejavnosti na prostem, kot so pohodni\u0161tvo, izletni\u0161tvo, tek in kolesarjenje<\/td>\n<\/tr>\n<\/tbody>\n<\/table>\n<\/div>","protected":false},"excerpt":{"rendered":"<p>Na zalogi pri zunanjem dobavitelju. Rok dostave 3-5dni.<\/p>","protected":false},"featured_media":28263,"template":"","meta":{"_monsterinsights_skip_tracking":false,"_monsterinsights_sitenote_active":false,"_monsterinsights_sitenote_note":"","_monsterinsights_sitenote_category":0},"product_brand":[],"product_cat":[173,253,255],"product_tag":[],"class_list":{"0":"post-27983","1":"product","2":"type-product","3":"status-publish","4":"has-post-thumbnail","6":"product_cat-kolesarski-dodatki","7":"product_cat-sport","8":"product_cat-vsi","10":"first","11":"instock","12":"taxable","13":"shipping-taxable","14":"purchasable","15":"product-type-simple"},"jetpack_sharing_enabled":true,"_links":{"self":[{"href":"https:\/\/kobra.si\/en\/wp-json\/wp\/v2\/product\/27983","targetHints":{"allow":["GET"]}}],"collection":[{"href":"https:\/\/kobra.si\/en\/wp-json\/wp\/v2\/product"}],"about":[{"href":"https:\/\/kobra.si\/en\/wp-json\/wp\/v2\/types\/product"}],"version-history":[{"count":1,"href":"https:\/\/kobra.si\/en\/wp-json\/wp\/v2\/product\/27983\/revisions"}],"predecessor-version":[{"id":28046,"href":"https:\/\/kobra.si\/en\/wp-json\/wp\/v2\/product\/27983\/revisions\/28046"}],"wp:featuredmedia":[{"embeddable":true,"href":"https:\/\/kobra.si\/en\/wp-json\/wp\/v2\/media\/28263"}],"wp:attachment":[{"href":"https:\/\/kobra.si\/en\/wp-json\/wp\/v2\/media?parent=27983"}],"wp:term":[{"taxonomy":"product_brand","embeddable":true,"href":"https:\/\/kobra.si\/en\/wp-json\/wp\/v2\/product_brand?post=27983"},{"taxonomy":"product_cat","embeddable":true,"href":"https:\/\/kobra.si\/en\/wp-json\/wp\/v2\/product_cat?post=27983"},{"taxonomy":"product_tag","embeddable":true,"href":"https:\/\/kobra.si\/en\/wp-json\/wp\/v2\/product_tag?post=27983"}],"curies":[{"name":"wp","href":"https:\/\/api.w.org\/{rel}","templated":true}]}}