{"id":27979,"date":"2025-04-09T09:35:14","date_gmt":"2025-04-09T07:35:14","guid":{"rendered":"https:\/\/kobra.si\/spletna-trgovina-kobra\/velikost-kolesarskih-hlac-rockbros-xl-rkck00012xl-crna\/"},"modified":"2026-04-17T20:49:09","modified_gmt":"2026-04-17T18:49:09","slug":"velikost-kolesarskih-hlac-rockbros-xl-rkck00012xl-crna","status":"publish","type":"product","link":"https:\/\/kobra.si\/en\/spletna-trgovina-kobra\/velikost-kolesarskih-hlac-rockbros-xl-rkck00012xl-crna\/","title":{"rendered":"Velikost kolesarskih hla\u010d Rockbros: XL RKCK00012XL (\u010drna)"},"content":{"rendered":"<h3>Rockbros kolesarske hla\u010de RKCK00012 (\u010drne, velikost L)<\/h3>\n<p>Poskrbite za svoje udobje med \u0161portnimi aktivnostmi in stavite na hla\u010de Rockbros v velikosti L. Izdelek je odporen na veter in vodo, odlikuje pa ga visoko udobje. Zaradi me\u0161anice poliestra in elastana se hla\u010de hitro su\u0161ijo, so dovolj lahke in zra\u010dne, da vam v njih v vro\u010dih dneh ne bo vro\u010de. Elasti\u010den pas zagotavlja popolno udobje med kolesarjenjem, nastavljiv trak na velcro pa bo pomagal prepre\u010diti vdor hladnega vetra. Hla\u010de imajo \u017eepe na zadrgo za varno shranjevanje pomembnih malenkosti ter odsevnike, da boste po temi vidni voznikom. Hla\u010de Rockbros so odli\u010dne tudi za \u0161tevilne dejavnosti, kot sta gorsko pohodni\u0161tvo in tek.<\/p>\n<p>\n<img decoding=\"async\" border=\"0\" src=\"https:\/\/assets.innpro.pl\/10720\/12635\/1.jpg\" title=\"\">\n<\/p>\n<h3>Za vse letne \u010dase<\/h3>\n<p>V hla\u010dah Rockbros se boste po\u010dutili udobno v vseh razmerah! Zgornji del materiala je vodoodporen in odporen na veter, medtem ko je notranjost zra\u010dna in se hitro su\u0161i. Tak\u0161na re\u0161itev bo poskrbela za toplotno udobje, zato vam ni treba skrbeti, da bi se pregreli ali da bi vas motil mrzel veter. Osvojite \u0161e ve\u010d vrhov in ne dovolite, da vas vreme omejuje!<\/p>\n<p>\n<img decoding=\"async\" border=\"0\" src=\"https:\/\/assets.innpro.pl\/10720\/12635\/2.jpg\" title=\"\">\n<\/p>\n<h3>Udobno v vseh pogledih<\/h3>\n<p>Hla\u010de so opremljene z elasti\u010dnim pasom, v sestavi pa imajo precej\u0161njo primes elastana, zato lahko u\u017eivate v svobodi gibanja ne glede na izbrano dejavnost. Poleg tega so na spodnjem delu nog nastavljivi trakovi na velcro, s katerimi lahko prepre\u010dite vdor hladnega vetra v noge. Zaradi tega vam tudi ni treba skrbeti, da bi se noge ujele v verigo kolesa.<\/p>\n<p>\n<img decoding=\"async\" border=\"0\" src=\"https:\/\/assets.innpro.pl\/10720\/12635\/6.jpg\" title=\"\">\n<\/p>\n<h3>Koristne podrobnosti<\/h3>\n<p>Model RKCK00012 ima dva stranska \u017eepa z zadrgo. Sta precej prostorna, zato lahko v njih med drugim brez te\u017eav shranite telefon in klju\u010de, ne da bi vas skrbelo, da jih boste med teka\u0161kim treningom izgubili. Poleg tega imajo hla\u010de 4 odsevne \u010drte, zaradi katerih boste po temi vidni voznikom in drugim kolesarjem.<\/p>\n<p>\n<img decoding=\"async\" border=\"0\" src=\"https:\/\/assets.innpro.pl\/10720\/12635\/5.jpg\" title=\"\">\n<\/p>\n<div class=\"table-wrapper\">\n<h3><\/h3>\n<table>\n<tbody>\n<tr>\n<th>Proizvajalec:<\/th>\n<td>Rockbros<\/td>\n<\/tr>\n<tr>\n<th>Model<\/th>\n<td>RKCK00012<\/td>\n<\/tr>\n<tr>\n<th>Velikost<\/th>\n<td>L<\/td>\n<\/tr>\n<tr>\n<th>Celotna dol\u017eina<\/th>\n<td>107,4 cm<\/td>\n<\/tr>\n<tr>\n<th>\u0160irina pasu<\/th>\n<td>84 cm<\/td>\n<\/tr>\n<tr>\n<th>Obseg na bokih<\/th>\n<td>57,9 cm<\/td>\n<\/tr>\n<tr>\n<th>Obseg stegen<\/th>\n<td>35,8 cm<\/td>\n<\/tr>\n<tr>\n<th>Color<\/th>\n<td>\u010crna<\/td>\n<\/tr>\n<tr>\n<th>Material<\/th>\n<td>95 % poliester + 5 % elastan<\/td>\n<\/tr>\n<tr>\n<th>Spol<\/th>\n<td>Unisex<\/td>\n<\/tr>\n<\/tbody>\n<\/table>\n<\/div>","protected":false},"excerpt":{"rendered":"<p>Na zalogi pri zunanjem dobavitelju. Rok dostave 3-5dni.<\/p>","protected":false},"featured_media":28262,"template":"","meta":{"_monsterinsights_skip_tracking":false,"_monsterinsights_sitenote_active":false,"_monsterinsights_sitenote_note":"","_monsterinsights_sitenote_category":0},"product_brand":[],"product_cat":[173,253,255],"product_tag":[],"class_list":{"0":"post-27979","1":"product","2":"type-product","3":"status-publish","4":"has-post-thumbnail","6":"product_cat-kolesarski-dodatki","7":"product_cat-sport","8":"product_cat-vsi","10":"first","11":"outofstock","12":"taxable","13":"shipping-taxable","14":"purchasable","15":"product-type-simple"},"jetpack_sharing_enabled":true,"_links":{"self":[{"href":"https:\/\/kobra.si\/en\/wp-json\/wp\/v2\/product\/27979","targetHints":{"allow":["GET"]}}],"collection":[{"href":"https:\/\/kobra.si\/en\/wp-json\/wp\/v2\/product"}],"about":[{"href":"https:\/\/kobra.si\/en\/wp-json\/wp\/v2\/types\/product"}],"version-history":[{"count":1,"href":"https:\/\/kobra.si\/en\/wp-json\/wp\/v2\/product\/27979\/revisions"}],"predecessor-version":[{"id":28042,"href":"https:\/\/kobra.si\/en\/wp-json\/wp\/v2\/product\/27979\/revisions\/28042"}],"wp:featuredmedia":[{"embeddable":true,"href":"https:\/\/kobra.si\/en\/wp-json\/wp\/v2\/media\/28262"}],"wp:attachment":[{"href":"https:\/\/kobra.si\/en\/wp-json\/wp\/v2\/media?parent=27979"}],"wp:term":[{"taxonomy":"product_brand","embeddable":true,"href":"https:\/\/kobra.si\/en\/wp-json\/wp\/v2\/product_brand?post=27979"},{"taxonomy":"product_cat","embeddable":true,"href":"https:\/\/kobra.si\/en\/wp-json\/wp\/v2\/product_cat?post=27979"},{"taxonomy":"product_tag","embeddable":true,"href":"https:\/\/kobra.si\/en\/wp-json\/wp\/v2\/product_tag?post=27979"}],"curies":[{"name":"wp","href":"https:\/\/api.w.org\/{rel}","templated":true}]}}