{"id":27785,"date":"2025-04-03T19:57:02","date_gmt":"2025-04-03T17:57:02","guid":{"rendered":"https:\/\/kobra.si\/spletna-trgovina-kobra\/fotokamera-kjk-fkpcam-s-solarno-plosco-fk-hc40\/"},"modified":"2025-12-12T15:36:28","modified_gmt":"2025-12-12T14:36:28","slug":"fotokamera-kjk-fkpcam-s-solarno-plosco-fk-hc40","status":"publish","type":"product","link":"https:\/\/kobra.si\/en\/spletna-trgovina-kobra\/fotokamera-kjk-fkpcam-s-solarno-plosco-fk-hc40\/","title":{"rendered":"Lovska kamera KJK FKPCAM s solarno plo\u0161\u010do (FK-HC40)."},"content":{"rendered":"<h3>Fotokamera KJK FKPCAM s son\u010dno celico (FK-HC40).<\/h3>\n<p>Foto past KJK FKPCAM FK-HC40 je napredna nadzorna naprava, ki omogo\u010da snemanje fotografij do 64 MP in videoposnetkov 4K. S tipalom PIR s kotom 90\u00b0 in dometom 22,8 m se takoj odzove na gibanje, njena vodotesna zasnova IP66 pa zagotavlja zanesljivost v vseh razmerah. Napajanje z dvema baterijama 18650 (5000 mAh) zagotavlja dolg \u010das delovanja, podpora pomnilni\u0161kim karticam do 128 GB pa vam omogo\u010da shranjevanje velike koli\u010dine posnetkov. Zaradi kompaktne velikosti in vgrajenega 1,77-pal\u010dnega zaslona je idealna za spremljanje nepremi\u010dnin, gozdov in divjih \u017eivali.<\/p>\n<p>\n<img decoding=\"async\" alt=\"\" border=\"0\" src=\"https:\/\/assets.innpro.pl\/13514\/16614\/2.jpg\" title=\"\">\n<\/p>\n<h3>Napredno tipalo in visoka kakovost slike<\/h3>\n<p>Fotokamera KJK FKPCAM FK-HC40 je opremljena z inteligentnim \u010dipovjem GP4247 in senzorjem H63P, ki zagotavljata izjemno kakovost posnetih slik. Naprava ponuja \u0161irok razpon lo\u010dljivosti fotografij &#8211; od 1 MP do impresivnih 64 MP &#8211; in snemanje videoposnetkov v lo\u010dljivosti do 4K. To zagotavlja jasne in podrobne posnetke ne glede na svetlobne razmere.<\/p>\n<p>\n<img decoding=\"async\" alt=\"\" border=\"0\" src=\"https:\/\/assets.innpro.pl\/13514\/16614\/5.jpg\" title=\"\">\n<\/p>\n<h3>Takoj\u0161en odziv na gibanje<\/h3>\n<p>Napreden senzor PIR z 90\u00b0 kotom zaznavanja zazna gibanje na razdalji do 22,8 metra in deluje v \u0161irokem temperaturnem obmo\u010dju od -20 \u00b0C do 60 \u00b0C. S \u010dasom spro\u017eitve le 0,6 sekunde foto past takoj ujame vsak premik in tako zagotavlja najve\u010djo u\u010dinkovitost nadzora.<\/p>\n<p>\n<img decoding=\"async\" alt=\"\" border=\"0\" src=\"https:\/\/assets.innpro.pl\/13514\/16614\/4.jpg\" title=\"\">\n<\/p>\n<h3>Robustna zasnova in dolg \u010das delovanja<\/h3>\n<p>Zaradi robustne zasnove in vodotesnega ohi\u0161ja, skladnega s standardom IP66, je naprava odporna na de\u017e, prah in te\u017eke vremenske razmere. Napajanje zagotavljata dve bateriji 18650 s kapaciteto 5000 mAh, ki zagotavljata dolg \u010das delovanja brez potrebe po pogosti zamenjavi.<\/p>\n<p>\n<img decoding=\"async\" alt=\"\" border=\"0\" src=\"https:\/\/assets.innpro.pl\/13514\/16614\/3.jpg\" title=\"\">\n<\/p>\n<h3>Prakti\u010dne funkcije in enostavno upravljanje<\/h3>\n<p>Fotoaparat podpira pomnilni\u0161ke kartice SD, SDHC in SDXC z najve\u010djo zmogljivostjo 128 GB, kar omogo\u010da dolgoro\u010dno shranjevanje posnetkov. Vgrajen 1,77-pal\u010dni barvni zaslon omogo\u010da priro\u010dno pregledovanje posnetkov brez priklju\u010devanja dodatnih naprav.<\/p>\n<p>\n<img decoding=\"async\" alt=\"\" border=\"0\" src=\"https:\/\/assets.innpro.pl\/13514\/16614\/8.jpg\" title=\"\">\n<\/p>\n<h3>Kompaktna velikost in enostavna namestitev<\/h3>\n<p>Zaradi svoje kompaktne velikosti 115 x 75 x 68 mm je foto past enostavna za namestitev in jo je mogo\u010de diskretno namestiti na terenu. Idealen je za tiste, ki i\u0161\u010dejo u\u010dinkovit na\u010din spremljanja posesti, gozdov ali prosto\u017eive\u010dih \u017eivali. Stavite na zanesljivost in natan\u010dnost &#8211; izberite KJK FKPCAM FK-HC40!<\/p>\n<p>\n<img decoding=\"async\" alt=\"\" border=\"0\" src=\"https:\/\/assets.innpro.pl\/13514\/16614\/1.jpg\" title=\"\">\n<\/p>\n<h3>Vklju\u010deno<\/h3>\n<ul class=\"list-disc pl-5\">\n<li>fotografska past<\/li>\n<li>Kabel USB<\/li>\n<li>trak za pritrditev<\/li>\n<li>son\u010dna plo\u0161\u010da<\/li>\n<li>monta\u017eni nosilec za son\u010dno plo\u0161\u010do<\/li>\n<li>pritrdilni nosilec<\/li>\n<li>pomnilni\u0161ka kartica<\/li>\n<li>uporabni\u0161ki priro\u010dnik<\/li>\n<\/ul>\n<div class=\"table-wrapper\">\n<h3><\/h3>\n<table>\n<tbody>\n<tr>\n<th>Proizvajalec<\/th>\n<td>KJK<\/td>\n<\/tr>\n<tr>\n<th>Model<\/th>\n<td>FK-HC40<\/td>\n<\/tr>\n<tr>\n<th>\u010cipovski nabor<\/th>\n<td>GP4247<\/td>\n<\/tr>\n<tr>\n<th>Sensor<\/th>\n<td>H63P<\/td>\n<\/tr>\n<tr>\n<th>Razpon IR<\/th>\n<td>22,8 m<\/td>\n<\/tr>\n<tr>\n<th>Doseg senzorja PIR<\/th>\n<td>22,8 m (od -30 \u00b0C do 70 \u00b0C)<\/td>\n<\/tr>\n<tr>\n<th>Kot zaznavanja PIR<\/th>\n<td>90\u00b0<\/td>\n<\/tr>\n<tr>\n<th>Lo\u010dljivost slike<\/th>\n<td>1 MP \/ 8 MP \/ 16 MP \/ 24 MP \/ 32 MP \/ 40 MP \/ 48 MP \/ 64 MP<\/td>\n<\/tr>\n<tr>\n<th>Lo\u010dljivost videoposnetka<\/th>\n<td>720P \/ 1080P \/ 2,7K \/ 4K<\/td>\n<\/tr>\n<tr>\n<th>\u010cas spro\u017eitve<\/th>\n<td>0,6 s<\/td>\n<\/tr>\n<tr>\n<th>Zaslon<\/th>\n<td>Barvni 1,77&#8243;<\/td>\n<\/tr>\n<tr>\n<th>Obmo\u010dje delovne temperature<\/th>\n<td>-20 \u00b0C do 60 \u00b0C<\/td>\n<\/tr>\n<tr>\n<th>Power supply<\/th>\n<td>3,7 V 5000 mAh (2x 18650 baterije)<\/td>\n<\/tr>\n<tr>\n<th>Podprte pomnilni\u0161ke kartice<\/th>\n<td>SD, SDHC, SDXC (najve\u010d 128 GB)<\/td>\n<\/tr>\n<tr>\n<th>Vmesnik<\/th>\n<td>USB-C, dr\u017ealo za pomnilni\u0161ko kartico<\/td>\n<\/tr>\n<tr>\n<th>Vodotesnost<\/th>\n<td>IP66<\/td>\n<\/tr>\n<tr>\n<th>Povezljivost 4G<\/th>\n<td>Ni<\/td>\n<\/tr>\n<tr>\n<th>Povezljivost Wi-Fi<\/th>\n<td>Ni<\/td>\n<\/tr>\n<tr>\n<th>Aplikacija<\/th>\n<td>Ni<\/td>\n<\/tr>\n<tr>\n<th>Daljinski upravljalnik<\/th>\n<td>Ni<\/td>\n<\/tr>\n<tr>\n<th>Dimenzije kamere<\/th>\n<td>115 x 75 x 68 mm<\/td>\n<\/tr>\n<\/tbody>\n<\/table>\n<\/div>","protected":false},"excerpt":{"rendered":"<p>Na zalogi pri zunanjem dobavitelju. Rok dostave 3-5dni.<\/p>","protected":false},"featured_media":27902,"template":"","meta":{"_monsterinsights_skip_tracking":false,"_monsterinsights_sitenote_active":false,"_monsterinsights_sitenote_note":"","_monsterinsights_sitenote_category":0},"product_brand":[],"product_cat":[188,56,255],"product_tag":[],"class_list":{"0":"post-27785","1":"product","2":"type-product","3":"status-publish","4":"has-post-thumbnail","6":"product_cat-lovske-kamere","7":"product_cat-nadzorne-kamere","8":"product_cat-vsi","10":"first","11":"instock","12":"taxable","13":"shipping-taxable","14":"purchasable","15":"product-type-simple"},"jetpack_sharing_enabled":true,"_links":{"self":[{"href":"https:\/\/kobra.si\/en\/wp-json\/wp\/v2\/product\/27785","targetHints":{"allow":["GET"]}}],"collection":[{"href":"https:\/\/kobra.si\/en\/wp-json\/wp\/v2\/product"}],"about":[{"href":"https:\/\/kobra.si\/en\/wp-json\/wp\/v2\/types\/product"}],"version-history":[{"count":2,"href":"https:\/\/kobra.si\/en\/wp-json\/wp\/v2\/product\/27785\/revisions"}],"predecessor-version":[{"id":27905,"href":"https:\/\/kobra.si\/en\/wp-json\/wp\/v2\/product\/27785\/revisions\/27905"}],"wp:featuredmedia":[{"embeddable":true,"href":"https:\/\/kobra.si\/en\/wp-json\/wp\/v2\/media\/27902"}],"wp:attachment":[{"href":"https:\/\/kobra.si\/en\/wp-json\/wp\/v2\/media?parent=27785"}],"wp:term":[{"taxonomy":"product_brand","embeddable":true,"href":"https:\/\/kobra.si\/en\/wp-json\/wp\/v2\/product_brand?post=27785"},{"taxonomy":"product_cat","embeddable":true,"href":"https:\/\/kobra.si\/en\/wp-json\/wp\/v2\/product_cat?post=27785"},{"taxonomy":"product_tag","embeddable":true,"href":"https:\/\/kobra.si\/en\/wp-json\/wp\/v2\/product_tag?post=27785"}],"curies":[{"name":"wp","href":"https:\/\/api.w.org\/{rel}","templated":true}]}}