{"id":27766,"date":"2025-04-03T19:20:37","date_gmt":"2025-04-03T17:20:37","guid":{"rendered":"https:\/\/kobra.si\/spletna-trgovina-kobra\/neakasa-m1-inteligentni-samocistilni-macji-straniscni-zabojnik\/"},"modified":"2026-04-20T20:59:42","modified_gmt":"2026-04-20T18:59:42","slug":"neakasa-m1-inteligentni-samocistilni-macji-straniscni-zabojnik","status":"publish","type":"product","link":"https:\/\/kobra.si\/en\/spletna-trgovina-kobra\/neakasa-m1-inteligentni-samocistilni-macji-straniscni-zabojnik\/","title":{"rendered":"Neakasa M1 inteligentni samo\u010distilni ma\u010dji strani\u0161\u010dni zabojnik"},"content":{"rendered":"<h3>Neakasa M1 inteligentni samo\u010distilni ma\u010dji strani\u0161\u010dni zabojnik<\/h3>\n<p>Neakasa M1 je pametno samo\u010distilno strani\u0161\u010de za ma\u010dke, ki skrbi za \u010disto\u010do in higieno va\u0161e ma\u010dke, hkrati pa zmanj\u0161uje va\u0161o potrebo po vsakodnevnem vzdr\u017eevanju strani\u0161\u010da. Zaradi odprte zasnove in napredne tehnologije presejanja stelje naprava samodejno lo\u010duje odpadke od \u010diste stelje, kar va\u0161i ma\u010dki zagotavlja vedno sve\u017ee in udobno strani\u0161\u010de. Poleg tega je strani\u0161\u010de opremljeno z aplikacijo Neakasa, ki vam omogo\u010da spremljanje ravni stelje, koli\u010dine odpadkov in aktivnosti va\u0161e ma\u010dke, kar zagotavlja celovito skrb za zdravje va\u0161e ma\u010dke.<\/p>\n<p>\n<img decoding=\"async\" border=\"0\" src=\"https:\/\/assets.innpro.pl\/9875\/11572\/3.jpg\" title=\"\">\n<\/p>\n<h3>Samodejno \u010di\u0161\u010denje in udobje<\/h3>\n<p>Neakasa M1 je zasnovan tako, da vam nikoli ve\u010d ne bo treba ro\u010dno \u010distiti strani\u0161\u010da. Napredna tehnologija presejanja stelje v napravi po vsakem obisku ma\u010dke samodejno lo\u010di smeti od \u010diste stelje, tako da je ta vedno pripravljena za uporabo. Prostorna 4-litrska posoda za odpadke omogo\u010da dva tedna uporabe brez praznjenja, kar zagotavlja \u010disto\u010do in higieno v va\u0161em domu.<\/p>\n<p>\n<img decoding=\"async\" border=\"0\" src=\"https:\/\/assets.innpro.pl\/9875\/11572\/1.jpg\" title=\"\">\n<\/p>\n<h3>Napreden sistem za nadzor vonja<\/h3>\n<p>Strani\u0161\u010de Neakasa M1 je opremljeno z zatesnjenimi, na vlago odpornimi pladnji, napolnjenimi z visokokakovostnim gelskim filtrom, ki u\u010dinkovito nevtralizira vonjave. Vre\u010dka za odpadke tesno zapira odpadke, kar prepre\u010duje \u0161irjenje neprijetnih vonjav. Zamenjava vre\u010dke je izjemno preprosta &#8211; preprosto jo zamenjajte z novo, navadno vre\u010dko za smeti.<\/p>\n<p>\n<img decoding=\"async\" border=\"0\" src=\"https:\/\/assets.innpro.pl\/9875\/11572\/4.jpg\" title=\"\">\n<\/p>\n<h3>Odprta oblika za udobje ma\u010dk<\/h3>\n<p>Edinstvena odprta zasnova strani\u0161\u010da Neakasa M1 va\u0161i ma\u010dki omogo\u010da udoben vstop in izstop, hkrati pa odpravlja tveganje, da bi se med samodejnim \u010di\u0161\u010denjem zataknila. Tako lahko va\u0161 ljubljen\u010dek prosto uporablja strani\u0161\u010de, vi pa ste prepri\u010dani, da je varno. Stekleni\u010dni zabojnik va\u0161i ma\u010dki omogo\u010da nemoten in naraven prehod, zato se zlahka prilagodi novemu okolju &#8211; ve\u010dina ma\u010dk se nanj navadi v enem tednu.<\/p>\n<p>\n<img decoding=\"async\" border=\"0\" src=\"https:\/\/assets.innpro.pl\/9875\/11572\/7.jpg\" title=\"\">\n<\/p>\n<h3>\u0160tirje inteligentni na\u010dini<\/h3>\n<p>Neakasa M1 ponuja \u0161tiri na\u010dine delovanja: samodejni, ro\u010dni, \u010dasovnik in na\u010din praznjenja. Tako lahko s pritiskom na gumb ali aplikacijo Neakasa prilagodite delovanje strani\u0161\u010da svojim potrebam. Vsi na\u010dini vam omogo\u010dajo u\u010dinkovito vzdr\u017eevanje \u010disto\u010de, ne da bi bilo potrebno va\u0161e neposredno sodelovanje.<\/p>\n<p>\n<img decoding=\"async\" border=\"0\" src=\"https:\/\/assets.innpro.pl\/9875\/11572\/6.jpg\" title=\"\">\n<\/p>\n<h3>Spremljanje zdravja in aktivnosti va\u0161e ma\u010dke<\/h3>\n<p>Napredni senzorji te\u017ee in funkcija prepoznavanja ma\u010dke samodejno spremljajo obiske va\u0161ega ljubljen\u010dka v strani\u0161\u010du za smeti. Aplikacija Neakasa zagotavlja najnovej\u0161e informacije o aktivnosti, te\u017ei in pogostosti uporabe strani\u0161\u010da, kar vam omogo\u010da spremljanje zdravja va\u0161e ma\u010dke v realnem \u010dasu.<\/p>\n<p>\n<img decoding=\"async\" border=\"0\" src=\"https:\/\/assets.innpro.pl\/9875\/11572\/5.jpg\" title=\"\">\n<\/p>\n<h3>Vklju\u010deno<\/h3>\n<ul class=\"list-disc pl-5\">\n<li>1x podloga za ma\u010dje strani\u0161\u010de za va\u0161o ma\u010dko<\/li>\n<li>1x Neakasa M1<\/li>\n<li>1x napajalnik<\/li>\n<li>2x Vre\u010dka za smeti (zvitki &#8211; skupaj 30 kosov).<\/li>\n<li>1x uporabni\u0161ki priro\u010dnik<\/li>\n<li>4x podporne noge<\/li>\n<li>1x priro\u010dnik za hiter za\u010detek uporabe<\/li>\n<\/ul>\n<div class=\"table-wrapper\">\n<h3><\/h3>\n<table>\n<tbody>\n<tr>\n<th>Proizvajalec<\/th>\n<td>Neakasa<\/td>\n<\/tr>\n<tr>\n<th>Model<\/th>\n<td>M1 BOX<\/td>\n<\/tr>\n<tr>\n<th>Vi\u0161ina vhoda<\/th>\n<td>352 mm<\/td>\n<\/tr>\n<tr>\n<th>Te\u017ea (prazna)<\/th>\n<td>10,35 kg<\/td>\n<\/tr>\n<tr>\n<th>Dimenzije pladnja<\/th>\n<td>591*525*513 mm<\/td>\n<\/tr>\n<tr>\n<th>Primerna te\u017ea za ma\u010dke<\/th>\n<td>1-15 kg<\/td>\n<\/tr>\n<tr>\n<th>Zmogljivost strani\u0161\u010da<\/th>\n<td>7,17l<\/td>\n<\/tr>\n<tr>\n<th>Zmogljivost zabojnika za smeti<\/th>\n<td>11,23l<\/td>\n<\/tr>\n<tr>\n<th>Hrup med delovanjem<\/th>\n<td>50 dB<\/td>\n<\/tr>\n<tr>\n<th>Nazivna napetost<\/th>\n<td>12V<\/td>\n<\/tr>\n<tr>\n<th>Glavni material<\/th>\n<td>PP &amp; ABS &amp; POM<\/td>\n<\/tr>\n<tr>\n<th>Zdru\u017eljiv sistem<\/th>\n<td>Android in iOS<\/td>\n<\/tr>\n<\/tbody>\n<\/table>\n<\/div>","protected":false},"excerpt":{"rendered":"<p>Na zalogi pri zunanjem dobavitelju. Rok dostave 3-5dni.<\/p>","protected":false},"featured_media":27763,"template":"","meta":{"_monsterinsights_skip_tracking":false,"_monsterinsights_sitenote_active":false,"_monsterinsights_sitenote_note":"","_monsterinsights_sitenote_category":0},"product_brand":[],"product_cat":[166,255],"product_tag":[],"class_list":{"0":"post-27766","1":"product","2":"type-product","3":"status-publish","4":"has-post-thumbnail","6":"product_cat-hisni-ljubljencki","7":"product_cat-vsi","9":"first","10":"instock","11":"taxable","12":"shipping-taxable","13":"purchasable","14":"product-type-simple"},"jetpack_sharing_enabled":true,"_links":{"self":[{"href":"https:\/\/kobra.si\/en\/wp-json\/wp\/v2\/product\/27766","targetHints":{"allow":["GET"]}}],"collection":[{"href":"https:\/\/kobra.si\/en\/wp-json\/wp\/v2\/product"}],"about":[{"href":"https:\/\/kobra.si\/en\/wp-json\/wp\/v2\/types\/product"}],"version-history":[{"count":1,"href":"https:\/\/kobra.si\/en\/wp-json\/wp\/v2\/product\/27766\/revisions"}],"predecessor-version":[{"id":33896,"href":"https:\/\/kobra.si\/en\/wp-json\/wp\/v2\/product\/27766\/revisions\/33896"}],"wp:featuredmedia":[{"embeddable":true,"href":"https:\/\/kobra.si\/en\/wp-json\/wp\/v2\/media\/27763"}],"wp:attachment":[{"href":"https:\/\/kobra.si\/en\/wp-json\/wp\/v2\/media?parent=27766"}],"wp:term":[{"taxonomy":"product_brand","embeddable":true,"href":"https:\/\/kobra.si\/en\/wp-json\/wp\/v2\/product_brand?post=27766"},{"taxonomy":"product_cat","embeddable":true,"href":"https:\/\/kobra.si\/en\/wp-json\/wp\/v2\/product_cat?post=27766"},{"taxonomy":"product_tag","embeddable":true,"href":"https:\/\/kobra.si\/en\/wp-json\/wp\/v2\/product_tag?post=27766"}],"curies":[{"name":"wp","href":"https:\/\/api.w.org\/{rel}","templated":true}]}}