{"id":27580,"date":"2025-04-01T18:47:28","date_gmt":"2025-04-01T16:47:28","guid":{"rendered":"https:\/\/kobra.si\/spletna-trgovina-kobra\/zaromet-z-brezkontaktnim-stikalom-superfire-x30-340-lm-usb\/"},"modified":"2026-04-14T20:45:08","modified_gmt":"2026-04-14T18:45:08","slug":"zaromet-z-brezkontaktnim-stikalom-superfire-x30-340-lm-usb","status":"publish","type":"product","link":"https:\/\/kobra.si\/en\/spletna-trgovina-kobra\/zaromet-z-brezkontaktnim-stikalom-superfire-x30-340-lm-usb\/","title":{"rendered":"Naglavna svetilka z brezkontaktnim stikalom Superfire X30, 340 lm, USB"},"content":{"rendered":"<h3>Zunanja svetilka<\/h3>\n<p>Supfire X30 je kompaktna \u010delna svetilka, ki jo lahko vzamete s seboj kamor koli. Spravite jo v \u017eep, nahrbtnik, torbico ali celo v vre\u010dko. Naglavni trak vam omogo\u010da, da si svetilko namestite na glavo in jo uporabljate, ko potrebujete obe roki prosti. Poleg tega lahko zaradi mo\u017enosti nastavitve polo\u017eaja svetilke v obmo\u010dju 45 stopinj prilagodimo kot vpadanja svetlobe svojim potrebam.<\/p>\n<p><img decoding=\"async\" src=\"https:\/\/b2b.innpro.pl\/data\/include\/cms\/Klaudia-Palenga\/supfire\/x30\/1.jpg\" border=\"0\" title=\"\"><\/p>\n<h3>Brezkontaktno stikalo<\/h3>\n<p>Svetilka je opremljena z brezkontaktnim stikalom, ki omogo\u010da vklop svetilke z zamahom roke pred svetilko. Ta funkcija je \u0161e posebej uporabna, kadar imate umazane roke ali rokavice, zaradi katerih je zelo te\u017eko pritisniti stikalo.<\/p>\n<p><img decoding=\"async\" src=\"https:\/\/b2b.innpro.pl\/data\/include\/cms\/Klaudia-Palenga\/supfire\/x30\/3.jpg\" border=\"0\" title=\"\"><\/p>\n<h3>Hitro polnjenje<\/h3>\n<p>Svetilko napaja ena baterija s kapaciteto 1200 mAh. Baterijo lahko hitro napolnite prek priklju\u010dka micro USB. Za polnjenje svetilke ne potrebujete posebnega polnilnika &#8211; kabel micro USB preprosto priklju\u010dite na banko energije, polnilnik ali ra\u010dunalnik. Med polnjenjem bo rde\u010da lu\u010dka ozna\u010devala, da se baterija polni, in ko bo baterija napolnjena, bo lu\u010dka postala zelena<\/p>\n<p><img decoding=\"async\" src=\"https:\/\/b2b.innpro.pl\/data\/include\/cms\/Klaudia-Palenga\/supfire\/x30\/4.jpg\" border=\"0\" title=\"\"><\/p>\n<h3>Mo\u010dna svetloba<\/h3>\n<p>LED dioda USA Cree XPG zagotavlja mo\u010dno svetlobo in ima dolgo \u017eivljenjsko dobo. Dodatna plo\u0161\u010da COB zagotavlja svetlobo s \u0161irokim kotom svetlobe, ki odli\u010dno osvetljuje najbli\u017eje obmo\u010dje, omogo\u010da pa tudi vklop rde\u010de lu\u010di, kar je uporabno v te\u017ekih razmerah ali izrednih razmerah. Svetloba ima svetilnost 340 lumnov, njen domet pa je 130 metrov. Svetilka ima 5 na\u010dinov osvetlitve. Trije na\u010dini se uporabljajo za uravnavanje svetlosti (mo\u010dna, srednja, \u0161ibka), zadnja dva pa za vklop rde\u010de lu\u010di. Stikalo svetilke se uporablja za preklapljanje med na\u010dini.<\/p>\n<p><img decoding=\"async\" src=\"https:\/\/b2b.innpro.pl\/data\/include\/cms\/Klaudia-Palenga\/supfire\/x30\/6.jpg\" border=\"0\" title=\"\"><\/p>\n<h3>Lastnosti svetilke Supfire X30<\/h3>\n<p>Napredna zasnova, mo\u017enost nastavitve delovnega kota ter kombinacija rde\u010de in bele barve razlikujejo X30 od drugih zunanjih svetilk.<\/p>\n<p><img decoding=\"async\" src=\"https:\/\/b2b.innpro.pl\/data\/include\/cms\/Klaudia-Palenga\/supfire\/x30\/7.jpg\" border=\"0\" title=\"\"><\/p>\n<h3>Prilo\u017eeno:<\/h3>\n<ul>\n<li>\u017darometi:<\/li>\n<li>kabel USB<\/li>\n<\/ul>\n<div class=\"table-wrapper\">\n<table>\n<tbody>\n<tr>\n<th>Model<\/th>\n<td>X30<\/td>\n<\/tr>\n<tr>\n<th>Vir svetlobe<\/th>\n<td>CREE XPG LED (zgornja svetilka) + COB (glavna svetilka)<\/td>\n<\/tr>\n<tr>\n<th>Nazivna mo\u010d<\/th>\n<td>5<\/td>\n<\/tr>\n<tr>\n<th>\u010cas delovanja<\/th>\n<td>160 minut<\/td>\n<\/tr>\n<tr>\n<th>Svetilnost<\/th>\n<td>340<\/td>\n<\/tr>\n<tr>\n<th>Odpornost na padce (metri)<\/th>\n<td>1<\/td>\n<\/tr>\n<tr>\n<th>Velikost (mm)<\/th>\n<td>60x45x35<\/td>\n<\/tr>\n<tr>\n<th>Te\u017ea (g)<\/th>\n<td>58<\/td>\n<\/tr>\n<tr>\n<th>Odpornost na vodo<\/th>\n<td>IP44<\/td>\n<\/tr>\n<tr>\n<th>Najve\u010dja razdalja \u017earka<\/th>\n<td>60-130<\/td>\n<\/tr>\n<tr>\n<th>Vrata za polnjenje<\/th>\n<td>micro USB<\/td>\n<\/tr>\n<tr>\n<th>Kapaciteta baterije (mAh)<\/th>\n<td>1200<\/td>\n<\/tr>\n<tr>\n<th>Na\u010dini osvetlitve<\/th>\n<td>5 na\u010dinov (glavna lu\u010d&gt; pomo\u017ena lu\u010d&gt; glavna in pomo\u017ena lu\u010d&gt; rde\u010da lu\u010d&gt; rde\u010di stroboskop, razdalja senzorja 10 cm, ima funkcijo pomnilnika na\u010dinov)<\/td>\n<\/tr>\n<tr>\n<th>Material<\/th>\n<td>ABS iz plastike<\/td>\n<\/tr>\n<tr>\n<th>\u010cas polnjenja<\/th>\n<td>167 minut<\/td>\n<\/tr>\n<tr>\n<th> <\/th>\n<td> <\/td>\n<\/tr>\n<\/tbody>\n<\/table>\n<\/div>","protected":false},"excerpt":{"rendered":"<p>Na zalogi pri zunanjem dobavitelju. Rok dobave 3-7 delovnih dni.<\/p>","protected":false},"featured_media":31542,"template":"","meta":{"_monsterinsights_skip_tracking":false,"_monsterinsights_sitenote_active":false,"_monsterinsights_sitenote_note":"","_monsterinsights_sitenote_category":0},"product_brand":[],"product_cat":[260,256,255],"product_tag":[],"class_list":{"0":"post-27580","1":"product","2":"type-product","3":"status-publish","4":"has-post-thumbnail","6":"product_cat-naglavne-svetilke","7":"product_cat-svetila","8":"product_cat-vsi","10":"first","11":"instock","12":"taxable","13":"shipping-taxable","14":"purchasable","15":"product-type-simple"},"jetpack_sharing_enabled":true,"_links":{"self":[{"href":"https:\/\/kobra.si\/en\/wp-json\/wp\/v2\/product\/27580","targetHints":{"allow":["GET"]}}],"collection":[{"href":"https:\/\/kobra.si\/en\/wp-json\/wp\/v2\/product"}],"about":[{"href":"https:\/\/kobra.si\/en\/wp-json\/wp\/v2\/types\/product"}],"version-history":[{"count":2,"href":"https:\/\/kobra.si\/en\/wp-json\/wp\/v2\/product\/27580\/revisions"}],"predecessor-version":[{"id":31546,"href":"https:\/\/kobra.si\/en\/wp-json\/wp\/v2\/product\/27580\/revisions\/31546"}],"wp:featuredmedia":[{"embeddable":true,"href":"https:\/\/kobra.si\/en\/wp-json\/wp\/v2\/media\/31542"}],"wp:attachment":[{"href":"https:\/\/kobra.si\/en\/wp-json\/wp\/v2\/media?parent=27580"}],"wp:term":[{"taxonomy":"product_brand","embeddable":true,"href":"https:\/\/kobra.si\/en\/wp-json\/wp\/v2\/product_brand?post=27580"},{"taxonomy":"product_cat","embeddable":true,"href":"https:\/\/kobra.si\/en\/wp-json\/wp\/v2\/product_cat?post=27580"},{"taxonomy":"product_tag","embeddable":true,"href":"https:\/\/kobra.si\/en\/wp-json\/wp\/v2\/product_tag?post=27580"}],"curies":[{"name":"wp","href":"https:\/\/api.w.org\/{rel}","templated":true}]}}