{"id":27559,"date":"2025-04-01T17:33:12","date_gmt":"2025-04-01T15:33:12","guid":{"rendered":"https:\/\/kobra.si\/spletna-trgovina-kobra\/pametna-tehtnica-s-13-funkcijami-za-merjenje-telesa-yunmai-pro-m1806\/"},"modified":"2026-02-02T20:57:35","modified_gmt":"2026-02-02T19:57:35","slug":"pametna-tehtnica-s-13-funkcijami-za-merjenje-telesa-yunmai-pro-m1806","status":"publish","type":"product","link":"https:\/\/kobra.si\/en\/spletna-trgovina-kobra\/pametna-tehtnica-s-13-funkcijami-za-merjenje-telesa-yunmai-pro-m1806\/","title":{"rendered":"Pametna tehtnica s 13 funkcijami za merjenje telesa Yunmai Pro M1806"},"content":{"rendered":"<h3 style=\"text-align: center\"><strong>Inteligentna lestvica s 13 funkcijami merjenja telesa Yunmai Pro<\/strong><\/h3>\n<p style=\"text-align: left\">Yunmai Pro je inteligentna tehtnica, ki bo celotni dru\u017eini pomagala pri skrbi za zdravje in primerno telesno te\u017eo. Zahvaljujo\u010d sodobnim senzorjem lahko zazna 13 dejavnikov va\u0161ega telesa in vam poka\u017ee podro\u010dja, ki jih je treba izbolj\u0161ati. <\/p>\n<p style=\"text-align: left\"><img fetchpriority=\"high\" decoding=\"async\" src=\"\/data\/include\/cms\/.product\/3\/1\/19913\/3BA43B462EA84DDFB1061A7D0495D8F4.jpg\" border=\"0\" alt=\"\" width=\"1100\" height=\"700\" title=\"\"><\/p>\n<h3 style=\"text-align: center\">\u0160e la\u017eji<\/h3>\n<p>Zasnova je bila poenostavljena, saj je opu\u0161\u010deno tradicionalno merjenje s kovinskim kontaktom, za popolno integracijo celotne povr\u0161ine tehtnice z bioodpornikom BIA pa je uporabljen postopek premaza ITO, ki je bolj\u0161i z vidika u\u010dinkovitosti in estetike.<\/p>\n<p><img decoding=\"async\" src=\"\/data\/include\/cms\/.product\/3\/1\/19913\/1.jpg\" border=\"0\" alt=\"\" width=\"1100\" height=\"700\" title=\"\"><\/p>\n<h3> <\/h3>\n<h3 style=\"text-align: center\">\u0160e natan\u010dnej\u0161a<\/h3>\n<p>Yunmai Pro je zasnovan za delovanje s \u010dipom BIA in analizo bioelektri\u010dne impedance ter za delo z oblakom zdravstvenih podatkov Yunmai. Vsaka meritev bo inteligentno usklajena in preverjena s podatkovnimi zna\u010dilnostmi milijonov uporabnikov v oblaku, zaradi \u010desar bodo rezultati meritev natan\u010dnej\u0161i in zanesljivej\u0161i.<\/p>\n<p><img decoding=\"async\" src=\"\/data\/include\/cms\/.product\/3\/1\/19913\/5.jpg\" border=\"0\" alt=\"\" width=\"1100\" height=\"700\" title=\"\"><\/p>\n<h3 style=\"text-align: center\"> <\/h3>\n<h3 style=\"text-align: center\">Za vso dru\u017eino<\/h3>\n<p>Yunmai Pro je lahko va\u0161 skrbnik zdravja za vso dru\u017eino in jih lahko prepozna. Ko je Bluetooth povezan z merjenjem te\u017ee, se podatki v zgodovini meritev samodejno sinhronizirajo in prenesejo v oblak za trajno shranjevanje, tako da lahko bele\u017eite spremembe v zdravju svoje dru\u017eine.<\/p>\n<h3><img loading=\"lazy\" decoding=\"async\" src=\"\/data\/include\/cms\/.product\/3\/1\/19913\/6.jpg\" border=\"0\" alt=\"\" width=\"1100\" height=\"700\" title=\"\"><\/h3>\n<h3 style=\"text-align: center\">Spremljajte svoj napredek<\/h3>\n<p>Merjenje telesne te\u017ee lahko izvajate, ne da bi pri sebi nosili mobilni telefon. Yunmai Pro lahko inteligentno prepozna posamezne dru\u017einske \u010dlane (do 10 oseb). Ob naslednji uporabi povezave Bluetooth za tehtanje se bodo zgodovinski podatki samodejno sinhronizirali z va\u0161o dlanjo in prenesli v oblak za trajno shranjevanje, tako da bodo rezultati ves \u010das zapisani.<\/p>\n<p><img loading=\"lazy\" decoding=\"async\" src=\"\/data\/include\/cms\/.product\/3\/1\/19913\/C54C4A2CF7E947FF8B6FAD123100DD54.jpg\" border=\"0\" alt=\"\" width=\"1100\" height=\"699\" title=\"\"><\/p>\n<\/p>\n<h3 style=\"text-align: center\">Izdelano za uporabo<\/h3>\n<p>Poleg vzdr\u017eljivega ohi\u0161ja ima tehtnica \u0161tiri zelo natan\u010dne tla\u010dne senzorje za tehtanje. Meritve lahko preprosto preberete na subtilno name\u0161\u010denem zaslonu LED, katerega svetle \u0161tevilke bodo vidne tudi v temni kopalnici. Tehtnico lahko vzamete s seboj, \u010de je va\u0161a vadba povezana s potovanjem.<\/p>\n<p><img loading=\"lazy\" decoding=\"async\" src=\"\/data\/include\/cms\/.product\/3\/1\/19913\/B74E3CF07D3C4246AFDC347DAD588A27.jpg\" border=\"0\" alt=\"\" width=\"1100\" height=\"699\" title=\"\"><\/p>\n<h3 style=\"text-align: center\"> <\/h3>\n<h3 style=\"text-align: center\">180 dni z enim polnjenjem<\/h3>\n<p>Ne bo vam ve\u010d treba skrbeti za baterije za tehtnico. Vgrajena visokokakovostna litij-polimerna baterija s kapaciteto 1000 mAh, ki se polni prek standarda MicroUSB, zagotavlja 180 dni uporabe tehtnice z enim polnjenjem.<\/p>\n<p><img loading=\"lazy\" decoding=\"async\" src=\"\/data\/include\/cms\/.product\/3\/1\/19913\/010.png\" border=\"0\" alt=\"\" width=\"1100\" height=\"700\" title=\"\"><\/p>\n<h3 style=\"text-align: center\">Posebna uporaba<\/h3>\n<p>Prenesite aplikacijo na pametni telefon in bele\u017eite vsako spremembo v realnem \u010dasu. Spremljajte spremembe na svojem telesu, jih primerjajte z drugimi in v vadbo vnesite pridih tekmovalnega huj\u0161anja.<\/p>\n<p><strong><span style=\"font-weight: 400\"><img loading=\"lazy\" decoding=\"async\" src=\"\/data\/include\/cms\/.product\/3\/1\/19913\/img_12.jpg\" border=\"0\" alt=\"\" width=\"1100\" height=\"700\" title=\"\"><\/span><\/strong><\/p>\n<h3> <\/h3>\n<h3>Merilne funkcije<\/h3>\n<ul>\n<li>Telesna masa v razponu od 6 kg do 180 kg z natan\u010dnostjo 0,2 kg<\/li>\n<li>indeks telesne mase z natan\u010dnostjo 0,1 %<\/li>\n<li>Telesna ma\u0161\u010doba v razponu od 5 % do 75 % z natan\u010dnostjo 0,1 %.<\/li>\n<li>hidracija v razponu od 15 % do 70 % z natan\u010dnostjo 1 %.<\/li>\n<li>Telesna te\u017ea brez ma\u0161\u010dobe z natan\u010dnostjo 0,2 kg<\/li>\n<li>Kostna masa z natan\u010dnostjo 0,2 %.<\/li>\n<li>BMR<\/li>\n<li>Masa podko\u017enega ma\u0161\u010devja z natan\u010dnostjo 0,2 kg<\/li>\n<li>Indeks visceralne ma\u0161\u010dobe z natan\u010dnostjo 1-30<\/li>\n<li>Telesna starost z natan\u010dnostjo 1 leta<\/li>\n<li>Telesne beljakovine z natan\u010dnostjo 1 %<\/li>\n<li>Mi\u0161i\u010dna masa v razponu 15-70 % z natan\u010dnostjo 0,1 %<\/li>\n<li>Masa skeletnih mi\u0161ic<\/li>\n<\/ul>\n<h3>Vklju\u010deno<\/h3>\n<ul>\n<li>Lestvica Yunmai S<\/li>\n<li>kabel USB<\/li>\n<li>Navodila za uporabo<\/li>\n<\/ul>\n<h3> <\/h3>\n<h3>Specifikacija<\/h3>\n<\/p>\n<table>\n<tbody>\n<tr>\n<th style=\"min-width: 300px\">Brez\u017ei\u010dna povezava:<\/th>\n<td>Brez\u017ei\u010dna povezava: Bluetooth 4.0 z nizko porabo energije<\/td>\n<\/tr>\n<tr style=\"background-color: #f7f7f7\">\n<th>Power supply<\/th>\n<td>Baterija Li-Polimer 1000 mAh Mikro USB<\/td>\n<\/tr>\n<tr>\n<th>Zaslon<\/th>\n<td>2,63-pal\u010dni skriti zaslon LED<\/td>\n<\/tr>\n<tr style=\"background-color: #f7f7f7\">\n<th>Sensor<\/th>\n<td>Senzor tlaka \u00d7 4, biolo\u0161ki senzor \u00d7 4<\/td>\n<\/tr>\n<\/tbody>\n<\/table><\/p>","protected":false},"excerpt":{"rendered":"<p>Na zalogi pri zunanjem dobavitelju. Rok dostave 3-5dni.<\/p>","protected":false},"featured_media":27557,"template":"","meta":{"_monsterinsights_skip_tracking":false,"_monsterinsights_sitenote_active":false,"_monsterinsights_sitenote_note":"","_monsterinsights_sitenote_category":0},"product_brand":[],"product_cat":[271,255,264],"product_tag":[],"class_list":{"0":"post-27559","1":"product","2":"type-product","3":"status-publish","4":"has-post-thumbnail","6":"product_cat-osebne-tehnice","7":"product_cat-vsi","8":"product_cat-zdravlje-in-lepota","10":"first","11":"outofstock","12":"taxable","13":"shipping-taxable","14":"purchasable","15":"product-type-simple"},"jetpack_sharing_enabled":true,"_links":{"self":[{"href":"https:\/\/kobra.si\/en\/wp-json\/wp\/v2\/product\/27559","targetHints":{"allow":["GET"]}}],"collection":[{"href":"https:\/\/kobra.si\/en\/wp-json\/wp\/v2\/product"}],"about":[{"href":"https:\/\/kobra.si\/en\/wp-json\/wp\/v2\/types\/product"}],"version-history":[{"count":1,"href":"https:\/\/kobra.si\/en\/wp-json\/wp\/v2\/product\/27559\/revisions"}],"predecessor-version":[{"id":33908,"href":"https:\/\/kobra.si\/en\/wp-json\/wp\/v2\/product\/27559\/revisions\/33908"}],"wp:featuredmedia":[{"embeddable":true,"href":"https:\/\/kobra.si\/en\/wp-json\/wp\/v2\/media\/27557"}],"wp:attachment":[{"href":"https:\/\/kobra.si\/en\/wp-json\/wp\/v2\/media?parent=27559"}],"wp:term":[{"taxonomy":"product_brand","embeddable":true,"href":"https:\/\/kobra.si\/en\/wp-json\/wp\/v2\/product_brand?post=27559"},{"taxonomy":"product_cat","embeddable":true,"href":"https:\/\/kobra.si\/en\/wp-json\/wp\/v2\/product_cat?post=27559"},{"taxonomy":"product_tag","embeddable":true,"href":"https:\/\/kobra.si\/en\/wp-json\/wp\/v2\/product_tag?post=27559"}],"curies":[{"name":"wp","href":"https:\/\/api.w.org\/{rel}","templated":true}]}}