{"id":27485,"date":"2025-04-01T16:01:54","date_gmt":"2025-04-01T14:01:54","guid":{"rendered":"https:\/\/kobra.si\/spletna-trgovina-kobra\/masazna-pistola-yunmai-mini-ymfg-m352-siva\/"},"modified":"2026-01-15T20:46:19","modified_gmt":"2026-01-15T19:46:19","slug":"masazna-pistola-yunmai-mini-ymfg-m352-siva","status":"publish","type":"product","link":"https:\/\/kobra.si\/en\/spletna-trgovina-kobra\/masazna-pistola-yunmai-mini-ymfg-m352-siva\/","title":{"rendered":"Masa\u017ena pi\u0161tola Yunmai Mini YMFG-M352 (siva)"},"content":{"rendered":"<h3>Yunmai Mini masa\u017eni pripomo\u010dek<\/h3>\n<p>Ste utrujeni od bole\u010din v vratu ali hrbtu po dolgem dnevu dela za pisalno mizo? Ali pa si \u017eelite bolj\u0161e regeneracije mi\u0161ic po vadbi? Preizkusite brez\u017ei\u010dni masa\u017eni aparat Yunmai Mini, ki vam bo pomagal, da se sprostite in dose\u017eete \u017eelene rezultate. S tehnologijo Magic Touch in 4 razpolo\u017eljivimi na\u010dini lahko intenzivnost masa\u017ee preprosto prilagodite potrebam svojega telesa, baterija z dolgo \u017eivljenjsko dobo pa vam omogo\u010da, da napravo z enim polnjenjem uporabljate do 66 dni. Na voljo so tudi 3 zamenljive glave.<\/p>\n<p><img decoding=\"async\" src=\"https:\/\/b2b.innpro.pl\/data\/include\/cms\/Yunmai\/YMFG-M352-grey\/3.jpg\" title=\"\"><\/p>\n<h3>U\u010dinkovita in varna masa\u017ea<\/h3>\n<p>Privo\u0161\u010dite si u\u010dinkovito, a varno masa\u017eo. Yunmai Mini ponuja napredno tehnologijo Magic Touch, s katero spremlja koli\u010dino pritiska, ki ga izvajate, in s pomo\u010djo osvetlitve dolo\u010dene barve poka\u017ee, ali ga morate zmanj\u0161ati ali pove\u010dati. Modra barva ozna\u010duje zelo \u0161ibek pritisk, ki je med drugim priporo\u010dljiv za kvadriceps. Modra in zelena barva ozna\u010dujeta \u0161ibek do zmeren pritisk, ki je priporo\u010dljiv za mi\u0161ice nog in zadnjice. Oran\u017ena barva ozna\u010duje globoko masa\u017eo, ki je primerna za profesionalne \u0161portnike. Rde\u010da pomeni, da je pritisk previsok.<\/p>\n<p><img decoding=\"async\" src=\"https:\/\/b2b.innpro.pl\/data\/include\/cms\/Yunmai\/YMFG-M352-grey\/2.jpg\" title=\"\"><\/p>\n<h3>Izbirate lahko med 4 hitrostmi<\/h3>\n<p>Masa\u017eni aparat kljub majhnosti odlikuje impresivna mo\u010d udarcev do 12 kg. Zaradi tega dose\u017ee tudi globoka tkiva. Naprava omogo\u010da tudi izbiro med 4 hitrostmi. Hitrost 1000 vrtljajev na minuto je odli\u010dna za vsakodnevno uporabo, 1600 vrtljajev na minuto vam omogo\u010da ogrevanje mi\u0161ic, 2600 vrtljajev na minuto pa bo olaj\u0161alo njihovo okrevanje po treningu. Z 3200 vrtljaji na minuto pa si boste privo\u0161\u010dili globoko in spro\u0161\u010dujo\u010do masa\u017eo. Poleg tega uporabljena tehnologija zagotavlja, da bo naprava samodejno pove\u010dala hitrost, ko jo boste pritisnili mo\u010dneje, in zmanj\u0161ala, ko jo boste pritisnili \u0161ibkeje.<\/p>\n<p><img decoding=\"async\" src=\"https:\/\/b2b.innpro.pl\/data\/include\/cms\/Yunmai\/YMFG-M352-grey\/4.jpg\" title=\"\"><\/p>\n<h3>Vklju\u010dene so 3 masa\u017ene glave<\/h3>\n<p>Masa\u017eno napravo prilagodite svojim potrebam. Prilo\u017eene so 3 zamenljive glave, ki so prijetne na dotik, zmanj\u0161ujejo pritisk in zagotavljajo udobje. Glava v obliki \u010drke U je idealna za masa\u017eo vratu, obeh strani hrbtenice in ahilovih tetiv. Okrogla glava omogo\u010da u\u010dinkovito masa\u017eo hrbta, stegen, telet in drugih velikih mi\u0161i\u010dnih skupin. Ravna glava z zra\u010dno blazino je primerna za ob\u010dutljive mi\u0161i\u010dne skupine z nizko toleranco za bole\u010dino. Zagotavlja ne\u017eno masa\u017eo in \u017eeleno sprostitev. Zdaj se lahko doma po\u010dutite kot v salonu SPA!<\/p>\n<p><img decoding=\"async\" src=\"https:\/\/b2b.innpro.pl\/data\/include\/cms\/Yunmai\/YMFG-M352-grey\/1.jpg\" title=\"\"><\/p>\n<h3>Dolg delovni \u010das<\/h3>\n<p>Poslovite se od zapletenih kablov. Brez\u017ei\u010dni masa\u017eni aparat Yunmai Mini vam bo omogo\u010dil svobodo gibanja, o kateri sanjate. Naprava je opremljena z vzdr\u017eljivo baterijo z zmogljivostjo 2600 mAh. Ob predpostavki, da jo vsak dan uporabljate pribli\u017eno 10 minut, vam bo z enim polnjenjem zdr\u017eala do 66 dni! Masa\u017ena naprava ima vgrajen priklju\u010dek USB-C, s katerim jo lahko napolnite v pribli\u017eno 1,5 ure. Poleg tega se bo naprava po 10 minutah uporabe samodejno izklopila. Tako vam ni treba skrbeti, da bi se prehitro izpraznila ali da bi dolgotrajna masa\u017ea povzro\u010dila po\u0161kodbe mi\u0161ic.<\/p>\n<p><img decoding=\"async\" src=\"https:\/\/b2b.innpro.pl\/data\/include\/cms\/Yunmai\/YMFG-M352-grey\/5.jpg\" title=\"\"><\/p>\n<h3>Zasnovan za va\u0161e udobje<\/h3>\n<p>Masa\u017ena naprava je izdelana iz trpe\u017ene aluminijeve zlitine, zato je zelo vzdr\u017eljiva, a hkrati lahka &#8211; tehta le 430 g. Odli\u010dno se prilega va\u0161i roki in je dovolj majhen, da vas lahko spremlja skoraj povsod. Enostavno ga lahko prena\u0161ate in shranjujete v prilo\u017eenem kov\u010dku za prena\u0161anje. Naprava deluje presenetljivo tiho &#8211; njena raven hrupa je le pribli\u017eno 35 dB. Masa\u017eni aparat je opremljen tudi s posebnim nastavljivim trakom, s katerim si ga lahko na primer obesite na zapestje.<\/p>\n<p><img decoding=\"async\" src=\"https:\/\/b2b.innpro.pl\/data\/include\/cms\/Yunmai\/YMFG-M352-grey\/11.jpg\" title=\"\"><\/p>\n<h3>V \u0161katli<\/h3>\n<ul>\n<li>Masa\u017eni aparat<\/li>\n<li>Okrogla glava<\/li>\n<li>Masa\u017ena glava v obliki \u010drke U<\/li>\n<li>Glava v obliki bata<\/li>\n<\/ul>\n<div class=\"table-wrapper\">\n<table>\n<tbody>\n<tr>\n<th>Blagovna znamka<\/th>\n<td>Yunmai<\/td>\n<\/tr>\n<tr>\n<th>Ime<\/th>\n<td>YUNMAI Fascia masa\u017ena pi\u0161tola SE<\/td>\n<td>YUNMAI Fascia masa\u017ena pi\u0161tola ekstra mini<\/td>\n<td>YUNMAI masa\u017ena pi\u0161tola mini Yunmai<\/td>\n<td>YUNMAI masa\u017ena pi\u0161tola Pro<\/td>\n<\/tr>\n<tr>\n<th>Model<\/th>\n<td>MV-FG-0308<\/td>\n<td>MVFG-M281<\/td>\n<td>YMFG-M352<\/td>\n<td>YMFG-B563<\/td>\n<\/tr>\n<tr>\n<th>Weight<\/th>\n<td>840 kg<\/td>\n<td>240g<\/td>\n<td>430g<\/td>\n<td>1000g<\/td>\n<\/tr>\n<tr>\n<th>Zmogljivost baterije<\/th>\n<td>2900 mAh<\/td>\n<td>1300 mAh<\/td>\n<td>2600 mAh<\/td>\n<td>2600mAh<\/td>\n<\/tr>\n<tr>\n<th>\u010cas polnjenja<\/th>\n<td>Pribli\u017eno 4 h<\/td>\n<td>Pribli\u017eno 4h<\/td>\n<td>Pribli\u017eno 4h<\/td>\n<td>Pribli\u017eno 4h<\/td>\n<\/tr>\n<tr>\n<th>Baterija<\/th>\n<td>Li-ion<\/td>\n<td>Litij<\/td>\n<td>Li-ion<\/td>\n<td>Li-ion<\/td>\n<\/tr>\n<tr>\n<th>Working temperature<\/th>\n<td>0-40\u00b0C<\/td>\n<td>0-40\u00b0C<\/td>\n<td>0-40\u00b0C<\/td>\n<td>0-40\u00b0C<\/td>\n<\/tr>\n<tr>\n<th>Dimenzije<\/th>\n<td>179x60x236 mm<\/td>\n<td>88x35x126,6 mm<\/td>\n<td>141x41x80mm<\/td>\n<td>183x230x71mm<\/td>\n<\/tr>\n<tr>\n<th>Vmesnik<\/th>\n<td>DC 19V-1A<\/td>\n<td>USB-C<\/td>\n<td>USB-C<\/td>\n<td>DC 19V-1A<\/td>\n<\/tr>\n<tr>\n<th>Stopnje hitrosti<\/th>\n<td>1800 vrt\/min \/ 2400 vrt\/min \/ 3200 vrt\/min \/ na\u010din pametne masa\u017ee \/ na\u010din umetne masa\u017ee<\/td>\n<td>1500 vrtljajev na minuto \/ 2400 vrtljajev na minuto \/ 3200 vrtljajev na minuto \/ 650 vrtljajev na minuto<\/td>\n<td>1000 vrtljajev na minuto \/ 1600 vrtljajev na minuto \/ 2600 vrtljajev na minuto \/ 3200 vrtljajev na minuto<\/td>\n<td>1800 vrtljajev na minuto \/ 2400 vrtljajev na minuto \/ 3200 vrtljajev na minuto<\/td>\n<\/tr>\n<tr>\n<th>Vhodna napetost<\/th>\n<td>100-240 V 50\/60 Hz 5V-2A 5V \/ 9V 2A<\/td>\n<td>100-240V 50\/60Hz<\/td>\n<td>100-240V 50\/60Hz<\/td>\n<td>100-240V 50\/60Hz 5V-2A 5V \/ 9V 2A<\/td>\n<\/tr>\n<tr>\n<th>Priporo\u010dena starost uporabnika<\/th>\n<td>Odrasli, starej\u0161i od 18 let (razen nose\u010dnic)<\/td>\n<\/tr>\n<\/tbody>\n<\/table>\n<\/div>","protected":false},"excerpt":{"rendered":"<p>Na zalogi pri zunanjem dobavitelju. Rok dostave 3-5dni.<\/p>","protected":false},"featured_media":27483,"template":"","meta":{"_monsterinsights_skip_tracking":false,"_monsterinsights_sitenote_active":false,"_monsterinsights_sitenote_note":"","_monsterinsights_sitenote_category":0},"product_brand":[],"product_cat":[269,255,264],"product_tag":[],"class_list":{"0":"post-27485","1":"product","2":"type-product","3":"status-publish","4":"has-post-thumbnail","6":"product_cat-masazni-aparati","7":"product_cat-vsi","8":"product_cat-zdravlje-in-lepota","10":"first","11":"outofstock","12":"taxable","13":"shipping-taxable","14":"purchasable","15":"product-type-simple"},"jetpack_sharing_enabled":true,"_links":{"self":[{"href":"https:\/\/kobra.si\/en\/wp-json\/wp\/v2\/product\/27485","targetHints":{"allow":["GET"]}}],"collection":[{"href":"https:\/\/kobra.si\/en\/wp-json\/wp\/v2\/product"}],"about":[{"href":"https:\/\/kobra.si\/en\/wp-json\/wp\/v2\/types\/product"}],"version-history":[{"count":1,"href":"https:\/\/kobra.si\/en\/wp-json\/wp\/v2\/product\/27485\/revisions"}],"predecessor-version":[{"id":33912,"href":"https:\/\/kobra.si\/en\/wp-json\/wp\/v2\/product\/27485\/revisions\/33912"}],"wp:featuredmedia":[{"embeddable":true,"href":"https:\/\/kobra.si\/en\/wp-json\/wp\/v2\/media\/27483"}],"wp:attachment":[{"href":"https:\/\/kobra.si\/en\/wp-json\/wp\/v2\/media?parent=27485"}],"wp:term":[{"taxonomy":"product_brand","embeddable":true,"href":"https:\/\/kobra.si\/en\/wp-json\/wp\/v2\/product_brand?post=27485"},{"taxonomy":"product_cat","embeddable":true,"href":"https:\/\/kobra.si\/en\/wp-json\/wp\/v2\/product_cat?post=27485"},{"taxonomy":"product_tag","embeddable":true,"href":"https:\/\/kobra.si\/en\/wp-json\/wp\/v2\/product_tag?post=27485"}],"curies":[{"name":"wp","href":"https:\/\/api.w.org\/{rel}","templated":true}]}}