{"id":27178,"date":"2025-03-31T21:00:33","date_gmt":"2025-03-31T19:00:33","guid":{"rendered":"https:\/\/kobra.si\/spletna-trgovina-kobra\/kensen-obrezovalnik-telesa-2-v-1-05-ktmq31-0ga-siv\/"},"modified":"2026-02-06T21:01:13","modified_gmt":"2026-02-06T20:01:13","slug":"kensen-obrezovalnik-telesa-2-v-1-05-ktmq31-0ga-siv","status":"publish","type":"product","link":"https:\/\/kobra.si\/en\/spletna-trgovina-kobra\/kensen-obrezovalnik-telesa-2-v-1-05-ktmq31-0ga-siv\/","title":{"rendered":"Kensen trimer za telo 2 v 1 05-KTMQ31-0GA (siv)"},"content":{"rendered":"<h3>Kensen 2-v-1 trimer za telo 05-KTMQ31-0GA (siv).<\/h3>\n<p>Kensenov trimer za telo 2 v 1 je ve\u010dnamenska naprava, zasnovana za celovito nego obraza in celotnega telesa. Z dvema izmenljivima glavama in hitrostjo 5.000 vrtljajev na minuto stri\u017enik zagotavlja natan\u010dno britje, hkrati pa poskrbi za udobje va\u0161e ko\u017ee. Ne glede na to, ali morate obrijeti brado, izravnati obrise ali se znebiti dlak na te\u017eko dostopnih mestih, bo Kensenov stri\u017enik 2 v 1 uporaben v vseh razmerah.<\/p>\n<p>\n<img decoding=\"async\" alt=\"\" border=\"0\" src=\"https:\/\/assets.innpro.pl\/12973\/15813\/7.jpg\" title=\"\">\n<\/p>\n<h3>Dve izmenljivi glavi<\/h3>\n<p>Prirezovalnik je opremljen z ve\u010dnamensko glavo, ki omogo\u010da, da se naprava prilagodi razli\u010dnim predelom telesa. Ravna glava je idealna za britje nog in rok. Ukrivljena glava je namenjena britju pazduh, podro\u010dja bikinija in dalj\u0161ih dlak. Glava z dvojnim rezilom se bo dobro obnesla pri britju kratkih las in natan\u010dnem britju brade. Vsa rezila so zasnovana tako, da \u010dim manj dra\u017eijo ko\u017eo in zagotavljajo najve\u010dje udobje med uporabo.<\/p>\n<p>\n<img decoding=\"async\" alt=\"\" border=\"0\" src=\"https:\/\/assets.innpro.pl\/12973\/15813\/2.jpg\" title=\"\">\n<\/p>\n<h3>Natan\u010dno britje zaradi vrtljive glave<\/h3>\n<p>Inovativna 30-stopinjska vrtljiva glava omogo\u010da popolno prilagajanje obliki obraza in telesa ter zagotavlja enakomeren stik s povr\u0161ino ko\u017ee. Poleg tega varovalo rezil v obliki \u010drke H stabilizira rezila, kar pove\u010duje natan\u010dnost in varnost med britjem. Zakrivljena oblika konice rezil \u0161\u010diti ko\u017eo pred dra\u017eenjem, zato je naprava idealna za tiste z ob\u010dutljivo ko\u017eo.<\/p>\n<p>\n<img decoding=\"async\" alt=\"\" border=\"0\" src=\"https:\/\/assets.innpro.pl\/12973\/15813\/1.jpg\" title=\"\">\n<\/p>\n<h3>Mokro in suho britje<\/h3>\n<p>Kensenov stri\u017enik 2 v 1 omogo\u010da suho in mokro britje. Vodoodporna zasnova glave omogo\u010da varno pranje rezil pod teko\u010do vodo, kar olaj\u0161a vzdr\u017eevanje \u010disto\u010de naprave. Uporabljate jo lahko s peno ali gelom za britje za ve\u010dje udobje in \u0161e bolj gladke rezultate.<\/p>\n<p>\n<img decoding=\"async\" alt=\"\" border=\"0\" src=\"https:\/\/assets.innpro.pl\/12973\/15813\/4.jpg\" title=\"\">\n<\/p>\n<h3>USB-C in hitro polnjenje<\/h3>\n<p>Stri\u017enik je opremljen z visokozmogljivo baterijo, ki omogo\u010da do 30 dni uporabe z enim polnjenjem (ob predpostavki 2 minut uporabe na dan). Za popolno polnjenje potrebuje 120 minut, zaradi vhoda USB-C pa je polnjenje hitro in priro\u010dno. Idealen za doma in na poti.<\/p>\n<p>\n<img decoding=\"async\" alt=\"\" border=\"0\" src=\"https:\/\/assets.innpro.pl\/12973\/15813\/3.jpg\" title=\"\">\n<\/p>\n<h3>Celovita nega telesa<\/h3>\n<p>Kensen 2 v 1 je naprava, ki se ne bo dobro obnesla le pri oblikovanju brade. Z njeno \u0161iroko paleto mo\u017enosti uporabe lahko preprosto odstranite ne\u017eelene dlake s prsi, hrbta, nog, rok in celo nosu. To je popoln pripomo\u010dek za vsakodnevno nego za vse, ki cenijo urejenost in estetiko.<\/p>\n<p>\n<img decoding=\"async\" alt=\"\" border=\"0\" src=\"https:\/\/assets.innpro.pl\/12973\/15813\/6.jpg\" title=\"\">\n<\/p>\n<h3>Ergonomska oblika in enostavna uporaba<\/h3>\n<p>Lahka zasnova in nedrse\u010d ro\u010daj zagotavljata udobje tudi med dolgotrajno uporabo. Intuitivno upravljanje omogo\u010da enostavno menjavanje na\u010dinov, zamenljive glave pa lahko hitro namestite ali odstranite, tako da lahko v trenutku preklopite med britjem obraza in nego telesa.<\/p>\n<p>\n<img decoding=\"async\" alt=\"\" border=\"0\" src=\"https:\/\/assets.innpro.pl\/12973\/15813\/5.jpg\" title=\"\">\n<\/p>\n<h3>Prilo\u017eeno<\/h3>\n<ul class=\"list-disc pl-5\">\n<li>Prirezovalnik za telo<\/li>\n<li>Za\u0161\u010ditni pokrov rezil<\/li>\n<li>Konica za britje brade in telesa<\/li>\n<li>Stikalo<\/li>\n<li>Vrata USB za polnjenje<\/li>\n<li>Polnilni kabel USB<\/li>\n<li>\u010copi\u010d za \u010di\u0161\u010denje<\/li>\n<\/ul>\n<div class=\"table-wrapper\">\n<h3><\/h3>\n<table>\n<tbody>\n<tr>\n<th>Proizvajalec<\/th>\n<td>Blagovna znamka<\/td>\n<\/tr>\n<tr>\n<th>Kensen<\/th>\n<td>Model<\/td>\n<\/tr>\n<tr>\n<th>05-KTMQ31-0GA<\/th>\n<td>Velikost<\/td>\n<\/tr>\n<tr>\n<th>Pribli\u017eno 168 x 50 x 28 mm<\/th>\n<td>Weight<\/td>\n<\/tr>\n<tr>\n<th>Pribli\u017eno 108 g<\/th>\n<td>Material<\/td>\n<\/tr>\n<tr>\n<th>ABS<\/th>\n<td>Stopnja odpornosti na vodo<\/td>\n<\/tr>\n<tr>\n<th>Ni<\/th>\n<td>\u010cas delovanja<\/td>\n<\/tr>\n<tr>\n<th>Pribli\u017eno 90 minut<\/th>\n<td>\u010cas polnjenja<\/td>\n<\/tr>\n<tr>\n<th>Pribli\u017eno 2 uri<\/th>\n<td>Nazivna napetost<\/td>\n<\/tr>\n<tr>\n<th>110V-240V<\/th>\n<td>Nazivna mo\u010d<\/td>\n<\/tr>\n<tr>\n<th>5W<\/th>\n<td>Metoda napajanja<\/td>\n<\/tr>\n<tr>\n<th>polnjenje prek USB<\/th>\n<\/tr>\n<\/tbody>\n<\/table>\n<\/div>","protected":false},"excerpt":{"rendered":"<p>Na zalogi pri zunanjem dobavitelju. Rok dostave 3-5dni.<\/p>","protected":false},"featured_media":27318,"template":"","meta":{"_monsterinsights_skip_tracking":false,"_monsterinsights_sitenote_active":false,"_monsterinsights_sitenote_note":"","_monsterinsights_sitenote_category":0},"product_brand":[],"product_cat":[265,255,264],"product_tag":[],"class_list":{"0":"post-27178","1":"product","2":"type-product","3":"status-publish","4":"has-post-thumbnail","6":"product_cat-brivniki-in-strizniki","7":"product_cat-vsi","8":"product_cat-zdravlje-in-lepota","10":"first","11":"outofstock","12":"taxable","13":"shipping-taxable","14":"purchasable","15":"product-type-simple"},"jetpack_sharing_enabled":true,"_links":{"self":[{"href":"https:\/\/kobra.si\/en\/wp-json\/wp\/v2\/product\/27178","targetHints":{"allow":["GET"]}}],"collection":[{"href":"https:\/\/kobra.si\/en\/wp-json\/wp\/v2\/product"}],"about":[{"href":"https:\/\/kobra.si\/en\/wp-json\/wp\/v2\/types\/product"}],"version-history":[{"count":4,"href":"https:\/\/kobra.si\/en\/wp-json\/wp\/v2\/product\/27178\/revisions"}],"predecessor-version":[{"id":27320,"href":"https:\/\/kobra.si\/en\/wp-json\/wp\/v2\/product\/27178\/revisions\/27320"}],"wp:featuredmedia":[{"embeddable":true,"href":"https:\/\/kobra.si\/en\/wp-json\/wp\/v2\/media\/27318"}],"wp:attachment":[{"href":"https:\/\/kobra.si\/en\/wp-json\/wp\/v2\/media?parent=27178"}],"wp:term":[{"taxonomy":"product_brand","embeddable":true,"href":"https:\/\/kobra.si\/en\/wp-json\/wp\/v2\/product_brand?post=27178"},{"taxonomy":"product_cat","embeddable":true,"href":"https:\/\/kobra.si\/en\/wp-json\/wp\/v2\/product_cat?post=27178"},{"taxonomy":"product_tag","embeddable":true,"href":"https:\/\/kobra.si\/en\/wp-json\/wp\/v2\/product_tag?post=27178"}],"curies":[{"name":"wp","href":"https:\/\/api.w.org\/{rel}","templated":true}]}}