{"id":26493,"date":"2025-03-28T21:19:38","date_gmt":"2025-03-28T20:19:38","guid":{"rendered":"https:\/\/kobra.si\/spletna-trgovina-kobra\/anker-eufy-security-alarm-5-delni-set-2\/"},"modified":"2026-03-23T12:59:46","modified_gmt":"2026-03-23T11:59:46","slug":"anker-eufy-security-alarm-5-delni-set-2","status":"publish","type":"product","link":"https:\/\/kobra.si\/en\/spletna-trgovina-kobra\/anker-eufy-security-alarm-5-delni-set-2\/","title":{"rendered":"Anker Eufy security alarm \u2013 5-piece set"},"content":{"rendered":"<p><strong>Anker Eufy Home Alarm 5 delni set<\/strong><\/p>\n<ul>\n<li><strong>Enostavna namestitev:<\/strong> celotno namestitev opravite sami v nekaj minutah. Vhodni senzorji se pritrdijo na vrata in okna, senzor gibanja in tipkovnico lahko pritrdite na stene s prilo\u017eenimi nosilci.<\/li>\n<li><strong>Brez mese\u010dnih stro\u0161kov:<\/strong> Zasnovani za za\u0161\u010dito va\u0161ega doma in denarnice so izdelki Eufy Security enkraten nakupi, ki zdru\u017eujejo varnost in udobje. Brez dodatnih mese\u010dnih stro\u0161kov.<\/li>\n<li><strong>Takoj\u0161nja opozorila:<\/strong> prejmite obvestilo takoj ko alarmni sistem zazna gibanje ali vdor.<\/li>\n<li><strong>Varnost v nekaj sekundah:<\/strong> Vklopite in izklopite alarm le v nekaj sekundah tako, da vnesete geslo ali neposredno iz telefona prek Eufy Security App.<\/li>\n<li><strong>What's in the box:<\/strong> HomeBase, tipkovnica, senzor gibanja, 2 \u00d7 vhodni senzorji in priro\u010dnik za uporabo.<\/li>\n<\/ul>\n<p><strong>You can connect all products from the Eufy security line to the base station (EufyCam, Eufy intercom, Eufy sensors, Eufy indoor camera)<\/strong><\/p>\n<hr \/>\n<p><img fetchpriority=\"high\" decoding=\"async\" height=\"600\" src=\"https:\/\/www.anker.si\/wp-content\/uploads\/2022\/08\/alarm-opis1.jpg\" width=\"970\" title=\"\"><\/p>\n<hr \/>\n<table border=\"0\">\n<tbody>\n<tr>\n<td>\n<p><img decoding=\"async\" height=\"300\" src=\"https:\/\/www.anker.si\/wp-content\/uploads\/2022\/08\/alarm-opis3.jpg\" width=\"300\" title=\"\"><\/p>\n<p><strong>Varnej\u0161i dom na va\u0161i dlani<\/strong><\/p>\n<p>Nastavite lastne varnostne na\u010dine <br \/>po meri, ki ustrezajo potrebam <br \/>va\u0161ega doma in dru\u017eine prek varnostne<br \/> aplikacije eufy.<\/p>\n<\/td>\n<td valign=\"top\">\n<p><img decoding=\"async\" height=\"300\" src=\"https:\/\/www.anker.si\/wp-content\/uploads\/2022\/08\/alarm-opis4.jpg\" width=\"300\" title=\"\"><\/p>\n<p><strong>Primerno za vse velikosti<\/strong><\/p>\n<p>Izbolj\u0161ana povezljivost na dolge<br \/> razdalje zagotavlja, da je va\u0161 celoten<br \/> dom ves \u010das varen \u2013 ne glede na to,<br \/> kako velik je.<\/p>\n<\/td>\n<td valign=\"top\">\n<p><img loading=\"lazy\" decoding=\"async\" height=\"300\" src=\"https:\/\/www.anker.si\/wp-content\/uploads\/2022\/08\/alarm-opis5.jpg\" width=\"300\" title=\"\"><\/p>\n<p><strong>Nastavljiva ob\u010dutljivost<\/strong><\/p>\n<p>Prilagodite ob\u010dutljivost senzorja gibanja,<br \/> da vas opozori na vsiljivce in ne na<br \/> hi\u0161ne ljubljen\u010dke.<\/p>\n<\/td>\n<\/tr>\n<\/tbody>\n<\/table>\n<hr \/>\n<table border=\"0\">\n<tbody>\n<tr>\n<td valign=\"top\">\n<p><img loading=\"lazy\" decoding=\"async\" height=\"300\" src=\"https:\/\/www.anker.si\/wp-content\/uploads\/2022\/08\/alarm-opis6.jpg\" width=\"300\" title=\"\"><\/p>\n<p><strong>Mo\u010d za za\u0161\u010dito<\/strong><\/p>\n<p>Z \u017eivljenjsko dobo baterije 6 mesecev<br \/> za tipkovnico in 2 leti za senzorje gibanja<br \/> in stika varno spite, saj veste, da je va\u0161<br \/> sistem vedno pripravljen.<\/p>\n<\/td>\n<td valign=\"top\">\n<p><img loading=\"lazy\" decoding=\"async\" height=\"300\" src=\"https:\/\/www.anker.si\/wp-content\/uploads\/2022\/08\/alarm-opis7-300x300.jpg\" width=\"300\" title=\"\"><\/p>\n<p><strong>Vstopni senzor<\/strong><\/p>\n<p>Pritrdi se na va\u0161a okna in vrata s<br \/> pomo\u010djo prilo\u017eenih nosilcev. <br \/>Takoj vas opozori, ko je zaznano odpiranje.<\/p>\n<\/td>\n<td valign=\"top\">\n<p><img loading=\"lazy\" decoding=\"async\" height=\"300\" src=\"https:\/\/www.anker.si\/wp-content\/uploads\/2022\/08\/alarm-opis8-300x300.jpg\" width=\"300\" title=\"\"><\/p>\n<p><strong>Senzor gibanja<\/strong><\/p>\n<p>Za\u0161\u010ditite celotno sobo pred nepovabljenimi<br \/> gosti. Zagotavlja 100\u00b0 pokritost do 9 metrov.<\/p>\n<\/td>\n<\/tr>\n<\/tbody>\n<\/table>\n<hr \/>\n<p><strong>Vsebina:<\/strong><\/p>\n<ul>\n<li>1\u00d7 HomeBase bazna postaja<\/li>\n<li>1\u00d7 tipkovnica<\/li>\n<li>1\u00d7 senzor gibanja<\/li>\n<li>2\u00d7 vhodni senzor<\/li>\n<li>Baterije<\/li>\n<li>Priro\u010dnik za uporabo<\/li>\n<\/ul>\n<p><a href=\"https:\/\/us.eufy.com\/collections\/alarm-system\/products\/t8990\" target=\"_blank\" rel=\"noopener\">Spletna stran proizvajalca<\/a><\/p><\/p>","protected":false},"excerpt":{"rendered":"<p>Anker Eufy Home Alarm 5 delni set Enostavna namestitev: celotno namestitev opravite sami v nekaj minutah. Vhodni senzorji se pritrdijo na vrata in okna, senzor gibanja in tipkovnico lahko pritrdite na stene s prilo\u017eenimi nosilci. Brez mese\u010dnih stro\u0161kov: Zasnovani za za\u0161\u010dito va\u0161ega doma in denarnice so izdelki Eufy Security enkraten nakupi, ki zdru\u017eujejo varnost in [&hellip;]<\/p>\n","protected":false},"featured_media":27044,"template":"","meta":{"_monsterinsights_skip_tracking":false,"_monsterinsights_sitenote_active":false,"_monsterinsights_sitenote_note":"","_monsterinsights_sitenote_category":0},"product_brand":[],"product_cat":[102,255],"product_tag":[],"class_list":{"0":"post-26493","1":"product","2":"type-product","3":"status-publish","4":"has-post-thumbnail","6":"product_cat-alarmni-sistemi","7":"product_cat-vsi","9":"first","10":"instock","11":"taxable","12":"shipping-taxable","13":"purchasable","14":"product-type-simple"},"jetpack_sharing_enabled":true,"_links":{"self":[{"href":"https:\/\/kobra.si\/en\/wp-json\/wp\/v2\/product\/26493","targetHints":{"allow":["GET"]}}],"collection":[{"href":"https:\/\/kobra.si\/en\/wp-json\/wp\/v2\/product"}],"about":[{"href":"https:\/\/kobra.si\/en\/wp-json\/wp\/v2\/types\/product"}],"version-history":[{"count":1,"href":"https:\/\/kobra.si\/en\/wp-json\/wp\/v2\/product\/26493\/revisions"}],"predecessor-version":[{"id":26508,"href":"https:\/\/kobra.si\/en\/wp-json\/wp\/v2\/product\/26493\/revisions\/26508"}],"wp:featuredmedia":[{"embeddable":true,"href":"https:\/\/kobra.si\/en\/wp-json\/wp\/v2\/media\/27044"}],"wp:attachment":[{"href":"https:\/\/kobra.si\/en\/wp-json\/wp\/v2\/media?parent=26493"}],"wp:term":[{"taxonomy":"product_brand","embeddable":true,"href":"https:\/\/kobra.si\/en\/wp-json\/wp\/v2\/product_brand?post=26493"},{"taxonomy":"product_cat","embeddable":true,"href":"https:\/\/kobra.si\/en\/wp-json\/wp\/v2\/product_cat?post=26493"},{"taxonomy":"product_tag","embeddable":true,"href":"https:\/\/kobra.si\/en\/wp-json\/wp\/v2\/product_tag?post=26493"}],"curies":[{"name":"wp","href":"https:\/\/api.w.org\/{rel}","templated":true}]}}