{"id":26491,"date":"2025-03-28T21:19:31","date_gmt":"2025-03-28T20:19:31","guid":{"rendered":"https:\/\/kobra.si\/spletna-trgovina-kobra\/anker-eufy-security-senzor-gibanja-2\/"},"modified":"2026-03-23T12:59:48","modified_gmt":"2026-03-23T11:59:48","slug":"anker-eufy-security-senzor-gibanja-2","status":"publish","type":"product","link":"https:\/\/kobra.si\/en\/spletna-trgovina-kobra\/anker-eufy-security-senzor-gibanja-2\/","title":{"rendered":"Anker Eufy security senzor gibanja"},"content":{"rendered":"<p><strong>Ogromna \u017eivljenjska doba baterije<\/strong><br \/>Na\u0161a napredna tehnologija upravljanja z energijo zagotavlja 2 leti zmogljivosti.<\/p>\n<p><strong>Obse\u017ena pokritost<br \/><\/strong>\u0160irokokotni razpon 100\u00b0 zagotavlja zanesljivo zaznavanje premikov tudi do 9 metrov stran &#8211;\u00a0ve\u010d kot dovolj za zavarovanje celotne sobe va\u0161ega doma.<strong><br \/><\/strong><\/p>\n<p><strong>Nastavljiva ob\u010dutljivost<\/strong><br \/> Senzor gibanja je mogo\u010de prilagoditi posami\u010dno, tako da zmanj\u0161ate la\u017ene alarme, ki jih lahko spro\u017eijo hi\u0161ni ljubljen\u010dki ali listi v vetru, tako da ste res opozorjeni le ob pravem trenutku.<\/p>\n<p><strong>Opozorilo aplikacije<\/strong><br \/>Takoj ko zazna gibanje, boste preko aplikacije eufy Security prejeli obvestilo, bodisi doma bodisi na poti.<\/p>\n<p><strong>Pove\u017ei<br \/><\/strong>Pove\u017ee se z eufy Security HomeBase (ni vklju\u010den) in tudi z vsemi drugimi eufy varnostnimi izdelki. Preprosto ga seznanite prek eufy Security app in pritisnite gumb na senzorju, da ga dodate v svoj sistem.<br \/><strong><br \/><\/strong><\/p>\n<p><strong>Uradna stran proizvajalca<\/strong>:\u00a0<a href=\"https:\/\/us.eufylife.com\/products\/t8910?_pos=1&amp;_sid=8d4778592&amp;_ss=r\" target=\"_blank\" rel=\"noopener\">https:\/\/us.eufylife.com\/products\/t8910?_pos=1&amp;_sid=8d4778592&amp;_ss=r<\/a><\/p>","protected":false},"excerpt":{"rendered":"<p>Ogromna \u017eivljenjska doba baterijeNa\u0161a napredna tehnologija upravljanja z energijo zagotavlja 2 leti zmogljivosti. Obse\u017ena pokritost\u0160irokokotni razpon 100\u00b0 zagotavlja zanesljivo zaznavanje premikov tudi do 9 metrov stran &#8211;\u00a0ve\u010d kot dovolj za zavarovanje celotne sobe va\u0161ega doma. Nastavljiva ob\u010dutljivost Senzor gibanja je mogo\u010de prilagoditi posami\u010dno, tako da zmanj\u0161ate la\u017ene alarme, ki jih lahko spro\u017eijo hi\u0161ni ljubljen\u010dki ali [&hellip;]<\/p>\n","protected":false},"featured_media":27045,"template":"","meta":{"_monsterinsights_skip_tracking":false,"_monsterinsights_sitenote_active":false,"_monsterinsights_sitenote_note":"","_monsterinsights_sitenote_category":0},"product_brand":[],"product_cat":[102,255],"product_tag":[],"class_list":{"0":"post-26491","1":"product","2":"type-product","3":"status-publish","4":"has-post-thumbnail","6":"product_cat-alarmni-sistemi","7":"product_cat-vsi","9":"first","10":"instock","11":"taxable","12":"shipping-taxable","13":"purchasable","14":"product-type-simple"},"jetpack_sharing_enabled":true,"_links":{"self":[{"href":"https:\/\/kobra.si\/en\/wp-json\/wp\/v2\/product\/26491","targetHints":{"allow":["GET"]}}],"collection":[{"href":"https:\/\/kobra.si\/en\/wp-json\/wp\/v2\/product"}],"about":[{"href":"https:\/\/kobra.si\/en\/wp-json\/wp\/v2\/types\/product"}],"version-history":[{"count":1,"href":"https:\/\/kobra.si\/en\/wp-json\/wp\/v2\/product\/26491\/revisions"}],"predecessor-version":[{"id":26500,"href":"https:\/\/kobra.si\/en\/wp-json\/wp\/v2\/product\/26491\/revisions\/26500"}],"wp:featuredmedia":[{"embeddable":true,"href":"https:\/\/kobra.si\/en\/wp-json\/wp\/v2\/media\/27045"}],"wp:attachment":[{"href":"https:\/\/kobra.si\/en\/wp-json\/wp\/v2\/media?parent=26491"}],"wp:term":[{"taxonomy":"product_brand","embeddable":true,"href":"https:\/\/kobra.si\/en\/wp-json\/wp\/v2\/product_brand?post=26491"},{"taxonomy":"product_cat","embeddable":true,"href":"https:\/\/kobra.si\/en\/wp-json\/wp\/v2\/product_cat?post=26491"},{"taxonomy":"product_tag","embeddable":true,"href":"https:\/\/kobra.si\/en\/wp-json\/wp\/v2\/product_tag?post=26491"}],"curies":[{"name":"wp","href":"https:\/\/api.w.org\/{rel}","templated":true}]}}