{"id":26489,"date":"2025-03-28T21:03:26","date_gmt":"2025-03-28T20:03:26","guid":{"rendered":"https:\/\/kobra.si\/spletna-trgovina-kobra\/anker-eufy-security-solocam-s340-zunanja-brezzicna-kamera-s-solarnim-panelom-2\/"},"modified":"2026-03-23T12:59:49","modified_gmt":"2026-03-23T11:59:49","slug":"anker-eufy-security-solocam-s340-zunanja-brezzicna-kamera-s-solarnim-panelom-2","status":"publish","type":"product","link":"https:\/\/kobra.si\/en\/spletna-trgovina-kobra\/anker-eufy-security-solocam-s340-zunanja-brezzicna-kamera-s-solarnim-panelom-2\/","title":{"rendered":"Anker Eufy Security SoloCam S340 zunanja brez\u017ei\u010dna kamera s solarnim panelom"},"content":{"rendered":"<ul>\n<li><strong>Izbolj\u0161ana jasnost dvojne kamere na 15 m<\/strong>: posnemite vsak dogodek, ki se zgodi v va\u0161em domu, v izjemno jasni lo\u010dljivosti 3K. Natan\u010dno si oglejte, kdo se pribli\u017euje va\u0161emu domu z 8\u00d7 pove\u010davo.<\/li>\n<li><strong>Napaja se s son\u010dno energijo, namestite jo enkrat za ve\u010dno delovanje*<\/strong>: izkusite stalno brezskrbnost s to varnostno kamero na son\u010dno energijo, ki jo je enostavno nastaviti in je vedno vklopljena zahvaljujo\u010d odstranljivi son\u010dni plo\u0161\u010di.<\/li>\n<li><strong>360\u00b0 stopinjski varuh, brez mrtvih kotov<\/strong>: poslovite se od mrtvih kotov s popolno pokritostjo doma. U\u017eivajte v 360\u00b0 nadzoru, preverite svojo verando, spremljajte svoje dvori\u0161\u010de in z lahkoto pazite na dovoz.<\/li>\n<li><strong>Do\u017eivite dvojni pogled za vrhunski nadzor<\/strong>: Oglejte si veliko sliko, medtem ko pove\u010date klju\u010dne podrobnosti, vse v enem kadru.<\/li>\n<li><strong>Lokalna shramba**, brez mese\u010dne naro\u010dnine<\/strong>: enkratni nakup. Brez mese\u010dne naro\u010dnine ali skritih stro\u0161kov.<\/li>\n<li><strong>Vsestranska namestitev, enostavna namestitev<\/strong>: izkusite udobje 5-minutne namestitve s svojo kompaktno velikostjo in zasnovo brez \u017eic.<\/li>\n<li><strong>Zdru\u017eljivo z HomeBase S380\/HomeBase 3 z razli\u010dico vdelane programske opreme V3.3.2.6 in novej\u0161o.<\/strong><\/li>\n<\/ul>\n<p><strong><img fetchpriority=\"high\" decoding=\"async\" height=\"600\" src=\"https:\/\/cdn.shopify.com\/s\/files\/1\/0555\/1167\/9128\/files\/2ec0cfa0-f626-4f11-922b-97904fb751d2.__CR0_0_1464_600_PT0_SX1464_V1_5653dab0-478f-404c-9ef7-8b95127bb0bd.jpg?v=1695769481\" width=\"1464\" title=\"\"><\/strong><\/p>\n<\/p>\n<p><img decoding=\"async\" height=\"600\" src=\"https:\/\/cdn.shopify.com\/s\/files\/1\/0555\/1167\/9128\/files\/91a22fc4-e7a1-4a01-83a2-208313509cef.__CR0_0_1464_600_PT0_SX1464_V1_5754fa15-3dd0-4245-bfe3-cd329c8e761f.jpg?v=1695769480\" style=\"margin-top: -12px\" width=\"1464\" title=\"\"><\/p>\n<hr \/>\n<p><strong>360\u00b0 pokritost va\u0161e posesti<\/strong><br \/>Doma\u010da varnostna kamera s premikom 360\u00b0 za zagotavljanje popolne varnosti va\u0161ega doma.<\/p>\n<p><strong>Glejte jasno sliko med pove\u010davo<\/strong><br \/>Oglejte si obraze in jasno preberite registrske tablice na tej doma\u010di varnostni kameri na 15 m. Preverite, kdo prihaja ali odhaja.<\/p>\n<table border=\"0\">\n<tbody>\n<tr>\n<td valign=\"top\"><img decoding=\"async\" height=\"280\" src=\"https:\/\/m.media-amazon.com\/images\/S\/aplus-media-library-service-media\/23e40780-0983-4fd6-89d6-7c74336cf415.__CR0,0,1464,600_PT0_SX1464_V1___.jpg\" width=\"683\" title=\"\"><\/td>\n<td valign=\"top\"><img loading=\"lazy\" decoding=\"async\" height=\"280\" src=\"https:\/\/cdn.shopify.com\/s\/files\/1\/0555\/1167\/9128\/files\/77d4864e-e992-4118-90fb-240bf79b2a31.__CR0_0_1464_600_PT0_SX1464_V1_9858494c-70e0-4f91-a128-bb2abbafaf20.jpg?v=1695769480\" style=\"margin-left: 10px\" width=\"683\" title=\"\"><\/td>\n<\/tr>\n<\/tbody>\n<\/table>\n<hr \/>\n<p><strong>Samodejno sledenje gibanju<\/strong><br \/>Sledi ciljem na obmo\u010dju. Pomika, nagiba in pove\u010da, da sledi dogajanju.<\/p>\n<p><strong>Dnevna in no\u010dna varnost<\/strong><br \/>Zaslonka f\/1,6 omogo\u010da 20 % ve\u010d svetlobe za podrobnosti po temi. Pono\u010di vidi do 8 m.<\/p>\n<table border=\"0\">\n<tbody>\n<tr>\n<td valign=\"top\"><img loading=\"lazy\" decoding=\"async\" height=\"280\" src=\"https:\/\/cdn.shopify.com\/s\/files\/1\/0555\/1167\/9128\/files\/b7e46e5d-c0b0-423e-ad15-38e3852a24b4.__CR0_0_1464_600_PT0_SX1464_V1_368537a1-dfd8-491a-843b-b16a940fe40f.jpg?v=1695769480\" width=\"683\" title=\"\"><\/td>\n<td valign=\"top\"><img loading=\"lazy\" decoding=\"async\" height=\"280\" src=\"https:\/\/cdn.shopify.com\/s\/files\/1\/0555\/1167\/9128\/files\/7cf225f0-79f2-4f09-8aec-4008e84942a7.__CR0_0_1464_600_PT0_SX1464_V1_b5af07a4-ad06-4433-8cbe-1b34333907bd.jpg?v=1695769480\" style=\"margin-left: 10px\" width=\"683\" title=\"\"><\/td>\n<\/tr>\n<\/tbody>\n<\/table>\n<hr \/>\n<p><strong>No\u010dna stra\u017ea z lu\u010djo in sireno<\/strong><br \/>Komunicirajte z gosti, tudi ko ste odsotni. Odvrnite vsiljivce s sporo\u010dilom &#8220;Stay Away&#8221; in si oglejte, kako se odzovejo v realnem \u010dasu.<\/p>\n<p><strong>Mo\u010d iz sonca<\/strong><br \/>Za delovanje zadostujeta 2 uri neposredne son\u010dne svetlobe.<\/p>\n<table border=\"0\">\n<tbody>\n<tr>\n<td valign=\"top\"><img loading=\"lazy\" decoding=\"async\" height=\"280\" src=\"https:\/\/cdn.shopify.com\/s\/files\/1\/0555\/1167\/9128\/files\/dc386a90-efa3-4374-8ea0-2065e65dbcfd.__CR0_0_1464_600_PT0_SX1464_V1_ee2148b9-5681-4e92-844f-b3ac5ae5170b.jpg?v=1695769480\" width=\"683\" title=\"\"><\/td>\n<td valign=\"top\"><img loading=\"lazy\" decoding=\"async\" height=\"280\" src=\"https:\/\/cdn.shopify.com\/s\/files\/1\/0555\/1167\/9128\/files\/e0c70f4f-dccb-4fea-a733-b95ece427ba0.__CR0_0_1464_600_PT0_SX1464_V1_3739bb0a-f8d4-4e59-a9a2-c171806a6ba9.jpg?v=1695769481\" style=\"margin-left: 10px\" width=\"683\" title=\"\"><\/td>\n<\/tr>\n<\/tbody>\n<\/table>\n<hr \/>\n<p><strong>Enostavna monta\u017ea<\/strong><br \/>Namestite jo kamor koli z mo\u017enostmi namestitve na solarno plo\u0161\u010do.<\/p>\n<p><strong>Zasnovana da traja<\/strong><br \/>Zdr\u017ei vrsto ekstremnih vremenskih pogojev.<\/p>\n<table border=\"0\">\n<tbody>\n<tr>\n<td valign=\"top\"><img loading=\"lazy\" decoding=\"async\" height=\"280\" src=\"https:\/\/cdn.shopify.com\/s\/files\/1\/0555\/1167\/9128\/files\/6a109bcb-ca64-4e94-a58f-27c603601fe3.__CR0_0_1464_600_PT0_SX1464_V1_4eba9846-d04e-4e89-9116-3cebdbf091fc.jpg?v=1695769481\" width=\"683\" title=\"\"><\/td>\n<td valign=\"top\"><img loading=\"lazy\" decoding=\"async\" height=\"280\" src=\"https:\/\/cdn.shopify.com\/s\/files\/1\/0555\/1167\/9128\/files\/cefa9e38-f4f0-4895-a0c1-697094b6078c.__CR0_0_1464_600_PT0_SX1464_V1_4c4e596f-cf3a-48d7-ba4d-a0086c1995d7.jpg?v=1695769480\" style=\"margin-left: 10px\" width=\"683\" title=\"\"><\/td>\n<\/tr>\n<\/tbody>\n<\/table>\n<hr \/>\n<p><strong>Dvosmerni zvok<\/strong><br \/>Komunicirajte z gosti, tudi ko ste odsotni. Odvrnite vsiljivce s sporo\u010dilom &#8220;Pojdite stran&#8221; in si oglejte, kako se odzovejo v realnem \u010dasu.<\/p>\n<p><strong>Zdru\u017eljiv z glasovnim pomo\u010dnikom<\/strong><br \/>Popolnoma se integrira z Google Voice Assistant in Alexa, da je uporaba \u0161e la\u017eja in dostopnej\u0161a.<\/p>\n<table border=\"0\">\n<tbody>\n<tr>\n<td valign=\"top\"><img loading=\"lazy\" decoding=\"async\" height=\"280\" src=\"https:\/\/cdn.shopify.com\/s\/files\/1\/0555\/1167\/9128\/files\/26c0a530-7dcf-4521-9cf7-99b57bcb9fe3.__CR0_0_1464_600_PT0_SX1464_V1_ab5cc288-4847-4a02-ac2a-6901eeb33643.jpg?v=1695769481\" width=\"683\" title=\"\"><\/td>\n<td valign=\"top\"><img loading=\"lazy\" decoding=\"async\" height=\"280\" src=\"https:\/\/cdn.shopify.com\/s\/files\/1\/0555\/1167\/9128\/files\/fb783f6c-5610-455c-ba1b-e3bb35fdce44.__CR0_0_1464_600_PT0_SX1464_V1_adb9c4d5-df23-4b24-b4ed-20bb84e6f99c.jpg?v=1695769481\" style=\"margin-left: 10px\" width=\"683\" title=\"\"><\/td>\n<\/tr>\n<\/tbody>\n<\/table>\n<hr \/>\n<p><strong>DRUGE LASTNOSTI:<br \/><\/strong><\/p>\n<ul>\n<li><strong>Zmogljiva sama po sebi, \u0161e bolj\u0161a z HomeBase S380\/ HomeBase 3<br \/><\/strong>Pove\u017eite se z Wi-Fi in za\u010dnite uporabljati SoloCam S340 ali se pove\u017eite z HomeBase S380 za izbolj\u0161ano izku\u0161njo.<\/li>\n<li><strong>SoloCam S340 deluje samostojno<\/strong><br \/>8 GB prostora za shranjevanje, brez teko\u010dih stro\u0161kov. Posnetki so shranjeni v va\u0161i napravi. Vgrajena umetna inteligenca zaznava gibanje.<\/li>\n<li><strong>\u0160e bolj\u0161a z HomeBase S380<\/strong><br \/>HomeBase S380 omogo\u010da raz\u0161irljivo shranjevanje in BionicMind s za analizo in prepoznavanje dogajanja doma.<\/li>\n<li><strong>Enostaven dostop<\/strong><br \/>Oglejte si, kaj se dogaja v realnem \u010dasu. Nikoli ne pozabite na varnost va\u0161ega doma.<\/li>\n<li><strong>Poglejte, kaj je pomembno<\/strong><br \/>Z enim dotikom usmerite kamero na katerega koli od do 4 prednastavljenih polo\u017eajev.<\/li>\n<li><strong>Ciljna za\u0161\u010dita<\/strong><br \/>Nastavite do 2 obmo\u010dji dejavnosti, da pokrijete najbolj vitalna podro\u010dja, in prezrite dejavnosti zunaj njih.<\/li>\n<\/ul>\n<table border=\"0\">\n<tbody>\n<tr>\n<td valign=\"top\"><img loading=\"lazy\" decoding=\"async\" height=\"280\" src=\"https:\/\/cdn.shopify.com\/s\/files\/1\/0555\/1167\/9128\/files\/c12b1ea2-048f-42e0-9ed6-1bb2e2c8014f.__CR0_0_1464_600_PT0_SX1464_V1_1d6c492f-2cee-4a22-ae86-1015684d9b0f.jpg?v=1695769481\" width=\"683\" title=\"\"><\/td>\n<td valign=\"top\"><img loading=\"lazy\" decoding=\"async\" height=\"300\" src=\"https:\/\/cdn.shopify.com\/s\/files\/1\/0555\/1167\/9128\/files\/669451e5-a6f9-4208-9a20-fc19a6dd67e0.__CR0_0_1464_600_PT0_SX1464_V1_6eced620-b65b-4a63-90dc-e3329e094d8d.jpg?v=1695769481\" style=\"margin-left: 10px\" width=\"732\" title=\"\"><\/td>\n<\/tr>\n<\/tbody>\n<\/table>\n<hr \/>\n<p><strong>Technical details:<\/strong><\/p>\n<ul>\n<li>Kamera: <strong>Dual-Cam<\/strong><\/li>\n<li>Lo\u010dljivost: <strong>\u0161irokokotni objektiv: 3K(2880*1620); Teleobjektiv: 2K (2304*1296)<\/strong><\/li>\n<li>Podrobnosti na razdalji: <strong>15m<\/strong><\/li>\n<li>Metoda pove\u010dave: <strong>hibridna 8\u00d7<\/strong><\/li>\n<li>No\u010dni vid: <strong>barvni no\u010dni vid<\/strong><\/li>\n<li>V sredi\u0161\u010du pozornosti: <strong>Da<\/strong><\/li>\n<li>Vidno polje: <strong>135\u00b0<\/strong><\/li>\n<li>Pan in Tilt: <strong>Horizont 360\u00b0, Vertical 70\u00b0<\/strong><\/li>\n<li>\u017divljenjska doba baterije: <strong>3 meseci samostojno, ve\u010dna \u017eivljenska doba s solarnim panelom<\/strong><\/li>\n<li>Son\u010dna energija: <strong>nastavljiva in odstranljiva 2,2 W solarna plo\u0161\u010da<\/strong><\/li>\n<li>Lokalni pomnilnik**: <strong>vgrajen 8 GB EMMC<\/strong><\/li>\n<li>AI v napravi**: <strong>zaznavanje gibanja, zaznavanje ljudi, zaznavanje vozil<\/strong><\/li>\n<li>Wi-Fi: <strong>samo 2,4 GHz<\/strong><\/li>\n<li>Pametne integracije: <strong>Alexa, Google Assistant<\/strong><\/li>\n<li>Zdru\u017eljivost HomeBase 3: <strong>Da<\/strong><\/li>\n<li>Za\u0161\u010dita pred vremenskimi vplivi: <strong>Da<\/strong><\/li>\n<li>Delovna temperatura: <strong>-20\u00b0C &#8211; 50\u00b0C<\/strong><\/li>\n<\/ul>\n<p><a href=\"https:\/\/eu.eufy.com\/products\/t81703w1\" target=\"_blank\" rel=\"noopener\">Spletna stran proizvajalca<\/a><\/p>","protected":false},"excerpt":{"rendered":"<p>Izbolj\u0161ana jasnost dvojne kamere na 15 m: posnemite vsak dogodek, ki se zgodi v va\u0161em domu, v izjemno jasni lo\u010dljivosti 3K. Natan\u010dno si oglejte, kdo se pribli\u017euje va\u0161emu domu z 8\u00d7 pove\u010davo. Napaja se s son\u010dno energijo, namestite jo enkrat za ve\u010dno delovanje*: izkusite stalno brezskrbnost s to varnostno kamero na son\u010dno energijo, ki jo [&hellip;]<\/p>\n","protected":false},"featured_media":29693,"template":"","meta":{"_monsterinsights_skip_tracking":false,"_monsterinsights_sitenote_active":false,"_monsterinsights_sitenote_note":"","_monsterinsights_sitenote_category":0},"product_brand":[],"product_cat":[121,56,255],"product_tag":[],"class_list":{"0":"post-26489","1":"product","2":"type-product","3":"status-publish","4":"has-post-thumbnail","6":"product_cat-eufy-nadzorne-kamere","7":"product_cat-nadzorne-kamere","8":"product_cat-vsi","10":"first","11":"instock","12":"sale","13":"taxable","14":"shipping-taxable","15":"purchasable","16":"product-type-simple"},"jetpack_sharing_enabled":true,"_links":{"self":[{"href":"https:\/\/kobra.si\/en\/wp-json\/wp\/v2\/product\/26489","targetHints":{"allow":["GET"]}}],"collection":[{"href":"https:\/\/kobra.si\/en\/wp-json\/wp\/v2\/product"}],"about":[{"href":"https:\/\/kobra.si\/en\/wp-json\/wp\/v2\/types\/product"}],"version-history":[{"count":1,"href":"https:\/\/kobra.si\/en\/wp-json\/wp\/v2\/product\/26489\/revisions"}],"predecessor-version":[{"id":27072,"href":"https:\/\/kobra.si\/en\/wp-json\/wp\/v2\/product\/26489\/revisions\/27072"}],"wp:featuredmedia":[{"embeddable":true,"href":"https:\/\/kobra.si\/en\/wp-json\/wp\/v2\/media\/29693"}],"wp:attachment":[{"href":"https:\/\/kobra.si\/en\/wp-json\/wp\/v2\/media?parent=26489"}],"wp:term":[{"taxonomy":"product_brand","embeddable":true,"href":"https:\/\/kobra.si\/en\/wp-json\/wp\/v2\/product_brand?post=26489"},{"taxonomy":"product_cat","embeddable":true,"href":"https:\/\/kobra.si\/en\/wp-json\/wp\/v2\/product_cat?post=26489"},{"taxonomy":"product_tag","embeddable":true,"href":"https:\/\/kobra.si\/en\/wp-json\/wp\/v2\/product_tag?post=26489"}],"curies":[{"name":"wp","href":"https:\/\/api.w.org\/{rel}","templated":true}]}}