{"id":26460,"date":"2025-03-28T20:29:48","date_gmt":"2025-03-28T19:29:48","guid":{"rendered":"https:\/\/kobra.si\/spletna-trgovina-kobra\/anker-eufy-security-s220-solocam-komplet-2-solarnih-kamer\/"},"modified":"2026-04-22T09:02:00","modified_gmt":"2026-04-22T07:02:00","slug":"anker-eufy-security-s220-solocam-komplet-2-solarnih-kamer","status":"publish","type":"product","link":"https:\/\/kobra.si\/en\/spletna-trgovina-kobra\/anker-eufy-security-s220-solocam-komplet-2-solarnih-kamer\/","title":{"rendered":"Anker Eufy Security S220 SoloCam komplet 2 solarnih kamer"},"content":{"rendered":"<ul>\n<li><strong>Solarno polnjenje<\/strong>: baterija vedno ostane polna. 3 ure son\u010dne svetlobe na dan, zagotavlja neskon\u010dno napajanje.<\/li>\n<li><strong>Jasnost podnevi in pono\u010d<\/strong>i: infrarde\u010de diode LED in zaslonka f\/1,6 omogo\u010dajo ve\u010djo vidljivost za odli\u010den no\u010dni vid.<\/li>\n<li><strong>Easy installation<\/strong>: postavite jo kamor koli zahvaljujo\u010d majhni velikosti in brez\u017ei\u010dnemu dizajnu. Izvrtajte eno luknjo, enkrat.<\/li>\n<li><strong>Zaznavanje ljudi<\/strong>: umetna inteligenca vas opozori na vsakogar na va\u0161em dvori\u0161\u010du, bodisi na dru\u017eino, kurirja ali tujca. Pove\u017eite se s sistemom HomeBase 3 za individualno prepoznavanje obraza.<\/li>\n<li><strong>Brez mese\u010dne naro\u010dnine<\/strong>: enkraten nakup. Brez mese\u010dnih stro\u0161kov ali skritih stro\u0161kov. Shramba v napravi in AI za popolno varnost in preglednost.<\/li>\n<li><strong>Odporna na vremenske razmere<\/strong>: pripravljena na vse vremenske razmere. Za\u0161\u010dita pred de\u017ejem, to\u010do ali soncem z oceno IP67.<\/li>\n<\/ul>\n<p><img fetchpriority=\"high\" decoding=\"async\" height=\"600\" src=\"https:\/\/cdn.shopify.com\/s\/files\/1\/0504\/7094\/4954\/files\/IP67-1200_900.jpg?v=1681463093&amp;width=1600\" width=\"800\" title=\"\"><\/p>\n<hr \/>\n<p><strong>Majhna, a mogo\u010dna z neprekinjeno mo\u010djo<\/strong><br \/>S svojo minimalno velikostjo se ta solarna kamera s \u0161tevilnimi funkcijami prilega skoraj povsod in je zasnovana tako, da je ne opazijo morebitni vsiljivci. Namestite jo kamor \u017eelite v samo nekaj trenutkih, nato pa integrirana solarna plo\u0161\u010da poskrbi za polnjenje za varnostno izku\u0161njo brez vzdr\u017eevanja.<\/p>\n<p><img decoding=\"async\" height=\"300\" src=\"https:\/\/cdn.shopify.com\/s\/files\/1\/0504\/7094\/4954\/files\/02aca2e6-795e-4f13-a2b1-f44accf027d2.__CR0_0_1464_600_PT0_SX1464_V1_a6673bfd-e6d0-4486-9de0-5e40c5ff7422.jpg?v=1681983011\" width=\"732\" title=\"\"><\/p>\n<hr \/>\n<p><strong>Ostre in jasne podrobnosti<\/strong><br \/>Zagotovite si celotno sliko v popolnih podrobnostih in veste, kaj se dogaja zunaj va\u0161ega doma.<\/p>\n<p><strong>Ko pade no\u010d<\/strong><br \/>Bodite pozorni z no\u010dnim vidom, da vidite obiskovalce in morebitne vsiljivce, tudi ko so lu\u010di ugasnjene.<\/p>\n<p><strong>AI zazna ljudi<\/strong><br \/>Razlikuje lahko med \u010dlovekom ali samo vejami, ki pihajo v vetru.<\/p>\n<table border=\"0\">\n<tbody>\n<tr>\n<td valign=\"top\"><img decoding=\"async\" height=\"190\" src=\"https:\/\/cdn.shopify.com\/s\/files\/1\/0504\/7094\/4954\/files\/d134a84f-5330-4109-8770-ca43a7e10f8d.__CR0_0_1464_600_PT0_SX1464_V1_c011cf90-1ac3-4a7b-a4b9-78613e84abc2.jpg?v=1681983011\" width=\"464\" title=\"\"><\/td>\n<td valign=\"top\"><img loading=\"lazy\" decoding=\"async\" height=\"190\" src=\"https:\/\/cdn.shopify.com\/s\/files\/1\/0504\/7094\/4954\/files\/65e2bc74-4ff6-4328-aa7e-8eb1537844ce.__CR0_0_1464_600_PT0_SX1464_V1_3e16d22a-49b0-42d7-a5fa-2677bb17ef8c.jpg?v=1681983011\" style=\"margin-left: 10px;margin-right: 10px\" width=\"464\" title=\"\"><\/td>\n<td valign=\"top\"><img loading=\"lazy\" decoding=\"async\" height=\"190\" src=\"https:\/\/cdn.shopify.com\/s\/files\/1\/0504\/7094\/4954\/files\/26db6f23-7706-4893-995a-e74b7e9fe297.__CR0_0_1464_600_PT0_SX1464_V1_9c2331fe-384d-4f49-a103-d37e27d4f846.jpg?v=1681983011\" width=\"464\" title=\"\"><\/td>\n<\/tr>\n<\/tbody>\n<\/table>\n<hr \/>\n<p><strong>Ena namestitev traja vse \u017eivljenje<\/strong><\/p>\n<p><strong>Preprosta namestitev:<br \/><\/strong>ki jo lahko uredite sami ter se izogite stro\u0161kom izvajalca. Namestitev traja le 5 minut. Zahvaljujo\u010d brez\u017ei\u010dni zasnovi nosilec pritrdite kamor koli, nato pritrdite kamero na svoje mesto.<\/p>\n<p><strong>Odporna na vse vremenske razmere:<\/strong><br \/>S svojo oceno IP67 ta kamera vzdr\u017ei de\u017e, to\u010do in sonce. Postavite jo zunaj in se ne obremenjujte zaradi vremena ali posnetkov, ki niso na voljo zaradi nevihte.<\/p>\n<table border=\"0\">\n<tbody>\n<tr>\n<td valign=\"top\"><img loading=\"lazy\" decoding=\"async\" height=\"300\" src=\"https:\/\/cdn.shopify.com\/s\/files\/1\/0504\/7094\/4954\/files\/726c4caf-e913-43e6-8864-b577b4ece6cf.__CR0_0_650_350_PT0_SX650_V1_e3baa0ab-924f-4b0d-9166-7f97df0f114d.jpg?v=1681983011\" width=\"557\" title=\"\"><\/td>\n<td valign=\"top\"><img loading=\"lazy\" decoding=\"async\" height=\"300\" src=\"https:\/\/cdn.shopify.com\/s\/files\/1\/0504\/7094\/4954\/files\/b00744b9-be49-417f-bb8e-b4c4c84d1b9a.__CR0_0_650_350_PT0_SX650_V1_1c080b11-7d90-41fd-a247-2f735f6acc27.jpg?v=1681983011\" style=\"margin-left: 10px\" width=\"557\" title=\"\"><\/td>\n<\/tr>\n<\/tbody>\n<\/table>\n<hr \/>\n<p><strong>Polna neverjetnih funkcij<\/strong><br \/><strong><\/strong><\/p>\n<table border=\"0\">\n<tbody>\n<tr>\n<td valign=\"top\">\n<p><img loading=\"lazy\" decoding=\"async\" height=\"225\" src=\"https:\/\/cdn.shopify.com\/s\/files\/1\/0504\/7094\/4954\/files\/336c62a3-6cd9-4dd1-8afb-c00a7171c866.__CR0_0_600_450_PT0_SX300_V1_8322a9af-9a04-4a48-9e88-d634eee6140a.jpg?v=1681983011\" width=\"300\" title=\"\"><\/p>\n<p><strong>2-smerni zvok<\/strong><\/p>\n<p>Jasno komunicirajte z gosti, tudi \u010de vas ni tam, <br \/>da bi jih pozdravili. Odvrnite vsiljivce s sporo\u010dilom <br \/>&#8220;dr\u017ei se stran&#8221; in si oglejte, kako se odzovejo v <br \/>realnem \u010dasu.<\/p>\n<\/td>\n<td valign=\"top\">\n<p><img loading=\"lazy\" decoding=\"async\" height=\"225\" src=\"https:\/\/cdn.shopify.com\/s\/files\/1\/0504\/7094\/4954\/files\/1cef4b76-7018-4d62-ab9a-e1f2b0f9c93b.__CR0_0_900_675_PT0_SX300_V1_81a4bcd9-7a5e-4668-9a6e-2118d11faa17.jpg?v=1681983011\" width=\"300\" title=\"\"><\/p>\n<p><strong>\u00a0Zdru\u017eljiv z glasovnim pomo\u010dnikom<\/strong><\/p>\n<p>Popolnoma se integrira z Google <br \/>Assistantom in Alexo, da je uporaba \u0161e <br \/>la\u017eja in dostopna na ve\u010d na\u010dinov.<\/p>\n<\/td>\n<td valign=\"top\">\n<p><img loading=\"lazy\" decoding=\"async\" height=\"225\" src=\"https:\/\/cdn.shopify.com\/s\/files\/1\/0504\/7094\/4954\/files\/25d1a138-2581-4c18-8d22-7e6580b59699.__CR0_0_900_675_PT0_SX300_V1_16eddfbf-b3d8-412d-97d9-d5fa6ae4a1a1.jpg?v=1681983011\" width=\"300\" title=\"\"><\/p>\n<p><strong>Nastavite varnostna obmo\u010dja<\/strong><\/p>\n<p>Ustvarite pametna obmo\u010dja zaznavanja in <br \/>bodite opozorjeni samo, ko je znotraj teh <br \/>obmo\u010dij zaznano gibanje. Nastavite do 2 <br \/>coni za udobje in brezskrbnost.<\/p>\n<\/td>\n<td valign=\"top\">\n<p><img decoding=\"async\" src=\"https:\/\/cdn.shopify.com\/s\/files\/1\/0504\/7094\/4954\/files\/084aac09-b70d-411f-927d-2be5d31c2907.__CR0_0_300_225_PT0_SX300_V1_05a0d0c7-7914-40ba-a40d-740cf452d389.jpg?v=1681983011\" title=\"\"><\/p>\n<p><strong>Glej \u0161ir\u0161e<\/strong><\/p>\n<p>Z impresivnim vidnim poljem 135\u00b0 lahko vidite <br \/>ve\u010d slike, kamor koli postavite kamero.<\/p>\n<\/td>\n<\/tr>\n<\/tbody>\n<\/table>\n<hr \/>\n<p><strong>Majhna, a mogo\u010dna<\/strong><br \/>V ta majhen paket smo zapakirali veliko funkcij. Naj vas velikost ne zavede, SoloCam S220 je tako polna, kot je na voljo, in ponuja varnostno izku\u0161njo brez te\u017eav.<\/p>\n<p><strong>Ni\u010d dodatnega potrebnega<\/strong><br \/>Z vgrajenim 8 GB hitrega pomnilnika ne potrebujete nobenih pomnilni\u0161kih kartic ali spremljevalnih naprav, da za\u010dnete varovati svoj dom.<\/p>\n<p><strong>Deluje z HomeBase 3<\/strong><br \/>Ko pove\u017eete SoloCam S220 z HomeBase, postane del ve\u010djega varnostnega omre\u017eja in lahko shranite ve\u010d varnostnih posnetkov.<\/p>\n<p><strong>Izbolj\u0161ano prepoznavanje obrazov z umetno inteligenco z HomeBase 3<\/strong><br \/>Pove\u017eite se z HomeBase in izbolj\u0161ajte svojo kamero. S katerega koli zornega kota bo vedela, kdo je tam, in se bo \u0161e naprej u\u010dila, tako da se ne bo zmedla, \u010de bo kdo ostri\u017een ali \u010de bo otrok odra\u0161\u010dal.<\/p>\n<table border=\"0\">\n<tbody>\n<tr>\n<td valign=\"top\"><img loading=\"lazy\" decoding=\"async\" height=\"190\" src=\"https:\/\/cdn.shopify.com\/s\/files\/1\/0504\/7094\/4954\/files\/3bca58ee-b514-4874-a14a-8eac56e523d6.__CR0_0_1464_600_PT0_SX1464_V1_679dbaf2-5be1-4194-b361-75665c14ac26.jpg?v=1681983011\" width=\"464\" title=\"\"><\/td>\n<td valign=\"top\"><img loading=\"lazy\" decoding=\"async\" height=\"190\" src=\"https:\/\/cdn.shopify.com\/s\/files\/1\/0504\/7094\/4954\/files\/0999787b-3804-4cad-96fc-6f8afabbd1fc.__CR0_0_1464_600_PT0_SX1464_V1_1b744c15-1fc0-4a48-ad2c-7e66e24a2ea3.jpg?v=1681983011\" style=\"margin-left: 10px;margin-right: 10px\" width=\"464\" title=\"\"><\/td>\n<td valign=\"top\"><img loading=\"lazy\" decoding=\"async\" height=\"190\" src=\"https:\/\/cdn.shopify.com\/s\/files\/1\/0504\/7094\/4954\/files\/b2d0867f-f83c-4795-838c-9aba56df50a6.__CR0_0_1464_600_PT0_SX1464_V1_b782e782-74e4-4d3a-9d7f-cafa1738151b.jpg?v=1681983011\" width=\"464\" title=\"\"><\/td>\n<\/tr>\n<\/tbody>\n<\/table>\n<p><strong><\/strong><\/p>\n<hr \/>\n<p><strong>Technical details:<\/strong><\/p>\n<ul>\n<li>Kamera: <strong>lo\u010dljivost 2K<\/strong><\/li>\n<li>Shramba: <strong>8 GB EMMC, NAS\/RTSP ni podprt<\/strong><\/li>\n<li>Pametna umetna inteligenca: <strong>zaznavanje \u010dloveka\/obraza<\/strong><\/li>\n<li>Glasovna zdru\u017eljivost: <strong>Google Assistant, Alexa<\/strong><\/li>\n<li>Avdio in sirena: <strong>75 dB<\/strong><\/li>\n<li>Obmo\u010dja dejavnosti: <strong>do 2<\/strong><\/li>\n<li>Vir napajanja: <strong>adapter 5V 2A in integrirana solarna plo\u0161\u010da 0,9W<\/strong><\/li>\n<li>Baterija: <strong>6.500 mAh<\/strong><\/li>\n<li>Wi-Fi povezljivost: <strong>2,4 GHz<\/strong><\/li>\n<li>Delovno okolje: <strong>-20\u00b0C do 50\u00b0C<\/strong><\/li>\n<li>Priporo\u010dena vi\u0161ina postavitve: <strong>2 &#8211; 3 m<\/strong><\/li>\n<li>Odporen na vremenske vplive: <strong>IP67<\/strong><\/li>\n<li>Dimenzije izdelka: <strong>96,5 \u00d7 81 \u00d7 57,5 mm (D \u00d7 \u0160 \u00d7 V)<\/strong><\/li>\n<li>Neto te\u017ea: <strong>320 g<\/strong><\/li>\n<\/ul>\n<p><a href=\"https:\/\/eu.eufy.com\/products\/e8134321\" target=\"_blank\" rel=\"noopener\">Spletna stran proizvajalca<\/a><\/p>","protected":false},"excerpt":{"rendered":"<p>Solarno polnjenje: baterija vedno ostane polna. 3 ure son\u010dne svetlobe na dan, zagotavlja neskon\u010dno napajanje. Jasnost podnevi in pono\u010di: infrarde\u010de diode LED in zaslonka f\/1,6 omogo\u010dajo ve\u010djo vidljivost za odli\u010den no\u010dni vid. Enostavna namestitev: postavite jo kamor koli zahvaljujo\u010d majhni velikosti in brez\u017ei\u010dnemu dizajnu. Izvrtajte eno luknjo, enkrat. Zaznavanje ljudi: umetna inteligenca vas opozori na [&hellip;]<\/p>\n","protected":false},"featured_media":29696,"template":"","meta":{"_monsterinsights_skip_tracking":false,"_monsterinsights_sitenote_active":false,"_monsterinsights_sitenote_note":"","_monsterinsights_sitenote_category":0},"product_brand":[],"product_cat":[121,56,255],"product_tag":[],"class_list":{"0":"post-26460","1":"product","2":"type-product","3":"status-publish","4":"has-post-thumbnail","6":"product_cat-eufy-nadzorne-kamere","7":"product_cat-nadzorne-kamere","8":"product_cat-vsi","10":"first","11":"instock","12":"taxable","13":"shipping-taxable","14":"purchasable","15":"product-type-simple"},"jetpack_sharing_enabled":true,"_links":{"self":[{"href":"https:\/\/kobra.si\/en\/wp-json\/wp\/v2\/product\/26460","targetHints":{"allow":["GET"]}}],"collection":[{"href":"https:\/\/kobra.si\/en\/wp-json\/wp\/v2\/product"}],"about":[{"href":"https:\/\/kobra.si\/en\/wp-json\/wp\/v2\/types\/product"}],"version-history":[{"count":1,"href":"https:\/\/kobra.si\/en\/wp-json\/wp\/v2\/product\/26460\/revisions"}],"predecessor-version":[{"id":27075,"href":"https:\/\/kobra.si\/en\/wp-json\/wp\/v2\/product\/26460\/revisions\/27075"}],"wp:featuredmedia":[{"embeddable":true,"href":"https:\/\/kobra.si\/en\/wp-json\/wp\/v2\/media\/29696"}],"wp:attachment":[{"href":"https:\/\/kobra.si\/en\/wp-json\/wp\/v2\/media?parent=26460"}],"wp:term":[{"taxonomy":"product_brand","embeddable":true,"href":"https:\/\/kobra.si\/en\/wp-json\/wp\/v2\/product_brand?post=26460"},{"taxonomy":"product_cat","embeddable":true,"href":"https:\/\/kobra.si\/en\/wp-json\/wp\/v2\/product_cat?post=26460"},{"taxonomy":"product_tag","embeddable":true,"href":"https:\/\/kobra.si\/en\/wp-json\/wp\/v2\/product_tag?post=26460"}],"curies":[{"name":"wp","href":"https:\/\/api.w.org\/{rel}","templated":true}]}}