{"id":26456,"date":"2025-03-28T20:24:08","date_gmt":"2025-03-28T19:24:08","guid":{"rendered":"https:\/\/kobra.si\/spletna-trgovina-kobra\/anker-eufy-security-e340-2k-video-zvonec-z-notranjo-enoto\/"},"modified":"2026-04-22T09:02:00","modified_gmt":"2026-04-22T07:02:00","slug":"anker-eufy-security-e340-2k-video-zvonec-z-notranjo-enoto","status":"publish","type":"product","link":"https:\/\/kobra.si\/en\/spletna-trgovina-kobra\/anker-eufy-security-e340-2k-video-zvonec-z-notranjo-enoto\/","title":{"rendered":"Anker Eufy security E340 2K video zvonec z notranjo enoto"},"content":{"rendered":"<ul>\n<li>Dvojni kameri<\/li>\n<li>Barvni no\u010dni vid<\/li>\n<li>2K FHD<\/li>\n<li>Baterijska ali o\u017ei\u010dena vezava<\/li>\n<li>Baterija za hitro sprostitev<\/li>\n<li>Prepoznavanje obraza<\/li>\n<li>Zaznavanje paketa<\/li>\n<\/ul>\n<p><img fetchpriority=\"high\" decoding=\"async\" height=\"600\" src=\"https:\/\/cdn.shopify.com\/s\/files\/1\/0555\/1167\/9128\/files\/82474e40-2c57-40f9-a00a-82699ab445d3.__CR0_0_1464_600_PT0_SX1464_V1_eeb793a8-44cf-4c88-aa4b-6714ba9ff887.jpg?v=1695769883\" width=\"1464\" title=\"\"><\/p>\n<p><img decoding=\"async\" height=\"600\" src=\"https:\/\/cdn.shopify.com\/s\/files\/1\/0555\/1167\/9128\/files\/d8e21bfe-ff1f-4e45-8446-c7ddeafb1395.__CR0_0_1464_600_PT0_SX1464_V1_37ff5d9a-0db8-4bb7-84a9-386787982c8d.jpg?v=1695769883\" style=\"margin-top: -12px;margin-bottom: -12px\" width=\"1464\" title=\"\"><\/p>\n<p><strong><\/strong><\/p>\n<hr \/>\n<p><strong><\/strong><\/p>\n<p><strong>Dvojni kameri na sprednjih vratih izbolj\u0161ata pokritost<\/strong><\/p>\n<p>Sprednja kamera se osredoto\u010da na ljudi, navzdol obrnjena kamera pa zapolni vrzeli s pogledom na tla pred va\u0161imi vrati.<\/p>\n<p><strong>Za\u0161\u010ditite dostave s pametnim AI<\/strong><br \/>Takoj izvedite, ko paket prispe, in prejmite opozorila*, \u010de se kdo pribli\u017ea va\u0161emu paketu, preden ga prevzamete.<\/p>\n<ul>\n<li>Prepoznavanje obraza<\/li>\n<li>Zaznavanje paketa<\/li>\n<\/ul>\n<table border=\"0\">\n<tbody>\n<tr>\n<td><img decoding=\"async\" height=\"280\" src=\"https:\/\/cdn.shopify.com\/s\/files\/1\/0555\/1167\/9128\/files\/a606fab5-4b3b-468f-addc-70a159454b0b.__CR0_0_1464_600_PT0_SX1464_V1_5006d75c-a8d0-471f-8ede-ffc9c5afb4af.jpg?v=1695769883\" width=\"683\" title=\"\"><\/td>\n<td><img loading=\"lazy\" decoding=\"async\" height=\"280\" src=\"https:\/\/cdn.shopify.com\/s\/files\/1\/0555\/1167\/9128\/files\/Delivery_Guard.png?v=1698671518\" style=\"margin-left: 10px\" width=\"683\" title=\"\"><\/td>\n<\/tr>\n<\/tbody>\n<\/table>\n<hr \/>\n<p><strong>Jasna slika z 2K FHD<\/strong><br \/>Jasnost 2K razkriva ve\u010d podrobnosti. Zagotovite si jasne in podrobne slike svojega praga in vsakogar, ki pride mimo.<\/p>\n<ul>\n<li>Glavna kamera: <strong>2048 x 1536\u00a0<\/strong><\/li>\n<li>Kamera na dnu: <strong>1600 x 1200\n<p><\/strong><\/li>\n<\/ul>\n<p><strong>Barvni no\u010dni na\u010din<\/strong><br \/>Barvni no\u010dni vid jasneje vidi obraze in pove\u010da vidno razdaljo pono\u010di.<\/p>\n<ul>\n<li>Razdalja gledanja 5m<\/li>\n<li>Jasno glej obraze<\/li>\n<\/ul>\n<table border=\"0\">\n<tbody>\n<tr>\n<td><img loading=\"lazy\" decoding=\"async\" height=\"280\" src=\"https:\/\/cdn.shopify.com\/s\/files\/1\/0555\/1167\/9128\/files\/33825fa7-f3e1-4ddb-985d-a0b85da2966e.__CR0_0_1464_600_PT0_SX1464_V1_b2f49444-b0a3-4648-a7ff-3d9d48fee217.jpg?v=1695769883\" width=\"683\" title=\"\"><\/td>\n<td><img loading=\"lazy\" decoding=\"async\" height=\"280\" src=\"https:\/\/cdn.shopify.com\/s\/files\/1\/0555\/1167\/9128\/files\/b5fa3202-fcf0-443b-9bc2-c6f1ed229f67.__CR0_0_1464_600_PT0_SX1464_V1_eb49400a-be32-4929-b138-0b3b3649f24e.jpg?v=1695769883\" style=\"margin-left: 10px\" width=\"683\" title=\"\"><\/td>\n<\/tr>\n<\/tbody>\n<\/table>\n<hr \/>\n<p><strong>Dvojne lu\u010di ob zaznavi gibanja<\/strong><br \/>Dvojni lu\u010di na vrhu in na dnu sta ob\u010dutljivi na gibanje in osvetljujeta pot, ko se ji pribli\u017eate pono\u010di. Zagotovite dodatno varnost in bolj\u0161i vid pono\u010di.<\/p>\n<p><strong>Za\u0161\u010ditite zasebnost z lokalno shrambo<\/strong><br \/>Lokalni pomnilniki z 8 GB vgrajene zmogljivosti shranijo do 60 dni posnetkov na podlagi dogodkov. Vsi va\u0161i podatki so varni v va\u0161ih napravah in so za\u0161\u010diteni z 128-bitnim \u0161ifriranjem AES, kar pomeni, da ostanejo va\u0161i podatki zasebni in samo za va\u0161e o\u010di.<\/p>\n<table border=\"0\">\n<tbody>\n<tr>\n<td><img loading=\"lazy\" decoding=\"async\" height=\"280\" src=\"https:\/\/cdn.shopify.com\/s\/files\/1\/0555\/1167\/9128\/files\/4d235662-873c-47ee-8ac5-36b833cf115e.__CR0_0_1464_600_PT0_SX1464_V1_6e84173c-e480-4741-9c4f-4eab1e957bc7.jpg?v=1695769883\" width=\"683\" title=\"\"><\/td>\n<td><img loading=\"lazy\" decoding=\"async\" height=\"280\" src=\"https:\/\/cdn.shopify.com\/s\/files\/1\/0555\/1167\/9128\/files\/1ea31287-f825-4aa4-803e-c522b4574c75.__CR0_0_1464_600_PT0_SX1464_V1_4d3741a7-9cea-4de6-a3d1-40f1a6162a20.jpg?v=1695769883\" style=\"margin-left: 10px\" width=\"683\" title=\"\"><\/td>\n<\/tr>\n<\/tbody>\n<\/table>\n<hr \/>\n<ul>\n<li><strong>Takoj\u0161nja obvestila**<\/strong><br \/>Vedite v realnem \u010dasu, ko je nekdo pred va\u0161imi vrati.<\/li>\n<\/ul>\n<ul>\n<li><strong>Komunicirajte od koder koli<\/strong><br \/>Za\u010dnite dvosmerni pogovor s komerkoli pred va\u0161imi vrati.<\/li>\n<\/ul>\n<ul>\n<li><strong>6 hitrih odgovorov<\/strong><br \/>Prihranite \u010das in uporabite hitre odgovore, da odgovorite, ko vas ni.<\/li>\n<\/ul>\n<ul>\n<li><strong>Deluje z glasovnimi pomo\u010dniki<\/strong><br \/>Podpira Alexa in Google Voice Assistant, da imate proste roke.<\/li>\n<\/ul>\n<table border=\"0\">\n<tbody>\n<tr>\n<td><img loading=\"lazy\" decoding=\"async\" height=\"225\" src=\"https:\/\/cdn.shopify.com\/s\/files\/1\/0555\/1167\/9128\/files\/9cdb9661-b942-424b-a1ec-bfb13aae7d44.__CR0_0_300_225_PT0_SX300_V1_13b58d83-177d-4295-b406-5fef6a4cfa16.jpg?v=1695769883\" style=\"margin-right: 10px\" width=\"300\" title=\"\"><\/td>\n<td><img loading=\"lazy\" decoding=\"async\" height=\"225\" src=\"https:\/\/cdn.shopify.com\/s\/files\/1\/0555\/1167\/9128\/files\/64482eda-4ec6-4c8c-9da2-7ca30de486a2.__CR0_0_300_225_PT0_SX300_V1_df6eeed6-da54-41d9-aa39-f477679df7e2.jpg?v=1695769883\" width=\"300\" title=\"\"><\/td>\n<td><img loading=\"lazy\" decoding=\"async\" height=\"225\" src=\"https:\/\/cdn.shopify.com\/s\/files\/1\/0555\/1167\/9128\/files\/09d9679f-2518-42e9-befe-d535d31f854e.__CR0_0_300_225_PT0_SX300_V1_3f2d0e59-5fb5-4e48-adb9-6b3a5750b197.jpg?v=1695769883\" style=\"margin-left: 10px;margin-right: 10px\" width=\"300\" title=\"\"><\/td>\n<td><img loading=\"lazy\" decoding=\"async\" height=\"225\" src=\"https:\/\/cdn.shopify.com\/s\/files\/1\/0555\/1167\/9128\/files\/e2aa008f-a17a-4c35-9d61-93b9fe21340f.__CR0_0_300_225_PT0_SX300_V1_7e0071cc-e9c8-4c06-9875-6c5f685299a7.jpg?v=1695769883\" width=\"300\" title=\"\"><\/td>\n<\/tr>\n<\/tbody>\n<\/table>\n<hr \/>\n<p><strong>Technical details:<\/strong><\/p>\n<ul>\n<li>Lo\u010dljivost: <strong>2K<\/strong><\/li>\n<li>No\u010dni vid: <strong>barvni<\/strong><\/li>\n<li>Lu\u010di: <strong>da, dvojni sistem lu\u010di<\/strong><\/li>\n<li>Spodnja slepa cona: <strong>ne<\/strong><\/li>\n<li>24\/7 nadzor: <strong>da, ko je o\u017ei\u010den in povezan Homebase3 ali MiniBase Chime<\/strong><\/li>\n<li>Shranjevanje v oblaku: <strong>ne<\/strong><\/li>\n<li>Lokalni pomnilnik:<strong> 8 GB<\/strong><\/li>\n<li>Funkcije AI: <strong>zaznavanje ljudi, prepoznavanje obrazov, zaznavanje paketov<\/strong><\/li>\n<\/ul>\n<p><a href=\"https:\/\/eu.eufy.com\/products\/t8214311\" target=\"_blank\" rel=\"noopener\">Spletna stran proizvajalca<\/a><\/p>","protected":false},"excerpt":{"rendered":"<p>Dvojni kameri Barvni no\u010dni vid 2K FHD Baterijska ali o\u017ei\u010dena vezava Baterija za hitro sprostitev Prepoznavanje obraza Zaznavanje paketa Dvojni kameri na sprednjih vratih izbolj\u0161ata pokritost Sprednja kamera se osredoto\u010da na ljudi, navzdol obrnjena kamera pa zapolni vrzeli s pogledom na tla pred va\u0161imi vrati. Za\u0161\u010ditite dostave s pametnim AITakoj izvedite, ko paket prispe, in [&hellip;]<\/p>\n","protected":false},"featured_media":27116,"template":"","meta":{"_monsterinsights_skip_tracking":false,"_monsterinsights_sitenote_active":false,"_monsterinsights_sitenote_note":"","_monsterinsights_sitenote_category":0},"product_brand":[],"product_cat":[121,56,255],"product_tag":[],"class_list":{"0":"post-26456","1":"product","2":"type-product","3":"status-publish","4":"has-post-thumbnail","6":"product_cat-eufy-nadzorne-kamere","7":"product_cat-nadzorne-kamere","8":"product_cat-vsi","10":"first","11":"instock","12":"taxable","13":"shipping-taxable","14":"purchasable","15":"product-type-simple"},"jetpack_sharing_enabled":true,"_links":{"self":[{"href":"https:\/\/kobra.si\/en\/wp-json\/wp\/v2\/product\/26456","targetHints":{"allow":["GET"]}}],"collection":[{"href":"https:\/\/kobra.si\/en\/wp-json\/wp\/v2\/product"}],"about":[{"href":"https:\/\/kobra.si\/en\/wp-json\/wp\/v2\/types\/product"}],"version-history":[{"count":1,"href":"https:\/\/kobra.si\/en\/wp-json\/wp\/v2\/product\/26456\/revisions"}],"predecessor-version":[{"id":27077,"href":"https:\/\/kobra.si\/en\/wp-json\/wp\/v2\/product\/26456\/revisions\/27077"}],"wp:featuredmedia":[{"embeddable":true,"href":"https:\/\/kobra.si\/en\/wp-json\/wp\/v2\/media\/27116"}],"wp:attachment":[{"href":"https:\/\/kobra.si\/en\/wp-json\/wp\/v2\/media?parent=26456"}],"wp:term":[{"taxonomy":"product_brand","embeddable":true,"href":"https:\/\/kobra.si\/en\/wp-json\/wp\/v2\/product_brand?post=26456"},{"taxonomy":"product_cat","embeddable":true,"href":"https:\/\/kobra.si\/en\/wp-json\/wp\/v2\/product_cat?post=26456"},{"taxonomy":"product_tag","embeddable":true,"href":"https:\/\/kobra.si\/en\/wp-json\/wp\/v2\/product_tag?post=26456"}],"curies":[{"name":"wp","href":"https:\/\/api.w.org\/{rel}","templated":true}]}}