{"id":26448,"date":"2025-03-28T20:03:53","date_gmt":"2025-03-28T19:03:53","guid":{"rendered":"https:\/\/kobra.si\/spletna-trgovina-kobra\/anker-eufy-security-eufycam-s3-pro-komplet-3-kamere-baza\/"},"modified":"2026-04-22T09:02:00","modified_gmt":"2026-04-22T07:02:00","slug":"anker-eufy-security-eufycam-s3-pro-komplet-3-kamere-baza","status":"publish","type":"product","link":"https:\/\/kobra.si\/en\/spletna-trgovina-kobra\/anker-eufy-security-eufycam-s3-pro-komplet-3-kamere-baza\/","title":{"rendered":"Anker Eufy Security eufyCam S3 Pro komplet 3 kamere + baza"},"content":{"rendered":"<ul>\n<li><strong>No\u010dno snemanje svetlo kot podnevi:<\/strong> Z mo\u010djo 4K kamere in tehnologijo MaxColor Vision\u2122 eufyCam S3 Pro zajame izjemno podrobne posnetke v vseh okvirjih, z jasnostjo, ki je primerljiva z dnevno svetlobo tudi v zelo nizkih svetlobnih pogojih in brez uporabe reflektorja.<\/li>\n<\/ul>\n<ul>\n<li><strong>Zanesljiv solarni napajalni sistem:<\/strong> U\u017eivajte v miru skozi vse leto z neprekinjeno, zanesljivo varnostjo, ki jo poganja tehnologija SolarPlus\u2122 2.0. Izberite vgrajeno plo\u0161\u010do za enostavno u\u010dinkovitost ali dodajte zunanjo plo\u0161\u010do za ve\u010djo pokritost energije. Sistem ponuja prilagodljive mo\u017enosti monta\u017ee in zanesljivo rezervno napajanje za neprekinjeno varovanje.<\/li>\n<\/ul>\n<ul>\n<li><strong>Detekcija z radarjem, opozori le na pomembne dogodke:<\/strong> Dvojni sistem zaznavanja gibanja, ki zdru\u017euje radar in pasivno infrarde\u010do tehnologijo (PIR), natan\u010dno prepoznava \u010dlove\u0161ko gibanje in zmanj\u0161a la\u017ene alarme za 99%, s \u010dimer zagotavlja opozarjanje le ob ve\u010djih varnostnih dogodkih na dolo\u010denih obmo\u010djih.<\/li>\n<\/ul>\n<ul>\n<li><strong>Lokalna varnost brez mese\u010dne naro\u010dnine:<\/strong> 16 GB shranjevanja na napravi in mo\u017enost raz\u0161iritve na do 16 TB brez mese\u010dnih stro\u0161kov. HomeBase S380 omogo\u010da napravam uporabo samou\u010de\u010de umetne inteligence za pametno upravljanje, enostavno skupinsko upravljanje in varno shranjevanje osebnih podatkov.<\/li>\n<\/ul>\n<ul>\n<li><strong>Zdru\u017eljivost z Apple Home, Alexa in Google Assistant.<\/strong> (Posnetki bodo imeli lo\u010dljivost 1080P pri uporabi z Apple Home.)<\/li>\n<\/ul>\n<p><img fetchpriority=\"high\" decoding=\"async\" height=\"400\" src=\"https:\/\/m.media-amazon.com\/images\/S\/aplus-media\/sc\/aa39d287-7332-4019-8a0d-7b568e640d26.__CR0,0,1464,600_PT0_SX1464_V1___.png\" width=\"976\" title=\"\"><\/p>\n<hr \/>\n<p><strong>Svetla slika podnevi in pono\u010di z MaxColor Vision\u2122<br \/><\/strong>S pomo\u010djo 4K kamere in tehnologije MaxColor Vision\u2122 eufyCam S3 Pro zagotavlja izjemno jasne varnostne posnetke v vsakem trenutku. Omogo\u010da dnevno jasnost slike tudi v zelo nizkih svetlobnih pogojih brez potrebe po reflektorju.<\/p>\n<p><strong>Key features:<\/strong><\/p>\n<ul>\n<li><strong>4K UHD<\/strong> za osupljivo jasnost<\/li>\n<li><strong>1\/1,8&#8221; senzor<\/strong> za pove\u010dano ob\u010dutljivost na svetlobo<\/li>\n<li><strong>F1.0 le\u010da<\/strong> za bolj\u0161i vnos svetlobe<\/li>\n<li><strong>AI-poganjani ISP<\/strong> za izbolj\u0161ano kakovost slike\n<\/li>\n<\/ul>\n<p><strong>No\u010dni na\u010din s podporo umetne inteligence: prilagojen vsem va\u0161im potrebam<br \/><\/strong>AI-podprt ISP omogo\u010da \u017eivahne barve, visok dinami\u010dni razpon in ostre podrobnosti, kar omogo\u010da jasen prepoznavanje obrazov in registrskih tablic do razdalje 9 metrov, tudi ob minimalni ambientalni svetlobi. Izbirate lahko med ve\u010d na\u010dini no\u010dnega vida glede na pogoje osvetlitve.<\/p>\n<p><strong>Na\u010dini no\u010dnega vida:<\/strong><\/p>\n<ul>\n<li><strong>MaxColor Vision\u2122 na\u010din:<\/strong> Prikaz v polnih barvah v izjemno nizki svetlobi.<\/li>\n<li><strong>Prilagodljiv na\u010din reflektorja:<\/strong> Omogo\u010da jasnej\u0161e in bolj barvno natan\u010dne slike pono\u010di.<\/li>\n<li><strong>Na\u010din infrarde\u010dega no\u010dnega vida:<\/strong> Prikazuje jasne \u010drno-bele slike.<\/li>\n<\/ul>\n<table border=\"0\">\n<tbody>\n<tr>\n<td><img decoding=\"async\" height=\"280\" src=\"https:\/\/m.media-amazon.com\/images\/S\/aplus-media-library-service-media\/e1710e0b-914a-4b5e-bf07-f29911f0b462.__CR0,0,1464,600_PT0_SX1464_V1___.png\" width=\"683\" title=\"\"><\/td>\n<td><img decoding=\"async\" height=\"280\" src=\"https:\/\/m.media-amazon.com\/images\/S\/aplus-media-library-service-media\/935be0dd-7cd2-4d9b-8ea7-0565a1278930.__CR0,0,1464,600_PT0_SX1464_V1___.png\" style=\"margin-left: 10px\" width=\"683\" title=\"\"><\/td>\n<\/tr>\n<\/tbody>\n<\/table>\n<hr \/>\n<p><strong>Prilagodljiva reflektorska lu\u010d za natan\u010dno ostrenje<\/strong><\/p>\n<ul>\n<li><strong>Gibanje spro\u017ei prilagodljivo reflektorsko lu\u010d<\/strong>: Ta reflektor samodejno prilagodi osvetlitev za izbolj\u0161ano no\u010dno vizijo in energetsko u\u010dinkovitost.<\/li>\n<li><strong>Izbolj\u0161ano ostrenje in zmanj\u0161ana preosvetlitev<\/strong>: Uporabnik lahko izbere specifi\u010dno obmo\u010dje za ostrenje, s \u010dimer ohrani jasnost podrobnosti brez preosvetlitve slike.<\/li>\n<\/ul>\n<p>Primerjava prikazuje slike z in brez prilagodljive reflektorske lu\u010di, kar poudarja njeno u\u010dinkovitost pri optimizaciji osvetlitve za bolj\u0161o jasnost v no\u010dnih pogojih.<\/p>\n<p><strong>Zanesljiv sistem son\u010dne energije<br \/><\/strong>U\u017eivajte v brezskrbnem ob\u010dutku varnosti skozi vse leto z neprekinjenim in zanesljivim varnostnim sistemom, ki ga poganja tehnologija SolarPlus\u2122 2.0. Izberite vgrajeni panel za pove\u010dano u\u010dinkovitost ali dodajte zunanji panel za raz\u0161iritev energetske pokritosti. Ta sistem omogo\u010da vsestranske mo\u017enosti monta\u017ee in zanesljivo rezervno napajanje za stalno varnost.<\/p>\n<ul>\n<li><strong>Do 365 dni<\/strong> delovanja baterije<\/li>\n<li><strong>1 ura<\/strong> son\u010dne svetlobe na dan zado\u0161\u010da za popolno napolnjenost<\/li>\n<\/ul>\n<table border=\"0\">\n<tbody>\n<tr>\n<td><img loading=\"lazy\" decoding=\"async\" height=\"280\" src=\"https:\/\/m.media-amazon.com\/images\/S\/aplus-media-library-service-media\/f6cc1472-4509-48df-ae74-36b9e0af8522.__CR0,0,1464,600_PT0_SX1464_V1___.png\" width=\"683\" title=\"\"><\/td>\n<td><img loading=\"lazy\" decoding=\"async\" height=\"280\" src=\"https:\/\/m.media-amazon.com\/images\/S\/aplus-media-library-service-media\/96e6757d-8258-4895-8c7f-df800460648e.__CR0,0,1464,600_PT0_SX1464_V1___.png\" style=\"margin-left: 10px\" width=\"683\" title=\"\"><\/td>\n<\/tr>\n<\/tbody>\n<\/table>\n<hr \/>\n<p><strong>Vedno napolnjen, kjerkoli<\/strong><\/p>\n<ul>\n<li>\n<p><strong>U\u010dinkovito pri \u0161ibki svetlobi<\/strong><br \/>Ne glede na to, ali gre za zgodnje jutro ali obla\u010dno popoldne, na\u0161i son\u010dni paneli za\u010dnejo s polnjenjem \u017ee pri samo 2.500 lx svetlobe.<\/p>\n<\/li>\n<li>\n<p><strong>Zanesljivo pod senco<\/strong><br \/>Zahvaljujo\u010d napredni zasnovi vezja delna senca ne ovira sposobnosti kamere za polnjenje.<\/p>\n<\/li>\n<li>\n<p><strong>Odporno na ekstremne vremenske razmere<\/strong><br \/>Zasnovano za delovanje na son\u010dno energijo tudi v ekstremnih pogojih, v temperaturnem razponu od -10\u00b0C do 45\u00b0C.<\/p>\n<\/li>\n<\/ul>\n<p><strong><br \/>Detekcija z radarjem \u2013 opozorila le na pomembne dogodke<br \/><\/strong>Dvojni sistem zaznavanja gibanja, ki zdru\u017euje radar in pasivni infrarde\u010di senzor (PIR), natan\u010dno zazna premike ljudi in vozil. Ta sistem zmanj\u0161uje la\u017ene alarme in zagotavlja, da so pomembni dogodki zabele\u017eeni in prijavljeni, kar vam omogo\u010da, da ne zamudite ni\u010desar pomembnega.<\/p>\n<ul>\n<li>Zmanj\u0161a la\u017ene alarme za 99 %<\/li>\n<li>Doseg do 12 metrov<\/li>\n<\/ul>\n<table border=\"0\">\n<tbody>\n<tr>\n<td><img loading=\"lazy\" decoding=\"async\" height=\"280\" src=\"https:\/\/m.media-amazon.com\/images\/S\/aplus-media-library-service-media\/237d9e9b-a8cf-4bdd-9e23-7cade98f9476.__CR0,0,1464,600_PT0_SX1464_V1___.png\" width=\"683\" title=\"\"><\/td>\n<td><img loading=\"lazy\" decoding=\"async\" height=\"280\" src=\"https:\/\/m.media-amazon.com\/images\/S\/aplus-media-library-service-media\/cc1d9801-635f-4246-ad89-a8ab5bc4d77d.__CR0,0,1464,600_PT0_SX1464_V1___.png\" style=\"margin-left: 10px\" width=\"683\" title=\"\"><\/td>\n<\/tr>\n<\/tbody>\n<\/table>\n<hr \/>\n<p><strong>Prilagodljive varnostne cone<br \/><\/strong>Prilagodite svojo varnost z natan\u010dnim zaznavanjem do 12 m in 120\u00b0 vidnim poljem. Nastavite obsege zaznavanja in obmo\u010dja aktivnosti, da boste prejeli opozorila samo za aktivnosti na dolo\u010denih obmo\u010djih.<\/p>\n<p><strong>24\/7 pametni posnetek<br \/><\/strong>Prilagodite nastavitve za u\u010dinkovito spremljanje dnevnih aktivnosti s periodi\u010dnimi posnetki, posnetimi skozi dan. To vam omogo\u010da hitro pregledovanje dnevnih dogodkov brez znatne porabe baterije, kar omogo\u010da u\u010dinkovito 24\/7 nadzorovanje.<\/p>\n<table border=\"0\">\n<tbody>\n<tr>\n<td><img loading=\"lazy\" decoding=\"async\" height=\"280\" src=\"https:\/\/m.media-amazon.com\/images\/S\/aplus-media-library-service-media\/4c3eb35b-82f3-4ffc-b7ae-c03242f51b0f.__CR0,0,1464,600_PT0_SX1464_V1___.png\" width=\"683\" title=\"\"><\/td>\n<td><img loading=\"lazy\" decoding=\"async\" height=\"280\" src=\"https:\/\/m.media-amazon.com\/images\/S\/aplus-media-library-service-media\/ee2b7a59-d708-4496-8429-9138b9eed0ef.__CR0,0,1464,600_PT0_SX1464_V1___.png\" style=\"margin-left: 10px\" width=\"683\" title=\"\"><\/td>\n<\/tr>\n<\/tbody>\n<\/table>\n<hr \/>\n<p><strong>PROlific Povezave za Centralizirano Varnost<br \/><\/strong>HomeBase S380 varuje va\u0161e podatke in zasebnost. Napravam omogo\u010da samou\u010de\u010do AI za inteligentno upravljanje, omogo\u010da enostaven nadzor nad skupinskimi nastavitvami in zbira posnetke ob zaznavi gibanja, s \u010dimer ustvarja poenoten pregled dogodkov. Funkcije vklju\u010dujejo BionicMind AI in sledenje prek ve\u010d kamer.<\/p>\n<p><strong>Zdru\u017eljiv z HomeKit<br \/><\/strong>Zdru\u017eljiv z HomeKit, Alexo in drugimi glasovnimi asistenti. (Videoposnetki bodo v lo\u010dljivosti 1080P pri uporabi HomeKit-a.)<\/p>\n<table border=\"0\">\n<tbody>\n<tr>\n<td><img loading=\"lazy\" decoding=\"async\" height=\"280\" src=\"https:\/\/m.media-amazon.com\/images\/S\/aplus-media-library-service-media\/efade8bb-60e7-4b7e-af3a-221a9f74bb73.__CR0,0,650,350_PT0_SX650_V1___.png\" width=\"520\" title=\"\"><\/td>\n<td><img loading=\"lazy\" decoding=\"async\" height=\"280\" src=\"https:\/\/m.media-amazon.com\/images\/S\/aplus-media-library-service-media\/382a2723-724e-401c-9b7f-6768a492feaf.__CR0,0,650,350_PT0_SX650_V1___.jpeg\" style=\"margin-left: 10px;margin-right: 10px\" width=\"520\" title=\"\"><\/td>\n<\/tr>\n<\/tbody>\n<\/table>\n<hr \/>\n<p><strong>PROfound full-duplex zvok<\/strong><br \/>Dvojni mikrofon in AI za zmanj\u0161anje \u0161uma zajemata glasove do 8 m oddaljenosti, kar omogo\u010da interakcijo v realnem \u010dasu z dostavljavci ali vsiljivci.<\/p>\n<p><strong>Za\u0161\u010dita, ki deluje povsod<\/strong><br \/>Zavarujte svoj dom v nekaj minutah brez zapletene napeljave in kablov.<\/p>\n<p><strong>Lokalna varnost brez mese\u010dnih stro\u0161kov<\/strong><br \/>Naprava ponuja 16 GB vgrajenega prostora za shranjevanje in do 16 TB raz\u0161irljivega prostora, brez mese\u010dnih stro\u0161kov, kar zagotavlja, da je va\u0161a zasebnost varno v va\u0161ih rokah.<\/p>\n<p><strong>Zgrajena za vsako vreme<\/strong><br \/>Opremljena z IP67 vremensko za\u0161\u010dito, eufyCam S3 Pro vzdr\u017ei de\u017e, pra\u0161ne nevihte in ekstremne temperature.<\/p>\n<table border=\"0\">\n<tbody>\n<tr>\n<td><img loading=\"lazy\" decoding=\"async\" height=\"225\" src=\"https:\/\/m.media-amazon.com\/images\/S\/aplus-media-library-service-media\/1c075993-4c92-471d-9f8a-5c8363d2f817.__CR0,0,300,225_PT0_SX300_V1___.png\" style=\"margin-right: 10px\" width=\"300\" title=\"\"><\/td>\n<td><img loading=\"lazy\" decoding=\"async\" height=\"225\" src=\"https:\/\/m.media-amazon.com\/images\/S\/aplus-media-library-service-media\/1fb16e96-9f2b-4694-94b4-6d8324fe9248.__CR0,0,300,225_PT0_SX300_V1___.png\" width=\"300\" title=\"\"><\/td>\n<td><img loading=\"lazy\" decoding=\"async\" height=\"225\" src=\"https:\/\/m.media-amazon.com\/images\/S\/aplus-media-library-service-media\/108f5560-8d8e-4203-a792-8098c6d2ee66.__CR0,0,300,225_PT0_SX300_V1___.png\" style=\"margin-left: 10px;margin-right: 10px\" width=\"300\" title=\"\"><\/td>\n<td><img loading=\"lazy\" decoding=\"async\" height=\"225\" src=\"https:\/\/m.media-amazon.com\/images\/S\/aplus-media-library-service-media\/52759102-1aa9-4cde-ba3e-7d4bf3aaf9fa.__CR0,0,300,225_PT0_SX300_V1___.png\" width=\"300\" title=\"\"><\/td>\n<\/tr>\n<\/tbody>\n<\/table>\n<hr \/>\n<p><strong>Technical details:<\/strong><\/p>\n<ul>\n<li>Najve\u010dja Lo\u010dljivost: <strong>4K (3840 x 2160)<\/strong><\/li>\n<li>Senzor: <strong>1\/1.8-in\u010dni zlo\u017eeni CMOS<\/strong><\/li>\n<li>Le\u010da: <strong>Zaslonka F1.0<\/strong><\/li>\n<li>Vidno Polje: <strong>135\u00b0 (Horizontalno 112\u00b0, Vertikalno 60\u00b0)<\/strong><\/li>\n<li>Zoom: <strong>8-kratni digitalni zoom<\/strong><\/li>\n<li>No\u010dni Vid v Barvah: <strong>MaxColor Vision, reflektorji za barvni no\u010dni vid<\/strong><\/li>\n<li>IR No\u010dni Vid: <strong>4 IR LED diode (850 nm), osvetlitev do 10 m<\/strong><\/li>\n<li>WDR: <strong>Da (privzeto omogo\u010deno)<\/strong><\/li>\n<li>Kodiranje: <strong>H.264 \/ H.265<\/strong><\/li>\n<li>Snemalna Hitrost: <strong>Do 15 sli\u010dic na sekundo<\/strong><\/li>\n<li>Dvostranska Komunikacija: <strong>Polni dupleks dvostranski zvok<\/strong><\/li>\n<li>Mikrofon: <strong>Dvojni mikrofon z zmanj\u0161anjem hrupa<\/strong><\/li>\n<li>Sirena: <strong>Zvo\u010dnik visoke kakovosti s 100 dB varnostno sireno pri 0,1 m<\/strong><\/li>\n<li>Napajanje: <strong>Polnilna baterija<\/strong><\/li>\n<li>Dvojni Na\u010din Napajanja: <strong>Dinami\u010dno preklapljanje med priklju\u010dnim napajanjem (potreben je USB-C kabel) in baterijskim napajanjem<\/strong><\/li>\n<li>Integrirana Solarna Plo\u0161\u010da: <strong>Da, SolarPlus 2.0<\/strong><\/li>\n<li>Podpora za Zunanjo Solaro: <strong>Da<\/strong><\/li>\n<li>Vrsta Zaznavanja:<strong> Radar, zaznavanje gibanja do 12 m<\/strong><\/li>\n<li>Pametna Opozorila: <strong>Opozorilo za tujca\/\u010dloveka\/vozilo\/avto<\/strong><\/li>\n<li>Bogata Obvestila: <strong>Popolna obvestila s tekstom in sli\u010dico<\/strong><\/li>\n<li>Povpre\u010den \u010cas Namestitve: <strong>5 do 10 minut<\/strong><\/li>\n<li>Delovni Pogoji: <strong>-20\u00b0C do 50\u00b0C (-4\u00b0F do 122\u00b0F)<\/strong><\/li>\n<li>Za\u0161\u010dita pred Vremenskimi Vplivi: <strong>IP67<\/strong><\/li>\n<li>Pogoji za Namestitev: <strong>Navpi\u010dna ali vodoravna povr\u0161ina za monta\u017eo<\/strong><\/li>\n<li>Dimenzije Izdelka: <strong>69 x 82,4 x 143,5 mm<\/strong><\/li>\n<li>Te\u017ea: <strong>534 g<\/strong><\/li>\n<li>Napajalni Priklju\u010dek: <strong>USB-C<\/strong><\/li>\n<li>Gumb: <strong>SYNC*1<\/strong><\/li>\n<li>Vgrajeno Shranjevanje: <strong>Kamera nima vgrajenega shranjevanja; uporablja 16 GB EMMC shrambo na Homebase 3, ki je raz\u0161irljiva s trdim diskom<\/strong><\/li>\n<li>Brez\u017ei\u010dna Povezava: <strong>802.11b\/g\/n (2,4 GHz) Wi-Fi<\/strong><\/li>\n<\/ul>\n<p><a href=\"https:\/\/www.eufy.com\/si-en\/products\/t88923w1?variant=45460885340312\" target=\"_blank\" rel=\"noopener\">Spletna stran proizvajalca<\/a><\/p>","protected":false},"excerpt":{"rendered":"<p>No\u010dno snemanje svetlo kot podnevi: Z mo\u010djo 4K kamere in tehnologijo MaxColor Vision\u2122 eufyCam S3 Pro zajame izjemno podrobne posnetke v vseh okvirjih, z jasnostjo, ki je primerljiva z dnevno svetlobo tudi v zelo nizkih svetlobnih pogojih in brez uporabe reflektorja. Zanesljiv solarni napajalni sistem: U\u017eivajte v miru skozi vse leto z neprekinjeno, zanesljivo varnostjo, [&hellip;]<\/p>\n","protected":false},"featured_media":27128,"template":"","meta":{"_monsterinsights_skip_tracking":false,"_monsterinsights_sitenote_active":false,"_monsterinsights_sitenote_note":"","_monsterinsights_sitenote_category":0},"product_brand":[],"product_cat":[121,56,255],"product_tag":[],"class_list":{"0":"post-26448","1":"product","2":"type-product","3":"status-publish","4":"has-post-thumbnail","6":"product_cat-eufy-nadzorne-kamere","7":"product_cat-nadzorne-kamere","8":"product_cat-vsi","10":"first","11":"instock","12":"taxable","13":"shipping-taxable","14":"purchasable","15":"product-type-simple"},"jetpack_sharing_enabled":true,"_links":{"self":[{"href":"https:\/\/kobra.si\/en\/wp-json\/wp\/v2\/product\/26448","targetHints":{"allow":["GET"]}}],"collection":[{"href":"https:\/\/kobra.si\/en\/wp-json\/wp\/v2\/product"}],"about":[{"href":"https:\/\/kobra.si\/en\/wp-json\/wp\/v2\/types\/product"}],"version-history":[{"count":1,"href":"https:\/\/kobra.si\/en\/wp-json\/wp\/v2\/product\/26448\/revisions"}],"predecessor-version":[{"id":27096,"href":"https:\/\/kobra.si\/en\/wp-json\/wp\/v2\/product\/26448\/revisions\/27096"}],"wp:featuredmedia":[{"embeddable":true,"href":"https:\/\/kobra.si\/en\/wp-json\/wp\/v2\/media\/27128"}],"wp:attachment":[{"href":"https:\/\/kobra.si\/en\/wp-json\/wp\/v2\/media?parent=26448"}],"wp:term":[{"taxonomy":"product_brand","embeddable":true,"href":"https:\/\/kobra.si\/en\/wp-json\/wp\/v2\/product_brand?post=26448"},{"taxonomy":"product_cat","embeddable":true,"href":"https:\/\/kobra.si\/en\/wp-json\/wp\/v2\/product_cat?post=26448"},{"taxonomy":"product_tag","embeddable":true,"href":"https:\/\/kobra.si\/en\/wp-json\/wp\/v2\/product_tag?post=26448"}],"curies":[{"name":"wp","href":"https:\/\/api.w.org\/{rel}","templated":true}]}}