{"id":26426,"date":"2025-03-28T19:51:02","date_gmt":"2025-03-28T18:51:02","guid":{"rendered":"https:\/\/kobra.si\/spletna-trgovina-kobra\/anker-eufy-security-eufycam-3-komplet-2-kameribaza\/"},"modified":"2026-03-23T12:59:59","modified_gmt":"2026-03-23T11:59:59","slug":"anker-eufy-security-eufycam-3-komplet-2-kameribaza","status":"publish","type":"product","link":"https:\/\/kobra.si\/en\/spletna-trgovina-kobra\/anker-eufy-security-eufycam-3-komplet-2-kameribaza\/","title":{"rendered":"Anker Eufy security EufyCam 3 komplet 2 kameri+baza"},"content":{"rendered":"<p><strong>eufy Security eufyCam 3, zunanja nadzorna kamera, 4K brez\u017ei\u010dna Wi-Fi solarna nadzorna kamera z zaznavanjem obrazov, barvni no\u010dni vid, lokalno shranjevanje, solarna nadzorna kamera 2+1<\/strong><\/p>\n<ul>\n<li><strong>Oglejte si podrobnosti v 4K podnevi in \u200b\u200bpono\u010di:<br \/><\/strong>z eufyCam 3 opazite drobne zna\u010dilnosti vsakega morebitnega prestopnika (\u010dloveka ali \u017eivali) \u2013 tudi pono\u010di. Fotoob\u010dutljivi sistem Starlight izbolj\u0161a pogoje pri \u0161ibki svetlobi za jasnost barv.<\/li>\n<li><strong>Vzdr\u017eljivost Forever Power:<br \/><\/strong>eufyCam 3 je samozadostna v katerem koli zunanjem okolju z vgrajeno son\u010dno plo\u0161\u010do, ki za \u201cForever Power\u201d potrebuje le 2 uri dnevne son\u010dne svetlobe.<\/li>\n<li><strong>Lokalno raz\u0161irljivo shranjevanje:<br \/><\/strong>S tem lokalnim sistemom varnostnih kamer 4K imate nadzor nad lastnimi podatki s \u0161ifriranjem voja\u0161kega razreda. 16 GB vgrajenega pomnilnika z mo\u017enostjo raz\u0161iritve do 16 TB s prenosnim trdim diskom* (privzeto ni prilo\u017een, mo\u017enost izbire spodaj) \u2013 shranite videoposnetke za vse \u017eivljenje, vse brez mese\u010dne naro\u010dnine. *Za specifikacije in zahteve trdega diska pojdite na pogosta vpra\u0161anja.<\/li>\n<li><strong>BionicMind AI krepi va\u0161o varnost:<br \/><\/strong>Oglejte si resni\u010dni potencial va\u0161e varnosti z BionicMind-om, ki omogo\u010da prepoznavanje obraza, ki razlikuje med dru\u017eino in tujci s samou\u010de\u010do se umetno inteligenco.<\/li>\n<li><strong>Prepustite se nadzoru:<br \/><\/strong>udobno upravljajte eufyCam 3 z glasovno aktivacijo prek Alexa in Google Assistant ter jasnim dvosmernim zvokom. Nastavite lahko celo obmo\u010dja dejavnosti, da se izognete la\u017enim alarmom.<\/li>\n<\/ul>\n<hr>\n<table border=\"0\">\n<tbody>\n<tr>\n<td valign=\"top\">\n<p><img fetchpriority=\"high\" decoding=\"async\" height=\"225\" src=\"https:\/\/www.anker.si\/wp-content\/uploads\/2022\/10\/c4b7950d-1cf2-40b7-9ea8-1217f11f4873_e35366d5-0a8a-41c9-a45d-6c2555a8d87b_jpg.jpg\" width=\"300\" title=\"\"><\/p>\n<p><strong>Dvosmerni zvok<\/strong><\/p>\n<p>Komunicirajte z vsemi, ki stopijo na va\u0161o posest.<\/p>\n<\/td>\n<td valign=\"top\">\n<p><img decoding=\"async\" height=\"225\" src=\"https:\/\/www.anker.si\/wp-content\/uploads\/2022\/10\/ff49725e-39e0-4f76-bfa9-0eb75b8a448a_5692bda6-0a2d-46e5-9383-3b2f2d98304f_jpg.jpg\" width=\"300\" title=\"\"><\/p>\n<p><strong>Zdru\u017eljivost z glasovnim pomo\u010dnikom<br \/><\/strong><br \/>Deluje z Alexa in Google Assistant.<br \/> Trenutno ni zdru\u017eljiv z Apple HomeKit.<\/p>\n<\/td>\n<td valign=\"top\">\n<p><img decoding=\"async\" height=\"225\" src=\"https:\/\/www.anker.si\/wp-content\/uploads\/2022\/10\/3b9f4ead-1c51-44ff-a630-77e8ed2523f4_64925925-1f38-483f-a412-a8784ec570c0_jpg.jpg\" width=\"300\" title=\"\"><\/p>\n<p><strong>Izdelan za vse vremenske razmere<\/strong><br \/>Z za\u0161\u010dito pred vremenskimi vplivi IP67<br \/> je eufyCam 3 za\u0161\u010diten pred de\u017ejem in<br \/> pra\u0161nimi nevihtami.<\/p>\n<\/td>\n<td valign=\"top\">\n<p><img loading=\"lazy\" decoding=\"async\" height=\"225\" src=\"https:\/\/www.anker.si\/wp-content\/uploads\/2022\/10\/45d95496-cbfa-4359-9976-baf07cdfa92d_c44ecaee-6e64-4358-9a28-e276e8f0265b_jpg.jpg\" width=\"300\" title=\"\"><\/p>\n<p><strong>Hitra nastavitev doma\u010de za\u0161\u010dite<\/strong><br \/>Zavarujte svoj dom v le nekaj minutah<br \/> z namestitvijo brez zapletenih \u017eic,<br \/> nato pa ostanite za\u0161\u010diteni 24\/7 s<br \/> \u0161irokokotno le\u010do 135\u00b0.<\/p>\n<\/td>\n<\/tr>\n<\/tbody>\n<\/table>\n<hr>\n<h3>Klju\u010dne lastnosti<\/h3>\n<p><strong>U\u010divajte v ve\u010dnem napajanju<\/strong><br \/>2 uri dnevne neposredne son\u010dne svetlobe podajl\u0161ata \u017eivljensko dobo baterije do skoraj neskon\u010dno trajajo\u010de mo\u010di.<\/p>\n<p><strong>Opazite podrobnosti s 4K Ultra HD resolucijo<\/strong><br \/>S 4K UHD boste videli majhne podrobnosti katere koli osebe, ki stopi na va\u0161o posest.<\/p>\n<p><strong>BionicMind<\/strong><br \/>BionicMind lo\u010di dru\u017eino od tujcev s prepoznavanjem obraza. Natan\u010dnost do 99,9 %.<\/p>\n<p><strong>Raz\u0161irite prosor za shranjevanje<\/strong><br \/>Shranite ve\u010d videoposnetkov na HomeBase 3 z do 16 TB raz\u0161irljivega prostora za shranjevanje na prenosnem trdem disku.<\/p>\n<p><strong>Filtrirajte la\u017ene alarme<\/strong><br \/>Ni\u010d ve\u010d opozoril o prihodu dru\u017einskih \u010dlanov domov &#8211; vi se dolo\u010dite, katera obvestila so pomembna.<\/p>\n<p><strong>Pridobite dnevne varnostne informacije<\/strong><br \/>Prejmite varnostno poro\u010dilo z BionicMind, ki vam bo pred\u010dasno poslal pomembne informacije, da lahko ukrepate.<\/p>\n<p><strong>Kategorizirani dogodki<\/strong><br \/>Pridobite poglobljeno znanje v nekaj sekundah s kategoriziranimi dogodki in mo\u010djo iskanja obrazov in predmetov.<\/p>\n<p><strong>Spremljajte le podro\u010dja, ki jih \u017eelite<br \/><\/strong>Nastavite obmo\u010dja dejavnosti, da izbolj\u0161ate svojo varnost.<\/p>\n<table border=\"0\">\n<tbody>\n<tr>\n<td><img decoding=\"async\" src=\"https:\/\/b2b.elkotex.si\/media\/wysiwyg\/Ziga\/EufyCam-3-1_jpg.jpg\" width=\"800\" title=\"\"><\/td>\n<td><img decoding=\"async\" src=\"https:\/\/b2b.elkotex.si\/media\/wysiwyg\/Ziga\/EufyCam-3_02_jpg.jpg\" style=\"margin-left: 10px;margin-right: 10px\" width=\"800\" title=\"\"><\/td>\n<\/tr>\n<\/tbody>\n<\/table>\n<hr>\n<p><strong>Tehni\u010dne lastnosti:<\/strong><\/p>\n<ul>\n<li>Resolucija: <strong>4K (3840 x 2160)\u00b0<\/strong><\/li>\n<li>No\u010dni vid: <strong>infrarde\u010di in barvni no\u010dni vid<\/strong><\/li>\n<li>\u017divljenjska doba baterije: <strong>365 dni osnovno, vgrajena solarna plo\u0161\u010da za ve\u010dno delovanje<\/strong><\/li>\n<li>Shranjevanje videa: <strong>brezpla\u010dna lokalna shramba: vgrajenih 16 GB za 3 mesece uporabe, podpira raz\u0161iritev pomnilnika HDD\/SSD, do 16TB<\/strong><\/li>\n<li>Pametna umetna inteligenca: <strong>\u010dlove\u0161ko prepoznavanje (algoritem samou\u010denja), zaznavanje vozil, odkrivanje hi\u0161nih ljubljen\u010dkov<\/strong><\/li>\n<li>Avdio: <strong>dvosmerni zvok<\/strong><\/li>\n<li>Ospredje: <strong>Vgrajen, aktiviran z gibanjem<\/strong><\/li>\n<li>Sirena: <strong>100 dB<\/strong><\/li>\n<li>Odporna na vremenske vplive:<strong> IP67<\/strong><\/li>\n<li>Glasovni pomo\u010dnik: <strong>Alexa, Googlov glasovni pomo\u010dnik<\/strong><\/li>\n<li>Mo\u010d: <strong>polnilna litijeva baterija in solar<\/strong><\/li>\n<li>Povezljivost: <strong>802.11 b\/g\/n 2,4 GHz Wi-Fi<\/strong><\/li>\n<li>Priporo\u010dena uporaba: <strong>Kamera: na prostem, vi\u0161ina 7~10ft (2~3m), Doma\u010da baza: notranja, blizu usmerjevalnika<\/strong><\/li>\n<li>Na\u010din namestitve: <strong>vija\u010dna monta\u017ea<\/strong><\/li>\n<li>barva: kamera: <strong>bela in \u010drna, homeBase: bela in siva<\/strong><\/li>\n<li>Velikost: Kamera: <strong>6,5 x 12,9 x 6,5 cm, HomeBase: 7,8 x 10,9 x 14,4 cm<\/strong><\/li>\n<li>Te\u017ea: kamera: <strong>420 g, HomeBase: 656 g<\/strong><\/li>\n<li>Pogoji delovanja: <strong>Kamera: IP67, -4\u00b0F \u2013 122\u00b0F (-20\u00b0C \u2013 50\u00b0C), odporna na vremenske vplive, HomeBase: 14\u00b0F \u2013 122\u00b0F (-10\u00b0C \u2013 50\u00b0C)<\/strong><\/li>\n<li>What's in the box: <strong>Kamera, HomeBase, QSG, vija\u010dni nosilec, paket vijakov, napajalnik, polnilni kabel<\/strong><\/li>\n<li>Garancija: <strong>24 mesecev<\/strong><\/li>\n<\/ul>\n<p><a href=\"https:\/\/eu.eufy.com\/pages\/security-eufycam3?ref=navimenu_3_img\" target=\"_blank\" rel=\"noopener\">Spletna stran proizvajalca<\/a><\/p>\n<p><strong>&nbsp;<\/strong><\/p><\/p>","protected":false},"excerpt":{"rendered":"<p>eufy Security eufyCam 3, zunanja nadzorna kamera, 4K brez\u017ei\u010dna Wi-Fi solarna nadzorna kamera z zaznavanjem obrazov, barvni no\u010dni vid, lokalno shranjevanje, solarna nadzorna kamera 2+1 Oglejte si podrobnosti v 4K podnevi in \u200b\u200bpono\u010di:z eufyCam 3 opazite drobne zna\u010dilnosti vsakega morebitnega prestopnika (\u010dloveka ali \u017eivali) \u2013 tudi pono\u010di. Fotoob\u010dutljivi sistem Starlight izbolj\u0161a pogoje pri \u0161ibki svetlobi [&hellip;]<\/p>\n","protected":false},"featured_media":27106,"template":"","meta":{"_monsterinsights_skip_tracking":false,"_monsterinsights_sitenote_active":false,"_monsterinsights_sitenote_note":"","_monsterinsights_sitenote_category":0},"product_brand":[],"product_cat":[121,56,255],"product_tag":[],"class_list":{"0":"post-26426","1":"product","2":"type-product","3":"status-publish","4":"has-post-thumbnail","6":"product_cat-eufy-nadzorne-kamere","7":"product_cat-nadzorne-kamere","8":"product_cat-vsi","10":"first","11":"instock","12":"taxable","13":"shipping-taxable","14":"purchasable","15":"product-type-simple"},"jetpack_sharing_enabled":true,"_links":{"self":[{"href":"https:\/\/kobra.si\/en\/wp-json\/wp\/v2\/product\/26426","targetHints":{"allow":["GET"]}}],"collection":[{"href":"https:\/\/kobra.si\/en\/wp-json\/wp\/v2\/product"}],"about":[{"href":"https:\/\/kobra.si\/en\/wp-json\/wp\/v2\/types\/product"}],"version-history":[{"count":1,"href":"https:\/\/kobra.si\/en\/wp-json\/wp\/v2\/product\/26426\/revisions"}],"predecessor-version":[{"id":27065,"href":"https:\/\/kobra.si\/en\/wp-json\/wp\/v2\/product\/26426\/revisions\/27065"}],"wp:featuredmedia":[{"embeddable":true,"href":"https:\/\/kobra.si\/en\/wp-json\/wp\/v2\/media\/27106"}],"wp:attachment":[{"href":"https:\/\/kobra.si\/en\/wp-json\/wp\/v2\/media?parent=26426"}],"wp:term":[{"taxonomy":"product_brand","embeddable":true,"href":"https:\/\/kobra.si\/en\/wp-json\/wp\/v2\/product_brand?post=26426"},{"taxonomy":"product_cat","embeddable":true,"href":"https:\/\/kobra.si\/en\/wp-json\/wp\/v2\/product_cat?post=26426"},{"taxonomy":"product_tag","embeddable":true,"href":"https:\/\/kobra.si\/en\/wp-json\/wp\/v2\/product_tag?post=26426"}],"curies":[{"name":"wp","href":"https:\/\/api.w.org\/{rel}","templated":true}]}}