{"id":26417,"date":"2025-03-28T19:46:53","date_gmt":"2025-03-28T18:46:53","guid":{"rendered":"https:\/\/kobra.si\/spletna-trgovina-kobra\/anker-eufy-security-floodlight-e340-kamera-z-reflektorjem\/"},"modified":"2026-03-23T13:00:00","modified_gmt":"2026-03-23T12:00:00","slug":"anker-eufy-security-floodlight-e340-kamera-z-reflektorjem","status":"publish","type":"product","link":"https:\/\/kobra.si\/en\/spletna-trgovina-kobra\/anker-eufy-security-floodlight-e340-kamera-z-reflektorjem\/","title":{"rendered":"Anker Eufy Security Floodlight E340 kamera z reflektorjem"},"content":{"rendered":"<ul>\n<li><strong>360\u00b0 pokritost kamere sledi zaznanim osebam<\/strong>:<br \/>pomaknite se za 360\u00b0 vodoravno za popoln pogled. AI identificira ljudi in sledi njihovim gibanjem. Avtopatrulje po urniku.<\/li>\n<li><strong>Snemanje 24\/7 za brezskrbnost<\/strong>: <br \/>vedno vklopljeno in vedno snema. Dejavnosti in ljudje so ves \u010das nadzorovani.<\/li>\n<li><strong>Dvojne kamere, dvojne mo\u017enosti<\/strong>: <br \/>telefoto kamera zajema podrobnosti z razdalje do 15 m, medtem ko se \u0161irokokotna kamera osredoto\u010da na veliko sliko v lo\u010dljivosti 3K. Dvojni kameri omogo\u010data do 8\u00d7 digitalno pove\u010davo.<\/li>\n<li><strong>Hitra in stabilna povezljivost z dvopasovnim Wi-Fi 6<\/strong>: <br \/>u\u017eivajte v vi\u0161jih hitrostih in zanesljivi povezljivosti s popolno podporo za dvopasovni Wi-Fi 6. Deluje z omre\u017eji 2,4 GHz in 5 GHz.<\/li>\n<li><strong>Najvi\u0161ja svetlost 2000 lumnov z zatemnitvijo in pametno osvetlitvijo<\/strong>: <br \/>prilagodite svetlobo svojemu urniku in potrebam. Nastavite ga za osvetlitev, ki se aktivira z gibanjem, ali ambientalno osvetlitev. Va\u0161a kamera je tudi lu\u010d in varnostnik.<\/li>\n<li><strong>Raz\u0161irljiv lokalni pomnilnik* vam omogo\u010da ve\u010d prihrankov<\/strong>: <br \/>shranite do 128 GB s kartico microSD (ni prilo\u017eena) ali uporabite do 16 TB pomnilnika, ko je povezan s sistemom HomeBase S380 (naprodaj posebej).<\/li>\n<li><strong>Zdru\u017eljivo z HomeBase S380 (HomeBase 3) z razli\u010dico vdelane programske opreme V3.3.2.6 in novej\u0161o.<\/strong><\/li>\n<\/ul>\n<table border=\"0\">\n<tbody>\n<tr>\n<td valign=\"top\"><img fetchpriority=\"high\" decoding=\"async\" height=\"300\" src=\"https:\/\/cdn.shopify.com\/s\/files\/1\/0504\/7094\/4954\/files\/T8425121-TD07-V1.jpg?v=1695715790&amp;width=786\" width=\"240\" title=\"\"><\/td>\n<td valign=\"top\"><img decoding=\"async\" height=\"300\" src=\"https:\/\/cdn.shopify.com\/s\/files\/1\/0504\/7094\/4954\/files\/T8425121-TD02-V1.jpg?v=1695715790&amp;width=786\" width=\"240\" title=\"\"><\/td>\n<td valign=\"top\"><img decoding=\"async\" height=\"300\" src=\"https:\/\/cdn.shopify.com\/s\/files\/1\/0504\/7094\/4954\/files\/T8425121-TD03-V1.jpg?v=1695715790&amp;width=786\" width=\"240\" title=\"\"><\/td>\n<td valign=\"top\"><img loading=\"lazy\" decoding=\"async\" height=\"300\" src=\"https:\/\/cdn.shopify.com\/s\/files\/1\/0504\/7094\/4954\/files\/T8425121-TD04-V1.jpg?v=1695715790&amp;width=786\" width=\"240\" title=\"\"><\/td>\n<td valign=\"top\"><img loading=\"lazy\" decoding=\"async\" height=\"300\" src=\"https:\/\/cdn.shopify.com\/s\/files\/1\/0504\/7094\/4954\/files\/T8425121-TD05-V1.jpg?v=1695715789&amp;width=786\" width=\"240\" title=\"\"><\/td>\n<td valign=\"top\"><img loading=\"lazy\" decoding=\"async\" height=\"300\" src=\"https:\/\/cdn.shopify.com\/s\/files\/1\/0504\/7094\/4954\/files\/T8425121-TD06-V1.jpg?v=1695715790&amp;width=786\" width=\"240\" title=\"\"><\/td>\n<\/tr>\n<\/tbody>\n<\/table>\n<hr \/>\n<p><strong>Dvojni kameri<\/strong><br \/>Opazujte, sledite in identificirajte 24\/7. Ta varnostna kamera z reflektorji s 360\u00b0 pokritostjo in lokalnim sledenjem z umetno inteligenco zagotavlja ves \u010das brezskrbnost in osvetlitev z 2000 lumni, ki se aktivira z gibanjem. Njegove dvojne kamere s hibridnim zoomom vam omogo\u010dajo, da vidite celotno sliko in oddaljene podrobnosti skupaj v popolni jasnosti.<\/p>\n<table border=\"0\">\n<tbody>\n<tr>\n<td valign=\"top\"><img loading=\"lazy\" decoding=\"async\" height=\"280\" src=\"https:\/\/cdn.shopify.com\/s\/files\/1\/0555\/1167\/9128\/files\/5e00eeba-5a6b-4b48-980a-092fcff0fd99.__CR0_0_1464_600_PT0_SX1464_V1.jpg?v=1695769539\" width=\"683\" title=\"\"><\/td>\n<td valign=\"top\"><img loading=\"lazy\" decoding=\"async\" height=\"280\" src=\"https:\/\/cdn.shopify.com\/s\/files\/1\/0555\/1167\/9128\/files\/db1b3a87-f26a-4ec8-b134-ecbbd2eada6a.__CR0_0_1464_600_PT0_SX1464_V1.jpg?v=1695769540\" style=\"margin-left: 10px\" width=\"683\" title=\"\"><\/td>\n<\/tr>\n<\/tbody>\n<\/table>\n<hr \/>\n<p><strong>Dvojne kamere, ve\u010ddimenzionalna za\u0161\u010dita<\/strong><br \/>Dvojni kameri zajemata dogajanje v podrobnostih z razdalje 15 m z do 8-kratnim zoomom, medtem ko druga kamera ostane osredoto\u010dena na veliko sliko.<\/p>\n<p><img loading=\"lazy\" decoding=\"async\" height=\"300\" src=\"https:\/\/cdn.shopify.com\/s\/files\/1\/0555\/1167\/9128\/files\/61b8e035-9df0-4f89-baaa-5542c6755813.__CR0_0_1464_600_PT0_SX1464_V1.jpg?v=1695769540\" width=\"732\" title=\"\"><\/p>\n<hr \/>\n<p><strong>360\u00b0 popoln nadzor, pokriti vsi koti<\/strong><br \/>Pomikajte vodoravno za 360\u00b0 za popoln pogled na okolico, vgrajena umetna inteligenca identificira ljudi in sledi njihovim gibanjem. Nastavite jo tako, da patruljira na va\u0161em obmo\u010dju po urniku, ali pa jo nadzirajte ro\u010dno, tako da nobena tar\u010da ne bo zgre\u0161ena pod nobenim kotom.<\/p>\n<p><img loading=\"lazy\" decoding=\"async\" height=\"300\" src=\"https:\/\/cdn.shopify.com\/s\/files\/1\/0555\/1167\/9128\/files\/2426e5e6-04dc-43d3-a1d8-0ecdd9ba6e93.__CR0_0_1464_600_PT0_SX1464_V1.jpg?v=1695769540\" width=\"732\" title=\"\"><\/p>\n<hr \/>\n<p><strong>2000 lumnov pametna razsvetljava<\/strong><br \/>Prilagodite svetlost svojemu urniku in potrebam. Nastavite jo za osvetlitev, ki se aktivira z gibanjem, ali ambientalno osvetlitev. Naj bo va\u0161a kamera hkrati vir ambientne osvetljave in varnostnik.<\/p>\n<p><img loading=\"lazy\" decoding=\"async\" height=\"300\" src=\"https:\/\/cdn.shopify.com\/s\/files\/1\/0555\/1167\/9128\/files\/122f8f8b-029f-4e7a-b560-b4fe15635d6b.__CR0_0_1464_600_PT0_SX1464_V1.jpg?v=1695769540\" width=\"732\" title=\"\"><\/p>\n<hr \/>\n<p><strong>Barvni no\u010dni vid<\/strong><br \/>Aktivacija reflektorja, ki se aktivira z gibanjem, z mo\u010dno osvetlitvijo za pokrivanje velikih povr\u0161in. Snema v barvah, tudi pono\u010di.<\/p>\n<p><img loading=\"lazy\" decoding=\"async\" height=\"300\" src=\"https:\/\/cdn.shopify.com\/s\/files\/1\/0555\/1167\/9128\/files\/9168fe28-665e-455a-afb0-d36250028062.__CR0_0_1464_600_PT0_SX1464_V1.jpg?v=1695769539\" width=\"732\" title=\"\"><\/p>\n<hr \/>\n<p><strong>Do 8 obmo\u010dij dejavnosti<\/strong><br \/>Prilagodite do 8 obmo\u010dij dejavnosti v varnostni aplikaciji eufy in izberite vrste predmetov, ki jih najbolj zanimate, da prejmete takoj\u0161nja opozorila, \u010de karkoli zaznate.<\/p>\n<p><img loading=\"lazy\" decoding=\"async\" height=\"300\" src=\"https:\/\/m.media-amazon.com\/images\/S\/aplus-media-library-service-media\/7da72578-05ab-46ba-85f4-94533586df99.__CR0,0,1464,600_PT0_SX1464_V1___.jpg\" width=\"732\" title=\"\"><\/p>\n<p><strong><\/strong><\/p>\n<hr \/>\n<p><strong>24\/7 nadzor, vedno na snemanju<\/strong><br \/>Va\u0161a reflektorska kamera, za\u0161\u010ditena z oceno odpornosti proti vremenskim vplivom IP65 in povezana z neomejeno mo\u010djo, pazi na vas v vsakem vremenu in kadar koli z neprekinjenim snemanjem videa v polnih barvah.<\/p>\n<p><img loading=\"lazy\" decoding=\"async\" height=\"300\" src=\"https:\/\/cdn.shopify.com\/s\/files\/1\/0555\/1167\/9128\/files\/00a5ba0e-7152-4d30-b2c0-fe655ee19b10.__CR0_0_1464_600_PT0_SX1464_V1.jpg?v=1695769540\" width=\"732\" title=\"\"><\/p>\n<p><strong><\/strong><\/p>\n<hr \/>\n<p><strong>Dvopasovni Wi-Fi 6<\/strong><br \/>Ogled podrobnosti 3K z nizko zakasnitvijo z dvopasovnim Wi-Fi 6. U\u017eivajte v 500-odstotnem pove\u010danju hitrosti v primerjavi s prej\u0161njo generacijo, stabilnem pretakanju na pasovni \u0161irini 2,4 GHz in 5 GHz ter \u0161ifriranju WPA3 za dodatno varnost. Poslovite se od medpomnjenja in zaostajanja.<\/p>\n<p><img loading=\"lazy\" decoding=\"async\" height=\"300\" src=\"https:\/\/cdn.shopify.com\/s\/files\/1\/0555\/1167\/9128\/files\/70072c65-d215-477f-8a64-19e89e2de933.__CR0_0_1464_600_PT0_SX1464_V1.jpg?v=1695769540\" width=\"732\" title=\"\"><\/p>\n<p><strong><\/strong><\/p>\n<hr \/>\n<p><strong>IP65 odporna na vremenske vplive, pripravljena za vsako sezono<\/strong><br \/>S svojo oceno IP65 ne zamudi ni\u010desar, ne glede na vreme.<\/p>\n<p><img loading=\"lazy\" decoding=\"async\" height=\"300\" src=\"https:\/\/cdn.shopify.com\/s\/files\/1\/0555\/1167\/9128\/files\/236d7ce1-c75d-41a8-b367-d08ccf277a8f.__CR0_0_1464_600_PT0_SX1464_V1.jpg?v=1695769540\" width=\"732\" title=\"\"><\/p>\n<p><strong><\/strong><\/p>\n<hr \/>\n<p><strong>Dvosmerni zvok<\/strong><br \/>Komunicirajte s komerkoli zunaj prek varnostne aplikacije eufy, tudi ko vas ni doma.<\/p>\n<p><img loading=\"lazy\" decoding=\"async\" height=\"300\" src=\"https:\/\/cdn.shopify.com\/s\/files\/1\/0555\/1167\/9128\/files\/367bcb47-ee7c-4846-bdfd-94c01e4b0e46.__CR0_0_1464_600_PT0_SX1464_V1.jpg?v=1695769540\" width=\"732\" title=\"\"><\/p>\n<p><strong><\/strong><\/p>\n<hr \/>\n<p><strong>Brezhibno shranjevanje, lokalno in raz\u0161irljivo<\/strong><br \/>Shranite do 128 GB posnetkov s kartico MicroSD (ni prilo\u017eena) ali uporabite do 16 TB prostora za shranjevanje, ko ste povezani s sistemom HomeBase S380 (naprodaj posebej).<\/p>\n<p><img loading=\"lazy\" decoding=\"async\" height=\"300\" src=\"https:\/\/cdn.shopify.com\/s\/files\/1\/0555\/1167\/9128\/files\/35575d1b-94e7-475b-b3a9-895d3f094656.__CR0_0_1464_600_PT0_SX1464_V1.jpg?v=1695769540\" width=\"732\" title=\"\"><\/p>\n<hr \/>\n<p><strong>Technical details:<\/strong><\/p>\n<ul>\n<li>Dimenzije izdelka: <strong>320,8 \u00d7 186,6 \u00d7 216,1 mm<\/strong><\/li>\n<li>Neto te\u017ea: <strong>1,380 g<\/strong><\/li>\n<li>Glavni material: <strong>PC<\/strong><\/li>\n<li>Vrsta pritrditve: <strong>stena\/razvodna omarica\/strop<\/strong><\/li>\n<li>Vir napajanja: <strong>AC100V~240V, 50~60Hz, 5V\/1A (samo za nastavitev)<\/strong><\/li>\n<li>Povezljivost: <strong>2,4 GHz in 5 GHz Wi-Fi<\/strong><\/li>\n<li>Svetlost osvetlitve: <strong>2000 lumnov z mo\u017enostjo zatemnitve (2 svetlobni plo\u0161\u010di)<\/strong><\/li>\n<li>Barva svetlobe: <strong>4000 Kelvinov<\/strong><\/li>\n<li>Kamera: <strong>3K in 2K<\/strong><\/li>\n<li>Zvok in sirena: <strong>dvosmerni zvok, sirena do 100 dB<\/strong><\/li>\n<li>Shranjevanje: <strong>podpora do 128 GB kartice microSD<\/strong><\/li>\n<li>Al in glasovni pomo\u010dnik: AI: <strong>\u010dlovek\/vozilo\/hi\u0161ni ljubljen\u010dek<\/strong><\/li>\n<li>Glasovni pomo\u010dnik: <strong>Google Assistant, Alexa<\/strong><\/li>\n<li>Odporna na vremenske vplive: <strong>IP65<\/strong><\/li>\n<li>Operativno okolje: <strong>iOS 10.2 in Android 5.0 ali novej\u0161i<\/strong><\/li>\n<\/ul>\n<p><a href=\"https:\/\/eu.eufy.com\/products\/t8425321\" target=\"_blank\" rel=\"noopener\">Spletna stran proizvajalca<\/a><\/p>","protected":false},"excerpt":{"rendered":"<p>360\u00b0 pokritost kamere sledi zaznanim osebam:pomaknite se za 360\u00b0 vodoravno za popoln pogled. AI identificira ljudi in sledi njihovim gibanjem. Avtopatrulje po urniku. Snemanje 24\/7 za brezskrbnost: vedno vklopljeno in vedno snema. Dejavnosti in ljudje so ves \u010das nadzorovani. Dvojne kamere, dvojne mo\u017enosti: telefoto kamera zajema podrobnosti z razdalje do 15 m, medtem ko se [&hellip;]<\/p>\n","protected":false},"featured_media":27111,"template":"","meta":{"_monsterinsights_skip_tracking":false,"_monsterinsights_sitenote_active":false,"_monsterinsights_sitenote_note":"","_monsterinsights_sitenote_category":0},"product_brand":[],"product_cat":[121,56,255],"product_tag":[],"class_list":{"0":"post-26417","1":"product","2":"type-product","3":"status-publish","4":"has-post-thumbnail","6":"product_cat-eufy-nadzorne-kamere","7":"product_cat-nadzorne-kamere","8":"product_cat-vsi","10":"first","11":"instock","12":"taxable","13":"shipping-taxable","14":"purchasable","15":"product-type-simple"},"jetpack_sharing_enabled":true,"_links":{"self":[{"href":"https:\/\/kobra.si\/en\/wp-json\/wp\/v2\/product\/26417","targetHints":{"allow":["GET"]}}],"collection":[{"href":"https:\/\/kobra.si\/en\/wp-json\/wp\/v2\/product"}],"about":[{"href":"https:\/\/kobra.si\/en\/wp-json\/wp\/v2\/types\/product"}],"version-history":[{"count":1,"href":"https:\/\/kobra.si\/en\/wp-json\/wp\/v2\/product\/26417\/revisions"}],"predecessor-version":[{"id":26431,"href":"https:\/\/kobra.si\/en\/wp-json\/wp\/v2\/product\/26417\/revisions\/26431"}],"wp:featuredmedia":[{"embeddable":true,"href":"https:\/\/kobra.si\/en\/wp-json\/wp\/v2\/media\/27111"}],"wp:attachment":[{"href":"https:\/\/kobra.si\/en\/wp-json\/wp\/v2\/media?parent=26417"}],"wp:term":[{"taxonomy":"product_brand","embeddable":true,"href":"https:\/\/kobra.si\/en\/wp-json\/wp\/v2\/product_brand?post=26417"},{"taxonomy":"product_cat","embeddable":true,"href":"https:\/\/kobra.si\/en\/wp-json\/wp\/v2\/product_cat?post=26417"},{"taxonomy":"product_tag","embeddable":true,"href":"https:\/\/kobra.si\/en\/wp-json\/wp\/v2\/product_tag?post=26417"}],"curies":[{"name":"wp","href":"https:\/\/api.w.org\/{rel}","templated":true}]}}