{"id":26390,"date":"2025-03-28T19:40:47","date_gmt":"2025-03-28T18:40:47","guid":{"rendered":"https:\/\/kobra.si\/spletna-trgovina-kobra\/anker-eufy-security-solarni-polnilec\/"},"modified":"2026-03-23T13:00:01","modified_gmt":"2026-03-23T12:00:01","slug":"anker-eufy-security-solarni-polnilec","status":"publish","type":"product","link":"https:\/\/kobra.si\/en\/spletna-trgovina-kobra\/anker-eufy-security-solarni-polnilec\/","title":{"rendered":"Anker Eufy security solarni polnilec"},"content":{"rendered":"<p><strong>Zdru\u017eljivo z vsemi kamerami eufyCam:<\/strong><br \/>Zagotovite neprekinjeno polnjenje za va\u0161o kamero eufyCam, eufyCam E, eufyCam 2, eufyCam 2 Pro, eufyCam 2C ali eufyCam 2C Pro.<\/p>\n<p><strong>Neprekinjeno polnjenje na son\u010dno energijo:<\/strong> <br \/>2,6 W visoko u\u010dinkovit son\u010dni panel pomeni, da bo va\u0161a kamera ostala napolnjena vse dni v dnevu z le nekaj urami neposredne son\u010dne svetlobe vsak dan.<\/p>\n<p><strong>Enostavna namestitev:<\/strong> <br \/>4m kabel omogo\u010da prilagodljivost pri izbiri lokacije va\u0161e son\u010dne celice in zagotavlja, da je lahko najve\u010dja izpostavljenost son\u010dni svetlobi. 360-stopinjski monta\u017eni nosilec in stenska sidra omogo\u010dajo enostavno in prilagodljivo namestitev.<\/p>\n<p><strong>Certifikat za eufyCam:<\/strong> <br \/>samo certificirani solarni paneli eufy Security se lahko sinhronizirajo z eufyCam in tako zagotovijo pravilno upravljanje porabe energije. Necertificirani solarni paneli lahko po\u0161kodujejo baterijo eufyCam.<\/p>\n<p><strong>IP65 Odporen na vremenske vplive:<\/strong> <br \/>izdelan tako, da vzdr\u017ei ekstremne vremenske razmere.<\/p>\n<hr \/>\n<p><img fetchpriority=\"high\" decoding=\"async\" height=\"371\" src=\"https:\/\/www.anker.si\/wp-content\/uploads\/2022\/08\/1611741413804_1.jpeg\" width=\"600\" title=\"\"><\/p>","protected":false},"excerpt":{"rendered":"<p>Zdru\u017eljivo z vsemi kamerami eufyCam:Zagotovite neprekinjeno polnjenje za va\u0161o kamero eufyCam, eufyCam E, eufyCam 2, eufyCam 2 Pro, eufyCam 2C ali eufyCam 2C Pro. Neprekinjeno polnjenje na son\u010dno energijo: 2,6 W visoko u\u010dinkovit son\u010dni panel pomeni, da bo va\u0161a kamera ostala napolnjena vse dni v dnevu z le nekaj urami neposredne son\u010dne svetlobe vsak dan. [&hellip;]<\/p>\n","protected":false},"featured_media":27104,"template":"","meta":{"_monsterinsights_skip_tracking":false,"_monsterinsights_sitenote_active":false,"_monsterinsights_sitenote_note":"","_monsterinsights_sitenote_category":0},"product_brand":[],"product_cat":[121,56,255],"product_tag":[],"class_list":{"0":"post-26390","1":"product","2":"type-product","3":"status-publish","4":"has-post-thumbnail","6":"product_cat-eufy-nadzorne-kamere","7":"product_cat-nadzorne-kamere","8":"product_cat-vsi","10":"first","11":"instock","12":"taxable","13":"shipping-taxable","14":"purchasable","15":"product-type-simple"},"jetpack_sharing_enabled":true,"_links":{"self":[{"href":"https:\/\/kobra.si\/en\/wp-json\/wp\/v2\/product\/26390","targetHints":{"allow":["GET"]}}],"collection":[{"href":"https:\/\/kobra.si\/en\/wp-json\/wp\/v2\/product"}],"about":[{"href":"https:\/\/kobra.si\/en\/wp-json\/wp\/v2\/types\/product"}],"version-history":[{"count":1,"href":"https:\/\/kobra.si\/en\/wp-json\/wp\/v2\/product\/26390\/revisions"}],"predecessor-version":[{"id":26402,"href":"https:\/\/kobra.si\/en\/wp-json\/wp\/v2\/product\/26390\/revisions\/26402"}],"wp:featuredmedia":[{"embeddable":true,"href":"https:\/\/kobra.si\/en\/wp-json\/wp\/v2\/media\/27104"}],"wp:attachment":[{"href":"https:\/\/kobra.si\/en\/wp-json\/wp\/v2\/media?parent=26390"}],"wp:term":[{"taxonomy":"product_brand","embeddable":true,"href":"https:\/\/kobra.si\/en\/wp-json\/wp\/v2\/product_brand?post=26390"},{"taxonomy":"product_cat","embeddable":true,"href":"https:\/\/kobra.si\/en\/wp-json\/wp\/v2\/product_cat?post=26390"},{"taxonomy":"product_tag","embeddable":true,"href":"https:\/\/kobra.si\/en\/wp-json\/wp\/v2\/product_tag?post=26390"}],"curies":[{"name":"wp","href":"https:\/\/api.w.org\/{rel}","templated":true}]}}