{"id":26369,"date":"2025-03-28T19:35:21","date_gmt":"2025-03-28T18:35:21","guid":{"rendered":"https:\/\/kobra.si\/spletna-trgovina-kobra\/eufy-security-s380-homebase-3\/"},"modified":"2026-03-23T13:00:04","modified_gmt":"2026-03-23T12:00:04","slug":"eufy-security-s380-homebase-3","status":"publish","type":"product","link":"https:\/\/kobra.si\/en\/spletna-trgovina-kobra\/eufy-security-s380-homebase-3\/","title":{"rendered":"Eufy Security S380 HomeBase 3"},"content":{"rendered":"<p><strong>Raz\u0161irljiva lokalna shramba, brez mese\u010dne naro\u010dnine:<\/strong> <br \/>za\u0161\u010ditite svoj dom in denarnico. Shranite posnetke lokalno brez teko\u010dih stro\u0161kov. 16 GB vgrajenega pomnilnika, ki ga je mogo\u010de raz\u0161iriti do 16 TB.*Potisna obvestila s predogledom sli\u010dic zahtevajo, da se slike predogleda sli\u010dic za\u010dasno shranijo v oblak. Operacijski sistem bo zasedel del vgrajene pomnilni\u0161ke zmogljivosti<\/p>\n<p><strong>Poenotena varnost:<\/strong> <br \/>Mo\u010d BionicMind vam omogo\u010da uporabo vseh va\u0161ih varnostnih naprav eufy skupaj, integriranih z aplikacijo eufy Security. HomeBase 3 je zdru\u017eljiv z ve\u010dino varnostnih naprav eufy in bo zdru\u017eljiv tudi s starej\u0161imi varnostnimi napravami eufy*.<br \/><span style=\"font-size: xx-small\">*Za morebitne izjeme se obrnite na uvoznika.<\/span><\/p>\n<p><strong>BionicMind krepi va\u0161o varnost:<\/strong><br \/> Oglejte si resni\u010dni potencial va\u0161e varnosti z BionicMind\u2014zagotavlja prepoznavanje obraza, ki filtrira opozorila, samou\u010de\u010di se AI, ki izbolj\u0161a natan\u010dnost na 99,9 %, in samodejno kategorizirana varnostna poro\u010dila.<\/p>\n<p><strong>\u0160ifrirano za za\u0161\u010dito zasebnosti:<\/strong><br \/> za\u0161\u010ditite svoje podatke pred radovednimi o\u010dmi s \u0161ifriranjem AES-128 + RSA-1024, ki zagotavlja, da so va\u0161i podatki dostopni samo vam.<\/p>\n<p><strong>Alarm, ki se spro\u017ei zaradi gibanja:<\/strong> <br \/>HomeBase 3 odganja neza\u017eelene goste z vgrajeno sireno alarma 100 dB, ki jo lahko spro\u017ei gibanje iz povezanih varnostnih naprav eufy.<\/p>","protected":false},"excerpt":{"rendered":"<p>Raz\u0161irljiva lokalna shramba, brez mese\u010dne naro\u010dnine: za\u0161\u010ditite svoj dom in denarnico. Shranite posnetke lokalno brez teko\u010dih stro\u0161kov. 16 GB vgrajenega pomnilnika, ki ga je mogo\u010de raz\u0161iriti do 16 TB.*Potisna obvestila s predogledom sli\u010dic zahtevajo, da se slike predogleda sli\u010dic za\u010dasno shranijo v oblak. Operacijski sistem bo zasedel del vgrajene pomnilni\u0161ke zmogljivosti Poenotena varnost: Mo\u010d BionicMind [&hellip;]<\/p>\n","protected":false},"featured_media":27108,"template":"","meta":{"_monsterinsights_skip_tracking":false,"_monsterinsights_sitenote_active":false,"_monsterinsights_sitenote_note":"","_monsterinsights_sitenote_category":0},"product_brand":[],"product_cat":[121,56,255],"product_tag":[],"class_list":{"0":"post-26369","1":"product","2":"type-product","3":"status-publish","4":"has-post-thumbnail","6":"product_cat-eufy-nadzorne-kamere","7":"product_cat-nadzorne-kamere","8":"product_cat-vsi","10":"first","11":"instock","12":"taxable","13":"shipping-taxable","14":"purchasable","15":"product-type-simple"},"jetpack_sharing_enabled":true,"_links":{"self":[{"href":"https:\/\/kobra.si\/en\/wp-json\/wp\/v2\/product\/26369","targetHints":{"allow":["GET"]}}],"collection":[{"href":"https:\/\/kobra.si\/en\/wp-json\/wp\/v2\/product"}],"about":[{"href":"https:\/\/kobra.si\/en\/wp-json\/wp\/v2\/types\/product"}],"version-history":[{"count":1,"href":"https:\/\/kobra.si\/en\/wp-json\/wp\/v2\/product\/26369\/revisions"}],"predecessor-version":[{"id":26381,"href":"https:\/\/kobra.si\/en\/wp-json\/wp\/v2\/product\/26369\/revisions\/26381"}],"wp:featuredmedia":[{"embeddable":true,"href":"https:\/\/kobra.si\/en\/wp-json\/wp\/v2\/media\/27108"}],"wp:attachment":[{"href":"https:\/\/kobra.si\/en\/wp-json\/wp\/v2\/media?parent=26369"}],"wp:term":[{"taxonomy":"product_brand","embeddable":true,"href":"https:\/\/kobra.si\/en\/wp-json\/wp\/v2\/product_brand?post=26369"},{"taxonomy":"product_cat","embeddable":true,"href":"https:\/\/kobra.si\/en\/wp-json\/wp\/v2\/product_cat?post=26369"},{"taxonomy":"product_tag","embeddable":true,"href":"https:\/\/kobra.si\/en\/wp-json\/wp\/v2\/product_tag?post=26369"}],"curies":[{"name":"wp","href":"https:\/\/api.w.org\/{rel}","templated":true}]}}