{"id":26346,"date":"2025-03-28T19:24:07","date_gmt":"2025-03-28T18:24:07","guid":{"rendered":"https:\/\/kobra.si\/spletna-trgovina-kobra\/anker-eufy-security-c220-notranja-kamera-360\/"},"modified":"2026-03-23T13:00:07","modified_gmt":"2026-03-23T12:00:07","slug":"anker-eufy-security-c220-notranja-kamera-360","status":"publish","type":"product","link":"https:\/\/kobra.si\/en\/spletna-trgovina-kobra\/anker-eufy-security-c220-notranja-kamera-360\/","title":{"rendered":"Anker Eufy Security C220 notranja kamera 360\u00b0"},"content":{"rendered":"<ul>\n<li><strong>2K jasnost za kristalno \u010diste podrobnosti<\/strong>: z vgrajeno kamero visoke lo\u010dljivosti 2K lahko vidite vsak koti\u010dek svojega doma in ujamete vsako gibanje v popolni podrobnosti.<\/li>\n<li><strong>Popolna za\u0161\u010dita s 360\u00b0 panoramskim pogledom<\/strong>: zagotovite si celovit pregled sobe brez mrtvih kotov, tako da imate nadzor nad celotnim obmo\u010djem va\u0161ega doma.<\/li>\n<li><strong>Sledenje in zaznavanje gibanja z umetno inteligenco<\/strong>: inteligentni algoritem, ki ga uporablja eufy Security, omogo\u010da natan\u010dno spremljanje vsakega \u010dlove\u0161kega gibanja v va\u0161em domu.<\/li>\n<li><strong>Dvosmerni zvok za enostavno komunikacijo<\/strong>: ostanite povezani z va\u0161imi najbli\u017ejimi kjerkoli \u017ee ste, saj lahko prek dvosmernega zvoka komunicirate z njimi, ne glede na oddaljenost.<\/li>\n<li><strong>Preprosta in hitra namestitev<\/strong>: namestitev je hitra in enostavna, z ali brez stenskega nosilca. Tako bo va\u0161 dom v trenutku za\u0161\u010diten iz vseh smeri.<\/li>\n<\/ul>\n<table border=\"0\">\n<tbody>\n<tr>\n<td><img fetchpriority=\"high\" decoding=\"async\" height=\"300\" src=\"https:\/\/b2b.elkotex.si\/media\/wysiwyg\/2K-Netlikte-Iki-Kat-Net-Gorus_jpg.jpg\" width=\"300\" title=\"\"><\/td>\n<td><img decoding=\"async\" height=\"300\" src=\"https:\/\/b2b.elkotex.si\/media\/wysiwyg\/360_-Yatay-Gorunumle-Tam-Koruma_jpg.jpg\" style=\"margin-left: 10px;margin-right: 10px\" width=\"300\" title=\"\"><\/td>\n<td><img decoding=\"async\" height=\"300\" src=\"https:\/\/b2b.elkotex.si\/media\/wysiwyg\/Yapay-Zeka-Izleme-ve-Hareket-Algilama_jpg.jpg\" width=\"300\" title=\"\"><\/td>\n<td><img loading=\"lazy\" decoding=\"async\" height=\"300\" src=\"https:\/\/b2b.elkotex.si\/media\/wysiwyg\/Iki-Yonlu-Sesle-Kolay-Iletisim_jpg.jpg\" style=\"margin-left: 10px\" width=\"300\" title=\"\"><\/td>\n<\/tr>\n<\/tbody>\n<\/table>","protected":false},"excerpt":{"rendered":"<p>2K jasnost za kristalno \u010diste podrobnosti: z vgrajeno kamero visoke lo\u010dljivosti 2K lahko vidite vsak koti\u010dek svojega doma in ujamete vsako gibanje v popolni podrobnosti. Popolna za\u0161\u010dita s 360\u00b0 panoramskim pogledom: zagotovite si celovit pregled sobe brez mrtvih kotov, tako da imate nadzor nad celotnim obmo\u010djem va\u0161ega doma. Sledenje in zaznavanje gibanja z umetno inteligenco: [&hellip;]<\/p>\n","protected":false},"featured_media":29698,"template":"","meta":{"_monsterinsights_skip_tracking":false,"_monsterinsights_sitenote_active":false,"_monsterinsights_sitenote_note":"","_monsterinsights_sitenote_category":0},"product_brand":[],"product_cat":[121,56,255],"product_tag":[],"class_list":{"0":"post-26346","1":"product","2":"type-product","3":"status-publish","4":"has-post-thumbnail","6":"product_cat-eufy-nadzorne-kamere","7":"product_cat-nadzorne-kamere","8":"product_cat-vsi","10":"first","11":"instock","12":"taxable","13":"shipping-taxable","14":"purchasable","15":"product-type-simple"},"jetpack_sharing_enabled":true,"_links":{"self":[{"href":"https:\/\/kobra.si\/en\/wp-json\/wp\/v2\/product\/26346","targetHints":{"allow":["GET"]}}],"collection":[{"href":"https:\/\/kobra.si\/en\/wp-json\/wp\/v2\/product"}],"about":[{"href":"https:\/\/kobra.si\/en\/wp-json\/wp\/v2\/types\/product"}],"version-history":[{"count":1,"href":"https:\/\/kobra.si\/en\/wp-json\/wp\/v2\/product\/26346\/revisions"}],"predecessor-version":[{"id":26355,"href":"https:\/\/kobra.si\/en\/wp-json\/wp\/v2\/product\/26346\/revisions\/26355"}],"wp:featuredmedia":[{"embeddable":true,"href":"https:\/\/kobra.si\/en\/wp-json\/wp\/v2\/media\/29698"}],"wp:attachment":[{"href":"https:\/\/kobra.si\/en\/wp-json\/wp\/v2\/media?parent=26346"}],"wp:term":[{"taxonomy":"product_brand","embeddable":true,"href":"https:\/\/kobra.si\/en\/wp-json\/wp\/v2\/product_brand?post=26346"},{"taxonomy":"product_cat","embeddable":true,"href":"https:\/\/kobra.si\/en\/wp-json\/wp\/v2\/product_cat?post=26346"},{"taxonomy":"product_tag","embeddable":true,"href":"https:\/\/kobra.si\/en\/wp-json\/wp\/v2\/product_tag?post=26346"}],"curies":[{"name":"wp","href":"https:\/\/api.w.org\/{rel}","templated":true}]}}