{"id":26324,"date":"2025-03-28T18:59:30","date_gmt":"2025-03-28T17:59:30","guid":{"rendered":"https:\/\/kobra.si\/spletna-trgovina-kobra\/anker-eufy-security-eufycam-3c-komplet-3-kamere-baza\/"},"modified":"2026-04-22T09:02:01","modified_gmt":"2026-04-22T07:02:01","slug":"anker-eufy-security-eufycam-3c-komplet-3-kamere-baza","status":"publish","type":"product","link":"https:\/\/kobra.si\/en\/spletna-trgovina-kobra\/anker-eufy-security-eufycam-3c-komplet-3-kamere-baza\/","title":{"rendered":"Anker Eufy Security EufyCam 3C komplet 3 kamere + baza"},"content":{"rendered":"<ul>\n<li><strong>Izjemna vizualna jasnost<\/strong>: Izkusite vrhunsko kakovost slike z na\u0161o varnostno kamero eufy, ki se pona\u0161a z lo\u010dljivostjo 4K, ki zagotavlja podrobne in jasne slike tako pri dnevni svetlobi kot pri \u0161ibki svetlobi.<\/li>\n<\/ul>\n<ul>\n<li><strong>Lokalna* raz\u0161irljiva shramba<\/strong>: z naprednim \u0161ifriranjem in 16 GB vgrajenega pomnilnika, raz\u0161irljivega do 16 TB, na\u0161a varnostna kamera eufy zagotavlja najve\u010djo varnost va\u0161ih podatkov, vse brez ponavljajo\u010dih se mese\u010dnih stro\u0161kov.<\/li>\n<\/ul>\n<ul>\n<li><strong>BionicMind AI okrepi va\u0161o varnost<\/strong>: Oglejte si resni\u010dni potencial va\u0161e varnosti z BionicMind-om, ki omogo\u010da prepoznavanje obraza, ki razlikuje med dru\u017eino in tujci s samou\u010de\u010do se umetno inteligenco.<\/li>\n<\/ul>\n<ul>\n<li><strong>Trajanje baterije<\/strong>: eufyCam 3C obljublja do 180 dni neprekinjene za\u0161\u010dite z enim polnjenjem, pri \u010demer ohranja svojo zmogljivost tudi pri visokih temperaturah.<\/li>\n<\/ul>\n<ul>\n<li><strong>Uporabniku prijazen nadzor<\/strong>: brezpla\u010dna aplikacija eufy Security olaj\u0161a namestitev in upravljanje na\u0161e kamere ter ponuja funkcije, kot sta nastavitev obmo\u010dja dejavnosti in glasovno upravljanje za brezhiben in uporabniku prijazen doma\u010di varnostni sistem.<\/li>\n<\/ul>\n<p><img fetchpriority=\"high\" decoding=\"async\" height=\"400\" src=\"https:\/\/cdn.shopify.com\/s\/files\/1\/0504\/1094\/6753\/files\/809992c5-a7c0-421e-86cb-9ca4c554f939_ea1ce3d0-2df7-4717-a407-07133f51bea9_3840x.jpg?v=1665648605\" width=\"976\" title=\"\"><\/p>\n<hr>\n<p><strong>Podrobnosti 4K Ultra HD<\/strong><br \/>S 4K UHD boste videli majhne podrobnosti katere koli osebe, ki stopi na va\u0161o posest.<\/p>\n<p><strong>BionicMind Recognition<\/strong><br \/>BionicMind razlikuje dru\u017eino in tujce s prepoznavanjem obraza. Natan\u010dnost do 99,9 %.<\/p>\n<table border=\"0\">\n<tbody>\n<tr>\n<td><img decoding=\"async\" height=\"280\" src=\"https:\/\/cdn.shopify.com\/s\/files\/1\/0504\/1094\/6753\/files\/89215a1f-9861-4215-823f-7be484f03d3f_eea3f506-e56b-43d4-b7d9-611500560ee5_3840x.jpg?v=1665648605\" width=\"683\" title=\"\"><\/td>\n<td><img decoding=\"async\" height=\"280\" src=\"https:\/\/cdn.shopify.com\/s\/files\/1\/0504\/1094\/6753\/files\/408e55b7-2917-40f3-adae-25787afdefa5_457d9a5d-8c08-4b0b-af96-ce7ea3d7cf37_3840x.jpg?v=1665648604\" style=\"margin-left: 10px\" width=\"683\" title=\"\"><\/td>\n<\/tr>\n<\/tbody>\n<\/table>\n<p><strong>\u00a0<\/strong><\/p>\n<hr>\n<p><strong>Raz\u0161irite svojo lokalno* shrambo<\/strong><br \/>Shranite ve\u010d videoposnetkov na HomeBase 3 z do 16 TB raz\u0161irljivega prostora za shranjevanje na prenosnem trdem disku.<\/p>\n<p><strong>Filtriraj la\u017ene alarme**<\/strong><br \/>Ni\u010d ve\u010d opozoril o prihodu dru\u017einskih \u010dlanov domov \u2013 vi se odlo\u010dite, katera obvestila so pomembna.<\/p>\n<p><strong><\/strong><\/p>\n<table border=\"0\">\n<tbody>\n<tr>\n<td><img loading=\"lazy\" decoding=\"async\" height=\"280\" src=\"https:\/\/cdn.shopify.com\/s\/files\/1\/0504\/1094\/6753\/files\/da3abc96-e422-430a-bcc9-5f919e3b1325_91b635d8-c689-4bdb-b4b7-ef1ba2147bcf_3840x.jpg?v=1665648605\" width=\"683\" title=\"\"><\/td>\n<td><img loading=\"lazy\" decoding=\"async\" height=\"280\" src=\"https:\/\/cdn.shopify.com\/s\/files\/1\/0504\/1094\/6753\/files\/ff130cd2-459f-4343-86f8-6756ad77172b_43d87a23-cfe0-4858-aab9-70f9251d8282_3840x.jpg?v=1665648604\" style=\"margin-left: 10px\" width=\"683\" title=\"\"><\/td>\n<\/tr>\n<\/tbody>\n<\/table>\n<hr>\n<p><strong>Pridobite dnevne varnostne informacije<\/strong><br \/>Prejmite varnostno poro\u010dilo z BionicMind, ki vam bo dalo pomembne informacije pred \u010dasom, da lahko ukrepate.<\/p>\n<p><strong>Razumevanje na prvi pogled<\/strong><br \/>Pridobite poglobljeno znanje v nekaj sekundah s kategoriziranimi dogodki in mo\u010djo iskanja obrazov in predmetov.<\/p>\n<p><strong><\/strong><\/p>\n<table border=\"0\">\n<tbody>\n<tr>\n<td><img loading=\"lazy\" decoding=\"async\" height=\"280\" src=\"https:\/\/cdn.shopify.com\/s\/files\/1\/0504\/1094\/6753\/files\/2502ffd3-d067-478d-9576-fdd89b0bd645_5ab6d064-48d1-4e2c-ad3b-87eaec7dc39d_3840x.jpg?v=1665648604\" width=\"683\" title=\"\"><\/td>\n<td><img loading=\"lazy\" decoding=\"async\" height=\"280\" src=\"https:\/\/cdn.shopify.com\/s\/files\/1\/0504\/1094\/6753\/files\/711c2610-1899-4733-8bd2-13bbe140bb93_f0b9cb6a-b24d-44fa-98a2-d60bc47449ba_3840x.jpg?v=1665648604\" style=\"margin-left: 10px\" width=\"683\" title=\"\"><\/td>\n<\/tr>\n<\/tbody>\n<\/table>\n<hr>\n<p><strong>Spremljajte le podro\u010dja, ki jih \u017eelite<\/strong><br \/>Nastavite obmo\u010dja dejavnosti, da izbolj\u0161ate svojo varnost za brezskrbnost.<\/p>\n<p><strong>Centralizirana varnost<\/strong><br \/>Upravljajte svoj celoten varnostni ekosistem z ene centralne lokacije z HomeBase 3.<\/p>\n<p><strong><\/strong><\/p>\n<table border=\"0\">\n<tbody>\n<tr>\n<td><img loading=\"lazy\" decoding=\"async\" height=\"280\" src=\"https:\/\/cdn.shopify.com\/s\/files\/1\/0504\/1094\/6753\/files\/fc3dc616-c018-4c57-b5d2-fa7426855a9a_2f00ac5d-08bf-4f71-833c-a71fa3f285aa_3840x.jpg?v=1665648605\" width=\"683\" title=\"\"><\/td>\n<td><img loading=\"lazy\" decoding=\"async\" height=\"280\" src=\"https:\/\/cdn.shopify.com\/s\/files\/1\/0504\/1094\/6753\/files\/466e645b-f89e-49c5-b651-b4f22f20ca54_955a64d9-9d49-46a0-b1df-fb1862b56ab5_3840x.jpg?v=1665648604\" style=\"margin-left: 10px\" width=\"683\" title=\"\"><\/td>\n<\/tr>\n<\/tbody>\n<\/table>\n<hr>\n<p><strong>Dvosmerni zvok<\/strong><br \/>Komunicirajte z vsemi, ki stopijo na va\u0161o posest.<\/p>\n<p><strong>Zdru\u017eljivost glasovnega pomo\u010dnika<\/strong><br \/>Deluje z Alexa in Google Assistant. Trenutno ni zdru\u017eljiv z Apple HomeKit.<\/p>\n<p><strong>Izdelan za vse vremenske razmere<\/strong><br \/>Z za\u0161\u010dito pred vremenskimi vplivi IP65 je eufyCam 3C za\u0161\u010diten pred de\u017ejem in pra\u0161nimi nevihtami.<\/p>\n<p><strong>Hitra nastavitev doma\u010de za\u0161\u010dite<\/strong><br \/>Zavarujte svoj dom v le nekaj minutah z namestitvijo brez zapletenih \u017eic, nato pa ostanite za\u0161\u010diteni 24\/7 s \u0161irokokotno le\u010do 135\u00b0.<\/p>\n<table border=\"0\">\n<tbody>\n<tr>\n<td><img loading=\"lazy\" decoding=\"async\" height=\"200\" src=\"https:\/\/cdn.shopify.com\/s\/files\/1\/0504\/1094\/6753\/files\/631a2b66-01e8-4877-93b4-32556982371f_770b41ed-f427-4f56-a512-ff3c0bcfb715.jpg?v=1665648605\" width=\"267\" title=\"\"><\/td>\n<td><img loading=\"lazy\" decoding=\"async\" height=\"200\" src=\"https:\/\/cdn.shopify.com\/s\/files\/1\/0504\/1094\/6753\/files\/5a9dd7e7-97b0-4514-8db9-300c4138f84c_46981c83-2c65-49d4-bfd6-d6772c0b6ffe.jpg?v=1665648604\" style=\"margin-left: 10px;margin-right: 10px\" width=\"267\" title=\"\"><\/td>\n<td><img loading=\"lazy\" decoding=\"async\" height=\"200\" src=\"https:\/\/cdn.shopify.com\/s\/files\/1\/0504\/1094\/6753\/files\/cf848530-464e-407b-b44c-58919eb2dc74_f0713d1d-c622-4a66-a517-a74a93d2c0f4.jpg?v=1665648605\" width=\"267\" title=\"\"><\/td>\n<td><img loading=\"lazy\" decoding=\"async\" height=\"200\" src=\"https:\/\/cdn.shopify.com\/s\/files\/1\/0504\/1094\/6753\/files\/cc837000-fc3b-4360-bcd6-56ef487230e4_bab4d94c-b2b0-4956-be11-c802d5809c9b.jpg?v=1665648605\" style=\"margin-left: 10px\" width=\"267\" title=\"\"><\/td>\n<\/tr>\n<\/tbody>\n<\/table>\n<hr>\n<p><strong>Technical details:<\/strong><\/p>\n<ul>\n<li>Lo\u010dljivost: <strong>4K (3840&#215;2160)<\/strong><\/li>\n<li>No\u010dni vid: <strong>Infrarde\u010di in barvni no\u010dni vid<\/strong><\/li>\n<li>Trajanje baterije: <strong>6 mesecev<\/strong><\/li>\n<li>Shramba videoposnetkov: <strong>Brezpla\u010dna lokalna shramba: vgrajenih 16 GB za 3 mesece uporabe<\/strong><\/li>\n<li>Podpira raz\u0161iritev pomnilnika: <strong>HDD\/SSD, do 16TB<\/strong><\/li>\n<li>Pametna umetna inteligenca:<br \/><strong>\u010clove\u0161ko prepoznavanje (algoritem samou\u010denja)<\/strong><br \/><strong>Zaznavanje vozil<\/strong><br \/><strong>Odkrivanje hi\u0161nih ljubljen\u010dkov<\/strong><\/li>\n<li>Avdio: <strong>dvosmerni zvok<\/strong><\/li>\n<li>Reflektor: <strong>vgrajen, aktiviran z gibanjem<\/strong><\/li>\n<li>Sirena: <strong>100dB<\/strong><\/li>\n<li>Odporne na vremenske vplive: <strong>IP65<\/strong><\/li>\n<li>Glasovni pomo\u010dnik: <strong>Alexa, Google Voice Assistant<\/strong><\/li>\n<li>Napajanje: <strong>Litijeva baterija za ponovno polnjenje<\/strong><\/li>\n<li>Povezljivost: <strong>802.11 b\/g\/n 2,4 GHz Wi-Fi<\/strong><\/li>\n<li>Te\u017ea:<br \/>Kamera: <strong>285 g<\/strong><br \/>HomeBase: <strong>656 g<\/strong><\/li>\n<li>Pogoji delovanja:<br \/>Kamera: <strong>IP67, -4\u00b0F &#8211; 122\u00b0F (-20\u00b0C &#8211; 50\u00b0C), odporna na vremenske vplive<\/strong><br \/>HomeBase: <strong>14\u00b0F &#8211; 122\u00b0F (-10\u00b0C &#8211; 50\u00b0C)<\/strong><\/li>\n<\/ul>\n<p><a href=\"https:\/\/www.eufy.com\/si-en\/products\/t8881321?variant=42199132897432\" target=\"_blank\" rel=\"noopener\">Spletna stran proizvajalca<\/a><\/p>","protected":false},"excerpt":{"rendered":"<p>Izjemna vizualna jasnost: Izkusite vrhunsko kakovost slike z na\u0161o varnostno kamero eufy, ki se pona\u0161a z lo\u010dljivostjo 4K, ki zagotavlja podrobne in jasne slike tako pri dnevni svetlobi kot pri \u0161ibki svetlobi. Lokalna* raz\u0161irljiva shramba: z naprednim \u0161ifriranjem in 16 GB vgrajenega pomnilnika, raz\u0161irljivega do 16 TB, na\u0161a varnostna kamera eufy zagotavlja najve\u010djo varnost va\u0161ih [&hellip;]<\/p>\n","protected":false},"featured_media":27124,"template":"","meta":{"_monsterinsights_skip_tracking":false,"_monsterinsights_sitenote_active":false,"_monsterinsights_sitenote_note":"","_monsterinsights_sitenote_category":0},"product_brand":[],"product_cat":[121,56,255],"product_tag":[],"class_list":{"0":"post-26324","1":"product","2":"type-product","3":"status-publish","4":"has-post-thumbnail","6":"product_cat-eufy-nadzorne-kamere","7":"product_cat-nadzorne-kamere","8":"product_cat-vsi","10":"first","11":"instock","12":"taxable","13":"shipping-taxable","14":"purchasable","15":"product-type-simple"},"jetpack_sharing_enabled":true,"_links":{"self":[{"href":"https:\/\/kobra.si\/en\/wp-json\/wp\/v2\/product\/26324","targetHints":{"allow":["GET"]}}],"collection":[{"href":"https:\/\/kobra.si\/en\/wp-json\/wp\/v2\/product"}],"about":[{"href":"https:\/\/kobra.si\/en\/wp-json\/wp\/v2\/types\/product"}],"version-history":[{"count":1,"href":"https:\/\/kobra.si\/en\/wp-json\/wp\/v2\/product\/26324\/revisions"}],"predecessor-version":[{"id":26329,"href":"https:\/\/kobra.si\/en\/wp-json\/wp\/v2\/product\/26324\/revisions\/26329"}],"wp:featuredmedia":[{"embeddable":true,"href":"https:\/\/kobra.si\/en\/wp-json\/wp\/v2\/media\/27124"}],"wp:attachment":[{"href":"https:\/\/kobra.si\/en\/wp-json\/wp\/v2\/media?parent=26324"}],"wp:term":[{"taxonomy":"product_brand","embeddable":true,"href":"https:\/\/kobra.si\/en\/wp-json\/wp\/v2\/product_brand?post=26324"},{"taxonomy":"product_cat","embeddable":true,"href":"https:\/\/kobra.si\/en\/wp-json\/wp\/v2\/product_cat?post=26324"},{"taxonomy":"product_tag","embeddable":true,"href":"https:\/\/kobra.si\/en\/wp-json\/wp\/v2\/product_tag?post=26324"}],"curies":[{"name":"wp","href":"https:\/\/api.w.org\/{rel}","templated":true}]}}