{"id":26320,"date":"2025-03-28T18:40:05","date_gmt":"2025-03-28T17:40:05","guid":{"rendered":"https:\/\/kobra.si\/spletna-trgovina-kobra\/anker-eufy-security-c30-2k-video-zvonec\/"},"modified":"2026-04-22T09:02:01","modified_gmt":"2026-04-22T07:02:01","slug":"anker-eufy-security-c30-2k-video-zvonec","status":"publish","type":"product","link":"https:\/\/kobra.si\/en\/spletna-trgovina-kobra\/anker-eufy-security-c30-2k-video-zvonec\/","title":{"rendered":"Anker Eufy Security C30 2K video zvonec"},"content":{"rendered":"<ul>\n<li><strong>Kristalno jasen pozdrav v 2K FHD<br \/><\/strong>Do\u017eivite jasnost 2K FHD za podrobne in \u017eivahne slike, ki zagotavljajo, da boste vedno videli, kdo stoji pred va\u0161imi vrati, tudi pono\u010di. Raz\u0161irjen pogled v razmerju 16:9 ponuja \u0161ir\u0161o sliko celotnega podro\u010dja va\u0161ih vrat, kar pove\u010duje varnost in zagotavlja mirnost.<\/li>\n<\/ul>\n<ul>\n<li><strong>Klepet v realnem \u010dasu, brezskrbna izku\u0161nja<br \/><\/strong>Ostanite povezani s svojimi obiskovalci v realnem \u010dasu. Ko nekdo pritisne na zvonec, boste na telefonu prejeli videoklic. \u010ce niste doma, lahko nastavite hitre odgovore in obiskovalce prosite, da pustijo glasovno sporo\u010dilo, da ne boste nikoli zamudili pomembnega sporo\u010dila.<\/li>\n<\/ul>\n<ul>\n<li><strong>Enostavna namestitev, priro\u010dna napajanja<br \/><\/strong>U\u017eivajte v fleksibilnosti enostavne namestitve s pomo\u010djo vgrajene baterije 5.000 mAh, ki vam omogo\u010da, da zvonec postavite kjerkoli brez skrbi zaradi napeljave.<\/li>\n<\/ul>\n<ul>\n<li><strong>Lokalna shranjevanje, brez mese\u010dne naro\u010dnine<br \/><\/strong>Shranjujte svoje posnetke varno in zasebno z lokalnim shranjevanjem. Posnetke shranite na microSD kartico s kapaciteto do 128 GB, kar odpravi potrebo po mese\u010dnih naro\u010dninah in zagotavlja, da va\u0161e podatke imate pod nadzorom.<\/li>\n<\/ul>\n<ul>\n<li><strong>Zdru\u017eljiv z HomeBase 3, deluje z Alexa in Google Assistant<br \/><\/strong>Enostavno integrirajte zvonec z razli\u010dnimi napravami. Pove\u017eite ga z eufy HomeBase S380, eufy Minibase Chime (T8023) in u\u017eivajte v zdru\u017eljivosti z Alexa in Google Voice Assistant napravami za popolno povezano izku\u0161njo pametnega doma.<\/li>\n<\/ul>\n<ul>\n<li><strong>Videoklic je trenutno podprt le za samostojno uporabo<\/strong>. Razli\u010dica HB3, ki podpira videoklic, bo na voljo konec novembra.<\/li>\n<\/ul>\n<p><img fetchpriority=\"high\" decoding=\"async\" height=\"400\" src=\"https:\/\/cdn.shopify.com\/s\/files\/1\/0504\/7094\/4954\/files\/40514754-1708-41b3-be71-660b82f41809.__CR0_0_1464_600_PT0_SX1464_V1_58499dd3-e7d6-43dd-9661-9460236d8fc0_3840x.jpg?v=1729822502\" width=\"976\" title=\"\"><\/p>\n<hr>\n<p><strong>Kristalno jasen pozdrav v 2K FHD<\/strong><br \/>2K FHD jasnost za \u010diste in podrobne slike tistega, ki zvoni, ter ostre slike tudi pono\u010di. Z raz\u0161irjenim pogledom v razmerju 16:9 lahko dobite \u0161ir\u0161o sliko celotne situacije pred vrati.<\/p>\n<p><img decoding=\"async\" height=\"300\" src=\"https:\/\/cdn.shopify.com\/s\/files\/1\/0504\/7094\/4954\/files\/5f6713bb-24bc-4912-85e4-0f0aa0b48d7d.__CR0_0_1464_600_PT0_SX1464_V1_28f2f8c9-8066-4df7-80fc-34f7e6cbd6d4_3840x.jpg?v=1729822501\" width=\"732\" title=\"\"><\/p>\n<hr>\n<p><strong>Klepet v realnem \u010dasu, brezskrbna izku\u0161nja<\/strong><br \/>Prejeli boste videoklic v realnem \u010dasu z \u017eivim predogledom, ko nekdo zvoni na zvonec, in boste lahko videli, kdo je pred va\u0161imi vrati, ne glede na to, kje ste.<\/p>\n<p><img decoding=\"async\" height=\"300\" src=\"https:\/\/cdn.shopify.com\/s\/files\/1\/0504\/7094\/4954\/files\/f52d0499-e8b4-4246-8116-fa8e313dfeac.__CR0_0_1464_600_PT0_SX1464_V1_64826a73-ebb8-45c0-a3eb-131f6894d92a_3840x.jpg?v=1729822501\" width=\"732\" title=\"\"><\/p>\n<hr>\n<p><strong>Pogovorite se z zvoncem preko glasovnega sporo\u010dila<\/strong><br \/>Nastavite hitre odgovore in obiskovalcem omogo\u010dite, da pustijo sporo\u010dila, ko nikogar ni doma.<\/p>\n<p><img loading=\"lazy\" decoding=\"async\" height=\"300\" src=\"https:\/\/cdn.shopify.com\/s\/files\/1\/0504\/7094\/4954\/files\/5bbec19f-957f-473f-a552-ae1eb4ec1aa2.__CR0_0_1464_600_PT0_SX1464_V1_d2a72c8f-9236-46ef-82e2-38f8b77e0478_3840x.jpg?v=1729822501\" width=\"732\" title=\"\"><\/p>\n<hr>\n<p><strong>Enostavna namestitev, priro\u010dna mo\u010d<\/strong><br \/>Napaja ga vgrajena baterija s kapaciteto 5.000 mAh. Zvon\u010dek lahko enostavno namestite kjerkoli \u017eelite.<\/p>\n<p><img loading=\"lazy\" decoding=\"async\" height=\"300\" src=\"https:\/\/cdn.shopify.com\/s\/files\/1\/0504\/7094\/4954\/files\/0e237de7-f1a3-487c-849b-75702b78ffbf.__CR0_0_1464_600_PT0_SX1464_V1_328a549c-7e8a-481f-8f65-04563077ac82_3840x.jpg?v=1729822501\" width=\"732\" title=\"\"><\/p>\n<hr>\n<p><strong>Lokalna varnost, brez mese\u010dne naro\u010dnine<\/strong><br \/>Posnetki se shranjujejo lokalno, da za\u0161\u010ditite svojo zasebnost z microSD kartico do 128 GB, brez mese\u010dnih naro\u010dnin. Va\u0161i podatki, pod va\u0161im nadzorom.<\/p>\n<p><img loading=\"lazy\" decoding=\"async\" height=\"300\" src=\"https:\/\/cdn.shopify.com\/s\/files\/1\/0504\/7094\/4954\/files\/717e66b1-26b0-423d-b0d4-134d0ca853f2.__CR0_0_1464_600_PT0_SX1464_V1_c357fbb2-fa93-438e-9a35-80482f014271_3840x.jpg?v=1729822501\" width=\"732\" title=\"\"><\/p>\n<hr>\n<p><strong>Technical details:<\/strong><\/p>\n<ul>\n<li><strong>Power supply<\/strong>: Samo vgrajena baterija<\/li>\n<li><strong>Kapaciteta baterije<\/strong>: 5000 mAh<\/li>\n<li><strong>Hitro odstranjevanje baterije<\/strong>: Ne<\/li>\n<li><strong>Lo\u010dljivost videa<\/strong>: 2K<\/li>\n<li><strong>Dogodki<\/strong>: Da<\/li>\n<li><strong>Pre-roll<\/strong>: Ne<\/li>\n<li><strong>24\/7<\/strong>: Ne<\/li>\n<li><strong>Videoklic v \u017eivo<\/strong>: Da<\/li>\n<li><strong>AI zaznavanje<\/strong>: \u010clovek \/ Gibanje<\/li>\n<li><strong>Shranjevanje<\/strong>: Do 128 GB microSD (ni vklju\u010deno)<\/li>\n<li><strong>Naro\u010dnina<\/strong>: Brez mese\u010dne naro\u010dnine<\/li>\n<\/ul>\n<p><a href=\"https:\/\/www.eufy.com\/si-en\/products\/t8224311?q=t8224311&amp;variant=45582068252824\" target=\"_blank\" rel=\"noopener\">Spletna stran proizvajalca<\/a><\/p>","protected":false},"excerpt":{"rendered":"<p>Kristalno jasen pozdrav v 2K FHDDo\u017eivite jasnost 2K FHD za podrobne in \u017eivahne slike, ki zagotavljajo, da boste vedno videli, kdo stoji pred va\u0161imi vrati, tudi pono\u010di. Raz\u0161irjen pogled v razmerju 16:9 ponuja \u0161ir\u0161o sliko celotnega podro\u010dja va\u0161ih vrat, kar pove\u010duje varnost in zagotavlja mirnost. Klepet v realnem \u010dasu, brezskrbna izku\u0161njaOstanite povezani s svojimi obiskovalci [&hellip;]<\/p>\n","protected":false},"featured_media":27129,"template":"","meta":{"_monsterinsights_skip_tracking":false,"_monsterinsights_sitenote_active":false,"_monsterinsights_sitenote_note":"","_monsterinsights_sitenote_category":0},"product_brand":[],"product_cat":[121,56,255],"product_tag":[],"class_list":{"0":"post-26320","1":"product","2":"type-product","3":"status-publish","4":"has-post-thumbnail","6":"product_cat-eufy-nadzorne-kamere","7":"product_cat-nadzorne-kamere","8":"product_cat-vsi","10":"first","11":"instock","12":"taxable","13":"shipping-taxable","14":"purchasable","15":"product-type-simple"},"jetpack_sharing_enabled":true,"_links":{"self":[{"href":"https:\/\/kobra.si\/en\/wp-json\/wp\/v2\/product\/26320","targetHints":{"allow":["GET"]}}],"collection":[{"href":"https:\/\/kobra.si\/en\/wp-json\/wp\/v2\/product"}],"about":[{"href":"https:\/\/kobra.si\/en\/wp-json\/wp\/v2\/types\/product"}],"version-history":[{"count":1,"href":"https:\/\/kobra.si\/en\/wp-json\/wp\/v2\/product\/26320\/revisions"}],"predecessor-version":[{"id":26322,"href":"https:\/\/kobra.si\/en\/wp-json\/wp\/v2\/product\/26320\/revisions\/26322"}],"wp:featuredmedia":[{"embeddable":true,"href":"https:\/\/kobra.si\/en\/wp-json\/wp\/v2\/media\/27129"}],"wp:attachment":[{"href":"https:\/\/kobra.si\/en\/wp-json\/wp\/v2\/media?parent=26320"}],"wp:term":[{"taxonomy":"product_brand","embeddable":true,"href":"https:\/\/kobra.si\/en\/wp-json\/wp\/v2\/product_brand?post=26320"},{"taxonomy":"product_cat","embeddable":true,"href":"https:\/\/kobra.si\/en\/wp-json\/wp\/v2\/product_cat?post=26320"},{"taxonomy":"product_tag","embeddable":true,"href":"https:\/\/kobra.si\/en\/wp-json\/wp\/v2\/product_tag?post=26320"}],"curies":[{"name":"wp","href":"https:\/\/api.w.org\/{rel}","templated":true}]}}