{"id":25461,"date":"2025-03-27T15:00:58","date_gmt":"2025-03-27T14:00:58","guid":{"rendered":"https:\/\/kobra.si\/spletna-trgovina-kobra\/pasek-led-rgbic-yeelight-led-osnovni-trakovi-6m\/"},"modified":"2026-04-20T21:01:17","modified_gmt":"2026-04-20T19:01:17","slug":"pasek-led-rgbic-yeelight-led-osnovni-trakovi-6m","status":"publish","type":"product","link":"https:\/\/kobra.si\/en\/spletna-trgovina-kobra\/pasek-led-rgbic-yeelight-led-osnovni-trakovi-6m\/","title":{"rendered":"Pasek LED RGBIC Yeelight Led Osnovni trakovi 6m"},"content":{"rendered":"<h3>Yeelight LED RGBIC Strip Osnovni trakovi (6 metrov)<\/h3>\n<p>Yeelight Basic Strip Lights je inovativen trak LED z dol\u017eino 6 metrov, ki vam omogo\u010da popolno svobodo pri urejanju osvetlitve v va\u0161em domu. Zahvaljujo\u010d tehnologiji RGBIC lahko vsak segment sveti samostojno, vi pa se lahko navdu\u0161ujete nad bogastvom barv in dinami\u010dnimi u\u010dinki. Zdaj lahko preprosto poudarite igralno obmo\u010dje ali ustvarite prijetno vzdu\u0161je v spalnici! Osvetlitev lahko upravljate s krmilnikom ali aplikacijo.<\/p>\n<p>\n<img decoding=\"async\" border=\"0\" src=\"https:\/\/assets.innpro.pl\/11883\/14056\/6.jpg\" title=\"\">\n<\/p>\n<h3>Svetlobni u\u010dinki za razli\u010dne prilo\u017enosti<\/h3>\n<p>U\u017eivajte v ve\u010d kot 20 svetlobnih u\u010dinkih, ki so kot nala\u0161\u010d za razli\u010dne prilo\u017enosti &#8211; od romanti\u010dnih ve\u010derov do zabav s prijatelji. U\u010dinke lahko preprosto spreminjate z aplikacijo Yeelight ali krmilnikom, ki je prilo\u017een v paketu. S funkcijo Freely DIY ustvarite lastne kompozicije in prilagodite osvetlitev svojim potrebam.<\/p>\n<p>\n<img decoding=\"async\" border=\"0\" src=\"https:\/\/assets.innpro.pl\/11883\/14056\/2.jpg\" title=\"\">\n<\/p>\n<h3>Glasba in svetloba v popolni harmoniji<\/h3>\n<p>S funkcijo Music Flow se svetloba odziva na zvoke iz okolice. Zaradi tega so RGBIC Yeelight Led Basic Strip Lights kot nala\u0161\u010d za zabave ali spro\u0161\u010dujo\u010de ve\u010dere z va\u0161im najljub\u0161im seznamom predvajanja, saj izbolj\u0161ajo vsak trenutek.<\/p>\n<p>\n<img decoding=\"async\" border=\"0\" src=\"https:\/\/assets.innpro.pl\/11883\/14056\/5.jpg\" title=\"\">\n<\/p>\n<h3>Popoln nadzor z aplikacijo Yeelight<\/h3>\n<p>Z aplikacijo Yeelight lahko spreminjate barve, prilagajate svetlost in ustvarjate lastne scenarije osvetlitve. Yeelight Led Basic Strip Lights deluje z ekosistemom Yeelight, zato ga lahko preprosto kombinirate z drugimi pametnimi napravami, kot sta Yeelight Curtain Light ali Yeelight Christmas String Light.<\/p>\n<p>\n<img decoding=\"async\" border=\"0\" src=\"https:\/\/assets.innpro.pl\/11883\/14056\/1.jpg\" title=\"\">\n<\/p>\n<h3>Svoboda namestitve<\/h3>\n<p>Yeelight LED Basic Strip Lights je zaradi samolepilnega traku izjemno enostaven za namestitev. Namestite jo lahko na stene, strope, pohi\u0161tvo ali okoli televizorja. Prav tako ga lahko na dolo\u010denih mestih prere\u017eete in prilagodite dol\u017eino svojim potrebam.<\/p>\n<p>\n<img decoding=\"async\" border=\"0\" src=\"https:\/\/assets.innpro.pl\/11883\/14056\/8.jpg\" title=\"\">\n<\/p>\n<h3>Vklju\u010deno:<\/h3>\n<ul class=\"list-disc pl-5\">\n<li>RGBIC Yeelight Led Basic Strip Lights (6 m)<\/li>\n<li>Krmilnik<\/li>\n<li>Napajalni kabel<\/li>\n<li>Napajalnik<\/li>\n<\/ul>\n<div class=\"table-wrapper\">\n<h3><\/h3>\n<table>\n<tbody>\n<tr>\n<th>Proizvajalec<\/th>\n<td>Yeelight<\/td>\n<\/tr>\n<tr>\n<th>Koda proizvajalca<\/th>\n<td>YLYDD-0038<\/td>\n<\/tr>\n<tr>\n<th>Dol\u017eina<\/th>\n<td>6 m \/ 19,68 ft<\/td>\n<\/tr>\n<tr>\n<th>Vhodna napetost<\/th>\n<td>100-240 V 50\/60 Hz<\/td>\n<\/tr>\n<tr>\n<th>Tehnologija<\/th>\n<td>RGBIC<\/td>\n<\/tr>\n<tr>\n<th>Za\u0161\u010ditni razred<\/th>\n<td>IP20<\/td>\n<\/tr>\n<tr>\n<th>\u0160tevilo diod<\/th>\n<td>18 diod\/m<\/td>\n<\/tr>\n<tr>\n<th>Povezljivost<\/th>\n<td>Bluetooth<\/td>\n<\/tr>\n<tr>\n<th>Power supply<\/th>\n<td>DC 24V-0,5A\/12W<\/td>\n<\/tr>\n<\/tbody>\n<\/table>\n<\/div>","protected":false},"excerpt":{"rendered":"<p>Na zalogi pri zunanjem dobavitelju. Rok dostave 3-5dni.<\/p>","protected":false},"featured_media":27036,"template":"","meta":{"_monsterinsights_skip_tracking":false,"_monsterinsights_sitenote_active":false,"_monsterinsights_sitenote_note":"","_monsterinsights_sitenote_category":0},"product_brand":[],"product_cat":[263,256,255],"product_tag":[],"class_list":{"0":"post-25461","1":"product","2":"type-product","3":"status-publish","4":"has-post-thumbnail","6":"product_cat-notranja-svetila","7":"product_cat-svetila","8":"product_cat-vsi","10":"first","11":"instock","12":"taxable","13":"shipping-taxable","14":"purchasable","15":"product-type-simple"},"jetpack_sharing_enabled":true,"_links":{"self":[{"href":"https:\/\/kobra.si\/en\/wp-json\/wp\/v2\/product\/25461","targetHints":{"allow":["GET"]}}],"collection":[{"href":"https:\/\/kobra.si\/en\/wp-json\/wp\/v2\/product"}],"about":[{"href":"https:\/\/kobra.si\/en\/wp-json\/wp\/v2\/types\/product"}],"version-history":[{"count":1,"href":"https:\/\/kobra.si\/en\/wp-json\/wp\/v2\/product\/25461\/revisions"}],"predecessor-version":[{"id":25580,"href":"https:\/\/kobra.si\/en\/wp-json\/wp\/v2\/product\/25461\/revisions\/25580"}],"wp:featuredmedia":[{"embeddable":true,"href":"https:\/\/kobra.si\/en\/wp-json\/wp\/v2\/media\/27036"}],"wp:attachment":[{"href":"https:\/\/kobra.si\/en\/wp-json\/wp\/v2\/media?parent=25461"}],"wp:term":[{"taxonomy":"product_brand","embeddable":true,"href":"https:\/\/kobra.si\/en\/wp-json\/wp\/v2\/product_brand?post=25461"},{"taxonomy":"product_cat","embeddable":true,"href":"https:\/\/kobra.si\/en\/wp-json\/wp\/v2\/product_cat?post=25461"},{"taxonomy":"product_tag","embeddable":true,"href":"https:\/\/kobra.si\/en\/wp-json\/wp\/v2\/product_tag?post=25461"}],"curies":[{"name":"wp","href":"https:\/\/api.w.org\/{rel}","templated":true}]}}