{"id":25419,"date":"2025-03-27T14:59:37","date_gmt":"2025-03-27T13:59:37","guid":{"rendered":"https:\/\/kobra.si\/spletna-trgovina-kobra\/namizna-svetilka-za-branje-yeelight-pura\/"},"modified":"2026-04-16T21:01:06","modified_gmt":"2026-04-16T19:01:06","slug":"namizna-svetilka-za-branje-yeelight-pura","status":"publish","type":"product","link":"https:\/\/kobra.si\/en\/spletna-trgovina-kobra\/namizna-svetilka-za-branje-yeelight-pura\/","title":{"rendered":"Namizna svetilka za branje Yeelight Pura"},"content":{"rendered":"<h3>Namizna svetilka za branje Yeelight Pura<\/h3>\n<p>Svetilka za branje Yeelight Pura zagotavlja udobje med delom, u\u010denjem in branjem. Z indeksom CRI Ra95 so barve natan\u010dno reproducirane, svetilnost 450 lm pa omogo\u010da optimalno osvetlitev delovnega prostora. Na voljo so 3 stopnje barvne temperature in na\u010din no\u010dne svetlobe, ki vam pomaga zaspati. Kot svetlobe lahko prilagodite za 360\u00b0. Napravo boste napajali prek priklju\u010dka USB-C.<\/p>\n<p>\n<img decoding=\"async\" border=\"0\" src=\"https:\/\/assets.innpro.pl\/11858\/14029\/3.jpg\" title=\"\">\n<\/p>\n<h3>Re\u0161itve za zdravje o\u010di<\/h3>\n<p>Svetlobne diode LED posnemajo naravno son\u010dno svetlobo in zmanj\u0161ujejo utrujenost o\u010di pri dolgotrajnem delu ali branju. Svetilka ne oddaja \u0161kodljive modre svetlobe, njena stopnja opti\u010dne varnosti (RG0) pa zagotavlja udobno uporabo tudi ve\u010d ur. Z oceno CRI Ra95 so barve jasne in naravne, kar je \u0161e posebej pomembno pri opravljanju nalog, ki zahtevajo natan\u010dnost.<\/p>\n<p>\n<img decoding=\"async\" border=\"0\" src=\"https:\/\/assets.innpro.pl\/11858\/14029\/4.jpg\" title=\"\">\n<\/p>\n<h3>Prilagodljiva osvetlitev<\/h3>\n<p>Namizna svetilka za branje Yeelight Pura ponuja svetilnost do 450 lm, ki u\u010dinkovito osvetljuje delovni prostor, odpravlja sence in pove\u010duje udobje. Svetlobo lahko prilagodite svojim potrebam tako, da izbirate med tremi stopnjami barvne temperature &#8211; toplo (3000 K) za sprostitev, nevtralno (3800 K) za branje in hladno (5000 K) za la\u017ejo koncentracijo. Poleg tega lahko s 4 stopnjami svetlosti prilagodite intenzivnost svetlobe tako, da bo ustrezala vsaki situaciji.<\/p>\n<p>\n<img decoding=\"async\" border=\"0\" src=\"https:\/\/assets.innpro.pl\/11858\/14029\/7.jpg\" title=\"\">\n<\/p>\n<h3>Na\u010din no\u010dne svetlobe za miren spanec<\/h3>\n<p>V na\u010dinu Night Light svetilka zagotavlja mehko in toplo osvetlitev s svetilnostjo 15 lm, ki se dobro obnese ob ve\u010derih, ko se \u017eelite sprostiti pred spanjem ali potrebujete mehko svetlobo v spalnici. Rahel sij ne blesti v o\u010di in vam pomaga pri udobnem zaspanju.<\/p>\n<p>\n<img decoding=\"async\" border=\"0\" src=\"https:\/\/assets.innpro.pl\/11858\/14029\/2.jpg\" title=\"\">\n<\/p>\n<h3>Intuitivno upravljanje<\/h3>\n<p>Upravljanje svetilke je enostavno s pomo\u010djo plo\u0161\u010de na dotik na podstavku. Z enim samim dotikom lahko napravo vklopite ali izklopite, prilagodite svetlost, spremenite barvno temperaturo in aktivirate na\u010din no\u010dne svetlobe.<\/p>\n<p>\n<img decoding=\"async\" border=\"0\" src=\"https:\/\/assets.innpro.pl\/11858\/14029\/8.jpg\" title=\"\">\n<\/p>\n<h3>Prefinjena zasnova<\/h3>\n<p>Prilagodljiva roka svetilke, ki jo je mogo\u010de zavrteti za 360\u00b0, omogo\u010da natan\u010dno nastavitev kota svetlobe. Zaradi zaobljenih robov je uporaba varnej\u0161a, zaradi mehkega materiala pa je naprava prijetna na dotik.<\/p>\n<p>\n<img decoding=\"async\" border=\"0\" src=\"https:\/\/assets.innpro.pl\/11858\/14029\/5.jpg\" title=\"\">\n<\/p>\n<div class=\"table-wrapper\">\n<h3><\/h3>\n<table>\n<tbody>\n<tr>\n<th>Proizvajalec<\/th>\n<td>Yeelight<\/td>\n<\/tr>\n<tr>\n<th>Koda proizvajalca<\/th>\n<td>YLYTD-0034<\/td>\n<\/tr>\n<tr>\n<th>Svetlobni tok<\/th>\n<td>450 lm<\/td>\n<\/tr>\n<tr>\n<th>Barvna temperatura<\/th>\n<td>3000K \/ 3800K \/ 5000K<\/td>\n<\/tr>\n<tr>\n<th>Nazivna mo\u010d<\/th>\n<td>12 W<\/td>\n<\/tr>\n<tr>\n<th>Vhodna napetost<\/th>\n<td>100-240 V<\/td>\n<\/tr>\n<\/tbody>\n<\/table>\n<\/div>","protected":false},"excerpt":{"rendered":"<p>Na zalogi pri zunanjem dobavitelju. Rok dostave 3-5dni.<\/p>","protected":false},"featured_media":27024,"template":"","meta":{"_monsterinsights_skip_tracking":false,"_monsterinsights_sitenote_active":false,"_monsterinsights_sitenote_note":"","_monsterinsights_sitenote_category":0},"product_brand":[],"product_cat":[263,256,255],"product_tag":[],"class_list":{"0":"post-25419","1":"product","2":"type-product","3":"status-publish","4":"has-post-thumbnail","6":"product_cat-notranja-svetila","7":"product_cat-svetila","8":"product_cat-vsi","10":"first","11":"instock","12":"taxable","13":"shipping-taxable","14":"purchasable","15":"product-type-simple"},"jetpack_sharing_enabled":true,"_links":{"self":[{"href":"https:\/\/kobra.si\/en\/wp-json\/wp\/v2\/product\/25419","targetHints":{"allow":["GET"]}}],"collection":[{"href":"https:\/\/kobra.si\/en\/wp-json\/wp\/v2\/product"}],"about":[{"href":"https:\/\/kobra.si\/en\/wp-json\/wp\/v2\/types\/product"}],"version-history":[{"count":1,"href":"https:\/\/kobra.si\/en\/wp-json\/wp\/v2\/product\/25419\/revisions"}],"predecessor-version":[{"id":25570,"href":"https:\/\/kobra.si\/en\/wp-json\/wp\/v2\/product\/25419\/revisions\/25570"}],"wp:featuredmedia":[{"embeddable":true,"href":"https:\/\/kobra.si\/en\/wp-json\/wp\/v2\/media\/27024"}],"wp:attachment":[{"href":"https:\/\/kobra.si\/en\/wp-json\/wp\/v2\/media?parent=25419"}],"wp:term":[{"taxonomy":"product_brand","embeddable":true,"href":"https:\/\/kobra.si\/en\/wp-json\/wp\/v2\/product_brand?post=25419"},{"taxonomy":"product_cat","embeddable":true,"href":"https:\/\/kobra.si\/en\/wp-json\/wp\/v2\/product_cat?post=25419"},{"taxonomy":"product_tag","embeddable":true,"href":"https:\/\/kobra.si\/en\/wp-json\/wp\/v2\/product_tag?post=25419"}],"curies":[{"name":"wp","href":"https:\/\/api.w.org\/{rel}","templated":true}]}}