{"id":25415,"date":"2025-03-27T14:59:32","date_gmt":"2025-03-27T13:59:32","guid":{"rendered":"https:\/\/kobra.si\/spletna-trgovina-kobra\/yeelight-cube-4-matrix-4-pakiranja\/"},"modified":"2026-03-16T21:00:27","modified_gmt":"2026-03-16T20:00:27","slug":"yeelight-cube-4-matrix-4-pakiranja","status":"publish","type":"product","link":"https:\/\/kobra.si\/en\/spletna-trgovina-kobra\/yeelight-cube-4-matrix-4-pakiranja\/","title":{"rendered":"Yeelight Cube 4-Matrix (4 pakiranja)"},"content":{"rendered":"<h3>Yeelight Cube 4-Matrix (4 pakiranja)<\/h3>\n<p>S kompletom Yeelight Cube 4-Matrix boste lahko prebudili svojo ustvarjalnost in poskrbeli za neverjetno vzdu\u0161je v vsakem prostoru. \u0160tiri igralne plo\u0161\u010de v kombinaciji z namensko podlago vam omogo\u010dajo, da se takoj za\u010dnete igrati z dinami\u010dnimi svetlobnimi aran\u017emaji. Prika\u017eete lahko emojije, \u010drke in druge vzorce ter tako po\u017eivite svoj prostor.  Vsaka plo\u0161\u010da ima 25 naslovljivih diod LED, ki ponujajo neskon\u010dne mo\u017enosti prilagajanja &#8211; od ustvarjanja edinstvenih vzorcev do sinhronizacije z glasbo in sodelovanja z igrami.<\/p>\n<p>\n<img decoding=\"async\" border=\"0\" src=\"https:\/\/assets.innpro.pl\/11220\/13230\/1.jpg\" title=\"\">\n<\/p>\n<h3>Ustvarite popolno osvetlitev<\/h3>\n<p>Paneli Yeelight Cube 4-Matrix vam zaradi matrike s 25 naslovljivimi diodami LED omogo\u010dajo sestavljanje svetlobnih vzorcev po va\u0161i izbiri. V namenski aplikaciji lahko vsako plo\u0161\u010do prilagodite z risanjem vzorcev, spreminjanjem barv in ustvarjanjem dinami\u010dnih svetlobnih u\u010dinkov. Komplet deluje s platformami, kot sta Razer Chroma in Overwolf, zato se lahko plo\u0161\u010de sinhronizirajo z vzdu\u0161jem v igri in v realnem \u010dasu ustvarijo edinstvene vizualne u\u010dinke. Ustvarite lahko tudi uro. Ni\u010d ve\u010d ne omejujte svoje ustvarjalnosti!<\/p>\n<p>\n<img decoding=\"async\" border=\"0\" src=\"https:\/\/assets.innpro.pl\/11220\/13230\/7.jpg\" title=\"\">\n<\/p>\n<h3>Sinhronizirajte se z glasbo in zaslonom<\/h3>\n<p>Yeelight Cube 4-Matrix vam omogo\u010da integracijo z glasbo in zaslonom. Zahvaljujo\u010d tehnologiji ARGB se plo\u0161\u010de odzivajo na ritem va\u0161ih najljub\u0161ih skladb in spreminjajo svetlobo skladno z glasbo. Poleg tega kocke dinami\u010dno odra\u017eajo barve, ki so prikazane na monitorju, in tako ustvarijo poglobljeno vizualno izku\u0161njo med igranjem, gledanjem filmov ali spro\u0161\u010danjem.<\/p>\n<p>\n<img decoding=\"async\" border=\"0\" src=\"https:\/\/assets.innpro.pl\/11220\/13230\/2.jpg\" title=\"\">\n<\/p>\n<h3>Udobno upravljanje<\/h3>\n<p>Upravljajte plo\u0161\u010de Yeelight Cube 4-Matrix Pack na na\u010din, ki najbolj ustreza va\u0161im potrebam. Zaradi zdru\u017eljivosti s protokolom Matter se bodo kocke zlahka povezale s sistemi Apple HomeKit, Google Home ali Samsung SmartThings. Upravljajte vse svoje pametne naprave z eno samo aplikacijo, ne da bi morali nenehno preklapljati med razli\u010dnimi platformami! Plo\u0161\u010de delujejo tudi z glasovnimi pomo\u010dniki, kot so Amazon Alexa, Google Assistant ali Yandex Alice, kar vam omogo\u010da upravljanje z glasovnimi ukazi. Na voljo je tudi ra\u010dunalni\u0161ka aplikacija Yeelight Station, ki vam omogo\u010da popoln nadzor nad razsvetljavo.<\/p>\n<p>\n<img decoding=\"async\" border=\"0\" src=\"https:\/\/assets.innpro.pl\/11220\/13230\/6.jpg\" title=\"\">\n<\/p>\n<h3>Pripravljen komplet za ustvarjalce<\/h3>\n<p>V kompletu so \u0161tiri plo\u0161\u010de Yeelight Cube Light Matrix, namensko podno\u017eje in adapter, zato lahko u\u010dinkovito za\u010dnete uporabljati osvetlitev Yeelight. Na eno samo podlago lahko namestite do \u0161est kock, kar vam omogo\u010da nadaljnjo raz\u0161iritev svetlobnega sistema. Zaradi vgrajenih magnetov vam povezovanje modulov ne bo povzro\u010dalo te\u017eav. Lo\u010deno so naprodaj tudi druge razli\u010dice izdelka &#8211; Smart Cube Light Panel, ki zagotavlja mehko, barvito svetlobo, in Smart Cube Light Spot, ki deluje kot reflektor. Vsak kos odlikuje eleganten matiran zaklju\u010dek, ki se bo odli\u010dno podal v vsako notranjost.<\/p>\n<p>\n<img decoding=\"async\" border=\"0\" src=\"https:\/\/assets.innpro.pl\/11220\/13230\/4.jpg\" title=\"\">\n<\/p>\n<h3>Vklju\u010deno:<\/h3>\n<ul class=\"list-disc pl-5\">\n<li>Yeelight Smart Cube Matrix gaming light panel x4<\/li>\n<li>Podstavek<\/li>\n<li>Adapter<\/li>\n<\/ul>\n<div class=\"table-wrapper\">\n<h3><\/h3>\n<table>\n<tbody>\n<tr>\n<th>Proizvajalec:<\/th>\n<td>Yeelight<\/td>\n<\/tr>\n<tr>\n<th>Koda proizvajalca<\/th>\n<td>YLFWD-0050<\/td>\n<\/tr>\n<tr>\n<th>Nazivna vhodna mo\u010d (z adapterjem)<\/th>\n<td>100-240 V ~ 50\/60 Hz, 0,17 A<\/td>\n<\/tr>\n<tr>\n<th>Nazivna mo\u010d<\/th>\n<td>12VDC &#8211; 6 W<\/td>\n<\/tr>\n<tr>\n<th>Brez\u017ei\u010dna povezljivost<\/th>\n<td>Wi-Fi IEEE 802.11 b\/g\/n 2,4 GHz, Bluetooth 5.0 BLE<\/td>\n<\/tr>\n<tr>\n<th>Zdru\u017eljivi sistemi<\/th>\n<td>Android 7.0 in iOS 16.2 ali novej\u0161i<\/td>\n<\/tr>\n<tr>\n<th>Najve\u010dje \u0161tevilo povezanih plo\u0161\u010d<\/th>\n<td>6<\/td>\n<\/tr>\n<tr>\n<th>Dimenzije<\/th>\n<td>75 x 75 x 75 mm (plo\u0161\u010da), 75 x 75 x 19,5 mm podstavek)<\/td>\n<\/tr>\n<\/tbody>\n<\/table>\n<\/div>","protected":false},"excerpt":{"rendered":"<p>Na zalogi pri zunanjem dobavitelju. Rok dostave 3-5dni.<\/p>","protected":false},"featured_media":27023,"template":"","meta":{"_monsterinsights_skip_tracking":false,"_monsterinsights_sitenote_active":false,"_monsterinsights_sitenote_note":"","_monsterinsights_sitenote_category":0},"product_brand":[],"product_cat":[263,256,255],"product_tag":[],"class_list":{"0":"post-25415","1":"product","2":"type-product","3":"status-publish","4":"has-post-thumbnail","6":"product_cat-notranja-svetila","7":"product_cat-svetila","8":"product_cat-vsi","10":"first","11":"instock","12":"taxable","13":"shipping-taxable","14":"purchasable","15":"product-type-simple"},"jetpack_sharing_enabled":true,"_links":{"self":[{"href":"https:\/\/kobra.si\/en\/wp-json\/wp\/v2\/product\/25415","targetHints":{"allow":["GET"]}}],"collection":[{"href":"https:\/\/kobra.si\/en\/wp-json\/wp\/v2\/product"}],"about":[{"href":"https:\/\/kobra.si\/en\/wp-json\/wp\/v2\/types\/product"}],"version-history":[{"count":1,"href":"https:\/\/kobra.si\/en\/wp-json\/wp\/v2\/product\/25415\/revisions"}],"predecessor-version":[{"id":26098,"href":"https:\/\/kobra.si\/en\/wp-json\/wp\/v2\/product\/25415\/revisions\/26098"}],"wp:featuredmedia":[{"embeddable":true,"href":"https:\/\/kobra.si\/en\/wp-json\/wp\/v2\/media\/27023"}],"wp:attachment":[{"href":"https:\/\/kobra.si\/en\/wp-json\/wp\/v2\/media?parent=25415"}],"wp:term":[{"taxonomy":"product_brand","embeddable":true,"href":"https:\/\/kobra.si\/en\/wp-json\/wp\/v2\/product_brand?post=25415"},{"taxonomy":"product_cat","embeddable":true,"href":"https:\/\/kobra.si\/en\/wp-json\/wp\/v2\/product_cat?post=25415"},{"taxonomy":"product_tag","embeddable":true,"href":"https:\/\/kobra.si\/en\/wp-json\/wp\/v2\/product_tag?post=25415"}],"curies":[{"name":"wp","href":"https:\/\/api.w.org\/{rel}","templated":true}]}}