{"id":25384,"date":"2025-03-27T14:58:34","date_gmt":"2025-03-27T13:58:34","guid":{"rendered":"https:\/\/kobra.si\/spletna-trgovina-kobra\/yeelight-pura-monitor-light-bar-pro\/"},"modified":"2026-04-22T20:59:28","modified_gmt":"2026-04-22T18:59:28","slug":"yeelight-pura-monitor-light-bar-pro","status":"publish","type":"product","link":"https:\/\/kobra.si\/en\/spletna-trgovina-kobra\/yeelight-pura-monitor-light-bar-pro\/","title":{"rendered":"Yeelight Pura Monitor Light Bar Pro"},"content":{"rendered":"<h3>Yeelight Pura Monitor Light Bar Pro<\/h3>\n<p>Yeelight Pura Monitor Light Bar Pro zagotavlja maksimalno udobje in funkcionalnost za vse uporabnike ra\u010dunalnika. Z mo\u017enostjo prilagajanja barvne temperature na 4 stopnjah od 3000 do 6500 K in jakosti svetlobe do 1446 luksov lahko u\u017eivate v optimalni osvetlitvi. Svetilka je opremljena z vhodom USB-C in zagotavlja zdru\u017eljivost z zasloni velikosti od 24 do 34 palcev.<\/p>\n<p>\n<img decoding=\"async\" border=\"0\" src=\"https:\/\/assets.innpro.pl\/11217\/13227\/1.jpg\" title=\"\">\n<\/p>\n<h3>Popolna osvetlitev za va\u0161o delovno postajo<\/h3>\n<p>Monitorska svetilka Yeelight Pura Monitor Light Bar Pro zagotavlja enakomerno osvetlitev (45\u00b0) do 1350 luksov na sredini delovne postaje in zmanj\u0161uje ble\u0161\u010danje. Popolnoma razpr\u0161ena svetloba vam omogo\u010da, da se osredoto\u010dite na delo ali \u0161tudij, hkrati pa \u0161\u010diti va\u0161 vid pred utrujenostjo.<\/p>\n<p>\n<img decoding=\"async\" border=\"0\" src=\"https:\/\/assets.innpro.pl\/11217\/13227\/2.jpg\" title=\"\">\n<\/p>\n<h3>Naravna reprodukcija barv<\/h3>\n<p>Z indeksom barvne reprodukcije Ra98 svetlobna vrstica za monitor Yeelight Pura zvesto reproducira barve &#8211; zato bo izpolnila pri\u010dakovanja grafi\u010dnih oblikovalcev, oblikovalcev in vseh, ki cenijo naravno svetlobo. Uporabljena re\u0161itev prav tako pomaga ohranjati zdravje o\u010di in zmanj\u0161uje njihovo utrujenost.<\/p>\n<p>\n<img decoding=\"async\" border=\"0\" src=\"https:\/\/assets.innpro.pl\/11217\/13227\/4.jpg\" title=\"\">\n<\/p>\n<h3>Prilagodljiva osvetlitev<\/h3>\n<p>Izdelek ponuja popoln nadzor nad nastavitvami svetlobe &#8211; gladko lahko prilagajate njeno intenzivnost in barvno temperaturo od 3000 K (topla svetloba) do 6500 K (hladna svetloba). Vgrajeni senzor samodejno prilagodi svetlost okoli\u0161kim razmeram in tako zagotovi najve\u010dje udobje.<\/p>\n<p>\n<img decoding=\"async\" border=\"0\" src=\"https:\/\/assets.innpro.pl\/11217\/13227\/5.jpg\" title=\"\">\n<\/p>\n<h3>Zdru\u017eljiv z ve\u010dino zaslonov<\/h3>\n<p>Naprava je primerna za zaslone velikosti od 24 do 34 palcev in debeline od 5 do 90 mm, vklju\u010dno z monitorji z ukrivljenimi zasloni (1000R-1800R).<\/p>\n<p>\n<img decoding=\"async\" border=\"0\" src=\"https:\/\/assets.innpro.pl\/11217\/13227\/6.jpg\" title=\"\">\n<\/p>\n<h3>Enostavna uporaba in napajanje prek USB-C<\/h3>\n<p>Svetilko boste napajali neposredno iz ra\u010dunalnika, saj je opremljena z vhodom USB-C. Upravljanje poteka prek gumba ali daljinskega upravljalnika, s katerim lahko med drugim hitro prilagodite svetlost ali barvno temperaturo.<\/p>\n<p>\n<img decoding=\"async\" border=\"0\" src=\"https:\/\/assets.innpro.pl\/11217\/13227\/3.jpg\" title=\"\">\n<\/p>\n<div class=\"table-wrapper\">\n<h3><\/h3>\n<table>\n<tbody>\n<tr>\n<th>Proizvajalec<\/th>\n<td>Yeelight<\/td>\n<\/tr>\n<tr>\n<th>Koda proizvajalca<\/th>\n<td>YLBGD-0110<\/td>\n<\/tr>\n<tr>\n<th>Svetlobni tok<\/th>\n<td>1446 luksov<\/td>\n<\/tr>\n<tr>\n<th>Barvna temperatura<\/th>\n<td>3000K \/ 4000K \/ 5000K \/ 6500K<\/td>\n<\/tr>\n<tr>\n<th>Nazivna mo\u010d<\/th>\n<td>5 W<\/td>\n<\/tr>\n<tr>\n<th>Power supply<\/th>\n<td>100-240 V<\/td>\n<\/tr>\n<tr>\n<th>Zdru\u017eljivost<\/th>\n<td>Zasloni z diagonalo od 24 do 34 palcev in debelino od 5 do 90 mm<\/td>\n<\/tr>\n<tr>\n<th>Dol\u017eina svetilke<\/th>\n<td>52 cm<\/td>\n<\/tr>\n<\/tbody>\n<\/table>\n<\/div>","protected":false},"excerpt":{"rendered":"<p>Na zalogi pri zunanjem dobavitelju. Rok dostave 3-5dni.<\/p>","protected":false},"featured_media":27005,"template":"","meta":{"_monsterinsights_skip_tracking":false,"_monsterinsights_sitenote_active":false,"_monsterinsights_sitenote_note":"","_monsterinsights_sitenote_category":0},"product_brand":[],"product_cat":[263,256,255],"product_tag":[],"class_list":{"0":"post-25384","1":"product","2":"type-product","3":"status-publish","4":"has-post-thumbnail","6":"product_cat-notranja-svetila","7":"product_cat-svetila","8":"product_cat-vsi","10":"first","11":"instock","12":"taxable","13":"shipping-taxable","14":"purchasable","15":"product-type-simple"},"jetpack_sharing_enabled":true,"_links":{"self":[{"href":"https:\/\/kobra.si\/en\/wp-json\/wp\/v2\/product\/25384","targetHints":{"allow":["GET"]}}],"collection":[{"href":"https:\/\/kobra.si\/en\/wp-json\/wp\/v2\/product"}],"about":[{"href":"https:\/\/kobra.si\/en\/wp-json\/wp\/v2\/types\/product"}],"version-history":[{"count":1,"href":"https:\/\/kobra.si\/en\/wp-json\/wp\/v2\/product\/25384\/revisions"}],"predecessor-version":[{"id":26068,"href":"https:\/\/kobra.si\/en\/wp-json\/wp\/v2\/product\/25384\/revisions\/26068"}],"wp:featuredmedia":[{"embeddable":true,"href":"https:\/\/kobra.si\/en\/wp-json\/wp\/v2\/media\/27005"}],"wp:attachment":[{"href":"https:\/\/kobra.si\/en\/wp-json\/wp\/v2\/media?parent=25384"}],"wp:term":[{"taxonomy":"product_brand","embeddable":true,"href":"https:\/\/kobra.si\/en\/wp-json\/wp\/v2\/product_brand?post=25384"},{"taxonomy":"product_cat","embeddable":true,"href":"https:\/\/kobra.si\/en\/wp-json\/wp\/v2\/product_cat?post=25384"},{"taxonomy":"product_tag","embeddable":true,"href":"https:\/\/kobra.si\/en\/wp-json\/wp\/v2\/product_tag?post=25384"}],"curies":[{"name":"wp","href":"https:\/\/api.w.org\/{rel}","templated":true}]}}