{"id":25149,"date":"2025-03-27T14:52:13","date_gmt":"2025-03-27T13:52:13","guid":{"rendered":"https:\/\/kobra.si\/spletna-trgovina-kobra\/yeelight-stropna-svetilka-c2201c400\/"},"modified":"2026-04-20T20:56:20","modified_gmt":"2026-04-20T18:56:20","slug":"yeelight-stropna-svetilka-c2201c400","status":"publish","type":"product","link":"https:\/\/kobra.si\/en\/spletna-trgovina-kobra\/yeelight-stropna-svetilka-c2201c400\/","title":{"rendered":"Yeelight stropna svetilka C2201C400"},"content":{"rendered":"<h3 style=\"text-align: center\">Pametna stropna svetilka Yeelight Light C2201C400<\/h3>\n<p>Osvetlite prostore s toplo in o\u010dem prijetno svetlobo. Pametna stropna svetilka Yeelight ponuja nastavljivo svetlost, barvo in barvno temperaturo, z njeno namestitvijo pa ne boste imeli te\u017eav. Poleg tega je njeno upravljanje olaj\u0161ano z aplikacijo in glasovnimi ukazi. Izdelek je zdru\u017eljiv tudi s pametnim zatemnilnikom in daljinskim upravljalnikom Yeelight, ki sta na voljo lo\u010deno. Poleg tega svetilko odlikuje vodoodpornost IP54, njena minimalisti\u010dna, tanka oblika pa bo eleganten dodatek va\u0161i notranjosti.<\/p>\n<p><img fetchpriority=\"high\" decoding=\"async\" src=\"https:\/\/b2b.innpro.pl\/data\/include\/cms\/12Yeelight\/YLXDD-0034\/3.jpg\" border=\"0\" alt=\"\" width=\"1100\" height=\"700\" title=\"\"><\/p>\n<\/p>\n<h3 style=\"text-align: center\">Skrbno premi\u0161ljena zasnova<\/h3>\n<p>Svetilko odlikuje minimalisti\u010dna in izjemno tanka zasnova, zato se bo prilegala skoraj vsaki sodobni notranjosti. Poleg tega ponuja glavno, dvojno belo svetlobo, ki pada na prostor, in barvno svetlobo, ki na strop me\u010de barvit sij in v prostoru ustvarja edinstveno vzdu\u0161je. Svetilka je odporna na vodo po standardu IP54, zato jo lahko uspe\u0161no namestite v kuhinjo, kopalnico ali celo na teraso. Poleg tega zrakotesna zasnova prepre\u010duje vdor prahu in \u017eu\u017eelk v svetilko. Po drugi strani pa je prilo\u017eeno podno\u017eje odgovorno za hitro in enostavno namestitev &#8211; samo zaklenite ga na mesto.<\/p>\n<p><img decoding=\"async\" src=\"https:\/\/b2b.innpro.pl\/data\/include\/cms\/12Yeelight\/YLXDD-0034\/4.jpg\" border=\"0\" alt=\"\" width=\"1100\" height=\"700\" title=\"\"><\/p>\n<\/p>\n<h3 style=\"text-align: center\">Ve\u010d mo\u017enosti upravljanja<\/h3>\n<p>U\u017eivajte v svobodi uporabe, ki jo ponuja svetilka Yeelight. Pametna svetilka C2201C400 deluje z aplikacijami Google Assistant, Apple Homekit, Amazon Alexa in Samsung SmartThings, zato lahko delovanje naprave prilagodite s preprostim glasovnim ukazom. Poleg tega lahko uporabite namensko aplikacijo Yeelight ali daljinski upravljalnik (ni prilo\u017een). Svetilka podpira tudi razpolo\u017eljivi pametni zatemnilnik Yeelight Smart Dimmer, s katerim lahko svetilko upravljate na daljavo, tudi ko je izklopljena s stikalom zvonca.<\/p>\n<p><img decoding=\"async\" src=\"https:\/\/b2b.innpro.pl\/data\/include\/cms\/12Yeelight\/YLXDD-0034\/12.jpg\" border=\"0\" alt=\"\" width=\"1100\" height=\"700\" title=\"\"><\/p>\n<\/p>\n<h3 style=\"text-align: center\">Ne\u017ena svetloba za o\u010di<\/h3>\n<p>Svetilka ustvarja svetlobo, ki je topla in prijetna za o\u010di, zato vam ni treba skrbeti, da bi se po\u010dutili utrujeno ali neprijetno. Poleg tega je opremljena z na\u010dinom mese\u010dne svetlobe, ki omogo\u010da nizke ravni svetlosti. Odli\u010dno se bo obnesla v spalnici ali otro\u0161ki sobi, saj bo prostor obkro\u017eila z mehko svetlobo.<\/p>\n<p><img loading=\"lazy\" decoding=\"async\" src=\"https:\/\/b2b.innpro.pl\/data\/include\/cms\/12Yeelight\/YLXDD-0034\/10.jpg\" border=\"0\" alt=\"\" width=\"1100\" height=\"700\" title=\"\"><\/p>\n<\/p>\n<h3 style=\"text-align: center\">Deluje, kot \u017eelite<\/h3>\n<p>Prilagodite delovanje svetilke svojim potrebam. Prilagodite lahko njeno svetlost ali barvno temperaturo (2700-6500 K). Poleg tega lahko v aplikaciji Yeelight prilagodite barvo svetlobe &#8211; izbirate lahko med kar 16 milijoni barv. \u010ce \u017eelite napravo \u0161e bolj prilagoditi, nastavite \u010dasovnik in svetilka se bo ugasnila ob izbranem \u010dasu.<\/p>\n<p><img loading=\"lazy\" decoding=\"async\" src=\"https:\/\/b2b.innpro.pl\/data\/include\/cms\/12Yeelight\/YLXDD-0034\/7.jpg\" border=\"0\" alt=\"\" width=\"1100\" height=\"700\" title=\"\"><\/p>\n<\/p>\n<h3>Vklju\u010deno<\/h3>\n<ul>\n<li>svetilka<\/li>\n<li>monta\u017eni elementi (samorezni vijak x2, zidni vti\u010d x2, silikonska podlo\u017eka x2)<\/li>\n<li>instructions manual<\/li>\n<\/ul>\n<h3>Specifikacije: &#8211; Vgrajena je svetilka, ki se pri\u017ege v svetilko:<\/h3>\n<div class=\"table-wrapper\">\n<table>\n<tbody>\n<tr>\n<th>Proizvajalec:<\/th>\n<td>Yeelight<\/td>\n<\/tr>\n<tr>\n<th>Model<\/th>\n<td>YLXDD-0034<\/td>\n<\/tr>\n<tr>\n<th>Ime<\/th>\n<td>Yeelight Ultra slim pametna stropna svetilka<\/td>\n<\/tr>\n<tr>\n<th>Temperatura barve<\/th>\n<td>2700-6500 K<\/td>\n<\/tr>\n<tr>\n<th>Svetlost<\/th>\n<td>2000 lm@4000K<\/td>\n<\/tr>\n<tr>\n<th>Nazivna napetost<\/th>\n<td>220-240 V ~ 50\/60 Hz Max. 0.127A<\/td>\n<\/tr>\n<tr>\n<th>Nazivna mo\u010d<\/th>\n<td>24 W<\/td>\n<\/tr>\n<tr>\n<th>Delovna vla\u017enost<\/th>\n<td>0-85 % RH<\/td>\n<\/tr>\n<tr>\n<th>Working temperature<\/th>\n<td>-20 \u00b0C do 40 \u00b0C<\/td>\n<\/tr>\n<tr>\n<th>Zdru\u017eljivost<\/th>\n<td>Android 4.4 (ali novej\u0161i), iOS 9.0 (ali novej\u0161i)<\/td>\n<\/tr>\n<tr>\n<th>Upravljanje<\/th>\n<td>Google Home, Apple Home, Samsung SmartThings, Amazon Alexa, aplikacija Yeelight, Smart Dimmer, daljinski upravljalnik Yeelight<\/td>\n<\/tr>\n<tr>\n<th>Dimenzije<\/th>\n<td>\u03c6400 x 25 mm<\/td>\n<\/tr>\n<tr>\n<th>Vodotesnost<\/th>\n<td>IP54<\/td>\n<\/tr>\n<tr>\n<th>Brez\u017ei\u010dna povezljivost<\/th>\n<td>Wi-Fi IEEE 802.11 b\/g\/n 2,4 GHz, Bluetooth 4.2 BLE<\/td>\n<\/tr>\n<tr>\n<th>Delovna frekvenca<\/th>\n<td>2412-2472 MHz (Wi-Fi), 2402-2480 MHz (BT)<\/td>\n<\/tr>\n<tr>\n<th>Najve\u010dja izhodna mo\u010d<\/th>\n<td>20 dBm (Wi-Fi), 0 dBm (BT-LE)<\/td>\n<\/tr>\n<tr>\n<th>Zamenljiv svetlobni vir LED<\/th>\n<td>Da<\/td>\n<\/tr>\n<\/tbody>\n<\/table>\n<\/div>\n<p><!--\n.table-wrapper{width:100%;overflow-x:auto}.table-wrapper&gt;-->table{border-spacing:0}.table-wrapper&gt;table&gt;tbody&gt;tr&gt;td,.table-wrapper&gt;table&gt;tbody&gt;tr&gt;th{padding:10px 35px;text-align:left}.table-wrapper&gt;table&gt;tbody&gt;tr&gt;th{vertical-align:top}.table-wrapper&gt;table&gt;tbody&gt;tr:nth-child(even){background-color:#f7f7f7}<br \/>\n&#8211;&gt;<\/p>","protected":false},"excerpt":{"rendered":"<p>Na zalogi pri zunanjem dobavitelju. Rok dostave 3-5dni.<\/p>","protected":false},"featured_media":26916,"template":"","meta":{"_monsterinsights_skip_tracking":false,"_monsterinsights_sitenote_active":false,"_monsterinsights_sitenote_note":"","_monsterinsights_sitenote_category":0},"product_brand":[],"product_cat":[263,256,255],"product_tag":[],"class_list":{"0":"post-25149","1":"product","2":"type-product","3":"status-publish","4":"has-post-thumbnail","6":"product_cat-notranja-svetila","7":"product_cat-svetila","8":"product_cat-vsi","10":"first","11":"instock","12":"taxable","13":"shipping-taxable","14":"purchasable","15":"product-type-simple"},"jetpack_sharing_enabled":true,"_links":{"self":[{"href":"https:\/\/kobra.si\/en\/wp-json\/wp\/v2\/product\/25149","targetHints":{"allow":["GET"]}}],"collection":[{"href":"https:\/\/kobra.si\/en\/wp-json\/wp\/v2\/product"}],"about":[{"href":"https:\/\/kobra.si\/en\/wp-json\/wp\/v2\/types\/product"}],"version-history":[{"count":1,"href":"https:\/\/kobra.si\/en\/wp-json\/wp\/v2\/product\/25149\/revisions"}],"predecessor-version":[{"id":25917,"href":"https:\/\/kobra.si\/en\/wp-json\/wp\/v2\/product\/25149\/revisions\/25917"}],"wp:featuredmedia":[{"embeddable":true,"href":"https:\/\/kobra.si\/en\/wp-json\/wp\/v2\/media\/26916"}],"wp:attachment":[{"href":"https:\/\/kobra.si\/en\/wp-json\/wp\/v2\/media?parent=25149"}],"wp:term":[{"taxonomy":"product_brand","embeddable":true,"href":"https:\/\/kobra.si\/en\/wp-json\/wp\/v2\/product_brand?post=25149"},{"taxonomy":"product_cat","embeddable":true,"href":"https:\/\/kobra.si\/en\/wp-json\/wp\/v2\/product_cat?post=25149"},{"taxonomy":"product_tag","embeddable":true,"href":"https:\/\/kobra.si\/en\/wp-json\/wp\/v2\/product_tag?post=25149"}],"curies":[{"name":"wp","href":"https:\/\/api.w.org\/{rel}","templated":true}]}}