{"id":25020,"date":"2025-03-27T14:48:20","date_gmt":"2025-03-27T13:48:20","guid":{"rendered":"https:\/\/kobra.si\/spletna-trgovina-kobra\/yeelight-senzorska-luc-za-omaro-60-cm-crna-4000-k\/"},"modified":"2026-04-22T20:55:41","modified_gmt":"2026-04-22T18:55:41","slug":"yeelight-senzorska-luc-za-omaro-60-cm-crna-4000-k","status":"publish","type":"product","link":"https:\/\/kobra.si\/en\/spletna-trgovina-kobra\/yeelight-senzorska-luc-za-omaro-60-cm-crna-4000-k\/","title":{"rendered":"Yeelight senzorska lu\u010d za omaro 60 cm &#8211; \u010drna 4000 K"},"content":{"rendered":"<p><img decoding=\"async\" style=\"margin-left: auto;margin-right: auto\" src=\"\/data\/include\/cms\/1_DOMINIK\/xiaomi_logo1.png\" border=\"0\" alt=\"\" title=\"\"><\/p>\n<p style=\"text-align: center\"><strong><span style=\"font-size: 10pt\">Blagovna znamka Yeelight je del ekosistema Xiaomi.<\/span><\/strong><\/p>\n<p style=\"text-align: justify\">\n<h3>Yeelight senzor gibanja za svetlobo v omari 4000K<\/h3>\n<p>Ste kdaj po temi nekaj iskali v omari? Ko je lu\u010d ugasnjena, je pogosto nemogo\u010de najti karkoli, \u010de pa jo pri\u017egete, tvegate, da boste zbudili preostanek gospodinjstva. S svetilko Yeelight lahko pozabite na tak\u0161ne te\u017eave! Izjemno tanka lu\u010dka za omaro, ki zaznava gibanje, se samodejno vklopi, ko zazna va\u0161o prisotnost, in vam zagotavlja o\u010dem prijazno osvetlitev z barvno temperaturo 4000 K in nastavljivo svetlostjo. Ta brez\u017ei\u010dna naprava, ki jo je enostavno namestiti, je na voljo v treh velikostih in dveh barvah &#8211; zagotovo boste na\u0161li popolno razli\u010dico za vas.<\/p>\n<p><img fetchpriority=\"high\" decoding=\"async\" src=\"https:\/\/b2b.innpro.pl\/data\/include\/cms\/12Yeelight\/YLBGD-0046-Black\/1.jpg?v=1655462757651\" border=\"0\" width=\"1099\" height=\"699\" title=\"\"><\/p>\n<h3>Odkrijte prednosti lu\u010di s senzorjem gibanja<\/h3>\n<p>Ni\u010d ve\u010d iskanja pravih gumbov v temi. Lu\u010d ima vgrajen natan\u010den senzor gibanja z dosegom delovanja do 4 m spredaj in do 2 m na obeh straneh pod najve\u010djim kotom 120\u00b0. To zagotavlja, da bo svetilka v omari samodejno pri\u017egala lu\u010d takoj, ko bo zaznala va\u0161o prisotnost. Prehajanje po stanovanju in iskanje vsega, kar potrebujete po temi, je postalo la\u017eje!<\/p>\n<p><img decoding=\"async\" src=\"https:\/\/b2b.innpro.pl\/data\/include\/cms\/12Yeelight\/YLBGD-0046-Black\/2.jpg?v=1655462757651\" border=\"0\" width=\"1100\" height=\"700\" title=\"\"><\/p>\n<h3>Zagotovite optimalno osvetlitev in var\u010dujte z elektri\u010dno energijo<\/h3>\n<p>Naprava je opremljena s pametnim senzorjem, ki zaznava svetlobno ob\u010dutljivost in zaznava okoli\u0161ke razmere. \u010ce je v prostoru temno, se lu\u010d pri\u017ege, ko zazna va\u0161o prisotnost. \u010ce je prostor svetel, se lu\u010d ne bo pri\u017egala, s \u010dimer boste prihranili elektri\u010dno energijo. Lu\u010d v omari lahko kadar koli v dnevu vklopite tudi ro\u010dno, tako da preprosto pritisnete in dr\u017eite ustrezen gumb.<\/p>\n<p><img decoding=\"async\" src=\"https:\/\/b2b.innpro.pl\/data\/include\/cms\/12Yeelight\/YLBGD-0046-Black\/3.jpg?v=1655462757651\" border=\"0\" width=\"1101\" height=\"701\" title=\"\"><\/p>\n<h3>Vidu prijazna lu\u010d z nastavljivo svetlostjo<\/h3>\n<p>Svetilka ustvarja o\u010dem prijazno, toplo svetlobo z barvno temperaturo 4000 K. Tako lahko optimalno osvetli vsak koti\u010dek. \u0160e ve\u010d, svetlost svetlobe je mogo\u010de prilagoditi &#8211; tako jo lahko bolje prilagodite svojim potrebam, pri\u010dakovanjem ali navadam.<\/p>\n<p><img loading=\"lazy\" decoding=\"async\" src=\"https:\/\/b2b.innpro.pl\/data\/include\/cms\/12Yeelight\/YLBGD-0046-Black\/7.jpg?v=1655462757651\" border=\"0\" width=\"1101\" height=\"700\" title=\"\"><\/p>\n<h3>Popoln dodatek za izbrani prostor<\/h3>\n<p>\u0160irina svetilke je le 0,9 cm. Zaradi tega jo lahko brez te\u017eav postavite na izbrano mesto &#8211; ne bo zavzela preve\u010d prostora. Poleg tega visokokakovostna kovinska obdelava daje napravi sodoben, industrijski zna\u010daj &#8211; z njeno pomo\u010djo boste odli\u010dno dopolnili dekor katere koli notranjosti.<\/p>\n<p><img loading=\"lazy\" decoding=\"async\" src=\"https:\/\/b2b.innpro.pl\/data\/include\/cms\/12Yeelight\/YLBGD-0046-Black\/11.jpg?v=1655462757651\" border=\"0\" width=\"1100\" height=\"701\" title=\"\"><\/p>\n<h3>Pozabite na te\u017eave pri namestitvi<\/h3>\n<p>Namestitev naprave je pravlji\u010dno preprosta in vam bo vzela le nekaj trenutkov. Ni vam treba skrbeti za napeljavo ali vrtanje ustreznih lukenj. Preprosto uporabite prilo\u017eene samolepilne magnetne nosilce. Prilepite jih na izbrano mesto in nato nanje pritrdite svetilko. Po potrebi jo lahko tudi kadar koli odstranite in jo vzamete s seboj, kjer koli jo potrebujete. Opomba: samolepilni nosilci so za enkratno uporabo in jih ne smete odlepiti.<\/p>\n<p><img loading=\"lazy\" decoding=\"async\" src=\"https:\/\/b2b.innpro.pl\/data\/include\/cms\/12Yeelight\/YLBGD-0046-Black\/6.jpg?v=1655462757651\" border=\"0\" width=\"1100\" height=\"700\" title=\"\"><\/p>\n<h3>Dolg \u010das delovanja &#8211; priro\u010dno polnjenje<\/h3>\n<p>Ni vam treba skrbeti, da bo va\u0161a svetilka prehitro odpovedala. Vsaka razli\u010dica lu\u010di za omaro je opremljena z vzdr\u017eljivo akumulatorsko baterijo, ki zagotavlja presenetljivo dolg \u010das delovanja. Ob predpostavki, da napravo uporabljate zmerno pogosto, vam bo eno polnjenje zadostovalo za pribli\u017eno 4-6 mesecev! \u010ce \u017eelite napolniti lu\u010dko, jo preprosto priklju\u010dite na vir napajanja prek priklju\u010dka USB-C.<\/p>\n<p><img loading=\"lazy\" decoding=\"async\" src=\"https:\/\/b2b.innpro.pl\/data\/include\/cms\/12Yeelight\/YLBGD-0046-Black\/5.jpg?v=1655462757651\" border=\"0\" width=\"1101\" height=\"701\" title=\"\"><\/p>\n<h3>Izberite najbolj\u0161o mo\u017enost za vas<\/h3>\n<p>Izberite idealno razli\u010dico lu\u010di za vas. V prodaji so na voljo tri razli\u010dice dol\u017eine Yeelight Closet Light &#8211; 20 cm, 40 cm in 60 cm. Tako jo lahko optimalno prilagodite dimenzijam svoje omare ali kuhinjskega pulta. Svetilka je bila pripravljena tudi v 2 barvnih razli\u010dicah &#8211; \u010drni in srebrni. To vam omogo\u010da, da jo popolnoma prilagodite ureditvi prostora.<\/p>\n<p><img loading=\"lazy\" decoding=\"async\" src=\"https:\/\/b2b.innpro.pl\/data\/include\/cms\/12Yeelight\/YLBGD-0046-Black\/4.jpg?v=1655462757651\" border=\"0\" width=\"1101\" height=\"701\" title=\"\"><\/p>\n<\/p>\n<h3>V \u0161katli<\/h3>\n<ul>\n<li>Uporabni\u0161ki priro\u010dnik<\/li>\n<li>Kabel USB <\/li>\n<li>Komplet za monta\u017eo<\/li>\n<li>Vgrajen senzor gibanja<\/li>\n<\/ul>\n<div class=\"table-wrapper\">\n<table>\n<tbody>\n<tr>\n<th>Blagovna znamka<\/th>\n<td>Yeelight<\/td>\n<\/tr>\n<tr>\n<th>Ime<\/th>\n<td>Senzor za gibanje svetlobe v omari A60<\/td>\n<\/tr>\n<tr>\n<th>Model<\/th>\n<td>YLBGD-0046<\/td>\n<\/tr>\n<tr>\n<th>Color<\/th>\n<td>\u010crna<\/td>\n<\/tr>\n<tr>\n<th>Material<\/th>\n<td>Aluminij + plastika<\/td>\n<\/tr>\n<tr>\n<th>Dimenzije<\/th>\n<td>600x40x9 mm<\/td>\n<\/tr>\n<tr>\n<th>Weight<\/th>\n<td>230g<\/td>\n<\/tr>\n<tr>\n<th>Nazivna mo\u010d<\/th>\n<td>3.6W<\/td>\n<\/tr>\n<tr>\n<th>Napetost<\/th>\n<td>5V DC 0,5A<\/td>\n<\/tr>\n<tr>\n<th>Mo\u010d v stanju pripravljenosti<\/th>\n<td>0,2 mA<\/td>\n<\/tr>\n<tr>\n<th>Kapaciteta baterije<\/th>\n<td>2200 mAh<\/td>\n<\/tr>\n<tr>\n<th>\u010cas delovanja<\/th>\n<td>\u22655h v na\u010dinu ON<\/td>\n<\/tr>\n<tr>\n<th>\u017divljenjska doba baterije<\/th>\n<td>300 ciklov, zmogljivost \u2265 80 %<\/td>\n<\/tr>\n<tr>\n<th>Temperatura barve<\/th>\n<td>4000K<\/td>\n<\/tr>\n<tr>\n<th>Svetlost<\/th>\n<td>180 lm, nastavljiva<\/td>\n<\/tr>\n<tr>\n<th>CRI<\/th>\n<td>Ra80<\/td>\n<\/tr>\n<tr>\n<th>Koda IP<\/th>\n<td>IP20<\/td>\n<\/tr>\n<tr>\n<th>Vhod<\/th>\n<td>DC 5V\/1A<\/td>\n<\/tr>\n<tr>\n<th>Vmesnik za polnjenje<\/th>\n<td>USB-C (prilo\u017een polnilni kabel)<\/td>\n<\/tr>\n<tr>\n<th>Delovna temperatura okolice<\/th>\n<td>-10\u00b0C-40\u00b0C<\/td>\n<\/tr>\n<tr>\n<th>Delovna vla\u017enost okolja<\/th>\n<td>0-85 % RH<\/td>\n<\/tr>\n<tr>\n<th>Temperatura zunanje povr\u0161ine svetilke<\/th>\n<td>\u226445\u00b0 (plastika)\/55\u00b0C (kovina)<\/td>\n<\/tr>\n<tr>\n<th>Zamenljiv vir svetlobe<\/th>\n<td>Ne<\/td>\n<\/tr>\n<tr>\n<th>Senzorski moduli<\/th>\n<td>Infrarde\u010di senzor, svetlobni senzor<\/td>\n<\/tr>\n<tr>\n<th>Obmo\u010dje zaznavanja<\/th>\n<td>0-4 m pri 30\u00b0, 0-2 m pri 120\u00b0<\/td>\n<\/tr>\n<\/tbody>\n<\/table>\n<\/div>","protected":false},"excerpt":{"rendered":"<p>Na zalogi pri zunanjem dobavitelju. Rok dostave 3-5dni.<\/p>","protected":false},"featured_media":26838,"template":"","meta":{"_monsterinsights_skip_tracking":false,"_monsterinsights_sitenote_active":false,"_monsterinsights_sitenote_note":"","_monsterinsights_sitenote_category":0},"product_brand":[],"product_cat":[263,256,255],"product_tag":[],"class_list":{"0":"post-25020","1":"product","2":"type-product","3":"status-publish","4":"has-post-thumbnail","6":"product_cat-notranja-svetila","7":"product_cat-svetila","8":"product_cat-vsi","10":"first","11":"instock","12":"taxable","13":"shipping-taxable","14":"purchasable","15":"product-type-simple"},"jetpack_sharing_enabled":true,"_links":{"self":[{"href":"https:\/\/kobra.si\/en\/wp-json\/wp\/v2\/product\/25020","targetHints":{"allow":["GET"]}}],"collection":[{"href":"https:\/\/kobra.si\/en\/wp-json\/wp\/v2\/product"}],"about":[{"href":"https:\/\/kobra.si\/en\/wp-json\/wp\/v2\/types\/product"}],"version-history":[{"count":1,"href":"https:\/\/kobra.si\/en\/wp-json\/wp\/v2\/product\/25020\/revisions"}],"predecessor-version":[{"id":25445,"href":"https:\/\/kobra.si\/en\/wp-json\/wp\/v2\/product\/25020\/revisions\/25445"}],"wp:featuredmedia":[{"embeddable":true,"href":"https:\/\/kobra.si\/en\/wp-json\/wp\/v2\/media\/26838"}],"wp:attachment":[{"href":"https:\/\/kobra.si\/en\/wp-json\/wp\/v2\/media?parent=25020"}],"wp:term":[{"taxonomy":"product_brand","embeddable":true,"href":"https:\/\/kobra.si\/en\/wp-json\/wp\/v2\/product_brand?post=25020"},{"taxonomy":"product_cat","embeddable":true,"href":"https:\/\/kobra.si\/en\/wp-json\/wp\/v2\/product_cat?post=25020"},{"taxonomy":"product_tag","embeddable":true,"href":"https:\/\/kobra.si\/en\/wp-json\/wp\/v2\/product_tag?post=25020"}],"curies":[{"name":"wp","href":"https:\/\/api.w.org\/{rel}","templated":true}]}}