{"id":24993,"date":"2025-03-27T14:47:35","date_gmt":"2025-03-27T13:47:35","guid":{"rendered":"https:\/\/kobra.si\/spletna-trgovina-kobra\/yeelight-led-lightstrip-pro-podaljsek-1-m\/"},"modified":"2026-01-20T20:56:01","modified_gmt":"2026-01-20T19:56:01","slug":"yeelight-led-lightstrip-pro-podaljsek-1-m","status":"publish","type":"product","link":"https:\/\/kobra.si\/en\/spletna-trgovina-kobra\/yeelight-led-lightstrip-pro-podaljsek-1-m\/","title":{"rendered":"Yeelight LED Lightstrip Pro podalj\u0161ek (1 m)"},"content":{"rendered":"<p><img decoding=\"async\" style=\"margin-left: auto;margin-right: auto\" src=\"\/data\/include\/cms\/1_DOMINIK\/xiaomi_logo1.png\" border=\"0\" alt=\"\" title=\"\"><\/p>\n<p style=\"text-align: center\"><strong><span style=\"font-size: 10pt\">Blagovna znamka Yeelight je del ekosistema Xiaomi.<\/span><\/strong><\/p>\n<h3>Yeelight LED Lightstrip Pro podalj\u0161ek<\/h3>\n<p>Se je prilagodljiv trak LED Yeelight Lightstrip Pro izkazal za nekoliko prekratkega za vas? Zdaj ga lahko s podalj\u0161kom dol\u017eine 1 m preprosto prilagodite svojim potrebam. S tem boste imeli \u0161e ve\u010d mo\u017enosti in boste zlahka okrasili na primer stopnice ali kuhinjske delovne povr\u0161ine. LED Lighstrip Pro lahko podalj\u0161ate do najve\u010d 10 m.<\/p>\n<p><img fetchpriority=\"high\" decoding=\"async\" src=\"https:\/\/b2b.innpro.pl\/data\/include\/cms\/12Yeelight\/YLDD007\/1.jpg?v=1645773612605\" border=\"0\" width=\"1100\" height=\"700\" title=\"\"><\/p>\n<\/p>\n<div class=\"table-wrapper\">\n<table>\n<tbody>\n<tr>\n<th>Blagovna znamka<\/th>\n<td>Yeelight<\/td>\n<\/tr>\n<tr>\n<th>Ime<\/th>\n<td>Yeelight LED Lightstrip Pro podalj\u0161ek<\/td>\n<\/tr>\n<tr>\n<th>Model<\/th>\n<td>YLDD007<\/td>\n<\/tr>\n<tr>\n<th>Dimenzije<\/th>\n<td>1010&#215;13,1&#215;6,15 mm<\/td>\n<\/tr>\n<tr>\n<th>Dol\u017eina<\/th>\n<td>1m<\/td>\n<\/tr>\n<tr>\n<th>Weight<\/th>\n<td>36g<\/td>\n<\/tr>\n<tr>\n<th>Napetost<\/th>\n<td>24V<\/td>\n<\/tr>\n<tr>\n<th>Nazivna mo\u010d<\/th>\n<td>2.1W<\/td>\n<\/tr>\n<tr>\n<th>Working temperature<\/th>\n<td>-10 \u00b0C-40 \u00b0C<\/td>\n<\/tr>\n<tr>\n<th>Delovna vla\u017enost<\/th>\n<td>0-85 % RELATIVNA VLA\u017dNOST ZRAKA<\/td>\n<\/tr>\n<tr>\n<th>Temperatura zunanje povr\u0161ine<\/th>\n<td>\u226460 \u00b0C (pri temperaturi okolja 25 \u00b0C)<\/td>\n<\/tr>\n<tr>\n<th>Stopnja za\u0161\u010dite IP<\/th>\n<td>IP20<\/td>\n<\/tr>\n<tr>\n<th>Brez\u017ei\u010dna povezljivost<\/th>\n<td>WLAN IEEE 802.11 b\/g\/n 2,4 GHz, Bluetooth 4.2<\/td>\n<\/tr>\n<tr>\n<th>\u017divljenjska doba<\/th>\n<td>Do 25.000 ur<\/td>\n<\/tr>\n<tr>\n<th>\u0160tevilo diod LED<\/th>\n<td>24\/m<\/td>\n<\/tr>\n<tr>\n<th>Vir energije<\/th>\n<td>Napaja se z Yeelight LED Lightstrip Pro<\/td>\n<\/tr>\n<tr>\n<th>Napajanje v stanju pripravljenosti<\/th>\n<td>\u22641W<\/td>\n<\/tr>\n<\/tbody>\n<\/table>\n<\/p>\n<\/div>","protected":false},"excerpt":{"rendered":"<p>Na zalogi pri zunanjem dobavitelju. Rok dostave 3-5dni.<\/p>","protected":false},"featured_media":26815,"template":"","meta":{"_monsterinsights_skip_tracking":false,"_monsterinsights_sitenote_active":false,"_monsterinsights_sitenote_note":"","_monsterinsights_sitenote_category":0},"product_brand":[],"product_cat":[263,256,255],"product_tag":[],"class_list":{"0":"post-24993","1":"product","2":"type-product","3":"status-publish","4":"has-post-thumbnail","6":"product_cat-notranja-svetila","7":"product_cat-svetila","8":"product_cat-vsi","10":"first","11":"outofstock","12":"taxable","13":"shipping-taxable","14":"purchasable","15":"product-type-simple"},"jetpack_sharing_enabled":true,"_links":{"self":[{"href":"https:\/\/kobra.si\/en\/wp-json\/wp\/v2\/product\/24993","targetHints":{"allow":["GET"]}}],"collection":[{"href":"https:\/\/kobra.si\/en\/wp-json\/wp\/v2\/product"}],"about":[{"href":"https:\/\/kobra.si\/en\/wp-json\/wp\/v2\/types\/product"}],"version-history":[{"count":1,"href":"https:\/\/kobra.si\/en\/wp-json\/wp\/v2\/product\/24993\/revisions"}],"predecessor-version":[{"id":25397,"href":"https:\/\/kobra.si\/en\/wp-json\/wp\/v2\/product\/24993\/revisions\/25397"}],"wp:featuredmedia":[{"embeddable":true,"href":"https:\/\/kobra.si\/en\/wp-json\/wp\/v2\/media\/26815"}],"wp:attachment":[{"href":"https:\/\/kobra.si\/en\/wp-json\/wp\/v2\/media?parent=24993"}],"wp:term":[{"taxonomy":"product_brand","embeddable":true,"href":"https:\/\/kobra.si\/en\/wp-json\/wp\/v2\/product_brand?post=24993"},{"taxonomy":"product_cat","embeddable":true,"href":"https:\/\/kobra.si\/en\/wp-json\/wp\/v2\/product_cat?post=24993"},{"taxonomy":"product_tag","embeddable":true,"href":"https:\/\/kobra.si\/en\/wp-json\/wp\/v2\/product_tag?post=24993"}],"curies":[{"name":"wp","href":"https:\/\/api.w.org\/{rel}","templated":true}]}}