{"id":24641,"date":"2025-03-25T15:14:25","date_gmt":"2025-03-25T14:14:25","guid":{"rendered":"https:\/\/kobra.si\/spletna-trgovina-kobra\/blitzwolf-bw-ah-h1b-bt-parkirni-grelnik-5-kw\/"},"modified":"2025-12-29T21:02:50","modified_gmt":"2025-12-29T20:02:50","slug":"blitzwolf-bw-ah-h1b-bt-parkirni-grelnik-5-kw","status":"publish","type":"product","link":"https:\/\/kobra.si\/en\/spletna-trgovina-kobra\/blitzwolf-bw-ah-h1b-bt-parkirni-grelnik-5-kw\/","title":{"rendered":"Blitzwolf BW-AH-H1B-BT parkirni grelnik, 5 kW"},"content":{"rendered":"<h3>Blitzwolf BW-AH-H1B-BT parkirni grelnik, 5 kW<\/h3>\n<p>Parkirni grelnik Blitzzwolf BW-AH-H1B-BT je vsestranska re\u0161itev za vsako vozilo, primerna tako za vsakodnevno uporabo kot za dolga zimska potovanja. Visoka mo\u010d naprave omogo\u010da hitro ogrevanje notranjosti avtomobila in zagotavlja udobne razmere v hladnih jutrih ali mrzlih dneh. Zahvaljujo\u010d nastavljivemu temperaturnemu obmo\u010dju (8-36 \u00b0C) lahko raven toplote prilagodite svojim potrebam. Priro\u010dno upravljanje grelnika zagotavljata velik zaslon LCD in daljinski upravljalnik. Na voljo je tudi aplikacija Heat Genie. Poleg tega je izdelek opremljen z vmesnikom tipa B, ki vam omogo\u010da, da ga s pomo\u010djo adapterja priklju\u010dite neposredno v vti\u010dnico.<\/p>\n<p>\n<img decoding=\"async\" border=\"0\" src=\"https:\/\/assets.innpro.pl\/11601\/13736\/2.jpg\" title=\"\">\n<\/p>\n<h3>Var\u010dno in u\u010dinkovito izgorevanje<\/h3>\n<p>Model BW-AH-H1B-BT ima izjemno visoko u\u010dinkovitost izgorevanja, ki zna\u0161a \u2265 90 %. To pomeni, da se dizelsko gorivo uporablja kar se da u\u010dinkovito, zaradi \u010desar je mogo\u010de znatno prihraniti, ne da bi pri tem ogrozili ogrevanje. Poleg tega je zaradi porabe goriva od 0,16 do 0,62 l\/h naprava izjemno var\u010dna tudi med intenzivno uporabo. V toploti lahko u\u017eivate ve\u010d ur, ne da bi vas skrbelo, da bi imeli prevelike stro\u0161ke!<\/p>\n<p>\n<img decoding=\"async\" border=\"0\" src=\"https:\/\/assets.innpro.pl\/11601\/13736\/1.jpg\" title=\"\">\n<\/p>\n<h3>Udobno upravljanje<\/h3>\n<p>Naprava je opremljena z velikim zaslonom LCD, na katerem lahko preprosto nastavite parametre, kot so mo\u010d ogrevanja, \u010das delovanja in temperatura. Prilo\u017een ji je tudi daljinski upravljalnik, ki med drugim omogo\u010da, da grelnik za\u017eenete z razdalje do 50 metrov. BW-AH-H1B-BT ponuja tudi mo\u017enost \u010dasovnika, za\u0161\u010dite pred segrevanjem in pregrevanjem, kar \u0161e pove\u010duje njegovo funkcionalnost. Uporabite lahko tudi aplikacijo Heat Genie, ki vam omogo\u010da upravljanje naprave prek pametnega telefona.<\/p>\n<p>\n<img decoding=\"async\" border=\"0\" src=\"https:\/\/assets.innpro.pl\/11601\/13736\/3.jpg\" title=\"\">\n<\/p>\n<h3>Vsestranska uporaba<\/h3>\n<p>Grelnik BlitzWolf BW-AH-H1B-BT ni re\u0161itev le za avtomobile, temve\u010d tudi za tovornjake, avtodome, jahte in celo delavnice ali skladi\u0161\u010da. Zaradi njegove kompaktne velikosti in preproste namestitve ga lahko brez te\u017eav uporabite povsod, kjer potrebujete dodaten vir toplote! Naprava se bo izkazala tudi v te\u017ekih razmerah &#8211; deluje lahko na nadmorski vi\u0161ini do 3.200 metrov, zato bo idealna izbira za ljubitelje gorskih odprav.<\/p>\n<p>\n<img decoding=\"async\" border=\"0\" src=\"https:\/\/assets.innpro.pl\/11601\/13736\/4.jpg\" title=\"\">\n<\/p>\n<h3>Tiha in u\u010dinkovita<\/h3>\n<p>Naprava deluje presenetljivo tiho &#8211; njena raven glasnosti ne presega 75 dB. Ne skrbite, da bi pretirano motila va\u0161 mir in ti\u0161ino! Poleg tega vam enakomerna porazdelitev toplote in visoka mo\u010d omogo\u010data hitro ogrevanje izbranega prostora. Dodatna prednost modela BW-AH-H1B-BT je velik rezervoar za gorivo, katerega prostornina zna\u0161a kar 10 litrov. Ne bo vam ga treba prepogosto polniti!<\/p>\n<p>\n<img decoding=\"async\" border=\"0\" src=\"https:\/\/assets.innpro.pl\/11601\/13736\/5.jpg\" title=\"\">\n<\/p>\n<h3>Vklju\u010deno<\/h3>\n<ul class=\"list-disc pl-5\">\n<li>Parkirni grelnik<\/li>\n<li>Daljinski upravljalnik<\/li>\n<li>Zra\u010dni filter<\/li>\n<li>dovodna cev<\/li>\n<li>Izpu\u0161na cev<\/li>\n<li>Cev za izpust zraka<\/li>\n<li>Komplet dodatne opreme za monta\u017eo x2<\/li>\n<li>Du\u0161ilnik zvoka<\/li>\n<li>Objemka x2<\/li>\n<li>Nosilec<\/li>\n<li>Vijak x3<\/li>\n<li>Vhod zraka<\/li>\n<li>Adapter za izmeni\u010dni tok<\/li>\n<li>Uporabni\u0161ki priro\u010dnik<\/li>\n<\/ul>\n<div class=\"table-wrapper\">\n<h3><\/h3>\n<table>\n<tbody>\n<tr>\n<th>Proizvajalec<\/th>\n<td>BlitzWolf<\/td>\n<\/tr>\n<tr>\n<th>Model<\/th>\n<td>BW-AH-H1B<\/td>\n<\/tr>\n<tr>\n<th>Color<\/th>\n<td>Rde\u010da in \u010drna<\/td>\n<\/tr>\n<tr>\n<th>Gorivo<\/th>\n<td>Dizelsko gorivo<\/td>\n<\/tr>\n<tr>\n<th>Povezljivost Bluetooth<\/th>\n<td>Da<\/td>\n<\/tr>\n<tr>\n<th>Delovna napetost<\/th>\n<td>DC 12 V<\/td>\n<\/tr>\n<tr>\n<th>Nazivni tok<\/th>\n<td>3 A<\/td>\n<\/tr>\n<tr>\n<th>Za\u010detni tok<\/th>\n<td>10-12 A<\/td>\n<\/tr>\n<tr>\n<th>Najve\u010dja mo\u010d zgorevanja<\/th>\n<td>5-8 kW<\/td>\n<\/tr>\n<tr>\n<th>Poraba goriva<\/th>\n<td>0,16-0,62 l\/h<\/td>\n<\/tr>\n<tr>\n<th>U\u010dinkovitost zgorevanja<\/th>\n<td>\u2265 90%<\/td>\n<\/tr>\n<tr>\n<th>Raven hrupa med delovanjem<\/th>\n<td>\u226475 dB<\/td>\n<\/tr>\n<tr>\n<th>Temperatura dimnih plinov<\/th>\n<td>380\u00b0C<\/td>\n<\/tr>\n<tr>\n<th>Obmo\u010dje regulacije temperature<\/th>\n<td>Od 8 \u00b0C do 36 \u00b0C<\/td>\n<\/tr>\n<tr>\n<th>Za\u0161\u010dita pred pregrevanjem<\/th>\n<td>\u2265 270\u00b0C<\/td>\n<\/tr>\n<tr>\n<th>Razmerje med zrakom in oljem<\/th>\n<td>2300-5500 vrt\/min, 1,8-5,8 Hz<\/td>\n<\/tr>\n<tr>\n<th>Krmiljenje<\/th>\n<td>Zaslon LCD, daljinski upravljalnik s prikazovalnikom, aplikacija<\/td>\n<\/tr>\n<tr>\n<th>Napajalnik za izmeni\u010dni tok<\/th>\n<td>da<\/td>\n<\/tr>\n<tr>\n<th>Vmesnik<\/th>\n<td>Tip B (uporablja se z napajalnikom za izmeni\u010dni tok)<\/td>\n<\/tr>\n<tr>\n<th>Delovna nadmorska vi\u0161ina<\/th>\n<td>Do 3 200 metrov nadmorske vi\u0161ine<\/td>\n<\/tr>\n<tr>\n<th>\u017divljenjska doba<\/th>\n<td>Pribli\u017eno 3000 ur<\/td>\n<\/tr>\n<tr>\n<th>Uporaba<\/th>\n<td>Heat Genie<\/td>\n<\/tr>\n<\/tbody>\n<\/table>\n<\/div>","protected":false},"excerpt":{"rendered":"<p>Na zalogi pri zunanjem dobavitelju. Rok dostave 3-5dni.<\/p>","protected":false},"featured_media":24634,"template":"","meta":{"_monsterinsights_skip_tracking":false,"_monsterinsights_sitenote_active":false,"_monsterinsights_sitenote_note":"","_monsterinsights_sitenote_category":0},"product_brand":[],"product_cat":[175,255],"product_tag":[],"class_list":{"0":"post-24641","1":"product","2":"type-product","3":"status-publish","4":"has-post-thumbnail","6":"product_cat-kamping-oprema","7":"product_cat-vsi","9":"first","10":"outofstock","11":"taxable","12":"shipping-taxable","13":"purchasable","14":"product-type-simple"},"jetpack_sharing_enabled":true,"_links":{"self":[{"href":"https:\/\/kobra.si\/en\/wp-json\/wp\/v2\/product\/24641","targetHints":{"allow":["GET"]}}],"collection":[{"href":"https:\/\/kobra.si\/en\/wp-json\/wp\/v2\/product"}],"about":[{"href":"https:\/\/kobra.si\/en\/wp-json\/wp\/v2\/types\/product"}],"version-history":[{"count":1,"href":"https:\/\/kobra.si\/en\/wp-json\/wp\/v2\/product\/24641\/revisions"}],"predecessor-version":[{"id":24683,"href":"https:\/\/kobra.si\/en\/wp-json\/wp\/v2\/product\/24641\/revisions\/24683"}],"wp:featuredmedia":[{"embeddable":true,"href":"https:\/\/kobra.si\/en\/wp-json\/wp\/v2\/media\/24634"}],"wp:attachment":[{"href":"https:\/\/kobra.si\/en\/wp-json\/wp\/v2\/media?parent=24641"}],"wp:term":[{"taxonomy":"product_brand","embeddable":true,"href":"https:\/\/kobra.si\/en\/wp-json\/wp\/v2\/product_brand?post=24641"},{"taxonomy":"product_cat","embeddable":true,"href":"https:\/\/kobra.si\/en\/wp-json\/wp\/v2\/product_cat?post=24641"},{"taxonomy":"product_tag","embeddable":true,"href":"https:\/\/kobra.si\/en\/wp-json\/wp\/v2\/product_tag?post=24641"}],"curies":[{"name":"wp","href":"https:\/\/api.w.org\/{rel}","templated":true}]}}