{"id":24533,"date":"2025-03-25T14:06:35","date_gmt":"2025-03-25T13:06:35","guid":{"rendered":"https:\/\/kobra.si\/spletna-trgovina-kobra\/potopni-waydoo\/"},"modified":"2026-04-17T20:58:06","modified_gmt":"2026-04-17T18:58:06","slug":"potopni-waydoo","status":"publish","type":"product","link":"https:\/\/kobra.si\/en\/spletna-trgovina-kobra\/potopni-waydoo\/","title":{"rendered":"Potopni Waydoo"},"content":{"rendered":"<h3>Waydoo podvodni skuter<\/h3>\n<p>Predstavljajte si, da se potopite v kristalno \u010disto vodo in brez te\u017eav raziskujete podvodni svet. S podvodnim skuterjem Waydoo v rokah lahko svobodno plavate kot delfin. Ta kompaktni in prenosni izdelek je manj\u0161i od 1,5-litrske steklenice va\u0161e najljub\u0161e pija\u010de, zato je izjemno priro\u010den za prena\u0161anje. Uporablja skrbno zasnovan propeler s \u0161tirimi lopaticami in je enostaven za uporabo. Zasnovan je za najve\u010dje udobje, zato bo popoln spremljevalec pri vsaki podvodni pustolov\u0161\u010dini.<\/p>\n<p>\n<img decoding=\"async\" border=\"0\" src=\"https:\/\/assets.innpro.pl\/7430\/8642\/3.jpg\" title=\"\">\n<\/p>\n<h3>Vsestranski in funkcionalen<\/h3>\n<p>Podvodni skuter Waydoo vam ponuja ne\u0161teto mo\u017enosti uporabe. Zahvaljujo\u010d hitro snemljivim monta\u017enim nosilcem (ki jih je treba kupiti posebej) ga lahko preprosto pritrdite na desko SUP, desko za deskanje ali ga uporabljate med potapljanjem. Poleg tega ga lahko priklju\u010dite na videokamero ali indikator OLED in posnamete popoln videoposnetek. Zdaj je dokumentiranje va\u0161ih podvodnih do\u017eivetij \u0161e la\u017eje.<\/p>\n<p>\n<img decoding=\"async\" border=\"0\" src=\"https:\/\/assets.innpro.pl\/7430\/8642\/4.jpg\" title=\"\">\n<\/p>\n<h3>Neprekosljiva zmogljivost<\/h3>\n<p>S plovilom Waydoo se lahko potopite do globine 60 metrov (opomba: ta globina je dovoljena le za tehni\u010dno potapljanje) in raziskujete globine oceanov. Najve\u010dja hitrost, ki jo boste dosegli, je 1,4 m\/s z enim skuterjem in 2 m\/s z dvema, kar vam omogo\u010da izjemno hitrost in okretnost v vodi. Poganja ga 98Wh litij-ionska baterija, ki zagotavlja do 56 minut zabave.<\/p>\n<p>\n<img decoding=\"async\" border=\"0\" src=\"https:\/\/assets.innpro.pl\/7430\/8642\/6.jpg\" title=\"\">\n<\/p>\n<h3>Hitro polnjenje in dolga \u017eivljenjska doba<\/h3>\n<p>Vgrajena akumulatorska baterija omogo\u010da hitro polnjenje prek 100W priklju\u010dka USB-C. Za popolno polnjenje potrebuje le 1,2 ure, kar pomeni, da vam nikoli ne bo treba dolgo \u010dakati, da se vrnete k svojim podvodnim eskapadam. Toda prednosti se s tem \u0161e ne kon\u010dajo! Zaradi funkcije povratnega polnjenja skuter uspe\u0161no obnavlja energijo pametnih telefonov, \u0161portnih fotoaparatov in celo prenosnih ra\u010dunalnikov. To je izjemno udobje in podpora v nujnih primerih.<\/p>\n<p>\n<img decoding=\"async\" border=\"0\" src=\"https:\/\/assets.innpro.pl\/7430\/8642\/7.jpg\" title=\"\">\n<\/p>\n<h3>Dodatne zmogljivosti in varnost<\/h3>\n<p>Skuter Waydoo lahko opremite tudi z nosilcem za dodatke (na voljo v lo\u010deni prodaji), ki podpira do tri dodatne pripomo\u010dke, kar omogo\u010da \u0161e ve\u010djo personalizacijo in funkcionalnost. Poleg tega je skuter zaradi otrokom prijazne zasnove varen za najmlaj\u0161e, kar celotni dru\u017eini omogo\u010da u\u017eivanje v podvodnih dogodiv\u0161\u010dinah.<\/p>\n<p>\n<img decoding=\"async\" border=\"0\" src=\"https:\/\/assets.innpro.pl\/7430\/8642\/5.jpg\" title=\"\">\n<\/p>\n<h3>Razi\u0161\u010dite nove svetove<\/h3>\n<p>Ne glede na to, ali ste navdu\u0161eni potaplja\u010d, deskar ali pa preprosto radi pre\u017eivljate \u010das na vodi, je podvodni skuter Waydoo va\u0161 nepogre\u0161ljivi spremljevalec. Zaradi njegove kompaktne in prenosne zasnove ga zlahka vzamete s seboj, kamor koli \u017eelite. Pridru\u017eite se vrstam zadovoljnih uporabnikov, ki so odkrili nov na\u010din u\u017eivanja v vodnih aktivnostih, in se z Waydooom potopite v neverjetne podvodne dogodiv\u0161\u010dine.<\/p>\n<p>\n<img decoding=\"async\" border=\"0\" src=\"https:\/\/assets.innpro.pl\/7430\/8642\/1.jpg\" title=\"\">\n<\/p>\n<h3>Vklju\u010deno<\/h3>\n<p>Podvodni skuter<\/p>\n<p>Mazivo<\/p>\n<p>Navodila za uporabo<\/p>\n<p>Kabel USB-C<\/p>\n<div class=\"table-wrapper\">\n<h3><\/h3>\n<table>\n<tbody>\n<tr>\n<th>Proizvajalec<\/th>\n<td>Waydoo<\/td>\n<\/tr>\n<tr>\n<th>Koda proizvajalca<\/th>\n<td>5010000105<\/td>\n<\/tr>\n<tr>\n<th>Dimenzije:<\/th>\n<td>377 x 70 x 70 mm<\/td>\n<\/tr>\n<tr>\n<th>Material<\/th>\n<td>Pena EPP, oja\u010dana z okvirjem iz aluminijeve zlitine, aluminijeva zlitina + smola<\/td>\n<\/tr>\n<tr>\n<th>Na\u010dini hitrosti<\/th>\n<td>3<\/td>\n<\/tr>\n<tr>\n<th>Najve\u010dja hitrost<\/th>\n<td>1,4 m\/s<\/td>\n<\/tr>\n<tr>\n<th>Najdalj\u0161i \u010das delovanja<\/th>\n<td>56 minut<\/td>\n<\/tr>\n<tr>\n<th>Najve\u010dja globina<\/th>\n<td>60 m<\/td>\n<\/tr>\n<tr>\n<th>Vodotesnost<\/th>\n<td>IP68<\/td>\n<\/tr>\n<tr>\n<th>Vrsta baterije<\/th>\n<td>Litij-ionska<\/td>\n<\/tr>\n<tr>\n<th>\u010cas polnjenja<\/th>\n<td>1,2 ure<\/td>\n<\/tr>\n<\/tbody>\n<\/table>\n<\/div>","protected":false},"excerpt":{"rendered":"<p>Na zalogi pri zunanjem dobavitelju. Rok dostave 3-5dni.<\/p>","protected":false},"featured_media":24530,"template":"","meta":{"_monsterinsights_skip_tracking":false,"_monsterinsights_sitenote_active":false,"_monsterinsights_sitenote_note":"","_monsterinsights_sitenote_category":0},"product_brand":[],"product_cat":[253,254,255],"product_tag":[],"class_list":{"0":"post-24533","1":"product","2":"type-product","3":"status-publish","4":"has-post-thumbnail","6":"product_cat-sport","7":"product_cat-vodni-sporti","8":"product_cat-vsi","10":"first","11":"instock","12":"taxable","13":"shipping-taxable","14":"purchasable","15":"product-type-simple"},"jetpack_sharing_enabled":true,"_links":{"self":[{"href":"https:\/\/kobra.si\/en\/wp-json\/wp\/v2\/product\/24533","targetHints":{"allow":["GET"]}}],"collection":[{"href":"https:\/\/kobra.si\/en\/wp-json\/wp\/v2\/product"}],"about":[{"href":"https:\/\/kobra.si\/en\/wp-json\/wp\/v2\/types\/product"}],"version-history":[{"count":1,"href":"https:\/\/kobra.si\/en\/wp-json\/wp\/v2\/product\/24533\/revisions"}],"predecessor-version":[{"id":24719,"href":"https:\/\/kobra.si\/en\/wp-json\/wp\/v2\/product\/24533\/revisions\/24719"}],"wp:featuredmedia":[{"embeddable":true,"href":"https:\/\/kobra.si\/en\/wp-json\/wp\/v2\/media\/24530"}],"wp:attachment":[{"href":"https:\/\/kobra.si\/en\/wp-json\/wp\/v2\/media?parent=24533"}],"wp:term":[{"taxonomy":"product_brand","embeddable":true,"href":"https:\/\/kobra.si\/en\/wp-json\/wp\/v2\/product_brand?post=24533"},{"taxonomy":"product_cat","embeddable":true,"href":"https:\/\/kobra.si\/en\/wp-json\/wp\/v2\/product_cat?post=24533"},{"taxonomy":"product_tag","embeddable":true,"href":"https:\/\/kobra.si\/en\/wp-json\/wp\/v2\/product_tag?post=24533"}],"curies":[{"name":"wp","href":"https:\/\/api.w.org\/{rel}","templated":true}]}}