{"id":24523,"date":"2025-03-25T14:06:18","date_gmt":"2025-03-25T13:06:18","guid":{"rendered":"https:\/\/kobra.si\/spletna-trgovina-kobra\/podvodni-skuter-waydoo-subnado-zacetni-komplet\/"},"modified":"2026-04-17T20:56:12","modified_gmt":"2026-04-17T18:56:12","slug":"podvodni-skuter-waydoo-subnado-zacetni-komplet","status":"publish","type":"product","link":"https:\/\/kobra.si\/en\/spletna-trgovina-kobra\/podvodni-skuter-waydoo-subnado-zacetni-komplet\/","title":{"rendered":"Podvodni skuter Waydoo Subnado &#8211; za\u010detni komplet"},"content":{"rendered":"<h3>Waydoo Subnado podvodni skuter &#8211; za\u010detni komplet<\/h3>\n<\/p>\n<p>Razi\u0161\u010dite fascinanten podvodni svet na povsem nov na\u010din! Podvodni skuter Waydoo Subnado vam bo omogo\u010dil nepozabno izku\u0161njo v vodi. Je lahek in kompakten, zato ga lahko preprosto prena\u0161ate, zaradi preprostega upravljanja pa je uspe\u0161en tudi za otroke. Z intuitivnim upravljanjem in izbiro med 3 stopnjami hitrosti zlahka premagujte podvodne prostore. Poleg tega naprava podpira hitro polnjenje in ponuja funkcijo powerbank. S Subnado bodo va\u0161e podvodne pustolov\u0161\u010dine \u0161e bolj razburljive!<\/p>\n<\/p>\n<p>\n<img decoding=\"async\" border=\"0\" src=\"https:\/\/assets.innpro.pl\/4217\/4704\/1.jpg\" title=\"\">\n<\/p>\n<h3>Lahka, prenosna zasnova<\/h3>\n<\/p>\n<p>Podvodni skuter Subnado vas lahko spremlja skoraj povsod. Tehta le 1,4 kg, njegove dimenzije pa so le pribli\u017eno 38 x 6 cm &#8211; prevoz ne bo te\u017eava! Preprosto ga pospravite v nahrbtnik ali potovalno torbo in ga vzemite s seboj na naslednje potovanje. Poleg tega ima baterija naprave zmogljivost 98 Wh, zato jo lahko s seboj vzamete tudi na letalo. Potujte, kamor \u017eelite, in kakor \u017eelite &#8211; s Subnado boste pozabili na omejitve.<\/p>\n<\/p>\n<p>\n<img decoding=\"async\" border=\"0\" src=\"https:\/\/assets.innpro.pl\/4217\/4704\/7.jpg\" title=\"\">\n<\/p>\n<h3>Intuitivno upravljanje<\/h3>\n<\/p>\n<p>Sprostite roke in se prepustite podvodni pustolov\u0161\u010dini. Inovativna zasnova skuterja vam omogo\u010da, da ga gladko in svobodno krmilite samo s prsti &#8211; preverite, kako enostavno in priro\u010dno je to. Za to ni potrebno posebno usposabljanje &#8211; dovolj je le malo vaje! S skuterjem Subnado postane raziskovanje podvodnih prostorov prijetnej\u0161e kot kdaj koli prej. Ali nimate ustreznih pooblastil in certifikatov za potapljanje? Ali pa morda \u017eelite le aktivno pre\u017eivljati \u010das s svojimi otroki? Ni problema &#8211; Subnado se bo odli\u010dno obnesel tudi v obi\u010dajnem bazenu, saj bo plavanje z njim enostavno in zelo zabavno. Odli\u010den je tudi za potapljanje. Pomembno je, da bodo skuter lahko varno uporabljali tudi otroci.<\/p>\n<\/p>\n<p>\n<img decoding=\"async\" border=\"0\" src=\"https:\/\/assets.innpro.pl\/4217\/4704\/4.jpg\" title=\"\">\n<\/p>\n<h3>Sistem hitre monta\u017ee &#8211; veliko mo\u017enosti<\/h3>\n<\/p>\n<p>Pozabite na zapleteno in dolgotrajno name\u0161\u010danje potrebne opreme! Zahvaljujo\u010d sistemu hitre monta\u017ee lahko skuter Subnado v hipu pripravite na delo in \u017ee v nekaj trenutkih boste pripravljeni na naslednje podvodno potovanje. Na voljo so tudi razli\u010dni adapterji, s katerimi lahko napravo pritrdite na primer na roke ali noge. Izbira je va\u0161a!<\/p>\n<\/p>\n<p>\n<img decoding=\"async\" border=\"0\" src=\"https:\/\/assets.innpro.pl\/4217\/4704\/2.jpg\" title=\"\">\n<\/p>\n<h3>Ujemite spomine na svojo podvodno pustolov\u0161\u010dino<\/h3>\n<\/p>\n<p>Posnemite svojo podvodno pustolov\u0161\u010dino in se vrnite k njenim najbolj nepozabnim trenutkom ne le v svojih spominih! Na voljo imate poseben nastavek (1\/4-20 UNC), ki vam omogo\u010da, da na skuter namestite do 3 dodatke, kot sta na primer kamera GoPro in dodatna osvetlitev. Izkoristite to mo\u017enost in pripravite edinstvene posnetke!<\/p>\n<\/p>\n<p>\n<img decoding=\"async\" border=\"0\" src=\"https:\/\/assets.innpro.pl\/4217\/4704\/3.jpg\" title=\"\">\n<\/p>\n<h3>Potopite se \u0161e globlje &#8211; izbolj\u0161an sistem napajanja<\/h3>\n<\/p>\n<p>Plavajte s tokom ali proti njemu brez najmanj\u0161ega napora. Subnado je opremljen z ohi\u0161jem iz aluminijeve zlitine in izbolj\u0161anim pogonskim sistemom, ki mu omogo\u010da doseganje hitrosti do 1,4 m\/s (naprej). Sprostite impresivno hitrost in do\u017eivite vznemirjenje! To pa \u0161e ni vse &#8211; skuter omogo\u010da potop do globine 60 m, kar pomeni, da ga bodo uspe\u0161no uporabljali tudi izku\u0161eni potaplja\u010di. Zakaj je skuter Subnado sposoben zagotavljati tako odli\u010dne zmogljivosti? Skuter uporablja propeler s \u0161tirimi lopaticami, zato je njegova u\u010dinkovitost v primerjavi s standardnimi re\u0161itvami s tremi lopaticami do 23 % ve\u010dja. Opremljen je tudi s posebej oblikovanimi statorskimi lopaticami, ki so pogonskemu sistemu omogo\u010dile pove\u010danje zmogljivosti za pribli\u017eno 5 %.<\/p>\n<\/p>\n<p>\n<img decoding=\"async\" border=\"0\" src=\"https:\/\/assets.innpro.pl\/4217\/4704\/6.jpg\" title=\"\">\n<\/p>\n<h3>Hitro polnjenje, funkcija powerbank<\/h3>\n<\/p>\n<p>Zahvaljujo\u010d Waydoojevi patentirani tehnologiji traja polnjenje skuterja od 0 % do 100 % le pribli\u017eno 1,2 ure. Tako vam ne bo treba predolgo \u010dakati, da bo pripravljen na naslednjo podvodno ekspedicijo! Njegov \u010das delovanja pa je do 56 minut. A to \u0161e ni vse &#8211; naprava lahko deluje tudi kot powerbank. Z njeno pomo\u010djo lahko pametni telefon ali prenosni ra\u010dunalnik napolnite z mo\u010djo do 100 W.<\/p>\n<\/p>\n<p>\n<img decoding=\"async\" border=\"0\" src=\"https:\/\/assets.innpro.pl\/4217\/4704\/5.jpg\" title=\"\">\n<\/p>\n<h3>Prilo\u017een<\/h3>\n<ul class=\"list-disc pl-5\">\n<li>Podvodni skuter Subnado<\/li>\n<li>Nastavek za pritrditev dodatne opreme<\/li>\n<li>Standardni krmilnik s palcem<\/li>\n<li>Za\u0161\u010dita za prste<\/li>\n<li>Pritrditev na ramo<\/li>\n<li>Ro\u010dno dr\u017ealo<\/li>\n<li>Dr\u017ealo za ro\u010daj<\/li>\n<li>Sestavni del pogona<\/li>\n<li>Vijak M4X8<\/li>\n<li>Rezervno tesnilo z O-obro\u010dem 8&#215;2,4<\/li>\n<li>4x Rezervno tesnilo z O-obro\u010dem 7,5&#215;1<\/li>\n<li>2x Rezervno tesnilo z O-obro\u010dem 26&#215;2<\/li>\n<\/ul>\n<div class=\"table-wrapper\">\n<h3><\/h3>\n<table>\n<tbody>\n<tr>\n<th>Proizvajalec<\/th>\n<td>Waydoo<\/td>\n<\/tr>\n<tr>\n<th>Ime<\/th>\n<td>Podvodni skuter Subnado-Underwater Scooter<\/td>\n<\/tr>\n<tr>\n<th>Model<\/th>\n<td>5010000035<\/td>\n<\/tr>\n<tr>\n<th>Color<\/th>\n<td>\u010crna<\/td>\n<\/tr>\n<tr>\n<th>Stopnje hitrosti<\/th>\n<td>3<\/td>\n<\/tr>\n<tr>\n<th>Najve\u010dja hitrost<\/th>\n<td>1,4 m\/s<\/td>\n<\/tr>\n<tr>\n<th>Najve\u010dji \u010das delovanja<\/th>\n<td>56 min<\/td>\n<\/tr>\n<tr>\n<th>Najve\u010dja globina<\/th>\n<td>60 m<\/td>\n<\/tr>\n<tr>\n<th>Odpornost na vodo<\/th>\n<td>IP68, do 60 m<\/td>\n<\/tr>\n<tr>\n<th>Vrsta baterije<\/th>\n<td>Li-Ion<\/td>\n<\/tr>\n<tr>\n<th>Kapaciteta baterije<\/th>\n<td>98 Wh<\/td>\n<\/tr>\n<tr>\n<th>\u010cas polnjenja<\/th>\n<td>Pribli\u017eno 1,2 h<\/td>\n<\/tr>\n<tr>\n<th>Material<\/th>\n<td>EPP, aluminijeva zlitina, smola<\/td>\n<\/tr>\n<tr>\n<th>Dimenzije<\/th>\n<td>377 x 70 x 70 mm<\/td>\n<\/tr>\n<\/tbody>\n<\/table>\n<\/div>","protected":false},"excerpt":{"rendered":"<p>Na zalogi pri zunanjem dobavitelju. Rok dostave 3-5dni.<\/p>","protected":false},"featured_media":24518,"template":"","meta":{"_monsterinsights_skip_tracking":false,"_monsterinsights_sitenote_active":false,"_monsterinsights_sitenote_note":"","_monsterinsights_sitenote_category":0},"product_brand":[],"product_cat":[253,254,255],"product_tag":[],"class_list":{"0":"post-24523","1":"product","2":"type-product","3":"status-publish","4":"has-post-thumbnail","6":"product_cat-sport","7":"product_cat-vodni-sporti","8":"product_cat-vsi","10":"first","11":"instock","12":"taxable","13":"shipping-taxable","14":"purchasable","15":"product-type-simple"},"jetpack_sharing_enabled":true,"_links":{"self":[{"href":"https:\/\/kobra.si\/en\/wp-json\/wp\/v2\/product\/24523","targetHints":{"allow":["GET"]}}],"collection":[{"href":"https:\/\/kobra.si\/en\/wp-json\/wp\/v2\/product"}],"about":[{"href":"https:\/\/kobra.si\/en\/wp-json\/wp\/v2\/types\/product"}],"version-history":[{"count":1,"href":"https:\/\/kobra.si\/en\/wp-json\/wp\/v2\/product\/24523\/revisions"}],"predecessor-version":[{"id":24721,"href":"https:\/\/kobra.si\/en\/wp-json\/wp\/v2\/product\/24523\/revisions\/24721"}],"wp:featuredmedia":[{"embeddable":true,"href":"https:\/\/kobra.si\/en\/wp-json\/wp\/v2\/media\/24518"}],"wp:attachment":[{"href":"https:\/\/kobra.si\/en\/wp-json\/wp\/v2\/media?parent=24523"}],"wp:term":[{"taxonomy":"product_brand","embeddable":true,"href":"https:\/\/kobra.si\/en\/wp-json\/wp\/v2\/product_brand?post=24523"},{"taxonomy":"product_cat","embeddable":true,"href":"https:\/\/kobra.si\/en\/wp-json\/wp\/v2\/product_cat?post=24523"},{"taxonomy":"product_tag","embeddable":true,"href":"https:\/\/kobra.si\/en\/wp-json\/wp\/v2\/product_tag?post=24523"}],"curies":[{"name":"wp","href":"https:\/\/api.w.org\/{rel}","templated":true}]}}