{"id":24365,"date":"2025-03-25T13:37:54","date_gmt":"2025-03-25T12:37:54","guid":{"rendered":"https:\/\/kobra.si\/spletna-trgovina-kobra\/nahrbtnik-za-potapljasko-opremo-lefeet\/"},"modified":"2025-12-30T20:57:24","modified_gmt":"2025-12-30T19:57:24","slug":"nahrbtnik-za-potapljasko-opremo-lefeet","status":"publish","type":"product","link":"https:\/\/kobra.si\/en\/spletna-trgovina-kobra\/nahrbtnik-za-potapljasko-opremo-lefeet\/","title":{"rendered":"Nahrbtnik za potaplja\u0161ko opremo Lefeet"},"content":{"rendered":"<h3>Lefeet DivePack nahrbtnik za skuter in dodatke<\/h3>\n<\/p>\n<p>Pridobite mo\u017enost udobnega prevoza podvodnega skuterja S1 Pro in potrebne dodatne opreme. Pri tem vam bo pomagal prakti\u010den nahrbtnik blagovne znamke Lefeet! S prostornino kar 45 l boste vanj zlahka spravili vse, kar potrebujete, vodoodporni \u017eepi pa vam bodo omogo\u010dili varno prena\u0161anje predmetov, kot so telefon, slu\u0161alke ali klju\u010di. V kompletu boste na\u0161li tudi dve torbi za baterijo za skuter. Vsaka je vodoodporna in ponuja prostor za baterijo in polnilnik.<\/p>\n<\/p>\n<p>\n<img decoding=\"async\" border=\"0\" src=\"https:\/\/assets.innpro.pl\/4962\/5808\/1.jpg\" title=\"\">\n<\/p>\n<h3>Premi\u0161ljena zasnova<\/h3>\n<\/p>\n<p>Nahrbtnik je izdelan iz trpe\u017enih materialov, ki so odporni na obrabo, zato vam bo dolgo \u010dasa dobro slu\u017eil. Ponuja tudi dva vodoodporna \u017eepa &#8211; ni ve\u010d skrbi, da bi se va\u0161 pametni telefon ali drugi majhni predmeti zmo\u010dili in po\u0161kodovali! Izdelek odlikuje tudi ergonomska zasnova &#8211; mehke ramenske blazinice in ledveni pas vam bodo zagotovili neprekosljivo udobje. \u0160e ve\u010d, \u010de bo v nahrbtnik pri\u0161la voda, se bo zbrala v posebnem predelu &#8211; ne skrbite, da bi se razlila. Prav tako ga lahko kadar koli preprosto izpraznite!<\/p>\n<\/p>\n<p>\n<img decoding=\"async\" border=\"0\" src=\"https:\/\/assets.innpro.pl\/4962\/5808\/5.jpg\" title=\"\">\n<\/p>\n<h3>Velika zmogljivost<\/h3>\n<\/p>\n<p>Prostornina nahrbtnika je kar 45 litrov &#8211; vanj zlahka spravite ne le skuter, temve\u010d tudi BCD, ro\u010daje in drugo dodatno opremo. Na obeh straneh so tudi mre\u017easti \u017eepi, namenjeni prena\u0161anju plavuti. V notranjosti izdelka so tudi \u0161tirje trakovi z velcro zaponkami, ki bodo med prena\u0161anjem va\u0161e opreme zagotavljali stabilnost. To pa \u0161e ni vse &#8211; nahrbtnik se odpira z veliko zadrgo, ki vam omogo\u010da preprost in hiter dostop do va\u0161e nujne opreme.<\/p>\n<\/p>\n<p>\n<img decoding=\"async\" border=\"0\" src=\"https:\/\/assets.innpro.pl\/4962\/5808\/3.jpg\" title=\"\">\n<\/p>\n<h3>Vklju\u010deno<\/h3>\n<\/p>\n<ul class=\"list-disc pl-5\">\n<li>Nahrbtnik<\/li>\n<li>Vre\u010dka za baterije x2<\/li>\n<\/ul>\n<div class=\"table-wrapper\">\n<h3><\/h3>\n<table>\n<tbody>\n<tr>\n<th>Proizvajalec<\/th>\n<td>Lefeet<\/td>\n<\/tr>\n<tr>\n<th>Model<\/th>\n<td>DivePack<\/td>\n<\/tr>\n<tr>\n<th>Material<\/th>\n<td>500DPVC + mre\u017easta tkanina<\/td>\n<\/tr>\n<tr>\n<th>Capacity<\/th>\n<td>45 l<\/td>\n<\/tr>\n<tr>\n<th>Dimenzije nahrbtnika<\/th>\n<td>50 x 18 x 40 cm<\/td>\n<\/tr>\n<tr>\n<th>Dimenzije torbe za baterije<\/th>\n<td>18 x 10,5 x 9,5 cm<\/td>\n<\/tr>\n<\/tbody>\n<\/table>\n<\/div>","protected":false},"excerpt":{"rendered":"<p>Na zalogi pri zunanjem dobavitelju. Rok dostave 3-5dni.<\/p>","protected":false},"featured_media":24418,"template":"","meta":{"_monsterinsights_skip_tracking":false,"_monsterinsights_sitenote_active":false,"_monsterinsights_sitenote_note":"","_monsterinsights_sitenote_category":0},"product_brand":[],"product_cat":[253,254,255],"product_tag":[],"class_list":{"0":"post-24365","1":"product","2":"type-product","3":"status-publish","4":"has-post-thumbnail","6":"product_cat-sport","7":"product_cat-vodni-sporti","8":"product_cat-vsi","10":"first","11":"instock","12":"taxable","13":"shipping-taxable","14":"purchasable","15":"product-type-simple"},"jetpack_sharing_enabled":true,"_links":{"self":[{"href":"https:\/\/kobra.si\/en\/wp-json\/wp\/v2\/product\/24365","targetHints":{"allow":["GET"]}}],"collection":[{"href":"https:\/\/kobra.si\/en\/wp-json\/wp\/v2\/product"}],"about":[{"href":"https:\/\/kobra.si\/en\/wp-json\/wp\/v2\/types\/product"}],"version-history":[{"count":1,"href":"https:\/\/kobra.si\/en\/wp-json\/wp\/v2\/product\/24365\/revisions"}],"predecessor-version":[{"id":24421,"href":"https:\/\/kobra.si\/en\/wp-json\/wp\/v2\/product\/24365\/revisions\/24421"}],"wp:featuredmedia":[{"embeddable":true,"href":"https:\/\/kobra.si\/en\/wp-json\/wp\/v2\/media\/24418"}],"wp:attachment":[{"href":"https:\/\/kobra.si\/en\/wp-json\/wp\/v2\/media?parent=24365"}],"wp:term":[{"taxonomy":"product_brand","embeddable":true,"href":"https:\/\/kobra.si\/en\/wp-json\/wp\/v2\/product_brand?post=24365"},{"taxonomy":"product_cat","embeddable":true,"href":"https:\/\/kobra.si\/en\/wp-json\/wp\/v2\/product_cat?post=24365"},{"taxonomy":"product_tag","embeddable":true,"href":"https:\/\/kobra.si\/en\/wp-json\/wp\/v2\/product_tag?post=24365"}],"curies":[{"name":"wp","href":"https:\/\/api.w.org\/{rel}","templated":true}]}}