{"id":23996,"date":"2025-03-25T10:23:49","date_gmt":"2025-03-25T09:23:49","guid":{"rendered":"https:\/\/kobra.si\/spletna-trgovina-kobra\/esr-qi2-magslim-5000-mah-magnetna-powerbank-s-stojalom-pescena\/"},"modified":"2025-12-05T21:01:43","modified_gmt":"2025-12-05T20:01:43","slug":"esr-qi2-magslim-5000-mah-magnetna-powerbank-s-stojalom-pescena","status":"publish","type":"product","link":"https:\/\/kobra.si\/en\/spletna-trgovina-kobra\/esr-qi2-magslim-5000-mah-magnetna-powerbank-s-stojalom-pescena\/","title":{"rendered":"ESR Qi2 MagSlim 5000 mAh magnetni powerbank s stojalom (pe\u0161\u010dena)"},"content":{"rendered":"<h3>ESR Qi2 MagSlim 5000 mAh magnetna powerbank s stojalom (pe\u0161\u010dena).<\/h3>\n<p>\u010ce i\u0161\u010dete powerbank, ki zdru\u017euje hitro polnjenje, kompaktno obliko in varno uporabo, je ESR Qi2 MagSlim odli\u010dna izbira. S svojimi naprednimi tehnologijami in edinstveno estetiko ste lahko vedno prepri\u010dani, da so va\u0161e naprave pripravljene za uporabo, kjer koli ste.<\/p>\n<p>\n<img decoding=\"async\" border=\"0\" src=\"https:\/\/assets.innpro.pl\/12435\/14815\/2.jpg\" title=\"\">\n<\/p>\n<h3>Najtanj\u0161a in najhitrej\u0161a &#8211; vedno pripravljena, ko jo potrebujete<\/h3>\n<p>ESR Qi2 MagSlim je powerbank, ki zdru\u017euje izjemno zmogljivost in sodobne tehnologije. Z zmogljivostjo 5000 mAh in podporo za hitro polnjenje z mo\u010djo 15 W va\u0161im napravam zagotavlja takoj\u0161nje napajanje &#8211; kar 84 minut manj kot standardni modeli. Inteligentni algoritmi umetne inteligence in hladilni senzorji NTC zagotavljajo varno delovno temperaturo pod 36,7 \u00b0C (standard je 48 \u00b0C), kar zagotavlja u\u010dinkovitost in za\u0161\u010dito med uporabo.<\/p>\n<p>\n<img decoding=\"async\" border=\"0\" src=\"https:\/\/assets.innpro.pl\/12435\/14815\/5.jpg\" title=\"\">\n<\/p>\n<h3>Revolucionarne tehnologije polnjenja<\/h3>\n<p>S certifikatom Qi2 in tehnologijo SiCore Fast Tech naprava MagSlim zagotavlja stabilno in hitro polnjenje, ki je idealno prilagojeno potrebam sodobnih naprav. 8-bitni procesor spremlja polnjenje v realnem \u010dasu ter zagotavlja optimalno zmogljivost in varnost. Mo\u010dan 1200 g te\u017eak magnet zagotavlja varno povezavo z iPhoni serije 12 in novej\u0161imi, ohi\u0161ji MagSafe, univerzalnimi obro\u010di in ohi\u0161ji ESR ter zdru\u017eljivimi napravami, vklju\u010dno z AirPods Pro\/3\/2 in izbranimi Samsungovimi modeli.<\/p>\n<p>\n<img decoding=\"async\" border=\"0\" src=\"https:\/\/assets.innpro.pl\/12435\/14815\/6.jpg\" title=\"\">\n<\/p>\n<h3>Odli\u010dna zasnova in vsestranska funkcionalnost<\/h3>\n<p>Napajalnik MagSlim Powerbank odlikujeta izjemno kompaktna zasnova in stojalo z nagrajenim dizajnom (Design Award 2023, Red Dot 2023). Zaradi nastavljivega kota jo lahko prilagodite svojim potrebam, kar se odli\u010dno obnese tako pri delu kot pri vsakodnevni uporabi. Zaradi svoje tanke oblike in sodobnega dizajna je popoln potovalni spremljevalec in eleganten dodatek k va\u0161i napravi.<\/p>\n<p>\n<img decoding=\"async\" border=\"0\" src=\"https:\/\/assets.innpro.pl\/12435\/14815\/7.jpg\" title=\"\">\n<\/p>\n<h3>Vedno popolnoma zdru\u017eljiv<\/h3>\n<p>ESR Qi2 MagSlim deluje s telefoni iPhone serije 12 in novej\u0161imi, ohi\u0161ji MagSafe ter univerzalno dodatno opremo ESR. Ne glede na posodobitve sistema iOS naprava zagotavlja stabilno polnjenje, zato je zanesljiva re\u0161itev za vsako prilo\u017enost.<\/p>\n<p>\n<img decoding=\"async\" border=\"0\" src=\"https:\/\/assets.innpro.pl\/12435\/14815\/4.jpg\" title=\"\">\n<\/p>\n<div class=\"table-wrapper\">\n<h3><\/h3>\n<table>\n<tbody>\n<tr>\n<th>Proizvajalec<\/th>\n<td>ESR<\/td>\n<\/tr>\n<tr>\n<th>Kapaciteta baterije<\/th>\n<td>5000 mAh<\/td>\n<\/tr>\n<tr>\n<th>Polnilna mo\u010d<\/th>\n<td>15 W<\/td>\n<\/tr>\n<tr>\n<th>Hitro polnjenje<\/th>\n<td>da, Qi2<\/td>\n<\/tr>\n<tr>\n<th>Zdru\u017eljivost<\/th>\n<td>iPhone 12 in novej\u0161i (s sistemom MagSafe), ohi\u0161je MagSafe, magnetno ohi\u0161je ESR, univerzalni magnetni obro\u010d ESR, AirPods Pro\/3\/2, izbrani modeli Samsung<\/td>\n<\/tr>\n<tr>\n<th>Hladilni sistem<\/th>\n<td>Inteligentni senzorji NTC<\/td>\n<\/tr>\n<tr>\n<th>Najvi\u0161ja delovna temperatura<\/th>\n<td>36,7\u00b0C<\/td>\n<\/tr>\n<tr>\n<th>Magnetna privla\u010dna sila<\/th>\n<td>1200 g<\/td>\n<\/tr>\n<tr>\n<th>Procesor<\/th>\n<td>Vgrajen 8-bitni procesor<\/td>\n<\/tr>\n<tr>\n<th>Dodatne funkcije<\/th>\n<td>Ve\u010dkrat nagrajeno oblikovanje (Design Award 2023, Red Dot 2023)<\/td>\n<\/tr>\n<tr>\n<th>Color<\/th>\n<td>Pe\u0161\u010dena<\/td>\n<\/tr>\n<tr>\n<th>Certifikati<\/th>\n<td>Certifikat Qi2<\/td>\n<\/tr>\n<tr>\n<th>Uporabljene tehnologije<\/th>\n<td>Qi2, algoritmi umetne inteligence, NTC, SiCore Fast Tech<\/td>\n<\/tr>\n<\/tbody>\n<\/table>\n<\/div>","protected":false},"excerpt":{"rendered":"<p>Na zalogi pri zunanjem dobavitelju. Rok dostave 3-5dni.<\/p>","protected":false},"featured_media":24016,"template":"","meta":{"_monsterinsights_skip_tracking":false,"_monsterinsights_sitenote_active":false,"_monsterinsights_sitenote_note":"","_monsterinsights_sitenote_category":0},"product_brand":[],"product_cat":[142,61,255],"product_tag":[],"class_list":{"0":"post-23996","1":"product","2":"type-product","3":"status-publish","4":"has-post-thumbnail","6":"product_cat-brezzicni-polnilci","7":"product_cat-dodatki","8":"product_cat-vsi","10":"first","11":"outofstock","12":"taxable","13":"shipping-taxable","14":"purchasable","15":"product-type-simple"},"jetpack_sharing_enabled":true,"_links":{"self":[{"href":"https:\/\/kobra.si\/en\/wp-json\/wp\/v2\/product\/23996","targetHints":{"allow":["GET"]}}],"collection":[{"href":"https:\/\/kobra.si\/en\/wp-json\/wp\/v2\/product"}],"about":[{"href":"https:\/\/kobra.si\/en\/wp-json\/wp\/v2\/types\/product"}],"version-history":[{"count":1,"href":"https:\/\/kobra.si\/en\/wp-json\/wp\/v2\/product\/23996\/revisions"}],"predecessor-version":[{"id":24018,"href":"https:\/\/kobra.si\/en\/wp-json\/wp\/v2\/product\/23996\/revisions\/24018"}],"wp:featuredmedia":[{"embeddable":true,"href":"https:\/\/kobra.si\/en\/wp-json\/wp\/v2\/media\/24016"}],"wp:attachment":[{"href":"https:\/\/kobra.si\/en\/wp-json\/wp\/v2\/media?parent=23996"}],"wp:term":[{"taxonomy":"product_brand","embeddable":true,"href":"https:\/\/kobra.si\/en\/wp-json\/wp\/v2\/product_brand?post=23996"},{"taxonomy":"product_cat","embeddable":true,"href":"https:\/\/kobra.si\/en\/wp-json\/wp\/v2\/product_cat?post=23996"},{"taxonomy":"product_tag","embeddable":true,"href":"https:\/\/kobra.si\/en\/wp-json\/wp\/v2\/product_tag?post=23996"}],"curies":[{"name":"wp","href":"https:\/\/api.w.org\/{rel}","templated":true}]}}