{"id":23988,"date":"2025-03-25T10:23:32","date_gmt":"2025-03-25T09:23:32","guid":{"rendered":"https:\/\/kobra.si\/spletna-trgovina-kobra\/magnetni-powerbank-esr-qi2-magslim-5000-mah-pesceni\/"},"modified":"2026-04-13T21:01:09","modified_gmt":"2026-04-13T19:01:09","slug":"magnetni-powerbank-esr-qi2-magslim-5000-mah-pesceni","status":"publish","type":"product","link":"https:\/\/kobra.si\/en\/spletna-trgovina-kobra\/magnetni-powerbank-esr-qi2-magslim-5000-mah-pesceni\/","title":{"rendered":"Magnetni powerbank ESR Qi2 MagSlim 5000 mAh (pe\u0161\u010deni)"},"content":{"rendered":"<h3>Magnetni powerbank ESR Qi2 MagSlim 5000 mAh (pe\u0161\u010deni)<\/h3>\n<p>ESR Qi2 MagSlim je idealna re\u0161itev za tiste, ki i\u0161\u010dejo zmogljivo, kompaktno in varno powerbanko. V kombinaciji s sodobno zasnovo, mo\u010dnim magnetnim pritrdi\u0161\u010dem in napredno tehnologijo zagotavlja brezskrbno polnjenje v vseh razmerah. Izberite kakovost, hitrost in zanesljivost, ki presegajo pri\u010dakovanja. Preverite, kako lahko ESR Qi2 MagSlim postane sestavni del va\u0161ega vsakdana!<\/p>\n<p>\n<img decoding=\"async\" border=\"0\" src=\"https:\/\/assets.innpro.pl\/12419\/14796\/6.jpg\" title=\"\">\n<\/p>\n<h3>Izjemno tanek, izjemno hiter, vedno hladen<\/h3>\n<p>ESR Qi2 MagSlim zdru\u017euje minimalisti\u010dno, elegantno obliko z napredno tehnologijo polnjenja. Z debelino le 14 mm ni le izjemno tanek, temve\u010d tudi lahek in priro\u010den. Baterija powerbank ima veliko zmogljivost 5000 mAh. Naprava podpira tehnologijo hitrega polnjenja z mo\u010djo 15 W. Tako boste svoj iPhone 15 Pro napolnili do 75 % v samo 1 uri in 26 minutah &#8211; to je 84 minut hitreje kot pri drugih blagovnih znamkah.<\/p>\n<p>\n<img decoding=\"async\" border=\"0\" src=\"https:\/\/assets.innpro.pl\/12419\/14796\/4.jpg\" title=\"\">\n<\/p>\n<h3>Magnetno napajanje in univerzalna zdru\u017eljivost<\/h3>\n<p>Naprava ESR Qi2 MagSlim ni le hitra, temve\u010d tudi zanesljiva. Baterija za napajanje se zaradi mo\u010dnega magnetnega pritrdi\u0161\u010da z maso 1200 g stabilno dr\u017ei va\u0161ega iPhona. Zdru\u017eljiva je z iPhoni serije 12 in novej\u0161imi ter z ohi\u0161ji MagSafe, ohi\u0161ji ESR in univerzalnimi obro\u010di ESR. Izdelek deluje tudi s slu\u0161alkami AirPods Pro\/3\/2 in izbranimi Samsungovimi modeli. Certifikat Qi2 zagotavlja zdru\u017eljivost z najnovej\u0161imi posodobitvami sistema iOS in varno uporabo.<\/p>\n<p>\n<img decoding=\"async\" border=\"0\" src=\"https:\/\/assets.innpro.pl\/12419\/14796\/3.jpg\" title=\"\">\n<\/p>\n<h3>Pametna tehnologija za najve\u010djo zmogljivost<\/h3>\n<p>Powerbank je opremljen z naprednim algoritmom, ki temelji na 8-bitnem procesorju in nadzoruje proces polnjenja v realnem \u010dasu. Zahvaljujo\u010d tehnologiji SiCore Fast Tech je polnjenje ne le hitro, temve\u010d tudi energijsko u\u010dinkovito in varno. Funkcija pametnega upravljanja baterije poskrbi, da se polnjenje samodejno ustavi pri 80 % in tako za\u0161\u010diti va\u0161o napravo, \u010de se va\u0161 iPhone pregreje, pa se proces ustavi in nadaljuje, ko se ohladi. Inovativna tehnologija NTX Cooling Tech ohranja temperaturo polnjenja na 35 \u00b0C (to je do 6 \u00b0C ni\u017eja temperatura kot pri konkurenci), kar zagotavlja varnost in zmogljivost med vsako uporabo.<\/p>\n<p>\n<img decoding=\"async\" border=\"0\" src=\"https:\/\/assets.innpro.pl\/12419\/14796\/7.jpg\" title=\"\">\n<\/p>\n<div class=\"table-wrapper\">\n<h3><\/h3>\n<table>\n<tbody>\n<tr>\n<th>Proizvajalec:<\/th>\n<td>ESR<\/td>\n<\/tr>\n<tr>\n<th>Kapaciteta baterije<\/th>\n<td>5000 mAh<\/td>\n<\/tr>\n<tr>\n<th>Polnilna mo\u010d<\/th>\n<td>15 W (hitro polnjenje Qi2)<\/td>\n<\/tr>\n<tr>\n<th>\u010cas polnjenja<\/th>\n<td>iPhone 15 Pro do 75 % v 1 uri in 26 minutah<\/td>\n<\/tr>\n<tr>\n<th>Debelina<\/th>\n<td>14 mm<\/td>\n<\/tr>\n<tr>\n<th>Hlajenje<\/th>\n<td>NTX Intelligent Cooling Tech &#8211; temperatura polnjenja se vzdr\u017euje na 35 \u00b0C<\/td>\n<\/tr>\n<tr>\n<th>Magnetna mo\u010d dr\u017eanja<\/th>\n<td>1200 g<\/td>\n<\/tr>\n<tr>\n<th>Zdru\u017eljivost<\/th>\n<td>Dodatki MagSafe in ESR, iPhone serije 12 (in novej\u0161i), AirPods Pro\/3\/2, izbrani Samsungovi modeli<\/td>\n<\/tr>\n<tr>\n<th>Certifikacija<\/th>\n<td>Qi2<\/td>\n<\/tr>\n<tr>\n<th>Pametne tehnologije<\/th>\n<td>SiCore Fast Tech, algoritem umetne inteligence, ki temelji na 8-bitnem procesorju<\/td>\n<\/tr>\n<tr>\n<th>Varnost<\/th>\n<td>Za\u0161\u010dita pred pregrevanjem<\/td>\n<\/tr>\n<tr>\n<th>Color<\/th>\n<td>Pe\u0161\u010dena<\/td>\n<\/tr>\n<\/tbody>\n<\/table>\n<\/div>","protected":false},"excerpt":{"rendered":"<p>Na zalogi pri zunanjem dobavitelju. Rok dostave 3-5dni.<\/p>","protected":false},"featured_media":24008,"template":"","meta":{"_monsterinsights_skip_tracking":false,"_monsterinsights_sitenote_active":false,"_monsterinsights_sitenote_note":"","_monsterinsights_sitenote_category":0},"product_brand":[],"product_cat":[142,61,255],"product_tag":[],"class_list":{"0":"post-23988","1":"product","2":"type-product","3":"status-publish","4":"has-post-thumbnail","6":"product_cat-brezzicni-polnilci","7":"product_cat-dodatki","8":"product_cat-vsi","10":"first","11":"instock","12":"taxable","13":"shipping-taxable","14":"purchasable","15":"product-type-simple"},"jetpack_sharing_enabled":true,"_links":{"self":[{"href":"https:\/\/kobra.si\/en\/wp-json\/wp\/v2\/product\/23988","targetHints":{"allow":["GET"]}}],"collection":[{"href":"https:\/\/kobra.si\/en\/wp-json\/wp\/v2\/product"}],"about":[{"href":"https:\/\/kobra.si\/en\/wp-json\/wp\/v2\/types\/product"}],"version-history":[{"count":1,"href":"https:\/\/kobra.si\/en\/wp-json\/wp\/v2\/product\/23988\/revisions"}],"predecessor-version":[{"id":24010,"href":"https:\/\/kobra.si\/en\/wp-json\/wp\/v2\/product\/23988\/revisions\/24010"}],"wp:featuredmedia":[{"embeddable":true,"href":"https:\/\/kobra.si\/en\/wp-json\/wp\/v2\/media\/24008"}],"wp:attachment":[{"href":"https:\/\/kobra.si\/en\/wp-json\/wp\/v2\/media?parent=23988"}],"wp:term":[{"taxonomy":"product_brand","embeddable":true,"href":"https:\/\/kobra.si\/en\/wp-json\/wp\/v2\/product_brand?post=23988"},{"taxonomy":"product_cat","embeddable":true,"href":"https:\/\/kobra.si\/en\/wp-json\/wp\/v2\/product_cat?post=23988"},{"taxonomy":"product_tag","embeddable":true,"href":"https:\/\/kobra.si\/en\/wp-json\/wp\/v2\/product_tag?post=23988"}],"curies":[{"name":"wp","href":"https:\/\/api.w.org\/{rel}","templated":true}]}}