{"id":23983,"date":"2025-03-25T10:23:21","date_gmt":"2025-03-25T09:23:21","guid":{"rendered":"https:\/\/kobra.si\/spletna-trgovina-kobra\/esr-qi2-magslim-5000-mah-magnetna-powerbank-bela\/"},"modified":"2026-02-02T21:01:11","modified_gmt":"2026-02-02T20:01:11","slug":"esr-qi2-magslim-5000-mah-magnetna-powerbank-bela","status":"publish","type":"product","link":"https:\/\/kobra.si\/en\/spletna-trgovina-kobra\/esr-qi2-magslim-5000-mah-magnetna-powerbank-bela\/","title":{"rendered":"ESR Qi2 MagSlim 5000 mAh magnetni powerbank (bela)"},"content":{"rendered":"<h3>ESR Qi2 MagSlim 5000 mAh magnetna powerbank (bela)<\/h3>\n<p>Magnetna powerbank ESR Qi2 MagSlim z zmogljivostjo 5000 mAh je popolna kombinacija sloga, zmogljivosti in varnosti. Zaradi svoje tanke oblike, 15 W polnilne mo\u010di in naprednih tehnologij hlajenja je nepogre\u0161ljiv pripomo\u010dek za vse uporabnike iPhona in drugih zdru\u017eljivih naprav. Izberite ESR Qi2 MagSlim in u\u017eivajte v zanesljivem polnjenju, kadar koli ga potrebujete!<\/p>\n<p>\n<img decoding=\"async\" border=\"0\" src=\"https:\/\/assets.innpro.pl\/12427\/14808\/2.jpg\" title=\"\">\n<\/p>\n<h3>Najtanj\u0161i, najhitrej\u0161i, najhladnej\u0161i<\/h3>\n<p>ESR Qi2 MagSlim je nova generacija magnetnih napajalnikov, ki na novo opredeljuje standarde polnjenja. Njegova tanka zasnova z debelino le 14 mm se odli\u010dno ujema z zmogljivostjo. Z mo\u010djo hitrega polnjenja 15 W naprava napolni iPhone 15 Pro do 75 % v samo eni uri in 26 minutah &#8211; 84 minut hitreje, kot ponujajo standardne napajalne baterije. Poleg tega njen napredni hladilni sistem zagotavlja, da temperatura polnjenja ostane kar 6 \u00b0C ni\u017eja kot pri drugih polnilnih napravah.<\/p>\n<p>\n<img decoding=\"async\" border=\"0\" src=\"https:\/\/assets.innpro.pl\/12427\/14808\/6.jpg\" title=\"\">\n<\/p>\n<h3>Varnost in zmogljivost<\/h3>\n<p>Powerbank ESR Qi2 MagSlim uporablja inovativne tehnologije, kot so algoritmi umetne inteligence in pametni senzorji NTC, ki neprekinjeno spremljajo temperaturo v realnem \u010dasu. Zaradi tega polnjenje ni le u\u010dinkovito, temve\u010d tudi varno &#8211; temperatura ne prese\u017ee 36,7 \u00b0C, medtem ko standardne omejitve segajo do 48 \u00b0C. 8-bitni procesor optimizira postopek polnjenja ter zagotavlja stabilnost in zdru\u017eljivost z najnovej\u0161imi posodobitvami sistema iOS, certifikat Qi2 pa zagotavlja bliskovito hitro in varno obnovitev napajanja.<\/p>\n<p>\n<img decoding=\"async\" border=\"0\" src=\"https:\/\/assets.innpro.pl\/12427\/14808\/5.jpg\" title=\"\">\n<\/p>\n<h3>Zanesljiv magnet in vsestranskost<\/h3>\n<p>Magnetno dr\u017ealo z maso 1200 g zagotavlja varen oprijem telefona iPhone (zdru\u017eljivega s serijo 12 in novej\u0161imi) in drugih naprav, ki podpirajo MagSafe, kot so AirPods in izbrani Samsungovi modeli. Baterija za napajanje odli\u010dno deluje z ohi\u0161ji MagSafe, magnetnimi ohi\u0161ji in univerzalnimi obro\u010dki ESR. Stabilno in zanesljivo polnjenje je vedno na dosegu roke, ne glede na lokacijo ali razmere.<\/p>\n<p>\n<img decoding=\"async\" border=\"0\" src=\"https:\/\/assets.innpro.pl\/12427\/14808\/4.jpg\" title=\"\">\n<\/p>\n<h3>Revolucionarna tehnologija Qi2<\/h3>\n<p>Powerbank uporablja certificirano tehnologijo Qi2 in hitro polnjenje SiCore, zaradi \u010desar je vodilna v svoji kategoriji. Zahvaljujo\u010d ESR-jevim pametnim re\u0161itvam je polnjenje naprav hitro, izjemno u\u010dinkovito in varno &#8211; ni vam treba skrbeti, da bi se oprema pregrela. V primeru doseganja visokih temperatur iOS 17 ustavi ESR pri 80 %, da za\u0161\u010diti baterijo va\u0161e naprave, in ko se ta ohladi, powerbank nadaljuje svoje delo.<\/p>\n<p>\n<img decoding=\"async\" border=\"0\" src=\"https:\/\/assets.innpro.pl\/12427\/14808\/3.jpg\" title=\"\">\n<\/p>\n<div class=\"table-wrapper\">\n<h3><\/h3>\n<table>\n<tbody>\n<tr>\n<th>Proizvajalec:<\/th>\n<td>ESR<\/td>\n<\/tr>\n<tr>\n<th>Model<\/th>\n<td>MagSlim<\/td>\n<\/tr>\n<tr>\n<th>Kapaciteta baterije<\/th>\n<td>5000 mAh<\/td>\n<\/tr>\n<tr>\n<th>Tehnologija polnjenja<\/th>\n<td>Qi2<\/td>\n<\/tr>\n<tr>\n<th>Izhodna mo\u010d<\/th>\n<td>15 W (hitro polnjenje)<\/td>\n<\/tr>\n<tr>\n<th>Debelina naprave<\/th>\n<td>14 mm<\/td>\n<\/tr>\n<tr>\n<th>Mo\u010d magnetnega dr\u017eala<\/th>\n<td>1200 g<\/td>\n<\/tr>\n<tr>\n<th>Podprte naprave:<\/th>\n<td>Telefoni iPhone s sistemom MagSafe (serija 12 in novej\u0161i), ohi\u0161ja MagSafe in ESR, univerzalni magnetni obro\u010di ESR, AirPods Pro\/3\/2, izbrani modeli Samsung<\/td>\n<\/tr>\n<tr>\n<th>Hlajenje<\/th>\n<td>Inteligentna tehnologija NTC in algoritmi umetne inteligence<\/td>\n<\/tr>\n<tr>\n<th>Working temperature<\/th>\n<td>Max. 36,7\u00b0C<\/td>\n<\/tr>\n<tr>\n<th>\u010cas polnjenja:<\/th>\n<td>iPhone 15 Pro do 75 % v 1 uri in 26 minutah<\/td>\n<\/tr>\n<tr>\n<th>Procesor<\/th>\n<td>8-bitni<\/td>\n<\/tr>\n<tr>\n<th>Varnostne funkcije<\/th>\n<td>Za\u0161\u010dita pred pregrevanjem<\/td>\n<\/tr>\n<tr>\n<th>Color<\/th>\n<td>White<\/td>\n<\/tr>\n<tr>\n<th>Zdru\u017eljivi operacijski sistemi<\/th>\n<td>Nadgradnja sistema iOS<\/td>\n<\/tr>\n<\/tbody>\n<\/table>\n<\/div>","protected":false},"excerpt":{"rendered":"<p>Na zalogi pri zunanjem dobavitelju. Rok dostave 3-5dni.<\/p>","protected":false},"featured_media":24004,"template":"","meta":{"_monsterinsights_skip_tracking":false,"_monsterinsights_sitenote_active":false,"_monsterinsights_sitenote_note":"","_monsterinsights_sitenote_category":0},"product_brand":[],"product_cat":[142,61,255],"product_tag":[],"class_list":{"0":"post-23983","1":"product","2":"type-product","3":"status-publish","4":"has-post-thumbnail","6":"product_cat-brezzicni-polnilci","7":"product_cat-dodatki","8":"product_cat-vsi","10":"first","11":"outofstock","12":"taxable","13":"shipping-taxable","14":"purchasable","15":"product-type-simple"},"jetpack_sharing_enabled":true,"_links":{"self":[{"href":"https:\/\/kobra.si\/en\/wp-json\/wp\/v2\/product\/23983","targetHints":{"allow":["GET"]}}],"collection":[{"href":"https:\/\/kobra.si\/en\/wp-json\/wp\/v2\/product"}],"about":[{"href":"https:\/\/kobra.si\/en\/wp-json\/wp\/v2\/types\/product"}],"version-history":[{"count":1,"href":"https:\/\/kobra.si\/en\/wp-json\/wp\/v2\/product\/23983\/revisions"}],"predecessor-version":[{"id":24005,"href":"https:\/\/kobra.si\/en\/wp-json\/wp\/v2\/product\/23983\/revisions\/24005"}],"wp:featuredmedia":[{"embeddable":true,"href":"https:\/\/kobra.si\/en\/wp-json\/wp\/v2\/media\/24004"}],"wp:attachment":[{"href":"https:\/\/kobra.si\/en\/wp-json\/wp\/v2\/media?parent=23983"}],"wp:term":[{"taxonomy":"product_brand","embeddable":true,"href":"https:\/\/kobra.si\/en\/wp-json\/wp\/v2\/product_brand?post=23983"},{"taxonomy":"product_cat","embeddable":true,"href":"https:\/\/kobra.si\/en\/wp-json\/wp\/v2\/product_cat?post=23983"},{"taxonomy":"product_tag","embeddable":true,"href":"https:\/\/kobra.si\/en\/wp-json\/wp\/v2\/product_tag?post=23983"}],"curies":[{"name":"wp","href":"https:\/\/api.w.org\/{rel}","templated":true}]}}