{"id":23972,"date":"2025-03-25T09:34:46","date_gmt":"2025-03-25T08:34:46","guid":{"rendered":"https:\/\/kobra.si\/spletna-trgovina-kobra\/prenosni-aparat-za-kavo-outin-nano-7500-mah-siv\/"},"modified":"2026-04-21T20:59:13","modified_gmt":"2026-04-21T18:59:13","slug":"prenosni-aparat-za-kavo-outin-nano-7500-mah-siv","status":"publish","type":"product","link":"https:\/\/kobra.si\/en\/spletna-trgovina-kobra\/prenosni-aparat-za-kavo-outin-nano-7500-mah-siv\/","title":{"rendered":"Prenosni aparat za kavo Outin Nano 7500 mAh (siv)"},"content":{"rendered":"<h3>Outin Nano brez\u017ei\u010dni aparat za espresso (siv)<\/h3>\n<p>Outin Nano je prenosni brez\u017ei\u010dni aparat za kavo, ki bo zadovoljil potrebe vseh ljubiteljev espressa &#8211; a ne samo njih! Naprava tehta le 670 g, zato jo lahko vzamete s seboj, kamor koli \u017eelite. Baterija z zmogljivostjo 7 500 mAh omogo\u010da pripravo kar 5 skodelic kave z uporabo hladne vode ali ve\u010d kot 200 skodelic vro\u010de kave brez polnjenja. Zahvaljujo\u010d funkciji hitrega segrevanja lahko u\u017eivate v okusnem espressu v samo 200 sekundah, tlak 20 barov in temperatura do 92 \u00b0C pa zagotavljata puhasto peno. Aparat je zdru\u017eljiv z mleto kavo in kapsulami.<\/p>\n<p>\n<img decoding=\"async\" border=\"0\" src=\"https:\/\/assets.innpro.pl\/10449\/12268\/5.jpg\" title=\"\">\n<\/p>\n<h3>Kava za vsako prilo\u017enost<\/h3>\n<p>Zaradi kompaktne in lahke zasnove (670 g) je aparat Outin Nano odli\u010den sopotnik na potovanjih &#8211; zlahka ga boste spravili v nahrbtnik. Mo\u017enost polnjenja prek vrat USB ali avtomobilskega polnilnika (12V\/24V) vam omogo\u010da, da u\u017eivate v okusni kavi kjer koli.<\/p>\n<p>\n<img decoding=\"async\" border=\"0\" src=\"https:\/\/assets.innpro.pl\/10449\/12268\/3.jpg\" title=\"\">\n<\/p>\n<h3>Espresso kot v kavarni<\/h3>\n<p>Z napravo Outin Nano lahko u\u017eivate v kavi, ki ima okus kot iz najbolj\u0161ih kavarn. Aparat uporablja tlak 20 barov in temperaturo, ki dose\u017ee 92 \u00b0C, kar vam omogo\u010da, da v vsaki skodelici kave dobite gosto peno. Ne glede na to, ali uporabljate mleto kavo ali kapsule, lahko ra\u010dunate na profesionalen okus in aromo.<\/p>\n<p>\n<img decoding=\"async\" border=\"0\" src=\"https:\/\/assets.innpro.pl\/10449\/12268\/8.jpg\" title=\"\">\n<\/p>\n<h3>Pijte kavo brez omejitev<\/h3>\n<p>Trpe\u017ena baterija s 7 500 mAh zagotavlja mo\u017enost priprave do 5 skodelic kave s hladno vodo ali ve\u010d kot 200 skodelic z vro\u010do vodo z enim polnjenjem. To pomeni, da lahko v kavi u\u017eivate dlje \u010dasa, ne da bi vam bilo treba pogosto obnavljati energijo.<\/p>\n<p>\n<img decoding=\"async\" border=\"0\" src=\"https:\/\/assets.innpro.pl\/10449\/12268\/1.jpg\" title=\"\">\n<\/p>\n<h3>Preizkusite nove okuse<\/h3>\n<p>Aparat je zdru\u017eljiv z mleto kavo in kapsulami Nespresso\u00ae. Preprosto dodajte 50-80 ml vode (hladne ali vro\u010de), nato za 2 sekundi pridr\u017eite gumb, da se hladna voda segreje in za\u010dne ekstrakcija. Za vro\u010do vodo dr\u017eite gumb 5 sekund ali ga hitro dvakrat pritisnite, da se za\u010dne postopek kuhanja &#8211; priprava kave \u0161e nikoli ni bila enostavnej\u0161a!<\/p>\n<p>\n<img decoding=\"async\" border=\"0\" src=\"https:\/\/assets.innpro.pl\/10449\/12268\/7.jpg\" title=\"\">\n<\/p>\n<h3>Visoka kakovost izdelave<\/h3>\n<p>V napravi so uporabljeni evropsko certificirani materiali, ki izpolnjujejo najvi\u0161je standarde pri izdelavi aparatov za kavo. Visoko kakovost izdelave potrjuje certifikat Coffee Brewing Center. Poleg tega je aparat Outin Nano prejel presti\u017eni nagradi za oblikovanje, med drugim nagradi Red Dot Design Award 2023 in IF Design Award 2024.<\/p>\n<p>\n<img decoding=\"async\" border=\"0\" src=\"https:\/\/assets.innpro.pl\/10449\/12268\/2.jpg\" title=\"\">\n<\/p>\n<h3>Vklju\u010deno:<\/h3>\n<ul class=\"list-disc pl-5\">\n<li>Vsebuje: aparat za kavo Outin Nano<\/li>\n<li>adapter za kapsule<\/li>\n<li>Filter za mleto kavo<\/li>\n<li>\u017dli\u010dka za mleto kavo<\/li>\n<li>Kabel USB-C<\/li>\n<\/ul>\n<div class=\"table-wrapper\">\n<h3><\/h3>\n<table>\n<tbody>\n<tr>\n<th>Proizvajalec<\/th>\n<td>Outin<\/td>\n<\/tr>\n<tr>\n<th>Model<\/th>\n<td>Nano?<\/td>\n<\/tr>\n<tr>\n<th>Zmogljivost baterije<\/th>\n<td>7500 mAh<\/td>\n<\/tr>\n<tr>\n<th>\u010cas segrevanja<\/th>\n<td>200 sekund<\/td>\n<\/tr>\n<tr>\n<th>Najvi\u0161ja temperatura<\/th>\n<td>92\u00b0C<\/td>\n<\/tr>\n<tr>\n<th>Tlak<\/th>\n<td>20 barov<\/td>\n<\/tr>\n<tr>\n<th>Najve\u010dja koli\u010dina vode<\/th>\n<td>80 ml<\/td>\n<\/tr>\n<tr>\n<th>Zdru\u017eljivost<\/th>\n<td>Mleta kava, kapsule Nespresso\u00ae<\/td>\n<\/tr>\n<tr>\n<th>Polnjenje<\/th>\n<td>USB, avtomobilski polnilnik 12V\/24V<\/td>\n<\/tr>\n<tr>\n<th>Weight<\/th>\n<td>670 g<\/td>\n<\/tr>\n<\/tbody>\n<\/table>\n<\/div>","protected":false},"excerpt":{"rendered":"<p>Na zalogi pri zunanjem dobavitelju. Rok dostave 3-5dni.<\/p>","protected":false},"featured_media":23976,"template":"","meta":{"_monsterinsights_skip_tracking":false,"_monsterinsights_sitenote_active":false,"_monsterinsights_sitenote_note":"","_monsterinsights_sitenote_category":0},"product_brand":[],"product_cat":[101,255],"product_tag":[],"class_list":{"0":"post-23972","1":"product","2":"type-product","3":"status-publish","4":"has-post-thumbnail","6":"product_cat-pametni-dom","7":"product_cat-vsi","9":"first","10":"instock","11":"taxable","12":"shipping-taxable","13":"purchasable","14":"product-type-simple"},"jetpack_sharing_enabled":true,"_links":{"self":[{"href":"https:\/\/kobra.si\/en\/wp-json\/wp\/v2\/product\/23972","targetHints":{"allow":["GET"]}}],"collection":[{"href":"https:\/\/kobra.si\/en\/wp-json\/wp\/v2\/product"}],"about":[{"href":"https:\/\/kobra.si\/en\/wp-json\/wp\/v2\/types\/product"}],"version-history":[{"count":1,"href":"https:\/\/kobra.si\/en\/wp-json\/wp\/v2\/product\/23972\/revisions"}],"predecessor-version":[{"id":23977,"href":"https:\/\/kobra.si\/en\/wp-json\/wp\/v2\/product\/23972\/revisions\/23977"}],"wp:featuredmedia":[{"embeddable":true,"href":"https:\/\/kobra.si\/en\/wp-json\/wp\/v2\/media\/23976"}],"wp:attachment":[{"href":"https:\/\/kobra.si\/en\/wp-json\/wp\/v2\/media?parent=23972"}],"wp:term":[{"taxonomy":"product_brand","embeddable":true,"href":"https:\/\/kobra.si\/en\/wp-json\/wp\/v2\/product_brand?post=23972"},{"taxonomy":"product_cat","embeddable":true,"href":"https:\/\/kobra.si\/en\/wp-json\/wp\/v2\/product_cat?post=23972"},{"taxonomy":"product_tag","embeddable":true,"href":"https:\/\/kobra.si\/en\/wp-json\/wp\/v2\/product_tag?post=23972"}],"curies":[{"name":"wp","href":"https:\/\/api.w.org\/{rel}","templated":true}]}}