{"id":23808,"date":"2025-02-22T11:50:45","date_gmt":"2025-02-22T10:50:45","guid":{"rendered":"https:\/\/kobra.si\/spletna-trgovina-kobra\/kolesarski-blatnik-rockbros-ws1001\/"},"modified":"2026-03-24T20:48:10","modified_gmt":"2026-03-24T19:48:10","slug":"kolesarski-blatnik-rockbros-ws1001","status":"publish","type":"product","link":"https:\/\/kobra.si\/en\/spletna-trgovina-kobra\/kolesarski-blatnik-rockbros-ws1001\/","title":{"rendered":"Kolesarski blatnik Rockbros WS1001"},"content":{"rendered":"<h3>Blatniki za kolo Rockbros WS1001<\/h3>\n<p>Zagotovite si bolj\u0161o za\u0161\u010dito pred blatom na naslednji kolesarski turi. Blatnike Rockbros WS1001 odlikuje raz\u0161irjena zasnova, zasnovani pa so tako, da \u0161e bolje \u0161\u010ditijo pnevmatiko va\u0161ega kolesa. Poleg tega so zelo enostavni za namestitev in izjemno trpe\u017eni &#8211; za njihovo izdelavo je bila uporabljena trpe\u017ena plastika. Blatniki so zasnovani za 26-pal\u010dna kolesa.<\/p>\n<p><img decoding=\"async\" src=\"https:\/\/b2b.innpro.pl\/data\/include\/cms\/Rockbros\/WS1001\/2.jpg\" title=\"\"><\/p>\n<div class=\"table-wrapper\">\n<table>\n<tbody>\n<tr>\n<th>Blagovna znamka<\/th>\n<td>Rockbros<\/td>\n<\/tr>\n<tr>\n<th>Model<\/th>\n<td>WS1001<\/td>\n<\/tr>\n<tr>\n<th>Color<\/th>\n<td>\u010crna<\/td>\n<\/tr>\n<tr>\n<th>Material<\/th>\n<td>Plastika<\/td>\n<\/tr>\n<tr>\n<th>Dimenzije sprednjega odbija\u010da<\/th>\n<td>7&#215;53,5&#215;5,5 cm<\/td>\n<\/tr>\n<tr>\n<th>Dimenzije zadnjega odbija\u010da<\/th>\n<td>7&#215;58,5&#215;7,5 cm<\/td>\n<\/tr>\n<tr>\n<th>Te\u017ea prednjega odbija\u010da<\/th>\n<td>128g<\/td>\n<\/tr>\n<tr>\n<th>Te\u017ea zadnjega odbija\u010da<\/th>\n<td>160g<\/td>\n<\/tr>\n<tr>\n<th>Zdru\u017eljivost<\/th>\n<td>26-pal\u010dna kolesa<\/td>\n<\/tr>\n<\/tbody>\n<\/table>\n<\/div>","protected":false},"excerpt":{"rendered":"<p>Na zalogi pri zunanjem dobavitelju. Rok dobave 3-7 delovnih dni.<\/p>","protected":false},"featured_media":23806,"template":"","meta":{"_monsterinsights_skip_tracking":false,"_monsterinsights_sitenote_active":false,"_monsterinsights_sitenote_note":"","_monsterinsights_sitenote_category":0},"product_brand":[],"product_cat":[173,253,255],"product_tag":[],"class_list":{"0":"post-23808","1":"product","2":"type-product","3":"status-publish","4":"has-post-thumbnail","6":"product_cat-kolesarski-dodatki","7":"product_cat-sport","8":"product_cat-vsi","10":"first","11":"instock","12":"taxable","13":"shipping-taxable","14":"purchasable","15":"product-type-simple"},"jetpack_sharing_enabled":true,"_links":{"self":[{"href":"https:\/\/kobra.si\/en\/wp-json\/wp\/v2\/product\/23808","targetHints":{"allow":["GET"]}}],"collection":[{"href":"https:\/\/kobra.si\/en\/wp-json\/wp\/v2\/product"}],"about":[{"href":"https:\/\/kobra.si\/en\/wp-json\/wp\/v2\/types\/product"}],"version-history":[{"count":2,"href":"https:\/\/kobra.si\/en\/wp-json\/wp\/v2\/product\/23808\/revisions"}],"predecessor-version":[{"id":31751,"href":"https:\/\/kobra.si\/en\/wp-json\/wp\/v2\/product\/23808\/revisions\/31751"}],"wp:featuredmedia":[{"embeddable":true,"href":"https:\/\/kobra.si\/en\/wp-json\/wp\/v2\/media\/23806"}],"wp:attachment":[{"href":"https:\/\/kobra.si\/en\/wp-json\/wp\/v2\/media?parent=23808"}],"wp:term":[{"taxonomy":"product_brand","embeddable":true,"href":"https:\/\/kobra.si\/en\/wp-json\/wp\/v2\/product_brand?post=23808"},{"taxonomy":"product_cat","embeddable":true,"href":"https:\/\/kobra.si\/en\/wp-json\/wp\/v2\/product_cat?post=23808"},{"taxonomy":"product_tag","embeddable":true,"href":"https:\/\/kobra.si\/en\/wp-json\/wp\/v2\/product_tag?post=23808"}],"curies":[{"name":"wp","href":"https:\/\/api.w.org\/{rel}","templated":true}]}}