{"id":23766,"date":"2025-02-22T11:48:32","date_gmt":"2025-02-22T10:48:32","guid":{"rendered":"https:\/\/kobra.si\/spletna-trgovina-kobra\/torba-za-kolo-rockbros-029-1bk\/"},"modified":"2026-02-04T20:48:12","modified_gmt":"2026-02-04T19:48:12","slug":"torba-za-kolo-rockbros-029-1bk","status":"publish","type":"product","link":"https:\/\/kobra.si\/en\/spletna-trgovina-kobra\/torba-za-kolo-rockbros-029-1bk\/","title":{"rendered":"Torba za kolo Rockbros 029-1BK"},"content":{"rendered":"<h3>Rockbros 029-1BK torba za kolo \/ nosilec za kolo<\/h3>\n<p>Se radi vozite s kolesom? Opremite se s prakti\u010dnim dr\u017ealom za telefon, ki dodatno deluje kot torba in omogo\u010da shranjevanje manj\u0161ih predmetov. Enostavno ga lahko namestite na okvir kolesa in vanj shranite klju\u010de, svetilko ali \u017eepni no\u017e. Poleg tega se zaradi vodoodporne zasnove ne bo ustra\u0161il de\u017eja. Prozorno okno za zaslon pametnega telefona je ob\u010dutljivo na dotik in omogo\u010da udobno upravljanje.<\/p>\n<p><img decoding=\"async\" src=\"https:\/\/b2b.innpro.pl\/data\/include\/cms\/Rockbros\/029-1BK\/2.jpg\" title=\"\"><\/p>\n<h3>2 w 1<\/h3>\n<p>Rockbros 029-1BK deluje kot dr\u017ealo za telefon in omogo\u010da priro\u010dno navigacijo med vo\u017enjo ali poslu\u0161anjem glasbe. Prozorno okno za zaslon je ob\u010dutljivo na dotik in zagotavlja hitro odzivanje naprave, sen\u010dnik pa zagotavlja dobro vidljivost pri mo\u010dni svetlobi. Nosilec je zdru\u017eljiv s pametnimi telefoni velikosti do 6 palcev.<\/p>\n<p><img decoding=\"async\" src=\"https:\/\/b2b.innpro.pl\/data\/include\/cms\/Rockbros\/029-1BK\/5.jpg\" title=\"\"><\/p>\n<div class=\"table-wrapper\">\n<table>\n<tbody>\n<tr>\n<th>Proizvajalec:<\/th>\n<td>Rockbros<\/td>\n<\/tr>\n<tr>\n<th>Model<\/th>\n<td>029-1BK<\/td>\n<\/tr>\n<tr>\n<th>Dimenzije<\/th>\n<td>Pribli\u017eno 8,5 x 25,5 x 13,5 cm<\/td>\n<\/tr>\n<tr>\n<th>Material<\/th>\n<td>Najlon 900D + \u017eamet<\/td>\n<\/tr>\n<tr>\n<th>Weight<\/th>\n<td>Pribli\u017eno 261 g<\/td>\n<\/tr>\n<tr>\n<th>Zdru\u017eljivost<\/th>\n<td>Pametni telefoni z diagonalo do 6&#8243;<\/td>\n<\/tr>\n<\/tbody>\n<\/table>\n<\/div>","protected":false},"excerpt":{"rendered":"<p>Na zalogi pri zunanjem dobavitelju. Rok dobave 3-5 dni.<\/p>","protected":false},"featured_media":23763,"template":"","meta":{"_monsterinsights_skip_tracking":false,"_monsterinsights_sitenote_active":false,"_monsterinsights_sitenote_note":"","_monsterinsights_sitenote_category":0},"product_brand":[],"product_cat":[173,255],"product_tag":[],"class_list":{"0":"post-23766","1":"product","2":"type-product","3":"status-publish","4":"has-post-thumbnail","6":"product_cat-kolesarski-dodatki","7":"product_cat-vsi","9":"first","10":"outofstock","11":"taxable","12":"shipping-taxable","13":"purchasable","14":"product-type-simple"},"jetpack_sharing_enabled":true,"_links":{"self":[{"href":"https:\/\/kobra.si\/en\/wp-json\/wp\/v2\/product\/23766","targetHints":{"allow":["GET"]}}],"collection":[{"href":"https:\/\/kobra.si\/en\/wp-json\/wp\/v2\/product"}],"about":[{"href":"https:\/\/kobra.si\/en\/wp-json\/wp\/v2\/types\/product"}],"version-history":[{"count":1,"href":"https:\/\/kobra.si\/en\/wp-json\/wp\/v2\/product\/23766\/revisions"}],"predecessor-version":[{"id":24734,"href":"https:\/\/kobra.si\/en\/wp-json\/wp\/v2\/product\/23766\/revisions\/24734"}],"wp:featuredmedia":[{"embeddable":true,"href":"https:\/\/kobra.si\/en\/wp-json\/wp\/v2\/media\/23763"}],"wp:attachment":[{"href":"https:\/\/kobra.si\/en\/wp-json\/wp\/v2\/media?parent=23766"}],"wp:term":[{"taxonomy":"product_brand","embeddable":true,"href":"https:\/\/kobra.si\/en\/wp-json\/wp\/v2\/product_brand?post=23766"},{"taxonomy":"product_cat","embeddable":true,"href":"https:\/\/kobra.si\/en\/wp-json\/wp\/v2\/product_cat?post=23766"},{"taxonomy":"product_tag","embeddable":true,"href":"https:\/\/kobra.si\/en\/wp-json\/wp\/v2\/product_tag?post=23766"}],"curies":[{"name":"wp","href":"https:\/\/api.w.org\/{rel}","templated":true}]}}