{"id":23744,"date":"2025-02-22T11:47:40","date_gmt":"2025-02-22T10:47:40","guid":{"rendered":"https:\/\/kobra.si\/spletna-trgovina-kobra\/nosilec-za-kolo-za-torbo-rockbros-kw-672-crn\/"},"modified":"2026-03-23T20:48:08","modified_gmt":"2026-03-23T19:48:08","slug":"nosilec-za-kolo-za-torbo-rockbros-kw-672-crn","status":"publish","type":"product","link":"https:\/\/kobra.si\/en\/spletna-trgovina-kobra\/nosilec-za-kolo-za-torbo-rockbros-kw-672-crn\/","title":{"rendered":"Nosilec za kolo za torbo Rockbros KW-672 (\u010drn)"},"content":{"rendered":"<h3>Rockbros KW-672 nosilec kolesarske torbe (\u010drn)<\/h3>\n<p>Dr\u017ealo za kolesarsko torbo Rockbros KW-672 vam bo omogo\u010dilo enostavno namestitev kolesarske torbe nad kolo. Izdelek je namenjen namestitvi na sede\u017eno cev s premerom 2,8-3,2 cm in je zdru\u017eljiv s torbo Rockbros s prostornino 8 litrov. Z lahkoto bo dr\u017eala vse predmete, ki jih boste vanjo polo\u017eili, in zagotavljala neprimerljivo udobje med izleti z enoslednim kolesom. Nosilec je izdelan iz aluminijeve zlitine, njegova namestitev pa je enostavna in ne zahteva dodatnega orodja.<\/p>\n<p><img decoding=\"async\" src=\"https:\/\/b2b.innpro.pl\/data\/include\/cms\/Rockbros\/KW-672\/3.jpg\" title=\"\"><\/p>\n<div class=\"table-wrapper\">\n<table>\n<tbody>\n<tr>\n<th>Proizvajalec:<\/th>\n<td>Rockbros<\/td>\n<\/tr>\n<tr>\n<th>Model<\/th>\n<td>KW-672<\/td>\n<\/tr>\n<tr>\n<th>Color<\/th>\n<td>\u010crna<\/td>\n<\/tr>\n<tr>\n<th>Material<\/th>\n<td>Aluminijeva zlitina<\/td>\n<\/tr>\n<tr>\n<th>Dimenzije<\/th>\n<td>46 x 18 x 17,2 x 6,2 cm<\/td>\n<\/tr>\n<\/tbody>\n<\/table>\n<\/div>","protected":false},"excerpt":{"rendered":"<p>Na zalogi pri zunanjem dobavitelju. Rok dostave 3-5dni.<\/p>","protected":false},"featured_media":23743,"template":"","meta":{"_monsterinsights_skip_tracking":false,"_monsterinsights_sitenote_active":false,"_monsterinsights_sitenote_note":"","_monsterinsights_sitenote_category":0},"product_brand":[],"product_cat":[173,255],"product_tag":[],"class_list":{"0":"post-23744","1":"product","2":"type-product","3":"status-publish","4":"has-post-thumbnail","6":"product_cat-kolesarski-dodatki","7":"product_cat-vsi","9":"first","10":"instock","11":"taxable","12":"shipping-taxable","13":"purchasable","14":"product-type-simple"},"jetpack_sharing_enabled":true,"_links":{"self":[{"href":"https:\/\/kobra.si\/en\/wp-json\/wp\/v2\/product\/23744","targetHints":{"allow":["GET"]}}],"collection":[{"href":"https:\/\/kobra.si\/en\/wp-json\/wp\/v2\/product"}],"about":[{"href":"https:\/\/kobra.si\/en\/wp-json\/wp\/v2\/types\/product"}],"version-history":[{"count":1,"href":"https:\/\/kobra.si\/en\/wp-json\/wp\/v2\/product\/23744\/revisions"}],"predecessor-version":[{"id":24739,"href":"https:\/\/kobra.si\/en\/wp-json\/wp\/v2\/product\/23744\/revisions\/24739"}],"wp:featuredmedia":[{"embeddable":true,"href":"https:\/\/kobra.si\/en\/wp-json\/wp\/v2\/media\/23743"}],"wp:attachment":[{"href":"https:\/\/kobra.si\/en\/wp-json\/wp\/v2\/media?parent=23744"}],"wp:term":[{"taxonomy":"product_brand","embeddable":true,"href":"https:\/\/kobra.si\/en\/wp-json\/wp\/v2\/product_brand?post=23744"},{"taxonomy":"product_cat","embeddable":true,"href":"https:\/\/kobra.si\/en\/wp-json\/wp\/v2\/product_cat?post=23744"},{"taxonomy":"product_tag","embeddable":true,"href":"https:\/\/kobra.si\/en\/wp-json\/wp\/v2\/product_tag?post=23744"}],"curies":[{"name":"wp","href":"https:\/\/api.w.org\/{rel}","templated":true}]}}