{"id":23734,"date":"2025-02-22T10:26:22","date_gmt":"2025-02-22T09:26:22","guid":{"rendered":"https:\/\/kobra.si\/spletna-trgovina-kobra\/zadnja-kolesarska-luc-superfire-btl02-usb-330-mah\/"},"modified":"2026-04-17T20:46:17","modified_gmt":"2026-04-17T18:46:17","slug":"zadnja-kolesarska-luc-superfire-btl02-usb-330-mah","status":"publish","type":"product","link":"https:\/\/kobra.si\/en\/spletna-trgovina-kobra\/zadnja-kolesarska-luc-superfire-btl02-usb-330-mah\/","title":{"rendered":"Zadnja kolesarska lu\u010d Superfire BTL02, USB, 330 mAh"},"content":{"rendered":"<h3>Zadnja lu\u010d za kolo Superfire BTL02<\/h3>\n<p>Kolesarska lu\u010d Superfire samodejno zazna tresljaje ob zaviranju in se aktivira, da vas na cesti za\u0161\u010diti ter opozori druge udele\u017eence v prometu. Lahko jo tudi pritrdite na nahrbtnik in jo vzamete s seboj na razli\u010dne vrste pohodov. Opremljena je s tremi na\u010dini delovanja, zato lahko njeno delovanje prilagodite svojim potrebam. Zaradi uporabe vrhunskih materialov je vodoodporen in odporen na vodo. Poleg tega je njegova namestitev hitra in enostavna. <\/p>\n<p><img fetchpriority=\"high\" decoding=\"async\" src=\"https:\/\/b2b.innpro.eu\/data\/include\/cms\/01Superfire\/BTL02\/6.jpg\" border=\"0\" alt=\"\" width=\"1100\" height=\"699\" title=\"\"><\/p>\n<h3>Inteligentni senzor<\/h3>\n<p>Naprava je opremljena z inteligentnim senzorjem, zato se svetilka pri\u017ege, ko vozite po neravnih povr\u0161inah ali nenadoma zavirate. \u010ce je naprava BTL02 nepravilno name\u0161\u010dena, se bo pri\u017egala stroboskopska lu\u010d.<\/p>\n<p><img decoding=\"async\" src=\"https:\/\/b2b.innpro.pl\/data\/include\/cms\/01Superfire\/BTL02\/5.jpg\" border=\"0\" alt=\"\" width=\"1100\" height=\"700\" title=\"\"><\/p>\n<h3>3 na\u010dini delovanja<\/h3>\n<p>Svetilka ima tri na\u010dine delovanja, ki jih lahko uporabljate glede na svoje potrebe. Izbirate lahko med pulzirajo\u010do svetlobo, stroboskopom ali vedno vklju\u010denim na\u010dinom.<\/p>\n<p><img decoding=\"async\" src=\"https:\/\/b2b.innpro.pl\/data\/include\/cms\/01Superfire\/BTL02\/1.jpg\" border=\"0\" alt=\"\" width=\"1100\" height=\"700\" title=\"\"><\/p>\n<h3>Za\u0161\u010dita pred vodo in vzdr\u017eljivost<\/h3>\n<p>Z za\u0161\u010dito pred vodo IP44 vam ni treba skrbeti, da bi se lu\u010d v nalivu po\u0161kodovala. Lu\u010d za kolo znamke Superfire je narejena za uporabo v te\u017ekih razmerah. Poleg tega je izdelana iz plastike ABS in aluminijeve zlitine, zato je trpe\u017ena in odporna proti po\u0161kodbam.<\/p>\n<p><img loading=\"lazy\" decoding=\"async\" src=\"https:\/\/b2b.innpro.pl\/data\/include\/cms\/01Superfire\/BTL02\/2.jpg\" border=\"0\" alt=\"\" width=\"1100\" height=\"700\" title=\"\"><\/p>\n<h3>Vklju\u010deno<\/h3>\n<ul>\n<li>zadnja osvetlitev<\/li>\n<li>polnilni kabel<\/li>\n<li>nosilec za ro\u010daj<\/li>\n<li>silikonski pribor za pritrditev<\/li>\n<\/ul>\n<div class=\"table-wrapper\">\n<table>\n<tbody>\n<tr>\n<th>\n<p>Blagovna znamka<\/p>\n<\/th>\n<td>Superfire<\/td>\n<\/tr>\n<tr>\n<th>Model<\/th>\n<td>BTL02<\/td>\n<\/tr>\n<tr>\n<th>Dimenzije<\/th>\n<td>39 x 22 mm<\/td>\n<\/tr>\n<tr>\n<th>Power supply<\/th>\n<td>3W<\/td>\n<\/tr>\n<tr>\n<th>Kapaciteta baterije<\/th>\n<td>330 mAh<\/td>\n<\/tr>\n<tr>\n<th>Odpornost na padce<\/th>\n<td>do 1 m<\/td>\n<\/tr>\n<tr>\n<th>\u010cas pripravljenosti<\/th>\n<td>pribli\u017eno 2,5 ure<\/td>\n<\/tr>\n<tr>\n<th>Vodoodpornost<\/th>\n<td>IP44<\/td>\n<\/tr>\n<tr>\n<th>Weight<\/th>\n<td>22 g<\/td>\n<\/tr>\n<tr>\n<th>Napetost<\/th>\n<td>3.7 V<\/td>\n<\/tr>\n<tr>\n<th>Material<\/th>\n<td>ABS + aluminijeva zlitina<\/td>\n<\/tr>\n<tr>\n<th>Vrata za nalaganje<\/th>\n<td>USB-A<\/td>\n<\/tr>\n<tr>\n<th>\u010cas polnjenja<\/th>\n<td>pribli\u017eno 1 ura<\/td>\n<\/tr>\n<tr>\n<th>Na\u010dini<\/th>\n<td>stroboskopska, utripajo\u010da svetloba, vedno vklopljena<\/td>\n<\/tr>\n<\/tbody>\n<\/table>\n<\/div>","protected":false},"excerpt":{"rendered":"<p>Na zalogi pri zunanjem dobavitelju. Rok dostave 3-5dni.<\/p>","protected":false},"featured_media":23731,"template":"","meta":{"_monsterinsights_skip_tracking":false,"_monsterinsights_sitenote_active":false,"_monsterinsights_sitenote_note":"","_monsterinsights_sitenote_category":0},"product_brand":[],"product_cat":[173,255],"product_tag":[],"class_list":{"0":"post-23734","1":"product","2":"type-product","3":"status-publish","4":"has-post-thumbnail","6":"product_cat-kolesarski-dodatki","7":"product_cat-vsi","9":"first","10":"instock","11":"taxable","12":"shipping-taxable","13":"purchasable","14":"product-type-simple"},"jetpack_sharing_enabled":true,"_links":{"self":[{"href":"https:\/\/kobra.si\/en\/wp-json\/wp\/v2\/product\/23734","targetHints":{"allow":["GET"]}}],"collection":[{"href":"https:\/\/kobra.si\/en\/wp-json\/wp\/v2\/product"}],"about":[{"href":"https:\/\/kobra.si\/en\/wp-json\/wp\/v2\/types\/product"}],"version-history":[{"count":1,"href":"https:\/\/kobra.si\/en\/wp-json\/wp\/v2\/product\/23734\/revisions"}],"predecessor-version":[{"id":24741,"href":"https:\/\/kobra.si\/en\/wp-json\/wp\/v2\/product\/23734\/revisions\/24741"}],"wp:featuredmedia":[{"embeddable":true,"href":"https:\/\/kobra.si\/en\/wp-json\/wp\/v2\/media\/23731"}],"wp:attachment":[{"href":"https:\/\/kobra.si\/en\/wp-json\/wp\/v2\/media?parent=23734"}],"wp:term":[{"taxonomy":"product_brand","embeddable":true,"href":"https:\/\/kobra.si\/en\/wp-json\/wp\/v2\/product_brand?post=23734"},{"taxonomy":"product_cat","embeddable":true,"href":"https:\/\/kobra.si\/en\/wp-json\/wp\/v2\/product_cat?post=23734"},{"taxonomy":"product_tag","embeddable":true,"href":"https:\/\/kobra.si\/en\/wp-json\/wp\/v2\/product_tag?post=23734"}],"curies":[{"name":"wp","href":"https:\/\/api.w.org\/{rel}","templated":true}]}}