{"id":23671,"date":"2025-02-20T15:50:31","date_gmt":"2025-02-20T14:50:31","guid":{"rendered":"https:\/\/kobra.si\/spletna-trgovina-kobra\/hyper-abs-filament-creality-siv\/"},"modified":"2026-04-21T20:56:16","modified_gmt":"2026-04-21T18:56:16","slug":"hyper-abs-filament-creality-siv","status":"publish","type":"product","link":"https:\/\/kobra.si\/en\/spletna-trgovina-kobra\/hyper-abs-filament-creality-siv\/","title":{"rendered":"Hyper ABS filament Creality (siv)"},"content":{"rendered":"<h3>Filament Creality Hyper ABS (siv)<\/h3>\n<p>Filament Hyper ABS podjetja Creality je odli\u010dna izbira za tiste, ki jim je pomembna visoka hitrost tiskanja in trajnost kon\u010dnih odtisov. Izdelan je iz vrhunskih materialov &#8211; odlikujeta ga impresivna vzdr\u017eljivost in odpornost proti udarcem, razpokam in popa\u010denju. Zato je idealen za razli\u010dne naloge &#8211; od izdelave delov za naprave, prek izobra\u017eevanja do avtomobilske in medicinske uporabe. Filament je zdru\u017eljiv z ve\u010dino tiskalnikov Creality. Uporabniki lahko izkoristijo tudi storitev Creality Cloud, ki med drugim ponuja na tiso\u010de brezpla\u010dnih modelov.<\/p>\n<p>\n<img decoding=\"async\" border=\"0\" src=\"https:\/\/assets.innpro.pl\/5967\/7000\/4.jpg\" title=\"\">\n<\/p>\n<h3>Izjemna zmogljivost tiskanja<\/h3>\n<p>Hyper ABS zaradi svoje izbolj\u0161ane teko\u010dnosti omogo\u010da do 5-krat hitrej\u0161e tiskanje kot standardni filamenti ABS. Hitrost tiskanja dose\u017ee do 350 mm\/s! Tako lahko bistveno skraj\u0161ate svoj delovni \u010das. Poleg tega filament Creality odlikuje majhno kr\u010denje, kar pomeni, da je manj nagnjen k razpokam in deformacijam. Med tiskanjem vam ni treba zapirati delovnega prostora!<\/p>\n<p>\n<img decoding=\"async\" border=\"0\" src=\"https:\/\/assets.innpro.pl\/5967\/7000\/2.jpg\" title=\"\">\n<\/p>\n<h3>Visoka vzdr\u017eljivost<\/h3>\n<p>Za filament Hyper ABS je zna\u010dilna visoka odpornost proti udarcem &#8211; do 19 kJ\/m2. Zato so natisnjeni modeli izjemno trpe\u017eni in se dobro obnesejo tudi v najzahtevnej\u0161ih aplikacijah. Izdelek je odporen tudi na temperature do 80 \u00b0C. \u0160e ve\u010d, filament je bil izdelan iz okolju prijaznih, visokokakovostnih materialov in je prestal strog nadzor kakovosti.<\/p>\n<p>\n<img decoding=\"async\" border=\"0\" src=\"https:\/\/assets.innpro.pl\/5967\/7000\/1.jpg\" title=\"\">\n<\/p>\n<div class=\"table-wrapper\">\n<h3><\/h3>\n<table>\n<tbody>\n<tr>\n<th>Proizvajalec:<\/th>\n<td>Creality<\/td>\n<\/tr>\n<tr>\n<th>Ime<\/th>\n<td>Hyper ABS<\/td>\n<\/tr>\n<tr>\n<th>Model<\/th>\n<td>3301020041<\/td>\n<\/tr>\n<tr>\n<th>Color<\/th>\n<td>Siva<\/td>\n<\/tr>\n<tr>\n<th>Temperatura iztiskalnika<\/th>\n<td>Od 230 \u00b0C do 270 \u00b0C<\/td>\n<\/tr>\n<tr>\n<th>Temperatura mize<\/th>\n<td>Od 75\u00b0C do 95\u00b0C<\/td>\n<\/tr>\n<tr>\n<th>Hitrost tiskanja<\/th>\n<td>&lt; 350 mm\/s<\/td>\n<\/tr>\n<tr>\n<th>Odpornost na udarce<\/th>\n<td>19 kJ\/m2<\/td>\n<\/tr>\n<tr>\n<th>Natezna trdnost<\/th>\n<td>30,4 \u00b1 0,6 Mpa<\/td>\n<\/tr>\n<tr>\n<th>Upogibna trdnost<\/th>\n<td>48,1 \u00b1 0,2 Mpa<\/td>\n<\/tr>\n<tr>\n<th>Premer filamentov<\/th>\n<td>1,75 \u00b1 0,05 mm<\/td>\n<\/tr>\n<tr>\n<th>Weight<\/th>\n<td>1 kg<\/td>\n<\/tr>\n<\/tbody>\n<\/table>\n<\/div>","protected":false},"excerpt":{"rendered":"<p>Na zalogi pri zunanjem dobavitelju. Rok dostave 3-7 delovnih dni.<\/p>","protected":false},"featured_media":34298,"template":"","meta":{"_monsterinsights_skip_tracking":false,"_monsterinsights_sitenote_active":false,"_monsterinsights_sitenote_note":"","_monsterinsights_sitenote_category":0},"product_brand":[],"product_cat":[303,64],"product_tag":[],"class_list":{"0":"post-23671","1":"product","2":"type-product","3":"status-publish","4":"has-post-thumbnail","6":"product_cat-3d-tiskalniki-in-laserji","7":"product_cat-racunalnistvo","9":"first","10":"instock","11":"taxable","12":"shipping-taxable","13":"purchasable","14":"product-type-simple"},"jetpack_sharing_enabled":true,"_links":{"self":[{"href":"https:\/\/kobra.si\/en\/wp-json\/wp\/v2\/product\/23671","targetHints":{"allow":["GET"]}}],"collection":[{"href":"https:\/\/kobra.si\/en\/wp-json\/wp\/v2\/product"}],"about":[{"href":"https:\/\/kobra.si\/en\/wp-json\/wp\/v2\/types\/product"}],"version-history":[{"count":2,"href":"https:\/\/kobra.si\/en\/wp-json\/wp\/v2\/product\/23671\/revisions"}],"predecessor-version":[{"id":34301,"href":"https:\/\/kobra.si\/en\/wp-json\/wp\/v2\/product\/23671\/revisions\/34301"}],"wp:featuredmedia":[{"embeddable":true,"href":"https:\/\/kobra.si\/en\/wp-json\/wp\/v2\/media\/34298"}],"wp:attachment":[{"href":"https:\/\/kobra.si\/en\/wp-json\/wp\/v2\/media?parent=23671"}],"wp:term":[{"taxonomy":"product_brand","embeddable":true,"href":"https:\/\/kobra.si\/en\/wp-json\/wp\/v2\/product_brand?post=23671"},{"taxonomy":"product_cat","embeddable":true,"href":"https:\/\/kobra.si\/en\/wp-json\/wp\/v2\/product_cat?post=23671"},{"taxonomy":"product_tag","embeddable":true,"href":"https:\/\/kobra.si\/en\/wp-json\/wp\/v2\/product_tag?post=23671"}],"curies":[{"name":"wp","href":"https:\/\/api.w.org\/{rel}","templated":true}]}}