{"id":23657,"date":"2025-02-20T15:49:55","date_gmt":"2025-02-20T14:49:55","guid":{"rendered":"https:\/\/kobra.si\/spletna-trgovina-kobra\/hyper-pla-filament-creality-oranzna\/"},"modified":"2026-04-21T20:56:10","modified_gmt":"2026-04-21T18:56:10","slug":"hyper-pla-filament-creality-oranzna","status":"publish","type":"product","link":"https:\/\/kobra.si\/en\/spletna-trgovina-kobra\/hyper-pla-filament-creality-oranzna\/","title":{"rendered":"Hyper PLA filament Creality (oran\u017ena)"},"content":{"rendered":"<h3>Creality Hyper PLA filament (oran\u017ena)<\/h3>\n<p>Filament Creality Hyper PLA odlikujeta hitro hlajenje in trpe\u017enost, hkrati pa zagotavlja odli\u010dno natan\u010dnost. Izdelan je iz visokokakovostnih materialov in je fantasti\u010den za razli\u010dne aplikacije &#8211; od ustvarjanja figuric do delov naprav in prototipov. Omogo\u010da hitro in natan\u010dno tiskanje ter se ne zapleta. Idealen je za uporabo v povezavi s tiskalniki Creality. Uporabniki lahko izkoristijo tudi storitev Creality Cloud, ki med drugim ponuja veliko brezpla\u010dnih modelov za tiskanje.<\/p>\n<p>\n<img decoding=\"async\" border=\"0\" src=\"https:\/\/assets.innpro.pl\/5957\/6990\/6.jpg\" title=\"\">\n<\/p>\n<h3>\u0160e hitrej\u0161e tiskanje<\/h3>\n<p>Filament zaradi visoke teko\u010dnosti in hitrega hlajenja omogo\u010da tiskanje s hitrostjo do 600 mm\/s. Poleg tega odli\u010dna stabilnost zagotavlja ve\u010djo natan\u010dnost in omogo\u010da bolj\u0161e rezultate. Vendar pa se to ne ustavi. Zanesljiv nadzor premera filamenta in sistem samodejnega navijanja zagotavljata bolj gladko tiskanje in zmanj\u0161ujeta tveganje zapletanja.<\/p>\n<p>\n<img decoding=\"async\" border=\"0\" src=\"https:\/\/assets.innpro.pl\/5957\/6990\/1.jpg\" title=\"\">\n<\/p>\n<h3>Trajnost<\/h3>\n<p>Filament odlikujeta visoka natezna trdnost (52,99 MPa) in upogibna trdnost (92,38 MPa), zaradi \u010desar so natisnjeni modeli trajnej\u0161i. Pri njegovi izdelavi so bili uporabljeni vrhunski materiali, poleg tega pa je bil opravljen strog nadzor kakovosti. Vse to vam omogo\u010da, da u\u017eivate v fantasti\u010dni zmogljivosti tiskanja in odli\u010dnih rezultatih.<\/p>\n<p>\n<img decoding=\"async\" border=\"0\" src=\"https:\/\/assets.innpro.pl\/5957\/6990\/3.jpg\" title=\"\">\n<\/p>\n<h3>Vklju\u010deno<\/h3>\n<ul class=\"list-disc pl-5\">\n<li>Svitek s filamentom<\/li>\n<li>Sredstvo za su\u0161enje<\/li>\n<li>Vakuumska embala\u017ea<\/li>\n<\/ul>\n<div class=\"table-wrapper\">\n<h3><\/h3>\n<table>\n<tbody>\n<tr>\n<th>Proizvajalec<\/th>\n<td>Creality<\/td>\n<\/tr>\n<tr>\n<th>Ime<\/th>\n<td>Hyper Series PLA<\/td>\n<\/tr>\n<tr>\n<th>Model<\/th>\n<td>3301010381<\/td>\n<\/tr>\n<tr>\n<th>Color<\/th>\n<td>Oran\u017ena<\/td>\n<\/tr>\n<tr>\n<th>Premer<\/th>\n<td>1,75 mm \u00b1 0,3 mm<\/td>\n<\/tr>\n<tr>\n<th>Weight<\/th>\n<td>1 kg<\/td>\n<\/tr>\n<tr>\n<th>Temperatura tiskanja<\/th>\n<td>Od 190 \u00b0C do 230 \u00b0C<\/td>\n<\/tr>\n<tr>\n<th>Temperatura mize<\/th>\n<td>Od 25 \u00b0C do 60 \u00b0C<\/td>\n<\/tr>\n<tr>\n<th>Hitrost tiskanja<\/th>\n<td>30-600 mm\/s<\/td>\n<\/tr>\n<tr>\n<th>Ventilator<\/th>\n<td>100%<\/td>\n<\/tr>\n<tr>\n<th>Gostota<\/th>\n<td>1,25 g\/cm3<\/td>\n<\/tr>\n<tr>\n<th>Natezna trdnost (X-Y)<\/th>\n<td>52,88 Mpa<\/td>\n<\/tr>\n<tr>\n<th>Modul elasti\u010dnosti (X-Y)<\/th>\n<td>1146,064<\/td>\n<\/tr>\n<tr>\n<th>Raztezek ob pretrgu<\/th>\n<td>6,304%<\/td>\n<\/tr>\n<tr>\n<th>Upogibna trdnost (X-Y)<\/th>\n<td>92,38 Mpa<\/td>\n<\/tr>\n<tr>\n<th>Upogibni modul (X-Y)<\/th>\n<td>2490,178 Mpa<\/td>\n<\/tr>\n<tr>\n<th>Udarna trdnost po Charpyju (X-Y)<\/th>\n<td>8,8344 kJ\/m2<\/td>\n<\/tr>\n<tr>\n<th>Platforma za tiskanje<\/th>\n<td>Karbonski silicij, PEI plo\u0161\u010da, teksturiran papir, PVP lepilo<\/td>\n<\/tr>\n<\/tbody>\n<\/table>\n<\/div>","protected":false},"excerpt":{"rendered":"<p>Na zalogi pri zunanjem dobavitelju. Rok dostave 3-7 delovnih dni.<\/p>","protected":false},"featured_media":34286,"template":"","meta":{"_monsterinsights_skip_tracking":false,"_monsterinsights_sitenote_active":false,"_monsterinsights_sitenote_note":"","_monsterinsights_sitenote_category":0},"product_brand":[],"product_cat":[303,64],"product_tag":[],"class_list":{"0":"post-23657","1":"product","2":"type-product","3":"status-publish","4":"has-post-thumbnail","6":"product_cat-3d-tiskalniki-in-laserji","7":"product_cat-racunalnistvo","9":"first","10":"instock","11":"taxable","12":"shipping-taxable","13":"purchasable","14":"product-type-simple"},"jetpack_sharing_enabled":true,"_links":{"self":[{"href":"https:\/\/kobra.si\/en\/wp-json\/wp\/v2\/product\/23657","targetHints":{"allow":["GET"]}}],"collection":[{"href":"https:\/\/kobra.si\/en\/wp-json\/wp\/v2\/product"}],"about":[{"href":"https:\/\/kobra.si\/en\/wp-json\/wp\/v2\/types\/product"}],"version-history":[{"count":2,"href":"https:\/\/kobra.si\/en\/wp-json\/wp\/v2\/product\/23657\/revisions"}],"predecessor-version":[{"id":34287,"href":"https:\/\/kobra.si\/en\/wp-json\/wp\/v2\/product\/23657\/revisions\/34287"}],"wp:featuredmedia":[{"embeddable":true,"href":"https:\/\/kobra.si\/en\/wp-json\/wp\/v2\/media\/34286"}],"wp:attachment":[{"href":"https:\/\/kobra.si\/en\/wp-json\/wp\/v2\/media?parent=23657"}],"wp:term":[{"taxonomy":"product_brand","embeddable":true,"href":"https:\/\/kobra.si\/en\/wp-json\/wp\/v2\/product_brand?post=23657"},{"taxonomy":"product_cat","embeddable":true,"href":"https:\/\/kobra.si\/en\/wp-json\/wp\/v2\/product_cat?post=23657"},{"taxonomy":"product_tag","embeddable":true,"href":"https:\/\/kobra.si\/en\/wp-json\/wp\/v2\/product_tag?post=23657"}],"curies":[{"name":"wp","href":"https:\/\/api.w.org\/{rel}","templated":true}]}}