{"id":23623,"date":"2025-02-20T15:05:03","date_gmt":"2025-02-20T14:05:03","guid":{"rendered":"https:\/\/kobra.si\/spletna-trgovina-kobra\/3d-tiskalnik-creality-halot-r6\/"},"modified":"2026-04-21T20:59:10","modified_gmt":"2026-04-21T18:59:10","slug":"3d-tiskalnik-creality-halot-r6","status":"publish","type":"product","link":"https:\/\/kobra.si\/en\/spletna-trgovina-kobra\/3d-tiskalnik-creality-halot-r6\/","title":{"rendered":"3D tiskalnik Creality Halot R6"},"content":{"rendered":"<h3>3D tiskalnik Creality Halot R6<\/h3>\n<p>Creality Halot R6 je kompakten 3D tiskalnik iz smole, idealen za za\u010detnike. Zaradi preprostega upravljanja in visoke kakovosti tiska bo Halot R6 dobro deloval tako pri doma\u010dih kot pri profesionalnih projektih. Tiskalnik je opremljen z integriranim virom svetlobe in stabilno osjo Z, zato zagotavlja odli\u010dno natan\u010dnost in enakomernost strjevanja smole, kar omogo\u010da zelo podrobne in gladke odtise. Zaradi svoje kompaktne velikosti in zmo\u017enosti hitrega za\u010detka dela je idealen za vsakodnevno uporabo.<\/p>\n<p>\n<img decoding=\"async\" border=\"0\" src=\"https:\/\/assets.innpro.pl\/8959\/10478\/1.jpg\" title=\"\">\n<\/p>\n<h3>Kompaktna velikost in enostavno upravljanje<\/h3>\n<p>Ena glavnih prednosti tiskalnika Halot R6 je njegova kompaktna zasnova. Z merami 235,5 \u00d7 230 \u00d7 395,5 mm in te\u017eo le 4,25 kg se bo naprava prilegala v vsako delavnico ali pisarno, hkrati pa ponuja delovni prostor velikosti 130,56 \u00d7 82,62 \u00d7 160 mm. Tiskalnik je pripravljen za uporabo skoraj takoj po vgradnji, zato lahko tudi tisti brez izku\u0161enj hitro za\u010dnejo tiskati.<\/p>\n<p>\n<img decoding=\"async\" border=\"0\" src=\"https:\/\/assets.innpro.pl\/8959\/10478\/3.jpg\" title=\"\">\n<\/p>\n<h3>Napredna tehnologija tiskanja<\/h3>\n<p>Tiskalnik Creality Halot R6 uporablja napreden vir svetlobe z ve\u010d kot 90-odstotno enakomernostjo, kar zagotavlja natan\u010dno reprodukcijo vsake podrobnosti. Stabilna os Z, opremljena z linearnim vodilom in sistemom za prepre\u010devanje povratnih zamikov, omogo\u010da tiskanje z natan\u010dnostjo 0,01 mm, kar odpravlja te\u017eave z neravninami na povr\u0161inah modelov.<\/p>\n<p>\n<img decoding=\"async\" border=\"0\" src=\"https:\/\/assets.innpro.pl\/8959\/10478\/4.jpg\" title=\"\">\n<\/p>\n<h3>Upravljanje na daljavo<\/h3>\n<p>Da bi bil postopek ustvarjanja \u0161e enostavnej\u0161i, Halot R6 deluje z aplikacijo Creality Cloud, ki omogo\u010da daljinsko upravljanje 3D-modelov, prenos modelov iz oblaka in njihovo po\u0161iljanje neposredno v tiskalnik. Poleg tega je naprava zdru\u017eljiva z razli\u010dnimi rezalniki, kar vam omogo\u010da delo z va\u0161o najljub\u0161o programsko opremo.<\/p>\n<p>\n<img decoding=\"async\" border=\"0\" src=\"https:\/\/assets.innpro.pl\/8959\/10478\/8.jpg\" title=\"\">\n<\/p>\n<h3>Raz\u0161irljive funkcije in dodatna oprema<\/h3>\n<p>Creality Halot R6 ponuja tudi mo\u017enost raz\u0161iritve z dodatno opremo, kot sta kamera Nebula za spremljanje v realnem \u010dasu in postaja za pranje in strjevanje modelov. Zaradi tega tiskalnik ni le zmogljivo, temve\u010d tudi vsestransko orodje, ki lahko raste skupaj z uporabnikom ter mu ponuja vedno ve\u010d funkcij in zmogljivosti.<\/p>\n<p>\n<img decoding=\"async\" border=\"0\" src=\"https:\/\/assets.innpro.pl\/8959\/10478\/6.jpg\" title=\"\">\n<\/p>\n<div class=\"table-wrapper\">\n<h3><\/h3>\n<table>\n<tbody>\n<tr>\n<th>Ime: Tiskalnik za tiskanje in tiskanje:<\/th>\n<td>3D tiskalnik Creality Halot R6<\/td>\n<\/tr>\n<tr>\n<th>Proizvajalec: Creality Crealot, proizvajalec<\/th>\n<td>Creality<\/td>\n<\/tr>\n<tr>\n<th>Model: Crealit Creality<\/th>\n<td>Halot-R6<\/td>\n<\/tr>\n<tr>\n<th>Tehnologija tiskanja:<\/th>\n<td>LCD<\/td>\n<\/tr>\n<tr>\n<th>Obseg tiskanja: LCD: LCD, LCD, LCD, LCD, LCD, LCD, LCD, LCD, LCD:<\/th>\n<td>Tlak: 130,56 \u00d7 82,62 \u00d7 160 mm<\/td>\n<\/tr>\n<tr>\n<th>Dimenzije izdelka:<\/th>\n<td>235,5 \u00d7 230 \u00d7 395,5 mm<\/td>\n<\/tr>\n<tr>\n<th>Dimenzije paketa:<\/th>\n<td>298 \u00d7 298 \u00d7 480 mm<\/td>\n<\/tr>\n<tr>\n<th>Neto te\u017ea:<\/th>\n<td>4,25 kg<\/td>\n<\/tr>\n<tr>\n<th>Bruto te\u017ea:<\/th>\n<td>5,8 kg<\/td>\n<\/tr>\n<tr>\n<th>Najve\u010dja hitrost tiskanja:<\/th>\n<td>60 mm\/uro<\/td>\n<\/tr>\n<tr>\n<th>Vi\u0161ina sloja: 1,5 m:<\/th>\n<td>0,01 &#8211; 0,2 mm<\/td>\n<\/tr>\n<tr>\n<th>Vir svetlobe:<\/th>\n<td>Vir svetlobe: Integralni vir svetlobe.<\/td>\n<\/tr>\n<tr>\n<th>Enakomernost svetlobe:<\/th>\n<td>&gt; 90%<\/td>\n<\/tr>\n<tr>\n<th>Intenzivnost svetlobe:<\/th>\n<td>Svetlobna jakost: 5000 \u00b5W\/cm\u00b2<\/td>\n<\/tr>\n<tr>\n<th>Zaslon LCD:<\/th>\n<td>6,08&#8243;<\/td>\n<\/tr>\n<tr>\n<th>Zaslon na dotik:<\/th>\n<td>2,8&#8243;<\/td>\n<\/tr>\n<tr>\n<th>Formati datotek:<\/th>\n<td>STL\/OBJ<\/td>\n<\/tr>\n<tr>\n<th>Operacijski sistem:<\/th>\n<td>Windows\/Mac<\/td>\n<\/tr>\n<tr>\n<th>Prenos datotek:<\/th>\n<td>USB, WiFi<\/td>\n<\/tr>\n<tr>\n<th>Napajanje:<\/th>\n<td>NAPAJANJE: 42W, 24V-<\/td>\n<\/tr>\n<tr>\n<th>Zdru\u017eljivost s smolo:<\/th>\n<td>405 nm smole<\/td>\n<\/tr>\n<tr>\n<th>Programska oprema za rezanje:<\/th>\n<td>PROGRAM ZA STROJNO OBDELAVO: HALOT BOX, CHITUBOX<\/td>\n<\/tr>\n<tr>\n<th>Vmesni\u0161ki jeziki:<\/th>\n<td>Kitaj\u0161\u010dina (poenostavljena\/tradicionalna), angle\u0161\u010dina, \u0161pan\u0161\u010dina, nem\u0161\u010dina, franco\u0161\u010dina, ru\u0161\u010dina, portugal\u0161\u010dina, italijan\u0161\u010dina, tur\u0161\u010dina, nizozem\u0161\u010dina, polj\u0161\u010dina, japon\u0161\u010dina, korej\u0161\u010dina<\/td>\n<\/tr>\n<tr>\n<th>Aplikacija za tiskanje v oblaku:<\/th>\n<td>Creality Cloud<\/td>\n<\/tr>\n<tr>\n<th>Dodatna dodatna oprema: Slika 1:<\/th>\n<td>Kamera Nebula, postaja za pranje in strjevanje modela, smola, ki jo je mogo\u010de prati z vodo.<\/td>\n<\/tr>\n<\/tbody>\n<\/table>\n<\/div>","protected":false},"excerpt":{"rendered":"<p>Na zalogi pri zunanjem dobavitelju. Rok dostave 3-7 delovnih dni.<\/p>","protected":false},"featured_media":34317,"template":"","meta":{"_monsterinsights_skip_tracking":false,"_monsterinsights_sitenote_active":false,"_monsterinsights_sitenote_note":"","_monsterinsights_sitenote_category":0},"product_brand":[],"product_cat":[303,64],"product_tag":[],"class_list":{"0":"post-23623","1":"product","2":"type-product","3":"status-publish","4":"has-post-thumbnail","6":"product_cat-3d-tiskalniki-in-laserji","7":"product_cat-racunalnistvo","9":"first","10":"instock","11":"taxable","12":"shipping-taxable","13":"purchasable","14":"product-type-simple"},"jetpack_sharing_enabled":true,"_links":{"self":[{"href":"https:\/\/kobra.si\/en\/wp-json\/wp\/v2\/product\/23623","targetHints":{"allow":["GET"]}}],"collection":[{"href":"https:\/\/kobra.si\/en\/wp-json\/wp\/v2\/product"}],"about":[{"href":"https:\/\/kobra.si\/en\/wp-json\/wp\/v2\/types\/product"}],"version-history":[{"count":3,"href":"https:\/\/kobra.si\/en\/wp-json\/wp\/v2\/product\/23623\/revisions"}],"predecessor-version":[{"id":34324,"href":"https:\/\/kobra.si\/en\/wp-json\/wp\/v2\/product\/23623\/revisions\/34324"}],"wp:featuredmedia":[{"embeddable":true,"href":"https:\/\/kobra.si\/en\/wp-json\/wp\/v2\/media\/34317"}],"wp:attachment":[{"href":"https:\/\/kobra.si\/en\/wp-json\/wp\/v2\/media?parent=23623"}],"wp:term":[{"taxonomy":"product_brand","embeddable":true,"href":"https:\/\/kobra.si\/en\/wp-json\/wp\/v2\/product_brand?post=23623"},{"taxonomy":"product_cat","embeddable":true,"href":"https:\/\/kobra.si\/en\/wp-json\/wp\/v2\/product_cat?post=23623"},{"taxonomy":"product_tag","embeddable":true,"href":"https:\/\/kobra.si\/en\/wp-json\/wp\/v2\/product_tag?post=23623"}],"curies":[{"name":"wp","href":"https:\/\/api.w.org\/{rel}","templated":true}]}}