{"id":23609,"date":"2025-02-20T15:04:46","date_gmt":"2025-02-20T14:04:46","guid":{"rendered":"https:\/\/kobra.si\/spletna-trgovina-kobra\/3d-tiskalnik-creality-ender-3-v3-plus\/"},"modified":"2026-04-24T20:57:09","modified_gmt":"2026-04-24T18:57:09","slug":"3d-tiskalnik-creality-ender-3-v3-plus","status":"publish","type":"product","link":"https:\/\/kobra.si\/en\/spletna-trgovina-kobra\/3d-tiskalnik-creality-ender-3-v3-plus\/","title":{"rendered":"3D tiskalnik Creality Ender-3 V3 Plus"},"content":{"rendered":"<h3>3D tiskalnik Creality Ender-3 V3 Plus<\/h3>\n<p>3D-tiskalnik Creality Ender-3 V3 Plus je napredna naprava, ki ideje spreminja v resni\u010dnost z natan\u010dnostjo brez primere. Poleg tega to stori v kratkem \u010dasu. Z impresivno delovno prostornino CoreXZ 300x300x330 mm pri hitrosti do 600 mm\/s in naprednimi funkcijami, kot sta integrirana trimetalna \u0161oba in samodejna kalibracija, lahko u\u017eivate v u\u010dinkovitem in nemotenem postopku tiskanja. Tiskalnik ponuja mo\u010d, stabilnost in vsestranskost, kar se odra\u017ea v izjemni kakovosti tiska, ne glede na zahtevnost va\u0161ih projektov.<\/p>\n<p>\n<img decoding=\"async\" border=\"0\" src=\"https:\/\/assets.innpro.pl\/6953\/8100\/1.jpg\" title=\"\">\n<\/p>\n<h3>Pove\u010dan obseg tiskanja<\/h3>\n<p>Creality Ender-3 V3 Plus vam omogo\u010da tiskanje velikih modelov, ne da bi jih bilo treba razdeliti na dele. Z delovno prostornino 300x300x330 mm lahko v eni seriji ustvarite predmete polne velikosti, kot so \u010delade ali ve\u010dji okrasni kosi. S tem ne prihranite le \u010dasa, temve\u010d tudi zmanj\u0161ate tveganje napak pri sestavljanju in izbolj\u0161ate strukturno celovitost kon\u010dnih odtisov.<\/p>\n<p>\n<img decoding=\"async\" border=\"0\" src=\"https:\/\/assets.innpro.pl\/6953\/8100\/2.jpg\" title=\"\">\n<\/p>\n<h3>CoreXZ: hitrost, natan\u010dnost in mo\u010d<\/h3>\n<p>Sistem CoreXZ zagotavlja gladke in hitre premike s hitrostjo do 600 mm\/s. Z usklajenimi gibi v oseh X in Z ter pove\u010dano natan\u010dnostjo v osi Z tiskalnik zagotavlja izjemno natan\u010dno in hitro izdelavo modelov. To pomeni hitrej\u0161e tiskanje brez kompromisov pri kakovosti, kar je klju\u010dnega pomena za strokovnjake, ki morajo projekte zaklju\u010diti hitro. \u0160e ve\u010d, dva zmogljiva motorja z najve\u010djim navorom 1.000 mN zagotavljata nemoteno premikanje delovne platforme tudi pri te\u017ekih izpisih. Omogo\u010data tudi popolnoma gladke povr\u0161ine, kar odpravlja napake zaradi vibracij ali nestabilnosti.<\/p>\n<p>\n<img decoding=\"async\" border=\"0\" src=\"https:\/\/assets.innpro.pl\/6953\/8100\/3.jpg\" title=\"\">\n<\/p>\n<h3>Stabilna konstrukcija<\/h3>\n<p>Kovinska konstrukcija tiskalnika z dodatnimi podpornimi palicami zagotavlja neprimerljivo stabilnost med tiskanjem. Trden okvir in dodatni podporni elementi prepre\u010dujejo kakr\u0161no koli premikanje, ki bi lahko negativno vplivalo na kakovost va\u0161ih odtisov. Zato ste lahko prepri\u010dani, da bodo va\u0161i vzorci izdelani z najve\u010djo natan\u010dnostjo.<\/p>\n<p>\n<img decoding=\"async\" border=\"0\" src=\"https:\/\/assets.innpro.pl\/6953\/8100\/4.jpg\" title=\"\">\n<\/p>\n<h3>Napredno iztiskanje<\/h3>\n<p>Neposredni iztiskalnik s 60W kerami\u010dnim grelnim elementom omogo\u010da u\u010dinkovito in nemoteno taljenje filamentov. Ta tehnologija odpravlja tveganje blokad in zagotavlja stalno kakovost izpisa, kar je \u0161e posebej pomembno za kompleksne in dolgotrajne projekte.<\/p>\n<p>\n<img decoding=\"async\" border=\"0\" src=\"https:\/\/assets.innpro.pl\/6953\/8100\/5.jpg\" title=\"\">\n<\/p>\n<h3>Vgrajena trimetalna \u0161oba in dva zmogljiva ventilatorja<\/h3>\n<p>Inovativna trimetalna \u0161oba s titanovim vlo\u017ekom in dvema hladilnima ventilatorjema zagotavlja popolne pogoje tiskanja. \u0160oba omogo\u010da hitro in enostavno menjavo, medtem ko ventilatorja skrbita za hitro hlajenje natisnjenih slojev, kar zagotavlja odli\u010dno kakovost.<\/p>\n<p>\n<img decoding=\"async\" border=\"0\" src=\"https:\/\/assets.innpro.pl\/6953\/8100\/6.jpg\" title=\"\">\n<\/p>\n<h3>Samodejna kalibracija in operacijski sistem Creality OS<\/h3>\n<p>Funkcija samodejne kalibracije odpravlja potrebo po ro\u010dnih nastavitvah, zaradi \u010desar je uporaba tiskalnika bistveno la\u017eja. Operacijski sistem Creality OS, ki temelji na odprtokodni kodi, ponuja napredne funkcije in omogo\u010da oddaljeno upravljanje tiskalnika prek aplikacije Creality Cloud.<\/p>\n<p>\n<img decoding=\"async\" border=\"0\" src=\"https:\/\/assets.innpro.pl\/6953\/8100\/8.jpg\" title=\"\">\n<\/p>\n<h3>Vklju\u010deno<\/h3>\n<ul class=\"list-disc pl-5\">\n<li>Osnovna stran<\/li>\n<li>Okvir z vrati<\/li>\n<li>Zaslon na dotik<\/li>\n<li>Cev za filament<\/li>\n<li>Nosilec tuljave za filament<\/li>\n<li>Napajalni kabel<\/li>\n<li>Nosilec filamentov za prepre\u010devanje zapletanja<\/li>\n<li>Vijaki M4*8 (8 kosov)<\/li>\n<li>Komplet orodij<\/li>\n<li>Klju\u010d za vti\u010dnice<\/li>\n<li>Teflonska cevka<\/li>\n<li>Filament<\/li>\n<li>Kle\u0161\u010de za rezanje<\/li>\n<li>Kabelske vezalke (5 kosov)<\/li>\n<li>Kabelske sponke (3 kosi)<\/li>\n<li>Za\u0161\u010dita za kabel ekstruderja<\/li>\n<li>\u010cistilec \u0161ob<\/li>\n<li>Pomnilni\u0161ki klju\u010d USB<\/li>\n<li>Uporabni\u0161ki priro\u010dnik<\/li>\n<\/ul>\n<div class=\"table-wrapper\">\n<h3><\/h3>\n<table>\n<tbody>\n<tr>\n<th>Proizvajalec<\/th>\n<td>Creality<\/td>\n<\/tr>\n<tr>\n<th>Model<\/th>\n<td>Ender-3 V3 Plus<\/td>\n<\/tr>\n<tr>\n<th>Tehnologija tiskanja<\/th>\n<td>FDM<\/td>\n<\/tr>\n<tr>\n<th>Delovni volumen<\/th>\n<td>300x300x330 mm<\/td>\n<\/tr>\n<tr>\n<th>Dimenzije izdelka<\/th>\n<td>445x410x577 mm<\/td>\n<\/tr>\n<tr>\n<th>Dimenzije paketa<\/th>\n<td>623x503x245 mm<\/td>\n<\/tr>\n<tr>\n<th>Neto te\u017ea<\/th>\n<td>11,5 kg<\/td>\n<\/tr>\n<tr>\n<th>Hitrost tiskanja<\/th>\n<td>\u2264 600 mm\/s<\/td>\n<\/tr>\n<tr>\n<th>Pospe\u0161ek<\/th>\n<td>\u226420000 mm\/s\u00b2<\/td>\n<\/tr>\n<tr>\n<th>Natan\u010dnost tiskanja<\/th>\n<td>\u00b10,2 mm<\/td>\n<\/tr>\n<tr>\n<th>Debelina plasti<\/th>\n<td>0,1-0,35 mm<\/td>\n<\/tr>\n<tr>\n<th>Premer filamenta<\/th>\n<td>1,75 mm<\/td>\n<\/tr>\n<tr>\n<th>Na\u010din prenosa datotek<\/th>\n<td>Pogon USB, WLAN, Creality Cloud<\/td>\n<\/tr>\n<tr>\n<th>Premer \u0161obe<\/th>\n<td>0,4 mm<\/td>\n<\/tr>\n<tr>\n<th>Delovna podlaga<\/th>\n<td>Prilagodljiva delovna plo\u0161\u010da<\/td>\n<\/tr>\n<tr>\n<th>Vrsta \u0161obe<\/th>\n<td>\u0160oba za hitro menjavo (s kaljenim jeklom), integrirana s toplotnim zlomom<\/td>\n<\/tr>\n<tr>\n<th>Iztiskalnik<\/th>\n<td>Nov hitri neposredni iztiskalnik<\/td>\n<\/tr>\n<tr>\n<th>Temperatura \u0161obe<\/th>\n<td>\u2264300\u00b0C<\/td>\n<\/tr>\n<tr>\n<th>Temperatura delovne mize<\/th>\n<td>\u2264100\u00b0C<\/td>\n<\/tr>\n<tr>\n<th>Oblikovanje vhoda<\/th>\n<td>Da (vgrajen G-senzor)<\/td>\n<\/tr>\n<tr>\n<th>Na\u010din izravnave<\/th>\n<td>Samodejno izravnavanje<\/td>\n<\/tr>\n<tr>\n<th>Zaslon zaslona<\/th>\n<td>4,3-pal\u010dni barvni zaslon na dotik HD<\/td>\n<\/tr>\n<tr>\n<th>Mati\u010dna plo\u0161\u010da<\/th>\n<td>32-bitna<\/td>\n<\/tr>\n<tr>\n<th>Povezljivost<\/th>\n<td>WiFi<\/td>\n<\/tr>\n<tr>\n<th>Podprti formati datotek<\/th>\n<td>STL, OBJ, 3MF<\/td>\n<\/tr>\n<tr>\n<th>Podprti filamenti<\/th>\n<td>PLA, TPU, PETG, ABS, PLA-CF, PETG-CF, CR-carbon<\/td>\n<\/tr>\n<tr>\n<th>Nadzorna aplikacija<\/th>\n<td>Creality Cloud<\/td>\n<\/tr>\n<tr>\n<th>Jeziki uporabni\u0161kega vmesnika<\/th>\n<td>angle\u0161\u010dina, \u0161pan\u0161\u010dina, nem\u0161\u010dina, franco\u0161\u010dina, ru\u0161\u010dina, portugal\u0161\u010dina, italijan\u0161\u010dina, tur\u0161\u010dina, kitaj\u0161\u010dina, japon\u0161\u010dina, korej\u0161\u010dina<\/td>\n<\/tr>\n<tr>\n<th>Izbirna kamera<\/th>\n<td>Nebula<\/td>\n<\/tr>\n<tr>\n<th>Nazivna napetost<\/th>\n<td>100-120 V, 200-240 V, 50\/60 Hz<\/td>\n<\/tr>\n<tr>\n<th>Nazivna mo\u010d<\/th>\n<td>350W<\/td>\n<\/tr>\n<\/tbody>\n<\/table>\n<\/div>","protected":false},"excerpt":{"rendered":"<p>Na zalogi pri zunanjem dobavitelju. Rok dostave 3-7 delovnih dni.<\/p>","protected":false},"featured_media":34304,"template":"","meta":{"_monsterinsights_skip_tracking":false,"_monsterinsights_sitenote_active":false,"_monsterinsights_sitenote_note":"","_monsterinsights_sitenote_category":0},"product_brand":[],"product_cat":[303,64],"product_tag":[],"class_list":{"0":"post-23609","1":"product","2":"type-product","3":"status-publish","4":"has-post-thumbnail","6":"product_cat-3d-tiskalniki-in-laserji","7":"product_cat-racunalnistvo","9":"first","10":"instock","11":"taxable","12":"shipping-taxable","13":"purchasable","14":"product-type-simple"},"jetpack_sharing_enabled":true,"_links":{"self":[{"href":"https:\/\/kobra.si\/en\/wp-json\/wp\/v2\/product\/23609","targetHints":{"allow":["GET"]}}],"collection":[{"href":"https:\/\/kobra.si\/en\/wp-json\/wp\/v2\/product"}],"about":[{"href":"https:\/\/kobra.si\/en\/wp-json\/wp\/v2\/types\/product"}],"version-history":[{"count":3,"href":"https:\/\/kobra.si\/en\/wp-json\/wp\/v2\/product\/23609\/revisions"}],"predecessor-version":[{"id":34310,"href":"https:\/\/kobra.si\/en\/wp-json\/wp\/v2\/product\/23609\/revisions\/34310"}],"wp:featuredmedia":[{"embeddable":true,"href":"https:\/\/kobra.si\/en\/wp-json\/wp\/v2\/media\/34304"}],"wp:attachment":[{"href":"https:\/\/kobra.si\/en\/wp-json\/wp\/v2\/media?parent=23609"}],"wp:term":[{"taxonomy":"product_brand","embeddable":true,"href":"https:\/\/kobra.si\/en\/wp-json\/wp\/v2\/product_brand?post=23609"},{"taxonomy":"product_cat","embeddable":true,"href":"https:\/\/kobra.si\/en\/wp-json\/wp\/v2\/product_cat?post=23609"},{"taxonomy":"product_tag","embeddable":true,"href":"https:\/\/kobra.si\/en\/wp-json\/wp\/v2\/product_tag?post=23609"}],"curies":[{"name":"wp","href":"https:\/\/api.w.org\/{rel}","templated":true}]}}