{"id":22571,"date":"2025-02-18T13:07:45","date_gmt":"2025-02-18T12:07:45","guid":{"rendered":"https:\/\/kobra.si\/spletna-trgovina-kobra\/krtaca-za-nego-za-pse-in-macke-petkit\/"},"modified":"2026-04-20T20:58:09","modified_gmt":"2026-04-20T18:58:09","slug":"krtaca-za-nego-za-pse-in-macke-petkit","status":"publish","type":"product","link":"https:\/\/kobra.si\/en\/spletna-trgovina-kobra\/krtaca-za-nego-za-pse-in-macke-petkit\/","title":{"rendered":"Krta\u010da za nego za pse in ma\u010dke Petkit"},"content":{"rendered":"<h3>Petkit krta\u010da za pse in ma\u010dke<\/h3>\n<p>Krta\u010da PetKit vam bo olaj\u0161ala nego dlake va\u0161ega ljubljen\u010dka. Opremljena je s kovinskimi, pro\u017enimi iglami z okroglo konico, ki omogo\u010dajo varno raz\u010desavanje. Poleg tega vam ni treba izgubljati \u010dasa za zamudno \u010di\u0161\u010denje &#8211; izdelek ima velik gumb, s katerim se boste zlahka znebili raz\u010desane dlake. Poleg tega je krta\u010da univerzalna, dobro se bo obnesla pri ma\u010dkah in psih vseh pasem.<\/p>\n<p><img decoding=\"async\" src=\"https:\/\/b2b.innpro.pl\/data\/include\/cms\/03PetKit\/Grooming-2\/6.jpg\" alt=\"03PetKit\/Grooming-2\/6\" title=\"\"><\/p>\n<h3>Za vse hi\u0161ne ljubljen\u010dke<\/h3>\n<p>Ne glede na to, ali imate ma\u010dko ali psa, \u010distokrvnega \u0161ampiona ali prikupnega mucka, bo ta izdelek odli\u010den za nego dlake va\u0161ega ljubljen\u010dka. Ni vam ve\u010d treba skrbeti, da bi imeli ve\u010d razli\u010dnih krta\u010d za razli\u010dne hi\u0161ne ljubljen\u010dke &#8211; zdaj se lahko zanesete na eno orodje, ki bo zadovoljilo vse va\u0161e potrebe. To je izjemno priro\u010dna in ekonomi\u010dna re\u0161itev za vse ljubitelje hi\u0161nih ljubljen\u010dkov.<\/p>\n<p><img decoding=\"async\" src=\"https:\/\/b2b.innpro.pl\/data\/include\/cms\/03PetKit\/Grooming-2\/4.jpg\" alt=\"03PetKit\/Grooming-2\/4\" title=\"\"><\/p>\n<h3>Z enim gumbom se znebite dlak<\/h3>\n<p>\u010ci\u0161\u010denje krta\u010de je la\u017eje, kot si mislite. Z velikim gumbom, ki se nahaja na ro\u010daju, se zlahka znebite nakopi\u010dene dlake. Ni vam ve\u010d treba izgubljati \u010dasa z zamudnim \u010di\u0161\u010denjem krta\u010de &#8211; preprosto pritisnite gumb in kon\u010dali ste! <\/p>\n<p><img decoding=\"async\" src=\"https:\/\/b2b.innpro.pl\/data\/include\/cms\/03PetKit\/Grooming-2\/3.jpg\" alt=\"03PetKit\/Grooming-2\/3\" title=\"\"><\/p>\n<div class=\"table-wrapper\">\n<table>\n<tbody>\n<tr>\n<th>Proizvajalec<\/th>\n<td>PetKit<\/td>\n<\/tr>\n<tr>\n<th>Ime<\/th>\n<td>Petkit Velika krta\u010da za nego 2<\/td>\n<\/tr>\n<tr>\n<th>Color<\/th>\n<td>White<\/td>\n<\/tr>\n<tr>\n<th>Dimenzije<\/th>\n<td>19 x 8,5 x 6,2 cm<\/td>\n<\/tr>\n<tr>\n<th>Namen<\/th>\n<td>za ma\u010dke in pse<\/td>\n<\/tr>\n<\/tbody>\n<\/table>\n<\/div>","protected":false},"excerpt":{"rendered":"<p>Na zalogi pri zunanjem dobavitelju. Rok dostave 3-5dni.<\/p>","protected":false},"featured_media":23113,"template":"","meta":{"_monsterinsights_skip_tracking":false,"_monsterinsights_sitenote_active":false,"_monsterinsights_sitenote_note":"","_monsterinsights_sitenote_category":0},"product_brand":[],"product_cat":[166,255],"product_tag":[],"class_list":{"0":"post-22571","1":"product","2":"type-product","3":"status-publish","4":"has-post-thumbnail","6":"product_cat-hisni-ljubljencki","7":"product_cat-vsi","9":"first","10":"instock","11":"taxable","12":"shipping-taxable","13":"purchasable","14":"product-type-simple"},"jetpack_sharing_enabled":true,"_links":{"self":[{"href":"https:\/\/kobra.si\/en\/wp-json\/wp\/v2\/product\/22571","targetHints":{"allow":["GET"]}}],"collection":[{"href":"https:\/\/kobra.si\/en\/wp-json\/wp\/v2\/product"}],"about":[{"href":"https:\/\/kobra.si\/en\/wp-json\/wp\/v2\/types\/product"}],"version-history":[{"count":1,"href":"https:\/\/kobra.si\/en\/wp-json\/wp\/v2\/product\/22571\/revisions"}],"predecessor-version":[{"id":23117,"href":"https:\/\/kobra.si\/en\/wp-json\/wp\/v2\/product\/22571\/revisions\/23117"}],"wp:featuredmedia":[{"embeddable":true,"href":"https:\/\/kobra.si\/en\/wp-json\/wp\/v2\/media\/23113"}],"wp:attachment":[{"href":"https:\/\/kobra.si\/en\/wp-json\/wp\/v2\/media?parent=22571"}],"wp:term":[{"taxonomy":"product_brand","embeddable":true,"href":"https:\/\/kobra.si\/en\/wp-json\/wp\/v2\/product_brand?post=22571"},{"taxonomy":"product_cat","embeddable":true,"href":"https:\/\/kobra.si\/en\/wp-json\/wp\/v2\/product_cat?post=22571"},{"taxonomy":"product_tag","embeddable":true,"href":"https:\/\/kobra.si\/en\/wp-json\/wp\/v2\/product_tag?post=22571"}],"curies":[{"name":"wp","href":"https:\/\/api.w.org\/{rel}","templated":true}]}}