{"id":22566,"date":"2025-02-18T12:37:22","date_gmt":"2025-02-18T11:37:22","guid":{"rendered":"https:\/\/kobra.si\/spletna-trgovina-kobra\/copic-cheerble-candy-zelen\/"},"modified":"2026-03-31T20:53:06","modified_gmt":"2026-03-31T18:53:06","slug":"copic-cheerble-candy-zelen","status":"publish","type":"product","link":"https:\/\/kobra.si\/en\/spletna-trgovina-kobra\/copic-cheerble-candy-zelen\/","title":{"rendered":"Silikonska krta\u010da za hi\u0161ne ljubljen\u010dke Cheerble Candy (zelen)"},"content":{"rendered":"<h3 style=\"text-align: center\">Pet Cheerble Brush Candy<\/h3>\n<p>Poskrbite za svojega ljubljen\u010dka s krta\u010dko Cheerble. Okolju prijazne silikonske \u0161\u010detine so ne\u017ene do dlake in zagotavljajo prijetno masa\u017eo. Odstranjuje odpadajo\u010do dlako, uporabljate pa jo lahko tudi med kopanjem hi\u0161nega ljubljen\u010dka. Zlahka jo o\u010distite pod teko\u010do vodo. Krta\u010da je primerna za pse in ma\u010dke.<\/p>\n<p><img fetchpriority=\"high\" decoding=\"async\" src=\"\/data\/include\/cms\/Cheerble\/Pet-Brush-Candy-blue-green-purple\/2.jpg\" border=\"0\" alt=\"\" width=\"1100\" height=\"701\" title=\"\"><\/p>\n<h3 style=\"text-align: center\"> <\/h3>\n<h3 style=\"text-align: center\">Odli\u010dna za kopanje<\/h3>\n<p>Krta\u010da je opremljena s silikonskimi \u0161\u010detinami, ki so ne\u017ene in zagotavljajo prijetno masa\u017eo ter izbolj\u0161ujejo krvni obtok. Krta\u010do Candy boste uspe\u0161no uporabljali tudi pri kopanju va\u0161ega hi\u0161nega ljubljen\u010dka za temeljito \u010di\u0161\u010denje ko\u017ee.<\/p>\n<p><img decoding=\"async\" src=\"https:\/\/b2b.innpro.pl\/data\/include\/cms\/Cheerble\/Pet-Brush-Candy-blue-green-purple\/15.jpg\" border=\"0\" alt=\"\" width=\"1100\" height=\"700\" title=\"\"><\/p>\n<h3 style=\"text-align: center\"> <\/h3>\n<h3 style=\"text-align: center\">Premi\u0161ljena zasnova<\/h3>\n<p>Vzdr\u017eevanje \u010disto\u010de krta\u010de vam ne bo predstavljalo te\u017eav. Brez skrbi jo lahko sperete z vodo. Narejena je iz okolju prijaznega silikona in je ne\u017ena do va\u0161e ko\u017ee. Poleg tega elegantna, minimalisti\u010dna oblika krta\u010dke Brush Candy pritegne pozornost, njena ergonomska oblika pa zagotavlja udobno uporabo.<\/p>\n<p><img decoding=\"async\" src=\"https:\/\/b2b.innpro.pl\/data\/include\/cms\/Cheerble\/Pet-Brush-Candy-blue-green-purple\/14.jpg\" border=\"0\" alt=\"\" width=\"1100\" height=\"700\" title=\"\"><\/p>\n<\/p>\n<h3>Specifications<\/h3>\n<\/p>\n<div class=\"table-wrapper\">\n<table>\n<tbody>\n<tr>\n<th>Blagovna znamka<\/th>\n<td>Cheerble<\/td>\n<\/tr>\n<tr>\n<th>Ime<\/th>\n<td>Brush Candy<\/td>\n<\/tr>\n<tr>\n<th>Model<\/th>\n<td>C0419-C<\/td>\n<\/tr>\n<tr>\n<th>Color<\/th>\n<td>zelena<\/td>\n<\/tr>\n<tr>\n<th>Primerno za<\/th>\n<td>za ma\u010dke in pse<\/td>\n<\/tr>\n<tr>\n<th>Material<\/th>\n<td>PC, ABS, silikon<\/td>\n<\/tr>\n<tr>\n<th>Dimenzije<\/th>\n<td>71 x 71 x 60 mm<\/td>\n<\/tr>\n<tr>\n<th>Weight<\/th>\n<td>99g<\/td>\n<\/tr>\n<\/tbody>\n<\/table>\n<\/p>\n<\/div>\n<p><!--\n.table-wrapper{width:100%;overflow-x:auto}.table-wrapper&gt;-->table{border-spacing:0}.table-wrapper&gt;table&gt;tbody&gt;tr&gt;td,.table-wrapper&gt;table&gt;tbody&gt;tr&gt;th{padding:10px 35px;text-align:left}.table-wrapper&gt;table&gt;tbody&gt;tr&gt;th{vertical-align:top}.table-wrapper&gt;table&gt;tbody&gt;tr:nth-child(even){background-color:#f7f7f7}<br \/>\n&#8211;&gt;<\/p>","protected":false},"excerpt":{"rendered":"<p>Na zalogi pri zunanjem dobavitelju. Rok dostave 3-7 delovnih dni.<\/p>","protected":false},"featured_media":31889,"template":"","meta":{"_monsterinsights_skip_tracking":false,"_monsterinsights_sitenote_active":false,"_monsterinsights_sitenote_note":"","_monsterinsights_sitenote_category":0},"product_brand":[],"product_cat":[255],"product_tag":[],"class_list":{"0":"post-22566","1":"product","2":"type-product","3":"status-publish","4":"has-post-thumbnail","6":"product_cat-vsi","8":"first","9":"outofstock","10":"taxable","11":"shipping-taxable","12":"purchasable","13":"product-type-simple"},"jetpack_sharing_enabled":true,"_links":{"self":[{"href":"https:\/\/kobra.si\/en\/wp-json\/wp\/v2\/product\/22566","targetHints":{"allow":["GET"]}}],"collection":[{"href":"https:\/\/kobra.si\/en\/wp-json\/wp\/v2\/product"}],"about":[{"href":"https:\/\/kobra.si\/en\/wp-json\/wp\/v2\/types\/product"}],"version-history":[{"count":2,"href":"https:\/\/kobra.si\/en\/wp-json\/wp\/v2\/product\/22566\/revisions"}],"predecessor-version":[{"id":31895,"href":"https:\/\/kobra.si\/en\/wp-json\/wp\/v2\/product\/22566\/revisions\/31895"}],"wp:featuredmedia":[{"embeddable":true,"href":"https:\/\/kobra.si\/en\/wp-json\/wp\/v2\/media\/31889"}],"wp:attachment":[{"href":"https:\/\/kobra.si\/en\/wp-json\/wp\/v2\/media?parent=22566"}],"wp:term":[{"taxonomy":"product_brand","embeddable":true,"href":"https:\/\/kobra.si\/en\/wp-json\/wp\/v2\/product_brand?post=22566"},{"taxonomy":"product_cat","embeddable":true,"href":"https:\/\/kobra.si\/en\/wp-json\/wp\/v2\/product_cat?post=22566"},{"taxonomy":"product_tag","embeddable":true,"href":"https:\/\/kobra.si\/en\/wp-json\/wp\/v2\/product_tag?post=22566"}],"curies":[{"name":"wp","href":"https:\/\/api.w.org\/{rel}","templated":true}]}}