{"id":22550,"date":"2025-02-18T12:27:13","date_gmt":"2025-02-18T11:27:13","guid":{"rendered":"https:\/\/kobra.si\/spletna-trgovina-kobra\/petoneer-nutrivue-pametni-dozirnik-hrane-s-kamero\/"},"modified":"2026-04-21T20:59:07","modified_gmt":"2026-04-21T18:59:07","slug":"petoneer-nutrivue-pametni-dozirnik-hrane-s-kamero","status":"publish","type":"product","link":"https:\/\/kobra.si\/en\/spletna-trgovina-kobra\/petoneer-nutrivue-pametni-dozirnik-hrane-s-kamero\/","title":{"rendered":"Petoneer NutriVue pametni dozirnik hrane s kamero"},"content":{"rendered":"<h3>Petoneer NutriVue pametni dozirnik hrane s kamero<\/h3>\n<p>S pametnim dozirnikom hrane Petoneer NutriVue zagotovite svojemu ljubljen\u010dku zdrave in redne obroke, tudi ko vas ni doma. Ta napredna naprava je zasnovana z mislijo na ma\u010dke in majhne pse ter jim zagotavlja stalen dostop do sve\u017ee hrane ve\u010d dni. Z zmogljivostjo 2,6 l bo dozirnik zadostil potrebam va\u0161ega ljubljen\u010dka za 10-15 dni, zato je idealen za nepri\u010dakovana potovanja ali kratke po\u010ditnice.<\/p>\n<p>\n<img decoding=\"async\" border=\"0\" src=\"https:\/\/assets.innpro.pl\/9872\/11568\/1.jpg\" title=\"\">\n<\/p>\n<h3>Natan\u010den nadzor porcij in prehranjevalnih navad<\/h3>\n<p>Z aplikacijo Petoneer lahko natan\u010dno nastavite \u010dasovnike in porcije hrane ter tako pomagate hi\u0161nemu ljubljen\u010dku razviti zdrave prehranjevalne navade in se izogniti prekomerni telesni te\u017ei. Poleg tega lahko z aplikacijo v oblaku spremljate in analizirate prehranjevalne navade svojega hi\u0161nega ljubljen\u010dka za \u0161e bolj\u0161i nadzor prehrane.<\/p>\n<p>\n<img decoding=\"async\" border=\"0\" src=\"https:\/\/assets.innpro.pl\/9872\/11568\/9.jpg\" title=\"\">\n<\/p>\n<h3>Varno in higieni\u010dno shranjevanje hrane<\/h3>\n<p>Hranilnik Petoneer NutriVue je bil zasnovan s poudarkom na higieni in sve\u017eini hrane. Visokokakovostni 360-stopinjski silikonski tesnilni obro\u010d in su\u0161ilna omarica v pokrovu u\u010dinkovito \u0161\u010ditita hrano pred vlago in oksidacijo ter zagotavljata njeno dalj\u0161o sve\u017eino. Prozorna zasnova omogo\u010da sprotno spremljanje koli\u010dine \u017eivil v dozirniku, vgrajeni pametni senzorji pa vas bodo prek aplikacije obvestili, ko jih bo treba dopolniti.<\/p>\n<p>\n<img decoding=\"async\" border=\"0\" src=\"https:\/\/assets.innpro.pl\/9872\/11568\/3.jpg\" title=\"\">\n<\/p>\n<h3>Spremljanje navad in interakcija z va\u0161im hi\u0161nim ljubljen\u010dkom<\/h3>\n<p>Vgrajena kamera visoke lo\u010dljivosti 1080p omogo\u010da ogled in spremljanje prehranjevalnih navad va\u0161ega hi\u0161nega ljubljen\u010dka v realnem \u010dasu. Z no\u010dnim vidom in infrarde\u010dimi senzorji se kamera samodejno preklopi v no\u010dni na\u010din in zagotavlja jasne slike tudi v temi. \u0160irokokotni objektiv (115,7\u00b0 horizontalno in 67,8\u00b0\/146,8\u00b0 vertikalno) zajame vsako podrobnost, mo\u017enost prilagajanja obmo\u010dja gibanja pa vam omogo\u010da spremljanje vsakega giba va\u0161ega hi\u0161nega ljubljen\u010dka. Poleg tega lahko z aplikacijo Petoneer posnamete glas, ki bo hi\u0161nega ljubljen\u010dka poklical k prehrani, in tako ustvarite vtis, da ste doma.<\/p>\n<p>\n<img decoding=\"async\" border=\"0\" src=\"https:\/\/assets.innpro.pl\/9872\/11568\/7.jpg\" title=\"\">\n<\/p>\n<h3>Snemajte svoje najlep\u0161e trenutke in jih delite z drugimi<\/h3>\n<p>S podporo za kartice micro SD s kapaciteto do 256 GB lahko snemate in predvajate najlep\u0161e trenutke svojega hi\u0161nega ljubljen\u010dka. Svoje posnetke lahko tudi urejate in delite z vsakodnevnim urejevalnikom videoposnetkov. Zdaj lahko ujamete vsak o\u010darljiv trenutek in ste prepri\u010dani, da bodo va\u0161i spomini s hi\u0161nim ljubljen\u010dkom ostali \u0161e dolgo \u010dasa.<\/p>\n<p>\n<img decoding=\"async\" border=\"0\" src=\"https:\/\/assets.innpro.pl\/9872\/11568\/8.jpg\" title=\"\">\n<\/p>\n<h3>Enostavna namestitev in enostavno \u010di\u0161\u010denje<\/h3>\n<p>Monta\u017ea in demonta\u017ea dozirnika Petoneer NutriVue je otro\u010dje lahka &#8211; za odstranitev pokrova zadostuje en obrat. Deli so izdelani iz trpe\u017enega ABS in so enostavni za \u010di\u0161\u010denje, sama posoda pa je primerna za pomivanje v pomivalnem stroju. Mi\u0161ka je odporna na udarce in ugrize, zaradi svoje oblike pa odbija olje, zato je njeno \u010di\u0161\u010denje hitro in priro\u010dno.<\/p>\n<p>\n<img decoding=\"async\" border=\"0\" src=\"https:\/\/assets.innpro.pl\/9872\/11568\/4.jpg\" title=\"\">\n<\/p>\n<h3>Varnost in robustna zasnova<\/h3>\n<p>Posoda ima nedrse\u010de blazinice, ki prepre\u010dujejo drsenje, in zatesnjen izhod, ki prepre\u010duje, da bi va\u0161 hi\u0161ni ljubljen\u010dek hrano izmaknil, ter varuje hrano pred insekti. Rotor je zasnovan tako, da prepre\u010duje zatikanje, in \u010de do njega pride, se mehanizem za obra\u010danje zavrti v nasprotno smer, kar zagotavlja neprekinjeno delovanje.<\/p>\n<p>\n<img decoding=\"async\" border=\"0\" src=\"https:\/\/assets.innpro.pl\/9872\/11568\/5.jpg\" title=\"\">\n<\/p>\n<h3>Elegantna zasnova in popolna mobilnost<\/h3>\n<p>Dozator Petoneer NutriVue je zaradi svoje kompaktne in lahke zasnove (1,65 kg) enostaven za prena\u0161anje in prevoz, njegova minimalisti\u010dna oblika pa pomeni, da bo elegantno videti v vsakem prostoru. Investirajte v pametni dozirnik hrane Petoneer in poskrbite, da bo va\u0161 hi\u0161ni ljubljen\u010dek zdrav in udoben, tudi ko vas ne bo doma!<\/p>\n<p>\n<img decoding=\"async\" border=\"0\" src=\"https:\/\/assets.innpro.pl\/9872\/11568\/2.jpg\" title=\"\">\n<\/p>\n<h3>Vklju\u010deno<\/h3>\n<ul class=\"list-disc pl-5\">\n<li>razpr\u0161ilnik za hrano<\/li>\n<li>Posoda iz materiala ABS<\/li>\n<li>Kabel USB-C 1,2 m<\/li>\n<li>su\u0161ilno sredstvo<\/li>\n<li>priro\u010dnik z navodili<\/li>\n<\/ul>\n<div class=\"table-wrapper\">\n<h3><\/h3>\n<table>\n<tbody>\n<tr>\n<th>Proizvajalec<\/th>\n<td>Petoneer<\/td>\n<\/tr>\n<tr>\n<th>Ime<\/th>\n<td>Petoneer NutriVue Feeder<\/td>\n<\/tr>\n<tr>\n<th>Model<\/th>\n<td>PF008<\/td>\n<\/tr>\n<tr>\n<th>Dimenzije<\/th>\n<td>191*191*312 mm<\/td>\n<\/tr>\n<tr>\n<th>Weight<\/th>\n<td>1,65 kg<\/td>\n<\/tr>\n<tr>\n<th>Material<\/th>\n<td>ABS<\/td>\n<\/tr>\n<tr>\n<th>Capacity<\/th>\n<td>2.6L<\/td>\n<\/tr>\n<tr>\n<th>Najmanj\u0161i dele\u017e hranjenja<\/th>\n<td>5g<\/td>\n<\/tr>\n<tr>\n<th>Najve\u010dja zmogljivost kartice SD<\/th>\n<td>256 GB<\/td>\n<\/tr>\n<tr>\n<th>Lo\u010dljivost posnetega videoposnetka<\/th>\n<td>1080P<\/td>\n<\/tr>\n<tr>\n<th>Zvok<\/th>\n<td>Dvosmerni<\/td>\n<\/tr>\n<tr>\n<th>Zajemanje fotografij in videoposnetkov<\/th>\n<td>v pametni telefon<\/td>\n<\/tr>\n<tr>\n<th>Vhod<\/th>\n<td>DC 5V 2A<\/td>\n<\/tr>\n<tr>\n<th>Vmesnik<\/th>\n<td>Tip C<\/td>\n<\/tr>\n<tr>\n<th>Baterije<\/th>\n<td>C\/LR14 (4x)<\/td>\n<\/tr>\n<tr>\n<th>Nazivna mo\u010d<\/th>\n<td>\u2264 5W<\/td>\n<\/tr>\n<tr>\n<th>Nazivni tok<\/th>\n<td>\u22641A<\/td>\n<\/tr>\n<tr>\n<th>Na\u010din priklju\u010ditve<\/th>\n<td>Wi-Fi<\/td>\n<\/tr>\n<tr>\n<th>Obmo\u010dje povezave<\/th>\n<td>30m<\/td>\n<\/tr>\n<tr>\n<th>Namenska aplikacija<\/th>\n<td>Petoneer<\/td>\n<\/tr>\n<tr>\n<th>Zdru\u017eljivi operacijski sistemi<\/th>\n<td>iOS, Android<\/td>\n<\/tr>\n<\/tbody>\n<\/table>\n<\/div>","protected":false},"excerpt":{"rendered":"<p>Na zalogi pri zunanjem dobavitelju. Rok dobave 3-5 dni.<\/p>","protected":false},"featured_media":23224,"template":"","meta":{"_monsterinsights_skip_tracking":false,"_monsterinsights_sitenote_active":false,"_monsterinsights_sitenote_note":"","_monsterinsights_sitenote_category":0},"product_brand":[],"product_cat":[166,255],"product_tag":[],"class_list":{"0":"post-22550","1":"product","2":"type-product","3":"status-publish","4":"has-post-thumbnail","6":"product_cat-hisni-ljubljencki","7":"product_cat-vsi","9":"first","10":"instock","11":"taxable","12":"shipping-taxable","13":"purchasable","14":"product-type-simple"},"jetpack_sharing_enabled":true,"_links":{"self":[{"href":"https:\/\/kobra.si\/en\/wp-json\/wp\/v2\/product\/22550","targetHints":{"allow":["GET"]}}],"collection":[{"href":"https:\/\/kobra.si\/en\/wp-json\/wp\/v2\/product"}],"about":[{"href":"https:\/\/kobra.si\/en\/wp-json\/wp\/v2\/types\/product"}],"version-history":[{"count":1,"href":"https:\/\/kobra.si\/en\/wp-json\/wp\/v2\/product\/22550\/revisions"}],"predecessor-version":[{"id":23226,"href":"https:\/\/kobra.si\/en\/wp-json\/wp\/v2\/product\/22550\/revisions\/23226"}],"wp:featuredmedia":[{"embeddable":true,"href":"https:\/\/kobra.si\/en\/wp-json\/wp\/v2\/media\/23224"}],"wp:attachment":[{"href":"https:\/\/kobra.si\/en\/wp-json\/wp\/v2\/media?parent=22550"}],"wp:term":[{"taxonomy":"product_brand","embeddable":true,"href":"https:\/\/kobra.si\/en\/wp-json\/wp\/v2\/product_brand?post=22550"},{"taxonomy":"product_cat","embeddable":true,"href":"https:\/\/kobra.si\/en\/wp-json\/wp\/v2\/product_cat?post=22550"},{"taxonomy":"product_tag","embeddable":true,"href":"https:\/\/kobra.si\/en\/wp-json\/wp\/v2\/product_tag?post=22550"}],"curies":[{"name":"wp","href":"https:\/\/api.w.org\/{rel}","templated":true}]}}