{"id":22211,"date":"2025-01-28T09:29:46","date_gmt":"2025-01-28T08:29:46","guid":{"rendered":"https:\/\/kobra.si\/spletna-trgovina-kobra\/kabel-usb-3v1-baseus-flash-series-2-usb-c-micro-usb-lightning-100-w-15-m-moder\/"},"modified":"2025-12-02T10:29:04","modified_gmt":"2025-12-02T09:29:04","slug":"kabel-usb-3v1-baseus-flash-series-2-usb-c-micro-usb-lightning-100-w-15-m-moder","status":"publish","type":"product","link":"https:\/\/kobra.si\/en\/spletna-trgovina-kobra\/kabel-usb-3v1-baseus-flash-series-2-usb-c-micro-usb-lightning-100-w-15-m-moder\/","title":{"rendered":"Kabel USB 3v1 Baseus Flash Series 2, USB-C + micro USB + Lightning, 100 W, 1,5 m (moder)"},"content":{"rendered":"<h3>Baseus Flash Series 2 3-v-1 USB kabel, USB-C + micro USB + Lightning, 100 W, 1,5 m (moder).<\/h3>\n<p>S tem izdelkom podjetja Baseus lahko hkrati polnite ve\u010d naprav. Kabel podpira 100W hitro polnjenje in uporablja tehnologijo Power Split za varno uporabo. Odlikujeta ga tudi \u0161iroka zdru\u017eljivost in solidna izdelava.<\/p>\n<p><img decoding=\"async\" src=\"https:\/\/b2b.innpro.pl\/data\/include\/cms\/-Baseus\/CASS030203\/4.jpg\" title=\"\"><\/p>\n<h3>Polnjenje 3 naprav hkrati<\/h3>\n<p>S priklju\u010dkom Lightning (20 W) boste lahko polnili na primer iPhone 13, pametne telefone USB-C (100 W) Huawei, Xiaomi ter prenosne in tabli\u010dne ra\u010dunalnike. Vrata micro USB (18 W) pa bodo olaj\u0161ala polnjenje na primer pametnih telefonov OPPO. <\/p>\n<p><img decoding=\"async\" src=\"https:\/\/b2b.innpro.pl\/data\/include\/cms\/-Baseus\/CASS030203\/3.jpg\" title=\"\"><\/p>\n<h3>Takoj\u0161nje polnjenje<\/h3>\n<p>Ni vam ve\u010d treba v nedogled \u010dakati, da se naprava napolni. S kablom lahko svojo opremo napolnite hitro in varno. Z njegovo pomo\u010djo boste obnovili mo\u010d svojega ra\u010dunalnika MacBook Pro 2019 v pribli\u017eno 2 urah, iPhone 13 Pro Max pa do 60 % v pribli\u017eno 30 min. Zahvaljujo\u010d tehnologiji Power Split se energija enakomerno dostavi posamezni opremi, kar zagotavlja varno polnjenje. <\/p>\n<p><img decoding=\"async\" src=\"https:\/\/b2b.innpro.pl\/data\/include\/cms\/-Baseus\/CASS030203\/9.jpg\" title=\"\"><\/p>\n<h3>Premi\u0161ljena zasnova<\/h3>\n<p>Kabel je opremljen z indikatorjem, ki v oran\u017eni barvi ozna\u010duje hitro polnjenje, v modri pa standardno polnjenje. Tako lahko hitro preverite stanje polnjenja. Zanesljiva izdelava in za\u0161\u010dita pred pregrevanjem zagotavljata varno polnjenje. Poleg tega najlonski oplet in oja\u010dana konica \u0161\u010ditita kabel pred po\u0161kodbami. Poleg tega je zaradi prilo\u017eene velcro zaponke shranjevanje enostavno.<\/p>\n<p><img decoding=\"async\" src=\"https:\/\/b2b.innpro.pl\/data\/include\/cms\/-Baseus\/CASS030203\/8.jpg\" title=\"\"><\/p>\n<h3>\u0160iroka zdru\u017eljivost<\/h3>\n<p>Vas skrbi, da kabel Baseus ne bo zdru\u017eljiv z va\u0161o opremo? Ne bodite! S kablom boste lahko polnili prenosni ra\u010dunalnik, tabli\u010dni ra\u010dunalnik, pametni telefon ali igralno konzolo. U\u017eivajte v svobodi uporabe, ki jo ponuja Baseus.<\/p>\n<p><img decoding=\"async\" src=\"https:\/\/b2b.innpro.pl\/data\/include\/cms\/-Baseus\/CASS030203\/5.jpg\" title=\"\"><\/p>\n<div class=\"table-wrapper\">\n<table>\n<tbody>\n<tr>\n<th>Proizvajalec:<\/th>\n<td>Baseus<\/td>\n<\/tr>\n<tr>\n<th>Model<\/th>\n<td>CASS030203<\/td>\n<\/tr>\n<tr>\n<th>Material<\/th>\n<td>aluminijeva zlitina, najlon<\/td>\n<\/tr>\n<tr>\n<th>Intenzivnost<\/th>\n<td>USB-C\/100W; iP\/20W; Micro USB\/2A (QC 18W), Micro USB+iP+USB-C (5V 3,5A)<\/td>\n<\/tr>\n<tr>\n<th>Vhodna vrata<\/th>\n<td>USB-C<\/td>\n<\/tr>\n<tr>\n<th>Izhodna vrata<\/th>\n<td>Micro USB, iP, USB-C<\/td>\n<\/tr>\n<tr>\n<th>Dol\u017eina kabla<\/th>\n<td>1.5 m<\/td>\n<\/tr>\n<tr>\n<th>Color<\/th>\n<td>modra<\/td>\n<\/tr>\n<tr>\n<th>Weight<\/th>\n<td>pribli\u017eno 90 g<\/td>\n<\/tr>\n<\/tbody>\n<\/table>\n<\/div>","protected":false},"excerpt":{"rendered":"<p>Na zalogi pri zunanjem dobavitelju. Rok dostave 3-5dni.<\/p>","protected":false},"featured_media":22789,"template":"","meta":{"_monsterinsights_skip_tracking":false,"_monsterinsights_sitenote_active":false,"_monsterinsights_sitenote_note":"","_monsterinsights_sitenote_category":0},"product_brand":[],"product_cat":[61,99,255],"product_tag":[],"class_list":{"0":"post-22211","1":"product","2":"type-product","3":"status-publish","4":"has-post-thumbnail","6":"product_cat-dodatki","7":"product_cat-polnilni-kabli","8":"product_cat-vsi","10":"first","11":"outofstock","12":"taxable","13":"shipping-taxable","14":"purchasable","15":"product-type-simple"},"jetpack_sharing_enabled":true,"_links":{"self":[{"href":"https:\/\/kobra.si\/en\/wp-json\/wp\/v2\/product\/22211","targetHints":{"allow":["GET"]}}],"collection":[{"href":"https:\/\/kobra.si\/en\/wp-json\/wp\/v2\/product"}],"about":[{"href":"https:\/\/kobra.si\/en\/wp-json\/wp\/v2\/types\/product"}],"version-history":[{"count":2,"href":"https:\/\/kobra.si\/en\/wp-json\/wp\/v2\/product\/22211\/revisions"}],"predecessor-version":[{"id":22795,"href":"https:\/\/kobra.si\/en\/wp-json\/wp\/v2\/product\/22211\/revisions\/22795"}],"wp:featuredmedia":[{"embeddable":true,"href":"https:\/\/kobra.si\/en\/wp-json\/wp\/v2\/media\/22789"}],"wp:attachment":[{"href":"https:\/\/kobra.si\/en\/wp-json\/wp\/v2\/media?parent=22211"}],"wp:term":[{"taxonomy":"product_brand","embeddable":true,"href":"https:\/\/kobra.si\/en\/wp-json\/wp\/v2\/product_brand?post=22211"},{"taxonomy":"product_cat","embeddable":true,"href":"https:\/\/kobra.si\/en\/wp-json\/wp\/v2\/product_cat?post=22211"},{"taxonomy":"product_tag","embeddable":true,"href":"https:\/\/kobra.si\/en\/wp-json\/wp\/v2\/product_tag?post=22211"}],"curies":[{"name":"wp","href":"https:\/\/api.w.org\/{rel}","templated":true}]}}