{"id":22165,"date":"2025-01-28T09:22:11","date_gmt":"2025-01-28T08:22:11","guid":{"rendered":"https:\/\/kobra.si\/spletna-trgovina-kobra\/kabel-usb-3v1-baseus-tungsten-gold-usb-na-micro-usb-usb-c-lightning-35-a-15-m-crn\/"},"modified":"2025-12-01T10:06:07","modified_gmt":"2025-12-01T09:06:07","slug":"kabel-usb-3v1-baseus-tungsten-gold-usb-na-micro-usb-usb-c-lightning-35-a-15-m-crn","status":"publish","type":"product","link":"https:\/\/kobra.si\/en\/spletna-trgovina-kobra\/kabel-usb-3v1-baseus-tungsten-gold-usb-na-micro-usb-usb-c-lightning-35-a-15-m-crn\/","title":{"rendered":"Kabel USB 3v1 Baseus Tungsten Gold, USB na micro USB \/ USB-C \/ Lightning, 3,5 A, 1,5 m (\u010drn)"},"content":{"rendered":"<h3>Kabel Baseus 3 v 1 CAMLTWJ-01<\/h3>\n<p>Kabel USB na USB-C, micro USB in lightning omogo\u010da hkratno napajanje do 3 naprav. Podpira hitro polnjenje z najve\u010d 3,5 A. Omogo\u010da tudi prenos datotek s hitrostjo do 480 MB\/s. Robusten in vzdr\u017eljiv &#8211; odlikuje ga visoka odpornost proti po\u0161kodbam in obrabi. Prilo\u017een vam je tudi prakti\u010den trak na velcro, ki omogo\u010da enostavno shranjevanje kabla.<\/p>\n<p><img decoding=\"async\" src=\"https:\/\/b2b.innpro.pl\/data\/include\/cms\/0011Baseus\/CAMLTWJ-01\/0_01.jpg\" title=\"\"><\/p>\n<h3>3 priklju\u010dki &#8211; \u0161iroke mo\u017enosti uporabe<\/h3>\n<p>Kabel je opremljen s 3 razli\u010dnimi priklju\u010dki, zato ga odlikuje \u0161iroka zdru\u017eljivost in omogo\u010da polnjenje do 3 naprav hkrati. Priklju\u010dek lightning je primeren za telefone iPhone. Omogo\u010da tudi prenos datotek. S priklju\u010dkom USB-C lahko polnite pametne telefone Xiaomi, Samsung, Huawei in druge. Mikro USB pa je zdru\u017eljiv s starej\u0161imi telefoni z operacijskim sistemom Android in majhnimi gospodinjskimi aparati.<\/p>\n<p><img decoding=\"async\" src=\"https:\/\/b2b.innpro.pl\/data\/include\/cms\/0011Baseus\/CAMLTWJ-01\/0_06.jpg\" title=\"\"><\/p>\n<h3>Telefon napolni v rekordnem \u010dasu<\/h3>\n<p>S kablom Baseus CAMLTWJ-01 boste svoj telefon napolnili v kratkem \u010dasu. Izdelek podpira maksimalni tok 3,5 A, enojni priklju\u010dek pa ima tok 2 A. To pomeni, da bodo va\u0161e naprave v kratkem \u010dasu spet pripravljene za delovanje. Kabel omogo\u010da tudi polnjenje z mo\u010djo do 66 W.<\/p>\n<p><img decoding=\"async\" src=\"https:\/\/b2b.innpro.pl\/data\/include\/cms\/0011Baseus\/CAMLTWJ-01\/0_11.jpg\" title=\"\"><\/p>\n<h3>Hitro polnjenje, hiter prenos datotek<\/h3>\n<p>Pozabite na neskon\u010dno \u010dakanje na kopiranje dokumentov, videoposnetkov ali fotografij. Priklju\u010dek lightning omogo\u010da prenos podatkov s hitrostjo do 480 MB\/s. Svoj pametni telefon lahko hkrati polnite in prena\u0161ate datoteke &#8211; en proces ne bo oviral drugega.<\/p>\n<p><img decoding=\"async\" src=\"https:\/\/b2b.innpro.pl\/data\/include\/cms\/0011Baseus\/CAMLTWJ-01\/0_12.jpg\" title=\"\"><\/p>\n<h3>Robustna in trpe\u017ena konstrukcija<\/h3>\n<p>Oja\u010dana, \u0161tiripasovna zasnova kabla zagotavlja stabilno in zanesljivo delovanje kabla. Za\u0161\u010diten je s trpe\u017eno, pro\u017eno najlonsko pletenico, ki je odporna na lomljenje ali trganje. Konektorji iz cinkove zlitine se odli\u010dno prilegajo razli\u010dnim napravam, se ne drgnejo in niso dovzetni za po\u0161kodbe. Zato lahko kabel brez te\u017eav uporabljate zelo dolgo \u010dasa.<\/p>\n<p><img decoding=\"async\" src=\"https:\/\/b2b.innpro.pl\/data\/include\/cms\/0011Baseus\/CAMLTWJ-01\/0_111.jpg\" title=\"\"><\/p>\n<div class=\"table-wrapper\">\n<table>\n<tbody>\n<tr>\n<th>Blagovna znamka<\/th>\n<td>Baseus<\/td>\n<\/tr>\n<tr>\n<th>Ime<\/th>\n<td>Tungsten zlati kabel za hitro polnjenje podatkov<\/td>\n<\/tr>\n<tr>\n<th>Model<\/th>\n<td>CAMLTWJ-01<\/td>\n<\/tr>\n<tr>\n<th>Material<\/th>\n<td>Cinkova zlitina + najlonska pletena \u017eica<\/td>\n<\/tr>\n<tr>\n<th>Tok<\/th>\n<td>3,5 A (najve\u010d), 2 A na priklju\u010dek<\/td>\n<\/tr>\n<tr>\n<th>Hitrost prenosa<\/th>\n<td>iP\/480 MB\/s<\/td>\n<\/tr>\n<tr>\n<th>Vhod<\/th>\n<td>USB<\/td>\n<\/tr>\n<tr>\n<th>Izhod<\/th>\n<td>Micro USB + Lightning + USB-C<\/td>\n<\/tr>\n<tr>\n<th>Dol\u017eina<\/th>\n<td>1.5m<\/td>\n<\/tr>\n<\/tbody>\n<\/table>\n<\/div>","protected":false},"excerpt":{"rendered":"<p>Na zalogi pri zunanjem dobavitelju. Rok dostave 3-5dni.<\/p>","protected":false},"featured_media":22642,"template":"","meta":{"_monsterinsights_skip_tracking":false,"_monsterinsights_sitenote_active":false,"_monsterinsights_sitenote_note":"","_monsterinsights_sitenote_category":0},"product_brand":[],"product_cat":[61,99,255],"product_tag":[],"class_list":{"0":"post-22165","1":"product","2":"type-product","3":"status-publish","4":"has-post-thumbnail","6":"product_cat-dodatki","7":"product_cat-polnilni-kabli","8":"product_cat-vsi","10":"first","11":"outofstock","12":"taxable","13":"shipping-taxable","14":"purchasable","15":"product-type-simple"},"jetpack_sharing_enabled":true,"_links":{"self":[{"href":"https:\/\/kobra.si\/en\/wp-json\/wp\/v2\/product\/22165","targetHints":{"allow":["GET"]}}],"collection":[{"href":"https:\/\/kobra.si\/en\/wp-json\/wp\/v2\/product"}],"about":[{"href":"https:\/\/kobra.si\/en\/wp-json\/wp\/v2\/types\/product"}],"version-history":[{"count":1,"href":"https:\/\/kobra.si\/en\/wp-json\/wp\/v2\/product\/22165\/revisions"}],"predecessor-version":[{"id":22187,"href":"https:\/\/kobra.si\/en\/wp-json\/wp\/v2\/product\/22165\/revisions\/22187"}],"wp:featuredmedia":[{"embeddable":true,"href":"https:\/\/kobra.si\/en\/wp-json\/wp\/v2\/media\/22642"}],"wp:attachment":[{"href":"https:\/\/kobra.si\/en\/wp-json\/wp\/v2\/media?parent=22165"}],"wp:term":[{"taxonomy":"product_brand","embeddable":true,"href":"https:\/\/kobra.si\/en\/wp-json\/wp\/v2\/product_brand?post=22165"},{"taxonomy":"product_cat","embeddable":true,"href":"https:\/\/kobra.si\/en\/wp-json\/wp\/v2\/product_cat?post=22165"},{"taxonomy":"product_tag","embeddable":true,"href":"https:\/\/kobra.si\/en\/wp-json\/wp\/v2\/product_tag?post=22165"}],"curies":[{"name":"wp","href":"https:\/\/api.w.org\/{rel}","templated":true}]}}