{"id":22043,"date":"2025-01-22T14:44:23","date_gmt":"2025-01-22T13:44:23","guid":{"rendered":"https:\/\/kobra.si\/spletna-trgovina-kobra\/rastar-r-c-114-volkswagen-beetle-avto-na-daljinsko-upravljanje-rumen\/"},"modified":"2026-02-03T21:00:29","modified_gmt":"2026-02-03T20:00:29","slug":"rastar-r-c-114-volkswagen-beetle-avto-na-daljinsko-upravljanje-rumen","status":"publish","type":"product","link":"https:\/\/kobra.si\/en\/spletna-trgovina-kobra\/rastar-r-c-114-volkswagen-beetle-avto-na-daljinsko-upravljanje-rumen\/","title":{"rendered":"RASTAR R\/C 1:14 Volkswagen Beetle avto na daljinsko upravljanje (rumen)"},"content":{"rendered":"<h3>RASTAR R\/C 1:14 Volkswagen Beetle avto na daljinsko upravljanje (rumen).<\/h3>\n<p>RASTAR R\/C 1:14 Volkswagen Beetle avto na daljinsko upravljanje je klasika s sodobnim preobratom. Model v merilu 1:14 odra\u017ea ikoni\u010dno obliko vozila s pozornostjo do najmanj\u0161ih podrobnosti z uradno licenco znamke Volkswagen. Opremljen je s funkcijami za vo\u017enjo naprej, vzvratno vo\u017enjo, zavijanje levo in desno ter delujo\u010dimi \u017earometi in zadnjimi lu\u010dmi, zato ponuja realisti\u010dno igralno izku\u0161njo. Zaradi rumene barve karoserije in izrazitih linij avtomobil pritegne pozornost in je odli\u010dno darilo za otroke, stare od 6 let naprej.<\/p>\n<p>\n<img decoding=\"async\" border=\"0\" src=\"https:\/\/assets.innpro.pl\/11999\/14225\/1.jpg\" title=\"\">\n<\/p>\n<h3>Realizem in natan\u010dno upravljanje<\/h3>\n<p>Model RASTAR Volkswagen Beetle odlikujejo avtenti\u010dne podrobnosti, vklju\u010dno z vbrizgano karoserijo in neodvisnim vzmetenjem, kar zagotavlja gladko in stabilno vo\u017enjo. Z natan\u010dnim krmiljenjem lahko u\u017eivate v dinami\u010dni vo\u017enji po razli\u010dnih povr\u0161inah. Ergonomski daljinski upravljalnik vam omogo\u010da popoln nadzor nad vozilom, kar vam omogo\u010da prosto manevriranje in hitro odzivanje. To je idealna igra\u010da, ki zdru\u017euje tradicijo s sodobnostjo in zagotavlja veliko zabave za vse ljubitelje avtomobilov.<\/p>\n<p>\n<img decoding=\"async\" border=\"0\" src=\"https:\/\/assets.innpro.pl\/11999\/14225\/3.jpg\" title=\"\">\n<\/p>\n<h3>Vklju\u010deno<\/h3>\n<ul class=\"list-disc pl-5\">\n<li>Navodila za uporabo x1<\/li>\n<li>Avto na daljinsko upravljanje x1<\/li>\n<li>Krmilnik x1<\/li>\n<\/ul>\n<div class=\"table-wrapper\">\n<h3><\/h3>\n<table>\n<tbody>\n<tr>\n<th>Proizvajalec<\/th>\n<td>RASTAR<\/td>\n<\/tr>\n<tr>\n<th>Model<\/th>\n<td>78000<\/td>\n<\/tr>\n<tr>\n<th>Dimenzije naprave<\/th>\n<td>30,6*14,3*10,7 cm<\/td>\n<\/tr>\n<tr>\n<th>Color<\/th>\n<td>Rumena<\/td>\n<\/tr>\n<tr>\n<th>Funkcije<\/th>\n<td>Vo\u017enja naprej, nazaj, zavijanje levo, desno<\/td>\n<\/tr>\n<tr>\n<th>Funkcija 1<\/th>\n<td>\u017daromet in zadnja lu\u010d.<\/td>\n<\/tr>\n<tr>\n<th>Funkcija 2<\/th>\n<td>Avtenti\u010dna zasnova avtomobila z brizgano karoserijo, neodvisno vzmetenje.<\/td>\n<\/tr>\n<\/tbody>\n<\/table>\n<\/div>","protected":false},"excerpt":{"rendered":"<p>Na zalogi pri zunanjem dobavitelju. Rok dostave 3-5dni.<\/p>","protected":false},"featured_media":23478,"template":"","meta":{"_monsterinsights_skip_tracking":false,"_monsterinsights_sitenote_active":false,"_monsterinsights_sitenote_note":"","_monsterinsights_sitenote_category":0},"product_brand":[],"product_cat":[178,255],"product_tag":[],"class_list":{"0":"post-22043","1":"product","2":"type-product","3":"status-publish","4":"has-post-thumbnail","6":"product_cat-igrace","7":"product_cat-vsi","9":"first","10":"outofstock","11":"taxable","12":"shipping-taxable","13":"purchasable","14":"product-type-simple"},"jetpack_sharing_enabled":true,"_links":{"self":[{"href":"https:\/\/kobra.si\/en\/wp-json\/wp\/v2\/product\/22043","targetHints":{"allow":["GET"]}}],"collection":[{"href":"https:\/\/kobra.si\/en\/wp-json\/wp\/v2\/product"}],"about":[{"href":"https:\/\/kobra.si\/en\/wp-json\/wp\/v2\/types\/product"}],"version-history":[{"count":1,"href":"https:\/\/kobra.si\/en\/wp-json\/wp\/v2\/product\/22043\/revisions"}],"predecessor-version":[{"id":23479,"href":"https:\/\/kobra.si\/en\/wp-json\/wp\/v2\/product\/22043\/revisions\/23479"}],"wp:featuredmedia":[{"embeddable":true,"href":"https:\/\/kobra.si\/en\/wp-json\/wp\/v2\/media\/23478"}],"wp:attachment":[{"href":"https:\/\/kobra.si\/en\/wp-json\/wp\/v2\/media?parent=22043"}],"wp:term":[{"taxonomy":"product_brand","embeddable":true,"href":"https:\/\/kobra.si\/en\/wp-json\/wp\/v2\/product_brand?post=22043"},{"taxonomy":"product_cat","embeddable":true,"href":"https:\/\/kobra.si\/en\/wp-json\/wp\/v2\/product_cat?post=22043"},{"taxonomy":"product_tag","embeddable":true,"href":"https:\/\/kobra.si\/en\/wp-json\/wp\/v2\/product_tag?post=22043"}],"curies":[{"name":"wp","href":"https:\/\/api.w.org\/{rel}","templated":true}]}}